{"id":10200,"date":"2019-07-08T08:53:29","date_gmt":"2019-07-08T08:53:29","guid":{"rendered":"https:\/\/simonjersey.eu\/toode\/long-sleeve-heat-proof-button-chef-jacket\/"},"modified":"2021-01-26T13:23:07","modified_gmt":"2021-01-26T13:23:07","slug":"long-sleeve-heat-proof-button-chef-jacket","status":"publish","type":"product","link":"https:\/\/simonjersey.eu\/en\/product\/long-sleeve-heat-proof-button-chef-jacket\/","title":{"rendered":"Long Sleeve Heat Proof Button Chef Jacket"},"content":{"rendered":"","protected":false},"excerpt":{"rendered":"<p>Keep safe in the kitchen with our Long Sleeve Heat Proof Button Chef Jacket. Comfortable and easy to move in. Designed Unisex with a banded collar and heat resistant buttons, this is perfect for wearing in heated environments. This chef jacket adds a layer of protection to your clothing and creates the perfect professional look in the kitchen.<\/p>\n<p>Material: 65% Polyester, 35% Cotton.<\/p>\n<p>Care: 70\u00b0 machine wash, easy to maintain.<\/p>\n<p>Length: 75,5cm<\/p>\n<p>Sizes: XS-XL. Also available with Short Sleeve!<\/p>\n","protected":false},"featured_media":10199,"template":"","meta":[],"product_brand":[],"product_cat":[522,528,530],"product_tag":[774,842,773,954,772],"class_list":{"0":"post-10200","1":"product","2":"type-product","3":"status-publish","4":"has-post-thumbnail","6":"product_cat-restaurant-cafe","7":"product_cat-chefs","8":"product_cat-chef-jackets","9":"product_tag-comfortable-chefs-wear","10":"product_tag-hospitality-workwear","11":"product_tag-kitchen-workwear","12":"product_tag-kohviku-tooriided-en","13":"product_tag-unisex-chefs-wear","14":"pa_varv-black","15":"pa_varv-white","17":"first","18":"instock","19":"taxable","20":"shipping-taxable","21":"purchasable","22":"product-type-variable","23":"has-default-attributes"},"yoast_head":"<!-- This site is optimized with the Yoast SEO plugin v27.2 - https:\/\/yoast.com\/product\/yoast-seo-wordpress\/ -->\n<title>Long Sleeve Heat Proof Button Chef Jacket - Simon Jersey<\/title>\n<meta name=\"description\" content=\"Tundke end turvaliselt kuumas k\u00f6\u00f6gis t\u00f6\u00f6tades selle mugava kokajakiga.V\u00f5imaldab h\u00e4sti liikumist. Et su tiim saaks v\u00e4lja n\u00e4ha t\u00f5eliselt professionaalne!\" \/>\n<meta name=\"robots\" content=\"index, follow, max-snippet:-1, max-image-preview:large, max-video-preview:-1\" \/>\n<link rel=\"canonical\" href=\"https:\/\/simonjersey.eu\/en\/product\/long-sleeve-heat-proof-button-chef-jacket\/\" \/>\n<meta property=\"og:locale\" content=\"en_US\" \/>\n<meta property=\"og:type\" content=\"article\" \/>\n<meta property=\"og:title\" content=\"Long Sleeve Heat Proof Button Chef Jacket - Simon Jersey\" \/>\n<meta property=\"og:description\" content=\"Tundke end turvaliselt kuumas k\u00f6\u00f6gis t\u00f6\u00f6tades selle mugava kokajakiga.V\u00f5imaldab h\u00e4sti liikumist. Et su tiim saaks v\u00e4lja n\u00e4ha t\u00f5eliselt professionaalne!\" \/>\n<meta property=\"og:url\" content=\"https:\/\/simonjersey.eu\/en\/product\/long-sleeve-heat-proof-button-chef-jacket\/\" \/>\n<meta property=\"og:site_name\" content=\"Simon Jersey\" \/>\n<meta property=\"article:modified_time\" content=\"2021-01-26T13:23:07+00:00\" \/>\n<meta property=\"og:image\" content=\"https:\/\/simonjersey.eu\/wp-content\/uploads\/2019\/07\/CJ0860-1.jpg\" \/>\n\t<meta property=\"og:image:width\" content=\"1000\" \/>\n\t<meta property=\"og:image:height\" content=\"1500\" \/>\n\t<meta property=\"og:image:type\" content=\"image\/jpeg\" \/>\n<meta name=\"twitter:card\" content=\"summary_large_image\" \/>\n<script type=\"application\/ld+json\" class=\"yoast-schema-graph\">{\"@context\":\"https:\/\/schema.org\",\"@graph\":[{\"@type\":\"WebPage\",\"@id\":\"https:\/\/simonjersey.eu\/en\/product\/long-sleeve-heat-proof-button-chef-jacket\/\",\"url\":\"https:\/\/simonjersey.eu\/en\/product\/long-sleeve-heat-proof-button-chef-jacket\/\",\"name\":\"Long Sleeve Heat Proof Button Chef Jacket - Simon Jersey\",\"isPartOf\":{\"@id\":\"https:\/\/simonjersey.eu\/#website\"},\"primaryImageOfPage\":{\"@id\":\"https:\/\/simonjersey.eu\/en\/product\/long-sleeve-heat-proof-button-chef-jacket\/#primaryimage\"},\"image\":{\"@id\":\"https:\/\/simonjersey.eu\/en\/product\/long-sleeve-heat-proof-button-chef-jacket\/#primaryimage\"},\"thumbnailUrl\":\"https:\/\/simonjersey.eu\/wp-content\/uploads\/2019\/07\/CJ0860-1.jpg\",\"datePublished\":\"2019-07-08T08:53:29+00:00\",\"dateModified\":\"2021-01-26T13:23:07+00:00\",\"description\":\"Tundke end turvaliselt kuumas k\u00f6\u00f6gis t\u00f6\u00f6tades selle mugava kokajakiga.V\u00f5imaldab h\u00e4sti liikumist. Et su tiim saaks v\u00e4lja n\u00e4ha t\u00f5eliselt professionaalne!\",\"breadcrumb\":{\"@id\":\"https:\/\/simonjersey.eu\/en\/product\/long-sleeve-heat-proof-button-chef-jacket\/#breadcrumb\"},\"inLanguage\":\"en-US\",\"potentialAction\":[{\"@type\":\"ReadAction\",\"target\":[\"https:\/\/simonjersey.eu\/en\/product\/long-sleeve-heat-proof-button-chef-jacket\/\"]}]},{\"@type\":\"ImageObject\",\"inLanguage\":\"en-US\",\"@id\":\"https:\/\/simonjersey.eu\/en\/product\/long-sleeve-heat-proof-button-chef-jacket\/#primaryimage\",\"url\":\"https:\/\/simonjersey.eu\/wp-content\/uploads\/2019\/07\/CJ0860-1.jpg\",\"contentUrl\":\"https:\/\/simonjersey.eu\/wp-content\/uploads\/2019\/07\/CJ0860-1.jpg\",\"width\":1000,\"height\":1500},{\"@type\":\"BreadcrumbList\",\"@id\":\"https:\/\/simonjersey.eu\/en\/product\/long-sleeve-heat-proof-button-chef-jacket\/#breadcrumb\",\"itemListElement\":[{\"@type\":\"ListItem\",\"position\":1,\"name\":\"Home\",\"item\":\"https:\/\/simonjersey.eu\/en\/\"},{\"@type\":\"ListItem\",\"position\":2,\"name\":\"E-shop\",\"item\":\"https:\/\/simonjersey.eu\/en\/e-shop\/\"},{\"@type\":\"ListItem\",\"position\":3,\"name\":\"Long Sleeve Heat Proof Button Chef Jacket\"}]},{\"@type\":\"WebSite\",\"@id\":\"https:\/\/simonjersey.eu\/#website\",\"url\":\"https:\/\/simonjersey.eu\/\",\"name\":\"Simon Jersey\",\"description\":\"Kvaliteetsed ja vastupidavad ametir\u00f5ivad\",\"potentialAction\":[{\"@type\":\"SearchAction\",\"target\":{\"@type\":\"EntryPoint\",\"urlTemplate\":\"https:\/\/simonjersey.eu\/?s={search_term_string}\"},\"query-input\":{\"@type\":\"PropertyValueSpecification\",\"valueRequired\":true,\"valueName\":\"search_term_string\"}}],\"inLanguage\":\"en-US\"}]}<\/script>\n<!-- \/ Yoast SEO plugin. -->","yoast_head_json":{"title":"Long Sleeve Heat Proof Button Chef Jacket - Simon Jersey","description":"Tundke end turvaliselt kuumas k\u00f6\u00f6gis t\u00f6\u00f6tades selle mugava kokajakiga.V\u00f5imaldab h\u00e4sti liikumist. Et su tiim saaks v\u00e4lja n\u00e4ha t\u00f5eliselt professionaalne!","robots":{"index":"index","follow":"follow","max-snippet":"max-snippet:-1","max-image-preview":"max-image-preview:large","max-video-preview":"max-video-preview:-1"},"canonical":"https:\/\/simonjersey.eu\/en\/product\/long-sleeve-heat-proof-button-chef-jacket\/","og_locale":"en_US","og_type":"article","og_title":"Long Sleeve Heat Proof Button Chef Jacket - Simon Jersey","og_description":"Tundke end turvaliselt kuumas k\u00f6\u00f6gis t\u00f6\u00f6tades selle mugava kokajakiga.V\u00f5imaldab h\u00e4sti liikumist. Et su tiim saaks v\u00e4lja n\u00e4ha t\u00f5eliselt professionaalne!","og_url":"https:\/\/simonjersey.eu\/en\/product\/long-sleeve-heat-proof-button-chef-jacket\/","og_site_name":"Simon Jersey","article_modified_time":"2021-01-26T13:23:07+00:00","og_image":[{"width":1000,"height":1500,"url":"https:\/\/simonjersey.eu\/wp-content\/uploads\/2019\/07\/CJ0860-1.jpg","type":"image\/jpeg"}],"twitter_card":"summary_large_image","schema":{"@context":"https:\/\/schema.org","@graph":[{"@type":"WebPage","@id":"https:\/\/simonjersey.eu\/en\/product\/long-sleeve-heat-proof-button-chef-jacket\/","url":"https:\/\/simonjersey.eu\/en\/product\/long-sleeve-heat-proof-button-chef-jacket\/","name":"Long Sleeve Heat Proof Button Chef Jacket - Simon Jersey","isPartOf":{"@id":"https:\/\/simonjersey.eu\/#website"},"primaryImageOfPage":{"@id":"https:\/\/simonjersey.eu\/en\/product\/long-sleeve-heat-proof-button-chef-jacket\/#primaryimage"},"image":{"@id":"https:\/\/simonjersey.eu\/en\/product\/long-sleeve-heat-proof-button-chef-jacket\/#primaryimage"},"thumbnailUrl":"https:\/\/simonjersey.eu\/wp-content\/uploads\/2019\/07\/CJ0860-1.jpg","datePublished":"2019-07-08T08:53:29+00:00","dateModified":"2021-01-26T13:23:07+00:00","description":"Tundke end turvaliselt kuumas k\u00f6\u00f6gis t\u00f6\u00f6tades selle mugava kokajakiga.V\u00f5imaldab h\u00e4sti liikumist. Et su tiim saaks v\u00e4lja n\u00e4ha t\u00f5eliselt professionaalne!","breadcrumb":{"@id":"https:\/\/simonjersey.eu\/en\/product\/long-sleeve-heat-proof-button-chef-jacket\/#breadcrumb"},"inLanguage":"en-US","potentialAction":[{"@type":"ReadAction","target":["https:\/\/simonjersey.eu\/en\/product\/long-sleeve-heat-proof-button-chef-jacket\/"]}]},{"@type":"ImageObject","inLanguage":"en-US","@id":"https:\/\/simonjersey.eu\/en\/product\/long-sleeve-heat-proof-button-chef-jacket\/#primaryimage","url":"https:\/\/simonjersey.eu\/wp-content\/uploads\/2019\/07\/CJ0860-1.jpg","contentUrl":"https:\/\/simonjersey.eu\/wp-content\/uploads\/2019\/07\/CJ0860-1.jpg","width":1000,"height":1500},{"@type":"BreadcrumbList","@id":"https:\/\/simonjersey.eu\/en\/product\/long-sleeve-heat-proof-button-chef-jacket\/#breadcrumb","itemListElement":[{"@type":"ListItem","position":1,"name":"Home","item":"https:\/\/simonjersey.eu\/en\/"},{"@type":"ListItem","position":2,"name":"E-shop","item":"https:\/\/simonjersey.eu\/en\/e-shop\/"},{"@type":"ListItem","position":3,"name":"Long Sleeve Heat Proof Button Chef Jacket"}]},{"@type":"WebSite","@id":"https:\/\/simonjersey.eu\/#website","url":"https:\/\/simonjersey.eu\/","name":"Simon Jersey","description":"Kvaliteetsed ja vastupidavad ametir\u00f5ivad","potentialAction":[{"@type":"SearchAction","target":{"@type":"EntryPoint","urlTemplate":"https:\/\/simonjersey.eu\/?s={search_term_string}"},"query-input":{"@type":"PropertyValueSpecification","valueRequired":true,"valueName":"search_term_string"}}],"inLanguage":"en-US"}]}},"_links":{"self":[{"href":"https:\/\/simonjersey.eu\/en\/wp-json\/wp\/v2\/product\/10200","targetHints":{"allow":["GET"]}}],"collection":[{"href":"https:\/\/simonjersey.eu\/en\/wp-json\/wp\/v2\/product"}],"about":[{"href":"https:\/\/simonjersey.eu\/en\/wp-json\/wp\/v2\/types\/product"}],"wp:featuredmedia":[{"embeddable":true,"href":"https:\/\/simonjersey.eu\/en\/wp-json\/wp\/v2\/media\/10199"}],"wp:attachment":[{"href":"https:\/\/simonjersey.eu\/en\/wp-json\/wp\/v2\/media?parent=10200"}],"wp:term":[{"taxonomy":"product_brand","embeddable":true,"href":"https:\/\/simonjersey.eu\/en\/wp-json\/wp\/v2\/product_brand?post=10200"},{"taxonomy":"product_cat","embeddable":true,"href":"https:\/\/simonjersey.eu\/en\/wp-json\/wp\/v2\/product_cat?post=10200"},{"taxonomy":"product_tag","embeddable":true,"href":"https:\/\/simonjersey.eu\/en\/wp-json\/wp\/v2\/product_tag?post=10200"}],"curies":[{"name":"wp","href":"https:\/\/api.w.org\/{rel}","templated":true}]}}