{"id":12899,"date":"2020-01-14T08:35:28","date_gmt":"2020-01-14T08:35:28","guid":{"rendered":"https:\/\/simonjersey.eu\/toode\/comfortable-medical-tunic-for-women-piquee-fabric\/"},"modified":"2024-11-27T09:58:21","modified_gmt":"2024-11-27T09:58:21","slug":"bp-medical-tunic-for-women-piquee-fabric","status":"publish","type":"product","link":"https:\/\/simonjersey.eu\/en\/product\/bp-medical-tunic-for-women-piquee-fabric\/","title":{"rendered":"BP medical tunic for women, piquee fabric"},"content":{"rendered":"","protected":false},"excerpt":{"rendered":"<p>Check out our <a href=\"https:\/\/simonjersey.eu\/en\/workwear-catalogues\/\">new brand BP medical clothing<\/a>, direct from Germany.<br \/>\nComfortable, practical and breathable tunic for health care professionals.<\/p>\n<p>Slim fit cut, short sleeves, pull-over, front studs.<br \/>\nPiquee fabric on the sides for maximum mobility.<\/p>\n<p>Name tag holder, eye-catching collar, side pockets.<br \/>\nMaximum comfort and long-term durability!<\/p>\n<p>Material: 50% cotton, 50% polyester.<br \/>\nMaintenance: 95 \u00b0 machine wash, easy to maintain.<br \/>\nLength: 68 cm.<br \/>\nAvailable in sizes: XS-3XL.<\/p>\n<p>Feel free to contact our <a href=\"https:\/\/simonjersey.eu\/en\/contact-us\/\">sales team<\/a> for more information!<\/p>\n","protected":false},"featured_media":21025,"template":"","meta":[],"product_brand":[],"product_cat":[463,504,480,455],"product_tag":[],"class_list":{"0":"post-12899","1":"product","2":"type-product","3":"status-publish","4":"has-post-thumbnail","6":"product_cat-healthcare","7":"product_cat-womens-tunics","8":"product_cat-cleaning-staff","9":"product_cat-tunics","10":"pa_varv-aqua","11":"pa_varv-grey-shards","12":"pa_varv-navy","13":"pa_varv-raspberry","14":"pa_varv-teal","16":"first","17":"instock","18":"taxable","19":"shipping-taxable","20":"purchasable","21":"product-type-variable","22":"has-default-attributes"},"yoast_head":"<!-- This site is optimized with the Yoast SEO plugin v27.2 - https:\/\/yoast.com\/product\/yoast-seo-wordpress\/ -->\n<title>Stiilne tuunika tervishoiu t\u00f6\u00f6tajatele, ametiriided - Simon Jersey<\/title>\n<meta name=\"description\" content=\"BP t\u00f6\u00f6riided, ametiriided arstidele, vormiriided haigla t\u00f6\u00f6tajatele, t\u00f6\u00f6riided Saksamaalt, BP, mugavad arstide vormiriided, stiilsed tuunikad arstidele.\" \/>\n<meta name=\"robots\" content=\"index, follow, max-snippet:-1, max-image-preview:large, max-video-preview:-1\" \/>\n<link rel=\"canonical\" href=\"https:\/\/simonjersey.eu\/en\/product\/bp-medical-tunic-for-women-piquee-fabric\/\" \/>\n<meta property=\"og:locale\" content=\"en_US\" \/>\n<meta property=\"og:type\" content=\"article\" \/>\n<meta property=\"og:title\" content=\"Stiilne tuunika tervishoiu t\u00f6\u00f6tajatele, ametiriided - Simon Jersey\" \/>\n<meta property=\"og:description\" content=\"BP t\u00f6\u00f6riided, ametiriided arstidele, vormiriided haigla t\u00f6\u00f6tajatele, t\u00f6\u00f6riided Saksamaalt, BP, mugavad arstide vormiriided, stiilsed tuunikad arstidele.\" \/>\n<meta property=\"og:url\" content=\"https:\/\/simonjersey.eu\/en\/product\/bp-medical-tunic-for-women-piquee-fabric\/\" \/>\n<meta property=\"og:site_name\" content=\"Simon Jersey\" \/>\n<meta property=\"article:modified_time\" content=\"2024-11-27T09:58:21+00:00\" \/>\n<meta property=\"og:image\" content=\"https:\/\/simonjersey.eu\/wp-content\/uploads\/2020\/01\/BP-meditsiinituunika-piquee-kangast-kaanepilt.png\" \/>\n\t<meta property=\"og:image:width\" content=\"700\" \/>\n\t<meta property=\"og:image:height\" content=\"1049\" \/>\n\t<meta property=\"og:image:type\" content=\"image\/png\" \/>\n<meta name=\"twitter:card\" content=\"summary_large_image\" \/>\n<script type=\"application\/ld+json\" class=\"yoast-schema-graph\">{\"@context\":\"https:\/\/schema.org\",\"@graph\":[{\"@type\":\"WebPage\",\"@id\":\"https:\/\/simonjersey.eu\/en\/product\/bp-medical-tunic-for-women-piquee-fabric\/\",\"url\":\"https:\/\/simonjersey.eu\/en\/product\/bp-medical-tunic-for-women-piquee-fabric\/\",\"name\":\"Stiilne tuunika tervishoiu t\u00f6\u00f6tajatele, ametiriided - Simon Jersey\",\"isPartOf\":{\"@id\":\"https:\/\/simonjersey.eu\/#website\"},\"primaryImageOfPage\":{\"@id\":\"https:\/\/simonjersey.eu\/en\/product\/bp-medical-tunic-for-women-piquee-fabric\/#primaryimage\"},\"image\":{\"@id\":\"https:\/\/simonjersey.eu\/en\/product\/bp-medical-tunic-for-women-piquee-fabric\/#primaryimage\"},\"thumbnailUrl\":\"https:\/\/simonjersey.eu\/wp-content\/uploads\/2020\/01\/BP-meditsiinituunika-piquee-kangast-kaanepilt.png\",\"datePublished\":\"2020-01-14T08:35:28+00:00\",\"dateModified\":\"2024-11-27T09:58:21+00:00\",\"description\":\"BP t\u00f6\u00f6riided, ametiriided arstidele, vormiriided haigla t\u00f6\u00f6tajatele, t\u00f6\u00f6riided Saksamaalt, BP, mugavad arstide vormiriided, stiilsed tuunikad arstidele.\",\"breadcrumb\":{\"@id\":\"https:\/\/simonjersey.eu\/en\/product\/bp-medical-tunic-for-women-piquee-fabric\/#breadcrumb\"},\"inLanguage\":\"en-US\",\"potentialAction\":[{\"@type\":\"ReadAction\",\"target\":[\"https:\/\/simonjersey.eu\/en\/product\/bp-medical-tunic-for-women-piquee-fabric\/\"]}]},{\"@type\":\"ImageObject\",\"inLanguage\":\"en-US\",\"@id\":\"https:\/\/simonjersey.eu\/en\/product\/bp-medical-tunic-for-women-piquee-fabric\/#primaryimage\",\"url\":\"https:\/\/simonjersey.eu\/wp-content\/uploads\/2020\/01\/BP-meditsiinituunika-piquee-kangast-kaanepilt.png\",\"contentUrl\":\"https:\/\/simonjersey.eu\/wp-content\/uploads\/2020\/01\/BP-meditsiinituunika-piquee-kangast-kaanepilt.png\",\"width\":700,\"height\":1049},{\"@type\":\"BreadcrumbList\",\"@id\":\"https:\/\/simonjersey.eu\/en\/product\/bp-medical-tunic-for-women-piquee-fabric\/#breadcrumb\",\"itemListElement\":[{\"@type\":\"ListItem\",\"position\":1,\"name\":\"Home\",\"item\":\"https:\/\/simonjersey.eu\/en\/\"},{\"@type\":\"ListItem\",\"position\":2,\"name\":\"E-shop\",\"item\":\"https:\/\/simonjersey.eu\/en\/e-shop\/\"},{\"@type\":\"ListItem\",\"position\":3,\"name\":\"BP medical tunic for women, piquee fabric\"}]},{\"@type\":\"WebSite\",\"@id\":\"https:\/\/simonjersey.eu\/#website\",\"url\":\"https:\/\/simonjersey.eu\/\",\"name\":\"Simon Jersey\",\"description\":\"Kvaliteetsed ja vastupidavad ametir\u00f5ivad\",\"potentialAction\":[{\"@type\":\"SearchAction\",\"target\":{\"@type\":\"EntryPoint\",\"urlTemplate\":\"https:\/\/simonjersey.eu\/?s={search_term_string}\"},\"query-input\":{\"@type\":\"PropertyValueSpecification\",\"valueRequired\":true,\"valueName\":\"search_term_string\"}}],\"inLanguage\":\"en-US\"}]}<\/script>\n<!-- \/ Yoast SEO plugin. -->","yoast_head_json":{"title":"Stiilne tuunika tervishoiu t\u00f6\u00f6tajatele, ametiriided - Simon Jersey","description":"BP t\u00f6\u00f6riided, ametiriided arstidele, vormiriided haigla t\u00f6\u00f6tajatele, t\u00f6\u00f6riided Saksamaalt, BP, mugavad arstide vormiriided, stiilsed tuunikad arstidele.","robots":{"index":"index","follow":"follow","max-snippet":"max-snippet:-1","max-image-preview":"max-image-preview:large","max-video-preview":"max-video-preview:-1"},"canonical":"https:\/\/simonjersey.eu\/en\/product\/bp-medical-tunic-for-women-piquee-fabric\/","og_locale":"en_US","og_type":"article","og_title":"Stiilne tuunika tervishoiu t\u00f6\u00f6tajatele, ametiriided - Simon Jersey","og_description":"BP t\u00f6\u00f6riided, ametiriided arstidele, vormiriided haigla t\u00f6\u00f6tajatele, t\u00f6\u00f6riided Saksamaalt, BP, mugavad arstide vormiriided, stiilsed tuunikad arstidele.","og_url":"https:\/\/simonjersey.eu\/en\/product\/bp-medical-tunic-for-women-piquee-fabric\/","og_site_name":"Simon Jersey","article_modified_time":"2024-11-27T09:58:21+00:00","og_image":[{"width":700,"height":1049,"url":"https:\/\/simonjersey.eu\/wp-content\/uploads\/2020\/01\/BP-meditsiinituunika-piquee-kangast-kaanepilt.png","type":"image\/png"}],"twitter_card":"summary_large_image","schema":{"@context":"https:\/\/schema.org","@graph":[{"@type":"WebPage","@id":"https:\/\/simonjersey.eu\/en\/product\/bp-medical-tunic-for-women-piquee-fabric\/","url":"https:\/\/simonjersey.eu\/en\/product\/bp-medical-tunic-for-women-piquee-fabric\/","name":"Stiilne tuunika tervishoiu t\u00f6\u00f6tajatele, ametiriided - Simon Jersey","isPartOf":{"@id":"https:\/\/simonjersey.eu\/#website"},"primaryImageOfPage":{"@id":"https:\/\/simonjersey.eu\/en\/product\/bp-medical-tunic-for-women-piquee-fabric\/#primaryimage"},"image":{"@id":"https:\/\/simonjersey.eu\/en\/product\/bp-medical-tunic-for-women-piquee-fabric\/#primaryimage"},"thumbnailUrl":"https:\/\/simonjersey.eu\/wp-content\/uploads\/2020\/01\/BP-meditsiinituunika-piquee-kangast-kaanepilt.png","datePublished":"2020-01-14T08:35:28+00:00","dateModified":"2024-11-27T09:58:21+00:00","description":"BP t\u00f6\u00f6riided, ametiriided arstidele, vormiriided haigla t\u00f6\u00f6tajatele, t\u00f6\u00f6riided Saksamaalt, BP, mugavad arstide vormiriided, stiilsed tuunikad arstidele.","breadcrumb":{"@id":"https:\/\/simonjersey.eu\/en\/product\/bp-medical-tunic-for-women-piquee-fabric\/#breadcrumb"},"inLanguage":"en-US","potentialAction":[{"@type":"ReadAction","target":["https:\/\/simonjersey.eu\/en\/product\/bp-medical-tunic-for-women-piquee-fabric\/"]}]},{"@type":"ImageObject","inLanguage":"en-US","@id":"https:\/\/simonjersey.eu\/en\/product\/bp-medical-tunic-for-women-piquee-fabric\/#primaryimage","url":"https:\/\/simonjersey.eu\/wp-content\/uploads\/2020\/01\/BP-meditsiinituunika-piquee-kangast-kaanepilt.png","contentUrl":"https:\/\/simonjersey.eu\/wp-content\/uploads\/2020\/01\/BP-meditsiinituunika-piquee-kangast-kaanepilt.png","width":700,"height":1049},{"@type":"BreadcrumbList","@id":"https:\/\/simonjersey.eu\/en\/product\/bp-medical-tunic-for-women-piquee-fabric\/#breadcrumb","itemListElement":[{"@type":"ListItem","position":1,"name":"Home","item":"https:\/\/simonjersey.eu\/en\/"},{"@type":"ListItem","position":2,"name":"E-shop","item":"https:\/\/simonjersey.eu\/en\/e-shop\/"},{"@type":"ListItem","position":3,"name":"BP medical tunic for women, piquee fabric"}]},{"@type":"WebSite","@id":"https:\/\/simonjersey.eu\/#website","url":"https:\/\/simonjersey.eu\/","name":"Simon Jersey","description":"Kvaliteetsed ja vastupidavad ametir\u00f5ivad","potentialAction":[{"@type":"SearchAction","target":{"@type":"EntryPoint","urlTemplate":"https:\/\/simonjersey.eu\/?s={search_term_string}"},"query-input":{"@type":"PropertyValueSpecification","valueRequired":true,"valueName":"search_term_string"}}],"inLanguage":"en-US"}]}},"_links":{"self":[{"href":"https:\/\/simonjersey.eu\/en\/wp-json\/wp\/v2\/product\/12899","targetHints":{"allow":["GET"]}}],"collection":[{"href":"https:\/\/simonjersey.eu\/en\/wp-json\/wp\/v2\/product"}],"about":[{"href":"https:\/\/simonjersey.eu\/en\/wp-json\/wp\/v2\/types\/product"}],"wp:featuredmedia":[{"embeddable":true,"href":"https:\/\/simonjersey.eu\/en\/wp-json\/wp\/v2\/media\/21025"}],"wp:attachment":[{"href":"https:\/\/simonjersey.eu\/en\/wp-json\/wp\/v2\/media?parent=12899"}],"wp:term":[{"taxonomy":"product_brand","embeddable":true,"href":"https:\/\/simonjersey.eu\/en\/wp-json\/wp\/v2\/product_brand?post=12899"},{"taxonomy":"product_cat","embeddable":true,"href":"https:\/\/simonjersey.eu\/en\/wp-json\/wp\/v2\/product_cat?post=12899"},{"taxonomy":"product_tag","embeddable":true,"href":"https:\/\/simonjersey.eu\/en\/wp-json\/wp\/v2\/product_tag?post=12899"}],"curies":[{"name":"wp","href":"https:\/\/api.w.org\/{rel}","templated":true}]}}