{"id":13224,"date":"2020-02-25T13:20:01","date_gmt":"2020-02-25T13:20:01","guid":{"rendered":"https:\/\/simonjersey.eu\/toode\/corinthia-dress\/"},"modified":"2026-02-26T09:37:24","modified_gmt":"2026-02-26T09:37:24","slug":"corinthia-dress","status":"publish","type":"product","link":"https:\/\/simonjersey.eu\/en\/product\/corinthia-dress\/","title":{"rendered":"Corinthia dress"},"content":{"rendered":"","protected":false},"excerpt":{"rendered":"<p>Performance Collection perfectly balances high quality tailoring with cutting edge Shape Memory Technology.<\/p>\n<p>Very durable material, high level of Crease resistance, machine washable.<\/p>\n<p>V-neck, short sleeve, breast darts, centre vent, full stretch lining.<br \/>\nMaterial: 65% polyester, 35% wool.<br \/>\nCare: 40 \u00b0 machine wash, easy to maintain.<br \/>\nSizes (UK): 6-24.<br \/>\nLenght: 97 cm.<\/p>\n<p>Suitable for staff uniform in Banking, Travel, Hotels and other Office teams.<\/p>\n<p>&nbsp;<\/p>\n","protected":false},"featured_media":13223,"template":"","meta":[],"product_brand":[],"product_cat":[1065,456],"product_tag":[],"class_list":{"0":"post-13224","1":"product","2":"type-product","3":"status-publish","4":"has-post-thumbnail","6":"product_cat-durable-performance","7":"product_cat-skirts-and-dresses","8":"pa_varv-black","9":"pa_varv-charcoal","10":"pa_varv-dark-grey","11":"pa_varv-navy","13":"first","14":"instock","15":"taxable","16":"shipping-taxable","17":"purchasable","18":"product-type-variable","19":"has-default-attributes"},"yoast_head":"<!-- This site is optimized with the Yoast SEO plugin v27.2 - https:\/\/yoast.com\/product\/yoast-seo-wordpress\/ -->\n<title>Corinthia dress - Simon Jersey<\/title>\n<meta name=\"description\" content=\"V-kaelusega kleit, l\u00fchikeste varrukatega, kehasse t\u00f6\u00f6deldud, stret\u0161 voodriga, tagant l\u00f5hikuga.Materjal: 65% pol\u00fcester, 35% vill. Lihtne hooldada.\" \/>\n<meta name=\"robots\" content=\"index, follow, max-snippet:-1, max-image-preview:large, max-video-preview:-1\" \/>\n<link rel=\"canonical\" href=\"https:\/\/simonjersey.eu\/en\/product\/corinthia-dress\/\" \/>\n<meta property=\"og:locale\" content=\"en_US\" \/>\n<meta property=\"og:type\" content=\"article\" \/>\n<meta property=\"og:title\" content=\"Corinthia dress - Simon Jersey\" \/>\n<meta property=\"og:description\" content=\"V-kaelusega kleit, l\u00fchikeste varrukatega, kehasse t\u00f6\u00f6deldud, stret\u0161 voodriga, tagant l\u00f5hikuga.Materjal: 65% pol\u00fcester, 35% vill. Lihtne hooldada.\" \/>\n<meta property=\"og:url\" content=\"https:\/\/simonjersey.eu\/en\/product\/corinthia-dress\/\" \/>\n<meta property=\"og:site_name\" content=\"Simon Jersey\" \/>\n<meta property=\"article:modified_time\" content=\"2026-02-26T09:37:24+00:00\" \/>\n<meta property=\"og:image\" content=\"https:\/\/simonjersey.eu\/wp-content\/uploads\/2020\/02\/2246-corinthia-black.jpg\" \/>\n\t<meta property=\"og:image:width\" content=\"467\" \/>\n\t<meta property=\"og:image:height\" content=\"700\" \/>\n\t<meta property=\"og:image:type\" content=\"image\/jpeg\" \/>\n<meta name=\"twitter:card\" content=\"summary_large_image\" \/>\n<script type=\"application\/ld+json\" class=\"yoast-schema-graph\">{\"@context\":\"https:\/\/schema.org\",\"@graph\":[{\"@type\":\"WebPage\",\"@id\":\"https:\/\/simonjersey.eu\/en\/product\/corinthia-dress\/\",\"url\":\"https:\/\/simonjersey.eu\/en\/product\/corinthia-dress\/\",\"name\":\"Corinthia dress - Simon Jersey\",\"isPartOf\":{\"@id\":\"https:\/\/simonjersey.eu\/#website\"},\"primaryImageOfPage\":{\"@id\":\"https:\/\/simonjersey.eu\/en\/product\/corinthia-dress\/#primaryimage\"},\"image\":{\"@id\":\"https:\/\/simonjersey.eu\/en\/product\/corinthia-dress\/#primaryimage\"},\"thumbnailUrl\":\"https:\/\/simonjersey.eu\/wp-content\/uploads\/2020\/02\/2246-corinthia-black.jpg\",\"datePublished\":\"2020-02-25T13:20:01+00:00\",\"dateModified\":\"2026-02-26T09:37:24+00:00\",\"description\":\"V-kaelusega kleit, l\u00fchikeste varrukatega, kehasse t\u00f6\u00f6deldud, stret\u0161 voodriga, tagant l\u00f5hikuga.Materjal: 65% pol\u00fcester, 35% vill. Lihtne hooldada.\",\"breadcrumb\":{\"@id\":\"https:\/\/simonjersey.eu\/en\/product\/corinthia-dress\/#breadcrumb\"},\"inLanguage\":\"en-US\",\"potentialAction\":[{\"@type\":\"ReadAction\",\"target\":[\"https:\/\/simonjersey.eu\/en\/product\/corinthia-dress\/\"]}]},{\"@type\":\"ImageObject\",\"inLanguage\":\"en-US\",\"@id\":\"https:\/\/simonjersey.eu\/en\/product\/corinthia-dress\/#primaryimage\",\"url\":\"https:\/\/simonjersey.eu\/wp-content\/uploads\/2020\/02\/2246-corinthia-black.jpg\",\"contentUrl\":\"https:\/\/simonjersey.eu\/wp-content\/uploads\/2020\/02\/2246-corinthia-black.jpg\",\"width\":467,\"height\":700},{\"@type\":\"BreadcrumbList\",\"@id\":\"https:\/\/simonjersey.eu\/en\/product\/corinthia-dress\/#breadcrumb\",\"itemListElement\":[{\"@type\":\"ListItem\",\"position\":1,\"name\":\"Home\",\"item\":\"https:\/\/simonjersey.eu\/en\/\"},{\"@type\":\"ListItem\",\"position\":2,\"name\":\"E-shop\",\"item\":\"https:\/\/simonjersey.eu\/en\/e-shop\/\"},{\"@type\":\"ListItem\",\"position\":3,\"name\":\"Corinthia dress\"}]},{\"@type\":\"WebSite\",\"@id\":\"https:\/\/simonjersey.eu\/#website\",\"url\":\"https:\/\/simonjersey.eu\/\",\"name\":\"Simon Jersey\",\"description\":\"Kvaliteetsed ja vastupidavad ametir\u00f5ivad\",\"potentialAction\":[{\"@type\":\"SearchAction\",\"target\":{\"@type\":\"EntryPoint\",\"urlTemplate\":\"https:\/\/simonjersey.eu\/?s={search_term_string}\"},\"query-input\":{\"@type\":\"PropertyValueSpecification\",\"valueRequired\":true,\"valueName\":\"search_term_string\"}}],\"inLanguage\":\"en-US\"}]}<\/script>\n<!-- \/ Yoast SEO plugin. -->","yoast_head_json":{"title":"Corinthia dress - Simon Jersey","description":"V-kaelusega kleit, l\u00fchikeste varrukatega, kehasse t\u00f6\u00f6deldud, stret\u0161 voodriga, tagant l\u00f5hikuga.Materjal: 65% pol\u00fcester, 35% vill. Lihtne hooldada.","robots":{"index":"index","follow":"follow","max-snippet":"max-snippet:-1","max-image-preview":"max-image-preview:large","max-video-preview":"max-video-preview:-1"},"canonical":"https:\/\/simonjersey.eu\/en\/product\/corinthia-dress\/","og_locale":"en_US","og_type":"article","og_title":"Corinthia dress - Simon Jersey","og_description":"V-kaelusega kleit, l\u00fchikeste varrukatega, kehasse t\u00f6\u00f6deldud, stret\u0161 voodriga, tagant l\u00f5hikuga.Materjal: 65% pol\u00fcester, 35% vill. Lihtne hooldada.","og_url":"https:\/\/simonjersey.eu\/en\/product\/corinthia-dress\/","og_site_name":"Simon Jersey","article_modified_time":"2026-02-26T09:37:24+00:00","og_image":[{"width":467,"height":700,"url":"https:\/\/simonjersey.eu\/wp-content\/uploads\/2020\/02\/2246-corinthia-black.jpg","type":"image\/jpeg"}],"twitter_card":"summary_large_image","schema":{"@context":"https:\/\/schema.org","@graph":[{"@type":"WebPage","@id":"https:\/\/simonjersey.eu\/en\/product\/corinthia-dress\/","url":"https:\/\/simonjersey.eu\/en\/product\/corinthia-dress\/","name":"Corinthia dress - Simon Jersey","isPartOf":{"@id":"https:\/\/simonjersey.eu\/#website"},"primaryImageOfPage":{"@id":"https:\/\/simonjersey.eu\/en\/product\/corinthia-dress\/#primaryimage"},"image":{"@id":"https:\/\/simonjersey.eu\/en\/product\/corinthia-dress\/#primaryimage"},"thumbnailUrl":"https:\/\/simonjersey.eu\/wp-content\/uploads\/2020\/02\/2246-corinthia-black.jpg","datePublished":"2020-02-25T13:20:01+00:00","dateModified":"2026-02-26T09:37:24+00:00","description":"V-kaelusega kleit, l\u00fchikeste varrukatega, kehasse t\u00f6\u00f6deldud, stret\u0161 voodriga, tagant l\u00f5hikuga.Materjal: 65% pol\u00fcester, 35% vill. Lihtne hooldada.","breadcrumb":{"@id":"https:\/\/simonjersey.eu\/en\/product\/corinthia-dress\/#breadcrumb"},"inLanguage":"en-US","potentialAction":[{"@type":"ReadAction","target":["https:\/\/simonjersey.eu\/en\/product\/corinthia-dress\/"]}]},{"@type":"ImageObject","inLanguage":"en-US","@id":"https:\/\/simonjersey.eu\/en\/product\/corinthia-dress\/#primaryimage","url":"https:\/\/simonjersey.eu\/wp-content\/uploads\/2020\/02\/2246-corinthia-black.jpg","contentUrl":"https:\/\/simonjersey.eu\/wp-content\/uploads\/2020\/02\/2246-corinthia-black.jpg","width":467,"height":700},{"@type":"BreadcrumbList","@id":"https:\/\/simonjersey.eu\/en\/product\/corinthia-dress\/#breadcrumb","itemListElement":[{"@type":"ListItem","position":1,"name":"Home","item":"https:\/\/simonjersey.eu\/en\/"},{"@type":"ListItem","position":2,"name":"E-shop","item":"https:\/\/simonjersey.eu\/en\/e-shop\/"},{"@type":"ListItem","position":3,"name":"Corinthia dress"}]},{"@type":"WebSite","@id":"https:\/\/simonjersey.eu\/#website","url":"https:\/\/simonjersey.eu\/","name":"Simon Jersey","description":"Kvaliteetsed ja vastupidavad ametir\u00f5ivad","potentialAction":[{"@type":"SearchAction","target":{"@type":"EntryPoint","urlTemplate":"https:\/\/simonjersey.eu\/?s={search_term_string}"},"query-input":{"@type":"PropertyValueSpecification","valueRequired":true,"valueName":"search_term_string"}}],"inLanguage":"en-US"}]}},"_links":{"self":[{"href":"https:\/\/simonjersey.eu\/en\/wp-json\/wp\/v2\/product\/13224","targetHints":{"allow":["GET"]}}],"collection":[{"href":"https:\/\/simonjersey.eu\/en\/wp-json\/wp\/v2\/product"}],"about":[{"href":"https:\/\/simonjersey.eu\/en\/wp-json\/wp\/v2\/types\/product"}],"wp:featuredmedia":[{"embeddable":true,"href":"https:\/\/simonjersey.eu\/en\/wp-json\/wp\/v2\/media\/13223"}],"wp:attachment":[{"href":"https:\/\/simonjersey.eu\/en\/wp-json\/wp\/v2\/media?parent=13224"}],"wp:term":[{"taxonomy":"product_brand","embeddable":true,"href":"https:\/\/simonjersey.eu\/en\/wp-json\/wp\/v2\/product_brand?post=13224"},{"taxonomy":"product_cat","embeddable":true,"href":"https:\/\/simonjersey.eu\/en\/wp-json\/wp\/v2\/product_cat?post=13224"},{"taxonomy":"product_tag","embeddable":true,"href":"https:\/\/simonjersey.eu\/en\/wp-json\/wp\/v2\/product_tag?post=13224"}],"curies":[{"name":"wp","href":"https:\/\/api.w.org\/{rel}","templated":true}]}}