{"id":5060,"date":"2019-05-18T18:15:06","date_gmt":"2019-05-18T18:15:06","guid":{"rendered":"https:\/\/uusveeb.simonjersey.eu\/toode\/coloured-tie\/"},"modified":"2022-04-21T09:03:06","modified_gmt":"2022-04-21T09:03:06","slug":"coloured-tie","status":"publish","type":"product","link":"https:\/\/simonjersey.eu\/en\/product\/coloured-tie\/","title":{"rendered":"Coloured Tie"},"content":{"rendered":"","protected":false},"excerpt":{"rendered":"<p>Vibrant ties that are sure to get you noticed at work and keep your look firmly in style every season.<\/p>\n<p>Length: 146cm \/ 57.5in<br \/>\nWidth: 8.5cm \/ 3in<br \/>\nMaterial: 100% Polyester.<br \/>\nMaintenance: 30 \u00b0 machine wash.<\/p>\n<p>One size.<\/p>\n","protected":false},"featured_media":5059,"template":"","meta":[],"product_brand":[],"product_cat":[488,465,523],"product_tag":[872,692,701],"class_list":{"0":"post-5060","1":"product","2":"type-product","3":"status-publish","4":"has-post-thumbnail","6":"product_cat-accessories-business-wear","7":"product_cat-accessories","8":"product_cat-accessories-restaurant-cafe","9":"product_tag-aksessuaarid-en","10":"product_tag-classic-businesswear","11":"product_tag-ties","12":"pa_varv-charcoal","13":"pa_varv-gold","15":"first","16":"instock","17":"taxable","18":"shipping-taxable","19":"purchasable","20":"product-type-variable"},"yoast_head":"<!-- This site is optimized with the Yoast SEO plugin v27.2 - https:\/\/yoast.com\/product\/yoast-seo-wordpress\/ -->\n<title>Coloured Tie - Simon Jersey<\/title>\n<meta name=\"description\" content=\"Erksav\u00e4rvilised meeste lipsud, mis annavad teie t\u00f6\u00f6r\u00f5ivastele silmapaistvaning formaalse stiili!\" \/>\n<meta name=\"robots\" content=\"index, follow, max-snippet:-1, max-image-preview:large, max-video-preview:-1\" \/>\n<link rel=\"canonical\" href=\"https:\/\/simonjersey.eu\/en\/product\/coloured-tie\/\" \/>\n<meta property=\"og:locale\" content=\"en_US\" \/>\n<meta property=\"og:type\" content=\"article\" \/>\n<meta property=\"og:title\" content=\"Coloured Tie - Simon Jersey\" \/>\n<meta property=\"og:description\" content=\"Erksav\u00e4rvilised meeste lipsud, mis annavad teie t\u00f6\u00f6r\u00f5ivastele silmapaistvaning formaalse stiili!\" \/>\n<meta property=\"og:url\" content=\"https:\/\/simonjersey.eu\/en\/product\/coloured-tie\/\" \/>\n<meta property=\"og:site_name\" content=\"Simon Jersey\" \/>\n<meta property=\"article:modified_time\" content=\"2022-04-21T09:03:06+00:00\" \/>\n<meta property=\"og:image\" content=\"https:\/\/simonjersey.eu\/wp-content\/uploads\/2019\/05\/TI1000-1.jpg\" \/>\n\t<meta property=\"og:image:width\" content=\"1000\" \/>\n\t<meta property=\"og:image:height\" content=\"1500\" \/>\n\t<meta property=\"og:image:type\" content=\"image\/jpeg\" \/>\n<meta name=\"twitter:card\" content=\"summary_large_image\" \/>\n<script type=\"application\/ld+json\" class=\"yoast-schema-graph\">{\"@context\":\"https:\/\/schema.org\",\"@graph\":[{\"@type\":\"WebPage\",\"@id\":\"https:\/\/simonjersey.eu\/en\/product\/coloured-tie\/\",\"url\":\"https:\/\/simonjersey.eu\/en\/product\/coloured-tie\/\",\"name\":\"Coloured Tie - Simon Jersey\",\"isPartOf\":{\"@id\":\"https:\/\/simonjersey.eu\/#website\"},\"primaryImageOfPage\":{\"@id\":\"https:\/\/simonjersey.eu\/en\/product\/coloured-tie\/#primaryimage\"},\"image\":{\"@id\":\"https:\/\/simonjersey.eu\/en\/product\/coloured-tie\/#primaryimage\"},\"thumbnailUrl\":\"https:\/\/simonjersey.eu\/wp-content\/uploads\/2019\/05\/TI1000-1.jpg\",\"datePublished\":\"2019-05-18T18:15:06+00:00\",\"dateModified\":\"2022-04-21T09:03:06+00:00\",\"description\":\"Erksav\u00e4rvilised meeste lipsud, mis annavad teie t\u00f6\u00f6r\u00f5ivastele silmapaistvaning formaalse stiili!\",\"breadcrumb\":{\"@id\":\"https:\/\/simonjersey.eu\/en\/product\/coloured-tie\/#breadcrumb\"},\"inLanguage\":\"en-US\",\"potentialAction\":[{\"@type\":\"ReadAction\",\"target\":[\"https:\/\/simonjersey.eu\/en\/product\/coloured-tie\/\"]}]},{\"@type\":\"ImageObject\",\"inLanguage\":\"en-US\",\"@id\":\"https:\/\/simonjersey.eu\/en\/product\/coloured-tie\/#primaryimage\",\"url\":\"https:\/\/simonjersey.eu\/wp-content\/uploads\/2019\/05\/TI1000-1.jpg\",\"contentUrl\":\"https:\/\/simonjersey.eu\/wp-content\/uploads\/2019\/05\/TI1000-1.jpg\",\"width\":1000,\"height\":1500},{\"@type\":\"BreadcrumbList\",\"@id\":\"https:\/\/simonjersey.eu\/en\/product\/coloured-tie\/#breadcrumb\",\"itemListElement\":[{\"@type\":\"ListItem\",\"position\":1,\"name\":\"Home\",\"item\":\"https:\/\/simonjersey.eu\/en\/\"},{\"@type\":\"ListItem\",\"position\":2,\"name\":\"E-shop\",\"item\":\"https:\/\/simonjersey.eu\/en\/e-shop\/\"},{\"@type\":\"ListItem\",\"position\":3,\"name\":\"Coloured Tie\"}]},{\"@type\":\"WebSite\",\"@id\":\"https:\/\/simonjersey.eu\/#website\",\"url\":\"https:\/\/simonjersey.eu\/\",\"name\":\"Simon Jersey\",\"description\":\"Kvaliteetsed ja vastupidavad ametir\u00f5ivad\",\"potentialAction\":[{\"@type\":\"SearchAction\",\"target\":{\"@type\":\"EntryPoint\",\"urlTemplate\":\"https:\/\/simonjersey.eu\/?s={search_term_string}\"},\"query-input\":{\"@type\":\"PropertyValueSpecification\",\"valueRequired\":true,\"valueName\":\"search_term_string\"}}],\"inLanguage\":\"en-US\"}]}<\/script>\n<!-- \/ Yoast SEO plugin. -->","yoast_head_json":{"title":"Coloured Tie - Simon Jersey","description":"Erksav\u00e4rvilised meeste lipsud, mis annavad teie t\u00f6\u00f6r\u00f5ivastele silmapaistvaning formaalse stiili!","robots":{"index":"index","follow":"follow","max-snippet":"max-snippet:-1","max-image-preview":"max-image-preview:large","max-video-preview":"max-video-preview:-1"},"canonical":"https:\/\/simonjersey.eu\/en\/product\/coloured-tie\/","og_locale":"en_US","og_type":"article","og_title":"Coloured Tie - Simon Jersey","og_description":"Erksav\u00e4rvilised meeste lipsud, mis annavad teie t\u00f6\u00f6r\u00f5ivastele silmapaistvaning formaalse stiili!","og_url":"https:\/\/simonjersey.eu\/en\/product\/coloured-tie\/","og_site_name":"Simon Jersey","article_modified_time":"2022-04-21T09:03:06+00:00","og_image":[{"width":1000,"height":1500,"url":"https:\/\/simonjersey.eu\/wp-content\/uploads\/2019\/05\/TI1000-1.jpg","type":"image\/jpeg"}],"twitter_card":"summary_large_image","schema":{"@context":"https:\/\/schema.org","@graph":[{"@type":"WebPage","@id":"https:\/\/simonjersey.eu\/en\/product\/coloured-tie\/","url":"https:\/\/simonjersey.eu\/en\/product\/coloured-tie\/","name":"Coloured Tie - Simon Jersey","isPartOf":{"@id":"https:\/\/simonjersey.eu\/#website"},"primaryImageOfPage":{"@id":"https:\/\/simonjersey.eu\/en\/product\/coloured-tie\/#primaryimage"},"image":{"@id":"https:\/\/simonjersey.eu\/en\/product\/coloured-tie\/#primaryimage"},"thumbnailUrl":"https:\/\/simonjersey.eu\/wp-content\/uploads\/2019\/05\/TI1000-1.jpg","datePublished":"2019-05-18T18:15:06+00:00","dateModified":"2022-04-21T09:03:06+00:00","description":"Erksav\u00e4rvilised meeste lipsud, mis annavad teie t\u00f6\u00f6r\u00f5ivastele silmapaistvaning formaalse stiili!","breadcrumb":{"@id":"https:\/\/simonjersey.eu\/en\/product\/coloured-tie\/#breadcrumb"},"inLanguage":"en-US","potentialAction":[{"@type":"ReadAction","target":["https:\/\/simonjersey.eu\/en\/product\/coloured-tie\/"]}]},{"@type":"ImageObject","inLanguage":"en-US","@id":"https:\/\/simonjersey.eu\/en\/product\/coloured-tie\/#primaryimage","url":"https:\/\/simonjersey.eu\/wp-content\/uploads\/2019\/05\/TI1000-1.jpg","contentUrl":"https:\/\/simonjersey.eu\/wp-content\/uploads\/2019\/05\/TI1000-1.jpg","width":1000,"height":1500},{"@type":"BreadcrumbList","@id":"https:\/\/simonjersey.eu\/en\/product\/coloured-tie\/#breadcrumb","itemListElement":[{"@type":"ListItem","position":1,"name":"Home","item":"https:\/\/simonjersey.eu\/en\/"},{"@type":"ListItem","position":2,"name":"E-shop","item":"https:\/\/simonjersey.eu\/en\/e-shop\/"},{"@type":"ListItem","position":3,"name":"Coloured Tie"}]},{"@type":"WebSite","@id":"https:\/\/simonjersey.eu\/#website","url":"https:\/\/simonjersey.eu\/","name":"Simon Jersey","description":"Kvaliteetsed ja vastupidavad ametir\u00f5ivad","potentialAction":[{"@type":"SearchAction","target":{"@type":"EntryPoint","urlTemplate":"https:\/\/simonjersey.eu\/?s={search_term_string}"},"query-input":{"@type":"PropertyValueSpecification","valueRequired":true,"valueName":"search_term_string"}}],"inLanguage":"en-US"}]}},"_links":{"self":[{"href":"https:\/\/simonjersey.eu\/en\/wp-json\/wp\/v2\/product\/5060","targetHints":{"allow":["GET"]}}],"collection":[{"href":"https:\/\/simonjersey.eu\/en\/wp-json\/wp\/v2\/product"}],"about":[{"href":"https:\/\/simonjersey.eu\/en\/wp-json\/wp\/v2\/types\/product"}],"wp:featuredmedia":[{"embeddable":true,"href":"https:\/\/simonjersey.eu\/en\/wp-json\/wp\/v2\/media\/5059"}],"wp:attachment":[{"href":"https:\/\/simonjersey.eu\/en\/wp-json\/wp\/v2\/media?parent=5060"}],"wp:term":[{"taxonomy":"product_brand","embeddable":true,"href":"https:\/\/simonjersey.eu\/en\/wp-json\/wp\/v2\/product_brand?post=5060"},{"taxonomy":"product_cat","embeddable":true,"href":"https:\/\/simonjersey.eu\/en\/wp-json\/wp\/v2\/product_cat?post=5060"},{"taxonomy":"product_tag","embeddable":true,"href":"https:\/\/simonjersey.eu\/en\/wp-json\/wp\/v2\/product_tag?post=5060"}],"curies":[{"name":"wp","href":"https:\/\/api.w.org\/{rel}","templated":true}]}}