{"id":6335,"date":"2019-05-24T09:59:04","date_gmt":"2019-05-24T09:59:04","guid":{"rendered":"https:\/\/uusveeb.simonjersey.eu\/toode\/unisex-long-sleeve-chefs-jacket-2\/"},"modified":"2024-05-16T10:44:15","modified_gmt":"2024-05-16T10:44:15","slug":"unisex-long-sleeve-chefs-jacket-2","status":"publish","type":"product","link":"https:\/\/simonjersey.eu\/en\/product\/unisex-long-sleeve-chefs-jacket-2\/","title":{"rendered":"Unisex Long Sleeve Chef\u2019s Jacket"},"content":{"rendered":"","protected":false},"excerpt":{"rendered":"<p>Designed for comfort, this makes the perfect chefs uniform and jacket features loose sleeves which makes it easy to move in and can be worn throughout the season. Popper fastenings are incorporated into the jacket so it can easily be removed after a long shift and is easy to clean. Pair this chef jacket up with one of our chefs trousers from our collection to complete the look.<\/p>\n<p>Length: 75,5 cm.<\/p>\n<p>Material: 65% Polyester, 35% Cotton. 195g\/m2.<\/p>\n<p>Care:70\u00b0 wash. Sizes: XS-3XL.<\/p>\n","protected":false},"featured_media":10636,"template":"","meta":[],"product_brand":[],"product_cat":[528,530],"product_tag":[688,774,794,772],"class_list":{"0":"post-6335","1":"product","2":"type-product","3":"status-publish","4":"has-post-thumbnail","6":"product_cat-chefs","7":"product_cat-chef-jackets","8":"product_tag-businesswear-for-hotel-staff","9":"product_tag-comfortable-chefs-wear","10":"product_tag-restaurant-uniforms","11":"product_tag-unisex-chefs-wear","12":"pa_varv-black","13":"pa_varv-white","15":"first","16":"instock","17":"taxable","18":"shipping-taxable","19":"purchasable","20":"product-type-variable","21":"has-default-attributes"},"yoast_head":"<!-- This site is optimized with the Yoast SEO plugin v27.2 - https:\/\/yoast.com\/product\/yoast-seo-wordpress\/ -->\n<title>Unisex Long Sleeve Chef\u2019s Jacket - Simon Jersey<\/title>\n<meta name=\"description\" content=\"Mugav jakk kokkadele kiireteks k\u00f6\u00f6gis t\u00f6\u00f6tamise tundideks! Unisex kokkajakk, pikkade varrukatega ja trukkidega.Sobib peakokale valge v\u00e4rvitooni poolest.\" \/>\n<meta name=\"robots\" content=\"index, follow, max-snippet:-1, max-image-preview:large, max-video-preview:-1\" \/>\n<link rel=\"canonical\" href=\"https:\/\/simonjersey.eu\/product\/kokajakk-trukkidega-pikkade-varrukatega\/\" \/>\n<meta property=\"og:locale\" content=\"en_US\" \/>\n<meta property=\"og:type\" content=\"article\" \/>\n<meta property=\"og:title\" content=\"Unisex Long Sleeve Chef\u2019s Jacket - Simon Jersey\" \/>\n<meta property=\"og:description\" content=\"Mugav jakk kokkadele kiireteks k\u00f6\u00f6gis t\u00f6\u00f6tamise tundideks! Unisex kokkajakk, pikkade varrukatega ja trukkidega.Sobib peakokale valge v\u00e4rvitooni poolest.\" \/>\n<meta property=\"og:url\" content=\"https:\/\/simonjersey.eu\/product\/kokajakk-trukkidega-pikkade-varrukatega\/\" \/>\n<meta property=\"og:site_name\" content=\"Simon Jersey\" \/>\n<meta property=\"article:modified_time\" content=\"2024-05-16T10:44:15+00:00\" \/>\n<meta property=\"og:image\" content=\"https:\/\/simonjersey.eu\/wp-content\/uploads\/2019\/05\/CJ0770-1.jpg\" \/>\n\t<meta property=\"og:image:width\" content=\"1000\" \/>\n\t<meta property=\"og:image:height\" content=\"1500\" \/>\n\t<meta property=\"og:image:type\" content=\"image\/jpeg\" \/>\n<meta name=\"twitter:card\" content=\"summary_large_image\" \/>\n<script type=\"application\/ld+json\" class=\"yoast-schema-graph\">{\"@context\":\"https:\/\/schema.org\",\"@graph\":[{\"@type\":\"WebPage\",\"@id\":\"https:\/\/simonjersey.eu\/product\/kokajakk-trukkidega-pikkade-varrukatega\/\",\"url\":\"https:\/\/simonjersey.eu\/product\/kokajakk-trukkidega-pikkade-varrukatega\/\",\"name\":\"Unisex Long Sleeve Chef\u2019s Jacket - Simon Jersey\",\"isPartOf\":{\"@id\":\"https:\/\/simonjersey.eu\/#website\"},\"primaryImageOfPage\":{\"@id\":\"https:\/\/simonjersey.eu\/product\/kokajakk-trukkidega-pikkade-varrukatega\/#primaryimage\"},\"image\":{\"@id\":\"https:\/\/simonjersey.eu\/product\/kokajakk-trukkidega-pikkade-varrukatega\/#primaryimage\"},\"thumbnailUrl\":\"https:\/\/simonjersey.eu\/wp-content\/uploads\/2019\/05\/CJ0770-1.jpg\",\"datePublished\":\"2019-05-24T09:59:04+00:00\",\"dateModified\":\"2024-05-16T10:44:15+00:00\",\"description\":\"Mugav jakk kokkadele kiireteks k\u00f6\u00f6gis t\u00f6\u00f6tamise tundideks! Unisex kokkajakk, pikkade varrukatega ja trukkidega.Sobib peakokale valge v\u00e4rvitooni poolest.\",\"breadcrumb\":{\"@id\":\"https:\/\/simonjersey.eu\/product\/kokajakk-trukkidega-pikkade-varrukatega\/#breadcrumb\"},\"inLanguage\":\"en-US\",\"potentialAction\":[{\"@type\":\"ReadAction\",\"target\":[\"https:\/\/simonjersey.eu\/product\/kokajakk-trukkidega-pikkade-varrukatega\/\"]}]},{\"@type\":\"ImageObject\",\"inLanguage\":\"en-US\",\"@id\":\"https:\/\/simonjersey.eu\/product\/kokajakk-trukkidega-pikkade-varrukatega\/#primaryimage\",\"url\":\"https:\/\/simonjersey.eu\/wp-content\/uploads\/2019\/05\/CJ0770-1.jpg\",\"contentUrl\":\"https:\/\/simonjersey.eu\/wp-content\/uploads\/2019\/05\/CJ0770-1.jpg\",\"width\":1000,\"height\":1500},{\"@type\":\"BreadcrumbList\",\"@id\":\"https:\/\/simonjersey.eu\/product\/kokajakk-trukkidega-pikkade-varrukatega\/#breadcrumb\",\"itemListElement\":[{\"@type\":\"ListItem\",\"position\":1,\"name\":\"Home\",\"item\":\"https:\/\/simonjersey.eu\/en\/\"},{\"@type\":\"ListItem\",\"position\":2,\"name\":\"E-shop\",\"item\":\"https:\/\/simonjersey.eu\/en\/e-shop\/\"},{\"@type\":\"ListItem\",\"position\":3,\"name\":\"Unisex Long Sleeve Chef\u2019s Jacket\"}]},{\"@type\":\"WebSite\",\"@id\":\"https:\/\/simonjersey.eu\/#website\",\"url\":\"https:\/\/simonjersey.eu\/\",\"name\":\"Simon Jersey\",\"description\":\"Kvaliteetsed ja vastupidavad ametir\u00f5ivad\",\"potentialAction\":[{\"@type\":\"SearchAction\",\"target\":{\"@type\":\"EntryPoint\",\"urlTemplate\":\"https:\/\/simonjersey.eu\/?s={search_term_string}\"},\"query-input\":{\"@type\":\"PropertyValueSpecification\",\"valueRequired\":true,\"valueName\":\"search_term_string\"}}],\"inLanguage\":\"en-US\"}]}<\/script>\n<!-- \/ Yoast SEO plugin. -->","yoast_head_json":{"title":"Unisex Long Sleeve Chef\u2019s Jacket - Simon Jersey","description":"Mugav jakk kokkadele kiireteks k\u00f6\u00f6gis t\u00f6\u00f6tamise tundideks! Unisex kokkajakk, pikkade varrukatega ja trukkidega.Sobib peakokale valge v\u00e4rvitooni poolest.","robots":{"index":"index","follow":"follow","max-snippet":"max-snippet:-1","max-image-preview":"max-image-preview:large","max-video-preview":"max-video-preview:-1"},"canonical":"https:\/\/simonjersey.eu\/product\/kokajakk-trukkidega-pikkade-varrukatega\/","og_locale":"en_US","og_type":"article","og_title":"Unisex Long Sleeve Chef\u2019s Jacket - Simon Jersey","og_description":"Mugav jakk kokkadele kiireteks k\u00f6\u00f6gis t\u00f6\u00f6tamise tundideks! Unisex kokkajakk, pikkade varrukatega ja trukkidega.Sobib peakokale valge v\u00e4rvitooni poolest.","og_url":"https:\/\/simonjersey.eu\/product\/kokajakk-trukkidega-pikkade-varrukatega\/","og_site_name":"Simon Jersey","article_modified_time":"2024-05-16T10:44:15+00:00","og_image":[{"width":1000,"height":1500,"url":"https:\/\/simonjersey.eu\/wp-content\/uploads\/2019\/05\/CJ0770-1.jpg","type":"image\/jpeg"}],"twitter_card":"summary_large_image","schema":{"@context":"https:\/\/schema.org","@graph":[{"@type":"WebPage","@id":"https:\/\/simonjersey.eu\/product\/kokajakk-trukkidega-pikkade-varrukatega\/","url":"https:\/\/simonjersey.eu\/product\/kokajakk-trukkidega-pikkade-varrukatega\/","name":"Unisex Long Sleeve Chef\u2019s Jacket - Simon Jersey","isPartOf":{"@id":"https:\/\/simonjersey.eu\/#website"},"primaryImageOfPage":{"@id":"https:\/\/simonjersey.eu\/product\/kokajakk-trukkidega-pikkade-varrukatega\/#primaryimage"},"image":{"@id":"https:\/\/simonjersey.eu\/product\/kokajakk-trukkidega-pikkade-varrukatega\/#primaryimage"},"thumbnailUrl":"https:\/\/simonjersey.eu\/wp-content\/uploads\/2019\/05\/CJ0770-1.jpg","datePublished":"2019-05-24T09:59:04+00:00","dateModified":"2024-05-16T10:44:15+00:00","description":"Mugav jakk kokkadele kiireteks k\u00f6\u00f6gis t\u00f6\u00f6tamise tundideks! Unisex kokkajakk, pikkade varrukatega ja trukkidega.Sobib peakokale valge v\u00e4rvitooni poolest.","breadcrumb":{"@id":"https:\/\/simonjersey.eu\/product\/kokajakk-trukkidega-pikkade-varrukatega\/#breadcrumb"},"inLanguage":"en-US","potentialAction":[{"@type":"ReadAction","target":["https:\/\/simonjersey.eu\/product\/kokajakk-trukkidega-pikkade-varrukatega\/"]}]},{"@type":"ImageObject","inLanguage":"en-US","@id":"https:\/\/simonjersey.eu\/product\/kokajakk-trukkidega-pikkade-varrukatega\/#primaryimage","url":"https:\/\/simonjersey.eu\/wp-content\/uploads\/2019\/05\/CJ0770-1.jpg","contentUrl":"https:\/\/simonjersey.eu\/wp-content\/uploads\/2019\/05\/CJ0770-1.jpg","width":1000,"height":1500},{"@type":"BreadcrumbList","@id":"https:\/\/simonjersey.eu\/product\/kokajakk-trukkidega-pikkade-varrukatega\/#breadcrumb","itemListElement":[{"@type":"ListItem","position":1,"name":"Home","item":"https:\/\/simonjersey.eu\/en\/"},{"@type":"ListItem","position":2,"name":"E-shop","item":"https:\/\/simonjersey.eu\/en\/e-shop\/"},{"@type":"ListItem","position":3,"name":"Unisex Long Sleeve Chef\u2019s Jacket"}]},{"@type":"WebSite","@id":"https:\/\/simonjersey.eu\/#website","url":"https:\/\/simonjersey.eu\/","name":"Simon Jersey","description":"Kvaliteetsed ja vastupidavad ametir\u00f5ivad","potentialAction":[{"@type":"SearchAction","target":{"@type":"EntryPoint","urlTemplate":"https:\/\/simonjersey.eu\/?s={search_term_string}"},"query-input":{"@type":"PropertyValueSpecification","valueRequired":true,"valueName":"search_term_string"}}],"inLanguage":"en-US"}]}},"_links":{"self":[{"href":"https:\/\/simonjersey.eu\/en\/wp-json\/wp\/v2\/product\/6335","targetHints":{"allow":["GET"]}}],"collection":[{"href":"https:\/\/simonjersey.eu\/en\/wp-json\/wp\/v2\/product"}],"about":[{"href":"https:\/\/simonjersey.eu\/en\/wp-json\/wp\/v2\/types\/product"}],"wp:featuredmedia":[{"embeddable":true,"href":"https:\/\/simonjersey.eu\/en\/wp-json\/wp\/v2\/media\/10636"}],"wp:attachment":[{"href":"https:\/\/simonjersey.eu\/en\/wp-json\/wp\/v2\/media?parent=6335"}],"wp:term":[{"taxonomy":"product_brand","embeddable":true,"href":"https:\/\/simonjersey.eu\/en\/wp-json\/wp\/v2\/product_brand?post=6335"},{"taxonomy":"product_cat","embeddable":true,"href":"https:\/\/simonjersey.eu\/en\/wp-json\/wp\/v2\/product_cat?post=6335"},{"taxonomy":"product_tag","embeddable":true,"href":"https:\/\/simonjersey.eu\/en\/wp-json\/wp\/v2\/product_tag?post=6335"}],"curies":[{"name":"wp","href":"https:\/\/api.w.org\/{rel}","templated":true}]}}