{"id":7578,"date":"2019-05-30T12:39:50","date_gmt":"2019-05-30T12:39:50","guid":{"rendered":"https:\/\/uusveeb.simonjersey.eu\/toode\/tie-neck-blouse-with-various-patterns\/"},"modified":"2023-11-16T12:02:39","modified_gmt":"2023-11-16T12:02:39","slug":"tie-neck-blouse-with-various-patterns","status":"publish","type":"product","link":"https:\/\/simonjersey.eu\/en\/product\/tie-neck-blouse-with-various-patterns\/","title":{"rendered":"Tie Neck Blouse with Various Patterns"},"content":{"rendered":"","protected":false},"excerpt":{"rendered":"<p>Our exclusive black and white print blouse has been designed to embody the collection\u2019s effortlessly feminine aesthetic.<\/p>\n<p>Perfect businesswear for various business roles.<\/p>\n<p>Material: 100% Polyester. 100g\/m\u00b2.<br \/>\nLength: 63cm\/25in.<br \/>\nCare: 30\u00b0 wash. Easy care. Minimum iron.<br \/>\nSizes (UK) 6-26.<\/p>\n","protected":false},"featured_media":20473,"template":"","meta":[],"product_brand":[],"product_cat":[989,498,460],"product_tag":[696,885,856,727],"class_list":{"0":"post-7578","1":"product","2":"type-product","3":"status-publish","4":"has-post-thumbnail","6":"product_cat-creppe-de-chine-blouses","7":"product_cat-blouses-business-wear","8":"product_cat-women-blouses","9":"product_tag-customer-service-workwear","10":"product_tag-formaalsed-ametiriided-en","11":"product_tag-kontoririided-en","12":"product_tag-women-blouses","13":"pa_varv-black-and-white-gingham-check-2","14":"pa_varv-grey-en","15":"pa_varv-hot-pink","16":"pa_varv-navy","17":"pa_varv-plum-micro-petal","18":"pa_varv-teal","20":"first","21":"instock","22":"taxable","23":"shipping-taxable","24":"purchasable","25":"product-type-variable","26":"has-default-attributes"},"yoast_head":"<!-- This site is optimized with the Yoast SEO plugin v27.2 - https:\/\/yoast.com\/product\/yoast-seo-wordpress\/ -->\n<title>Tie Neck Blouse with Various Patterns - Simon Jersey<\/title>\n<meta name=\"description\" content=\"Eksklusiivsed seotava kaelusega pluusid, \u00f5hulisest kangast, erinevate mustritega.Sobib ka jaki all kandmiseks!Kerge ja mugav pluus suviseks t\u00f6\u00f6lk\u00e4imiseks.\" \/>\n<meta name=\"robots\" content=\"index, follow, max-snippet:-1, max-image-preview:large, max-video-preview:-1\" \/>\n<link rel=\"canonical\" href=\"https:\/\/simonjersey.eu\/en\/product\/tie-neck-blouse-with-various-patterns\/\" \/>\n<meta property=\"og:locale\" content=\"en_US\" \/>\n<meta property=\"og:type\" content=\"article\" \/>\n<meta property=\"og:title\" content=\"Tie Neck Blouse with Various Patterns - Simon Jersey\" \/>\n<meta property=\"og:description\" content=\"Eksklusiivsed seotava kaelusega pluusid, \u00f5hulisest kangast, erinevate mustritega.Sobib ka jaki all kandmiseks!Kerge ja mugav pluus suviseks t\u00f6\u00f6lk\u00e4imiseks.\" \/>\n<meta property=\"og:url\" content=\"https:\/\/simonjersey.eu\/en\/product\/tie-neck-blouse-with-various-patterns\/\" \/>\n<meta property=\"og:site_name\" content=\"Simon Jersey\" \/>\n<meta property=\"article:modified_time\" content=\"2023-11-16T12:02:39+00:00\" \/>\n<meta property=\"og:image\" content=\"https:\/\/simonjersey.eu\/wp-content\/uploads\/2019\/05\/FB0039-seotava-kaelusega-pluus.jpg\" \/>\n\t<meta property=\"og:image:width\" content=\"1000\" \/>\n\t<meta property=\"og:image:height\" content=\"1500\" \/>\n\t<meta property=\"og:image:type\" content=\"image\/jpeg\" \/>\n<meta name=\"twitter:card\" content=\"summary_large_image\" \/>\n<script type=\"application\/ld+json\" class=\"yoast-schema-graph\">{\"@context\":\"https:\/\/schema.org\",\"@graph\":[{\"@type\":\"WebPage\",\"@id\":\"https:\/\/simonjersey.eu\/en\/product\/tie-neck-blouse-with-various-patterns\/\",\"url\":\"https:\/\/simonjersey.eu\/en\/product\/tie-neck-blouse-with-various-patterns\/\",\"name\":\"Tie Neck Blouse with Various Patterns - Simon Jersey\",\"isPartOf\":{\"@id\":\"https:\/\/simonjersey.eu\/#website\"},\"primaryImageOfPage\":{\"@id\":\"https:\/\/simonjersey.eu\/en\/product\/tie-neck-blouse-with-various-patterns\/#primaryimage\"},\"image\":{\"@id\":\"https:\/\/simonjersey.eu\/en\/product\/tie-neck-blouse-with-various-patterns\/#primaryimage\"},\"thumbnailUrl\":\"https:\/\/simonjersey.eu\/wp-content\/uploads\/2019\/05\/FB0039-seotava-kaelusega-pluus.jpg\",\"datePublished\":\"2019-05-30T12:39:50+00:00\",\"dateModified\":\"2023-11-16T12:02:39+00:00\",\"description\":\"Eksklusiivsed seotava kaelusega pluusid, \u00f5hulisest kangast, erinevate mustritega.Sobib ka jaki all kandmiseks!Kerge ja mugav pluus suviseks t\u00f6\u00f6lk\u00e4imiseks.\",\"breadcrumb\":{\"@id\":\"https:\/\/simonjersey.eu\/en\/product\/tie-neck-blouse-with-various-patterns\/#breadcrumb\"},\"inLanguage\":\"en-US\",\"potentialAction\":[{\"@type\":\"ReadAction\",\"target\":[\"https:\/\/simonjersey.eu\/en\/product\/tie-neck-blouse-with-various-patterns\/\"]}]},{\"@type\":\"ImageObject\",\"inLanguage\":\"en-US\",\"@id\":\"https:\/\/simonjersey.eu\/en\/product\/tie-neck-blouse-with-various-patterns\/#primaryimage\",\"url\":\"https:\/\/simonjersey.eu\/wp-content\/uploads\/2019\/05\/FB0039-seotava-kaelusega-pluus.jpg\",\"contentUrl\":\"https:\/\/simonjersey.eu\/wp-content\/uploads\/2019\/05\/FB0039-seotava-kaelusega-pluus.jpg\",\"width\":1000,\"height\":1500},{\"@type\":\"BreadcrumbList\",\"@id\":\"https:\/\/simonjersey.eu\/en\/product\/tie-neck-blouse-with-various-patterns\/#breadcrumb\",\"itemListElement\":[{\"@type\":\"ListItem\",\"position\":1,\"name\":\"Home\",\"item\":\"https:\/\/simonjersey.eu\/en\/\"},{\"@type\":\"ListItem\",\"position\":2,\"name\":\"E-shop\",\"item\":\"https:\/\/simonjersey.eu\/en\/e-shop\/\"},{\"@type\":\"ListItem\",\"position\":3,\"name\":\"Tie Neck Blouse with Various Patterns\"}]},{\"@type\":\"WebSite\",\"@id\":\"https:\/\/simonjersey.eu\/#website\",\"url\":\"https:\/\/simonjersey.eu\/\",\"name\":\"Simon Jersey\",\"description\":\"Kvaliteetsed ja vastupidavad ametir\u00f5ivad\",\"potentialAction\":[{\"@type\":\"SearchAction\",\"target\":{\"@type\":\"EntryPoint\",\"urlTemplate\":\"https:\/\/simonjersey.eu\/?s={search_term_string}\"},\"query-input\":{\"@type\":\"PropertyValueSpecification\",\"valueRequired\":true,\"valueName\":\"search_term_string\"}}],\"inLanguage\":\"en-US\"}]}<\/script>\n<!-- \/ Yoast SEO plugin. -->","yoast_head_json":{"title":"Tie Neck Blouse with Various Patterns - Simon Jersey","description":"Eksklusiivsed seotava kaelusega pluusid, \u00f5hulisest kangast, erinevate mustritega.Sobib ka jaki all kandmiseks!Kerge ja mugav pluus suviseks t\u00f6\u00f6lk\u00e4imiseks.","robots":{"index":"index","follow":"follow","max-snippet":"max-snippet:-1","max-image-preview":"max-image-preview:large","max-video-preview":"max-video-preview:-1"},"canonical":"https:\/\/simonjersey.eu\/en\/product\/tie-neck-blouse-with-various-patterns\/","og_locale":"en_US","og_type":"article","og_title":"Tie Neck Blouse with Various Patterns - Simon Jersey","og_description":"Eksklusiivsed seotava kaelusega pluusid, \u00f5hulisest kangast, erinevate mustritega.Sobib ka jaki all kandmiseks!Kerge ja mugav pluus suviseks t\u00f6\u00f6lk\u00e4imiseks.","og_url":"https:\/\/simonjersey.eu\/en\/product\/tie-neck-blouse-with-various-patterns\/","og_site_name":"Simon Jersey","article_modified_time":"2023-11-16T12:02:39+00:00","og_image":[{"width":1000,"height":1500,"url":"https:\/\/simonjersey.eu\/wp-content\/uploads\/2019\/05\/FB0039-seotava-kaelusega-pluus.jpg","type":"image\/jpeg"}],"twitter_card":"summary_large_image","schema":{"@context":"https:\/\/schema.org","@graph":[{"@type":"WebPage","@id":"https:\/\/simonjersey.eu\/en\/product\/tie-neck-blouse-with-various-patterns\/","url":"https:\/\/simonjersey.eu\/en\/product\/tie-neck-blouse-with-various-patterns\/","name":"Tie Neck Blouse with Various Patterns - Simon Jersey","isPartOf":{"@id":"https:\/\/simonjersey.eu\/#website"},"primaryImageOfPage":{"@id":"https:\/\/simonjersey.eu\/en\/product\/tie-neck-blouse-with-various-patterns\/#primaryimage"},"image":{"@id":"https:\/\/simonjersey.eu\/en\/product\/tie-neck-blouse-with-various-patterns\/#primaryimage"},"thumbnailUrl":"https:\/\/simonjersey.eu\/wp-content\/uploads\/2019\/05\/FB0039-seotava-kaelusega-pluus.jpg","datePublished":"2019-05-30T12:39:50+00:00","dateModified":"2023-11-16T12:02:39+00:00","description":"Eksklusiivsed seotava kaelusega pluusid, \u00f5hulisest kangast, erinevate mustritega.Sobib ka jaki all kandmiseks!Kerge ja mugav pluus suviseks t\u00f6\u00f6lk\u00e4imiseks.","breadcrumb":{"@id":"https:\/\/simonjersey.eu\/en\/product\/tie-neck-blouse-with-various-patterns\/#breadcrumb"},"inLanguage":"en-US","potentialAction":[{"@type":"ReadAction","target":["https:\/\/simonjersey.eu\/en\/product\/tie-neck-blouse-with-various-patterns\/"]}]},{"@type":"ImageObject","inLanguage":"en-US","@id":"https:\/\/simonjersey.eu\/en\/product\/tie-neck-blouse-with-various-patterns\/#primaryimage","url":"https:\/\/simonjersey.eu\/wp-content\/uploads\/2019\/05\/FB0039-seotava-kaelusega-pluus.jpg","contentUrl":"https:\/\/simonjersey.eu\/wp-content\/uploads\/2019\/05\/FB0039-seotava-kaelusega-pluus.jpg","width":1000,"height":1500},{"@type":"BreadcrumbList","@id":"https:\/\/simonjersey.eu\/en\/product\/tie-neck-blouse-with-various-patterns\/#breadcrumb","itemListElement":[{"@type":"ListItem","position":1,"name":"Home","item":"https:\/\/simonjersey.eu\/en\/"},{"@type":"ListItem","position":2,"name":"E-shop","item":"https:\/\/simonjersey.eu\/en\/e-shop\/"},{"@type":"ListItem","position":3,"name":"Tie Neck Blouse with Various Patterns"}]},{"@type":"WebSite","@id":"https:\/\/simonjersey.eu\/#website","url":"https:\/\/simonjersey.eu\/","name":"Simon Jersey","description":"Kvaliteetsed ja vastupidavad ametir\u00f5ivad","potentialAction":[{"@type":"SearchAction","target":{"@type":"EntryPoint","urlTemplate":"https:\/\/simonjersey.eu\/?s={search_term_string}"},"query-input":{"@type":"PropertyValueSpecification","valueRequired":true,"valueName":"search_term_string"}}],"inLanguage":"en-US"}]}},"_links":{"self":[{"href":"https:\/\/simonjersey.eu\/en\/wp-json\/wp\/v2\/product\/7578","targetHints":{"allow":["GET"]}}],"collection":[{"href":"https:\/\/simonjersey.eu\/en\/wp-json\/wp\/v2\/product"}],"about":[{"href":"https:\/\/simonjersey.eu\/en\/wp-json\/wp\/v2\/types\/product"}],"wp:featuredmedia":[{"embeddable":true,"href":"https:\/\/simonjersey.eu\/en\/wp-json\/wp\/v2\/media\/20473"}],"wp:attachment":[{"href":"https:\/\/simonjersey.eu\/en\/wp-json\/wp\/v2\/media?parent=7578"}],"wp:term":[{"taxonomy":"product_brand","embeddable":true,"href":"https:\/\/simonjersey.eu\/en\/wp-json\/wp\/v2\/product_brand?post=7578"},{"taxonomy":"product_cat","embeddable":true,"href":"https:\/\/simonjersey.eu\/en\/wp-json\/wp\/v2\/product_cat?post=7578"},{"taxonomy":"product_tag","embeddable":true,"href":"https:\/\/simonjersey.eu\/en\/wp-json\/wp\/v2\/product_tag?post=7578"}],"curies":[{"name":"wp","href":"https:\/\/api.w.org\/{rel}","templated":true}]}}