{"id":8072,"date":"2019-05-31T11:57:09","date_gmt":"2019-05-31T11:57:09","guid":{"rendered":"https:\/\/uusveeb.simonjersey.eu\/toode\/mens-modern-fit-long-sleeve-shirt-with-stretch\/"},"modified":"2024-09-25T11:06:07","modified_gmt":"2024-09-25T11:06:07","slug":"mens-modern-fit-long-sleeve-shirt-with-stretch","status":"publish","type":"product","link":"https:\/\/simonjersey.eu\/en\/product\/mens-modern-fit-long-sleeve-shirt-with-stretch\/","title":{"rendered":"Men\u2019s Modern Fit Long Sleeve Shirt with Stretch"},"content":{"rendered":"","protected":false},"excerpt":{"rendered":"<p>This is a timeless piece that adds a smart look to any working uniform.<\/p>\n<p>Semi-cutaway collar, fitted body shape with back darts.<\/p>\n<p>Material: 60% Cotton, 35% Polyester, 5% Spandex.<br \/>\nCare: 30\u00b0 wash. Easy care garnament, requiers no ironing.<br \/>\nSizes 14,5-19.<\/p>\n","protected":false},"featured_media":22595,"template":"","meta":[],"product_brand":[],"product_cat":[487,490,493,447,467,522,533,536,459],"product_tag":[911,842,708,856,735],"class_list":{"0":"post-8072","1":"product","2":"type-product","3":"status-publish","4":"has-post-thumbnail","6":"product_cat-business-wear-store","7":"product_cat-for-men-business-wear","8":"product_cat-shirts-business-wear","9":"product_cat-hospitality","10":"product_cat-for-men","11":"product_cat-restaurant-cafe","12":"product_cat-for-men-restaurant-cafe","13":"product_cat-shirts-restaurant-cafe","14":"product_cat-men-shirts","15":"product_tag-business-shirts","16":"product_tag-hospitality-workwear","17":"product_tag-mens-shirts","18":"product_tag-kontoririided-en","19":"product_tag-uniforms","20":"pa_varv-black","21":"pa_varv-white","23":"first","24":"instock","25":"taxable","26":"shipping-taxable","27":"purchasable","28":"product-type-variable","29":"has-default-attributes"},"yoast_head":"<!-- This site is optimized with the Yoast SEO plugin v27.2 - https:\/\/yoast.com\/product\/yoast-seo-wordpress\/ -->\n<title>Men\u2019s Modern Fit Long Sleeve Shirt with Stretch - Simon Jersey<\/title>\n<meta name=\"description\" content=\"Moderne ja mugav s\u00e4rk meestele, materjal v\u00f5imaldab h\u00e4sti liikumist, s\u00e4rk on vastupidav ning seda on lihtne hooldada! Sobib igale ametialale.\" \/>\n<meta name=\"robots\" content=\"index, follow, max-snippet:-1, max-image-preview:large, max-video-preview:-1\" \/>\n<link rel=\"canonical\" href=\"https:\/\/simonjersey.eu\/product\/strets-fit-pikkade-varrukatega-meeste-sark\/\" \/>\n<meta property=\"og:locale\" content=\"en_US\" \/>\n<meta property=\"og:type\" content=\"article\" \/>\n<meta property=\"og:title\" content=\"Men\u2019s Modern Fit Long Sleeve Shirt with Stretch - Simon Jersey\" \/>\n<meta property=\"og:description\" content=\"Moderne ja mugav s\u00e4rk meestele, materjal v\u00f5imaldab h\u00e4sti liikumist, s\u00e4rk on vastupidav ning seda on lihtne hooldada! Sobib igale ametialale.\" \/>\n<meta property=\"og:url\" content=\"https:\/\/simonjersey.eu\/product\/strets-fit-pikkade-varrukatega-meeste-sark\/\" \/>\n<meta property=\"og:site_name\" content=\"Simon Jersey\" \/>\n<meta property=\"article:modified_time\" content=\"2024-09-25T11:06:07+00:00\" \/>\n<meta property=\"og:image\" content=\"https:\/\/simonjersey.eu\/wp-content\/uploads\/2019\/05\/MS2410-stretch-sark-must.jpg\" \/>\n\t<meta property=\"og:image:width\" content=\"1000\" \/>\n\t<meta property=\"og:image:height\" content=\"1500\" \/>\n\t<meta property=\"og:image:type\" content=\"image\/jpeg\" \/>\n<meta name=\"twitter:card\" content=\"summary_large_image\" \/>\n<script type=\"application\/ld+json\" class=\"yoast-schema-graph\">{\"@context\":\"https:\/\/schema.org\",\"@graph\":[{\"@type\":\"WebPage\",\"@id\":\"https:\/\/simonjersey.eu\/product\/strets-fit-pikkade-varrukatega-meeste-sark\/\",\"url\":\"https:\/\/simonjersey.eu\/product\/strets-fit-pikkade-varrukatega-meeste-sark\/\",\"name\":\"Men\u2019s Modern Fit Long Sleeve Shirt with Stretch - Simon Jersey\",\"isPartOf\":{\"@id\":\"https:\/\/simonjersey.eu\/#website\"},\"primaryImageOfPage\":{\"@id\":\"https:\/\/simonjersey.eu\/product\/strets-fit-pikkade-varrukatega-meeste-sark\/#primaryimage\"},\"image\":{\"@id\":\"https:\/\/simonjersey.eu\/product\/strets-fit-pikkade-varrukatega-meeste-sark\/#primaryimage\"},\"thumbnailUrl\":\"https:\/\/simonjersey.eu\/wp-content\/uploads\/2019\/05\/MS2410-stretch-sark-must.jpg\",\"datePublished\":\"2019-05-31T11:57:09+00:00\",\"dateModified\":\"2024-09-25T11:06:07+00:00\",\"description\":\"Moderne ja mugav s\u00e4rk meestele, materjal v\u00f5imaldab h\u00e4sti liikumist, s\u00e4rk on vastupidav ning seda on lihtne hooldada! Sobib igale ametialale.\",\"breadcrumb\":{\"@id\":\"https:\/\/simonjersey.eu\/product\/strets-fit-pikkade-varrukatega-meeste-sark\/#breadcrumb\"},\"inLanguage\":\"en-US\",\"potentialAction\":[{\"@type\":\"ReadAction\",\"target\":[\"https:\/\/simonjersey.eu\/product\/strets-fit-pikkade-varrukatega-meeste-sark\/\"]}]},{\"@type\":\"ImageObject\",\"inLanguage\":\"en-US\",\"@id\":\"https:\/\/simonjersey.eu\/product\/strets-fit-pikkade-varrukatega-meeste-sark\/#primaryimage\",\"url\":\"https:\/\/simonjersey.eu\/wp-content\/uploads\/2019\/05\/MS2410-stretch-sark-must.jpg\",\"contentUrl\":\"https:\/\/simonjersey.eu\/wp-content\/uploads\/2019\/05\/MS2410-stretch-sark-must.jpg\",\"width\":1000,\"height\":1500},{\"@type\":\"BreadcrumbList\",\"@id\":\"https:\/\/simonjersey.eu\/product\/strets-fit-pikkade-varrukatega-meeste-sark\/#breadcrumb\",\"itemListElement\":[{\"@type\":\"ListItem\",\"position\":1,\"name\":\"Home\",\"item\":\"https:\/\/simonjersey.eu\/en\/\"},{\"@type\":\"ListItem\",\"position\":2,\"name\":\"E-shop\",\"item\":\"https:\/\/simonjersey.eu\/en\/e-shop\/\"},{\"@type\":\"ListItem\",\"position\":3,\"name\":\"Men\u2019s Modern Fit Long Sleeve Shirt with Stretch\"}]},{\"@type\":\"WebSite\",\"@id\":\"https:\/\/simonjersey.eu\/#website\",\"url\":\"https:\/\/simonjersey.eu\/\",\"name\":\"Simon Jersey\",\"description\":\"Kvaliteetsed ja vastupidavad ametir\u00f5ivad\",\"potentialAction\":[{\"@type\":\"SearchAction\",\"target\":{\"@type\":\"EntryPoint\",\"urlTemplate\":\"https:\/\/simonjersey.eu\/?s={search_term_string}\"},\"query-input\":{\"@type\":\"PropertyValueSpecification\",\"valueRequired\":true,\"valueName\":\"search_term_string\"}}],\"inLanguage\":\"en-US\"}]}<\/script>\n<!-- \/ Yoast SEO plugin. -->","yoast_head_json":{"title":"Men\u2019s Modern Fit Long Sleeve Shirt with Stretch - Simon Jersey","description":"Moderne ja mugav s\u00e4rk meestele, materjal v\u00f5imaldab h\u00e4sti liikumist, s\u00e4rk on vastupidav ning seda on lihtne hooldada! Sobib igale ametialale.","robots":{"index":"index","follow":"follow","max-snippet":"max-snippet:-1","max-image-preview":"max-image-preview:large","max-video-preview":"max-video-preview:-1"},"canonical":"https:\/\/simonjersey.eu\/product\/strets-fit-pikkade-varrukatega-meeste-sark\/","og_locale":"en_US","og_type":"article","og_title":"Men\u2019s Modern Fit Long Sleeve Shirt with Stretch - Simon Jersey","og_description":"Moderne ja mugav s\u00e4rk meestele, materjal v\u00f5imaldab h\u00e4sti liikumist, s\u00e4rk on vastupidav ning seda on lihtne hooldada! Sobib igale ametialale.","og_url":"https:\/\/simonjersey.eu\/product\/strets-fit-pikkade-varrukatega-meeste-sark\/","og_site_name":"Simon Jersey","article_modified_time":"2024-09-25T11:06:07+00:00","og_image":[{"width":1000,"height":1500,"url":"https:\/\/simonjersey.eu\/wp-content\/uploads\/2019\/05\/MS2410-stretch-sark-must.jpg","type":"image\/jpeg"}],"twitter_card":"summary_large_image","schema":{"@context":"https:\/\/schema.org","@graph":[{"@type":"WebPage","@id":"https:\/\/simonjersey.eu\/product\/strets-fit-pikkade-varrukatega-meeste-sark\/","url":"https:\/\/simonjersey.eu\/product\/strets-fit-pikkade-varrukatega-meeste-sark\/","name":"Men\u2019s Modern Fit Long Sleeve Shirt with Stretch - Simon Jersey","isPartOf":{"@id":"https:\/\/simonjersey.eu\/#website"},"primaryImageOfPage":{"@id":"https:\/\/simonjersey.eu\/product\/strets-fit-pikkade-varrukatega-meeste-sark\/#primaryimage"},"image":{"@id":"https:\/\/simonjersey.eu\/product\/strets-fit-pikkade-varrukatega-meeste-sark\/#primaryimage"},"thumbnailUrl":"https:\/\/simonjersey.eu\/wp-content\/uploads\/2019\/05\/MS2410-stretch-sark-must.jpg","datePublished":"2019-05-31T11:57:09+00:00","dateModified":"2024-09-25T11:06:07+00:00","description":"Moderne ja mugav s\u00e4rk meestele, materjal v\u00f5imaldab h\u00e4sti liikumist, s\u00e4rk on vastupidav ning seda on lihtne hooldada! Sobib igale ametialale.","breadcrumb":{"@id":"https:\/\/simonjersey.eu\/product\/strets-fit-pikkade-varrukatega-meeste-sark\/#breadcrumb"},"inLanguage":"en-US","potentialAction":[{"@type":"ReadAction","target":["https:\/\/simonjersey.eu\/product\/strets-fit-pikkade-varrukatega-meeste-sark\/"]}]},{"@type":"ImageObject","inLanguage":"en-US","@id":"https:\/\/simonjersey.eu\/product\/strets-fit-pikkade-varrukatega-meeste-sark\/#primaryimage","url":"https:\/\/simonjersey.eu\/wp-content\/uploads\/2019\/05\/MS2410-stretch-sark-must.jpg","contentUrl":"https:\/\/simonjersey.eu\/wp-content\/uploads\/2019\/05\/MS2410-stretch-sark-must.jpg","width":1000,"height":1500},{"@type":"BreadcrumbList","@id":"https:\/\/simonjersey.eu\/product\/strets-fit-pikkade-varrukatega-meeste-sark\/#breadcrumb","itemListElement":[{"@type":"ListItem","position":1,"name":"Home","item":"https:\/\/simonjersey.eu\/en\/"},{"@type":"ListItem","position":2,"name":"E-shop","item":"https:\/\/simonjersey.eu\/en\/e-shop\/"},{"@type":"ListItem","position":3,"name":"Men\u2019s Modern Fit Long Sleeve Shirt with Stretch"}]},{"@type":"WebSite","@id":"https:\/\/simonjersey.eu\/#website","url":"https:\/\/simonjersey.eu\/","name":"Simon Jersey","description":"Kvaliteetsed ja vastupidavad ametir\u00f5ivad","potentialAction":[{"@type":"SearchAction","target":{"@type":"EntryPoint","urlTemplate":"https:\/\/simonjersey.eu\/?s={search_term_string}"},"query-input":{"@type":"PropertyValueSpecification","valueRequired":true,"valueName":"search_term_string"}}],"inLanguage":"en-US"}]}},"_links":{"self":[{"href":"https:\/\/simonjersey.eu\/en\/wp-json\/wp\/v2\/product\/8072","targetHints":{"allow":["GET"]}}],"collection":[{"href":"https:\/\/simonjersey.eu\/en\/wp-json\/wp\/v2\/product"}],"about":[{"href":"https:\/\/simonjersey.eu\/en\/wp-json\/wp\/v2\/types\/product"}],"wp:featuredmedia":[{"embeddable":true,"href":"https:\/\/simonjersey.eu\/en\/wp-json\/wp\/v2\/media\/22595"}],"wp:attachment":[{"href":"https:\/\/simonjersey.eu\/en\/wp-json\/wp\/v2\/media?parent=8072"}],"wp:term":[{"taxonomy":"product_brand","embeddable":true,"href":"https:\/\/simonjersey.eu\/en\/wp-json\/wp\/v2\/product_brand?post=8072"},{"taxonomy":"product_cat","embeddable":true,"href":"https:\/\/simonjersey.eu\/en\/wp-json\/wp\/v2\/product_cat?post=8072"},{"taxonomy":"product_tag","embeddable":true,"href":"https:\/\/simonjersey.eu\/en\/wp-json\/wp\/v2\/product_tag?post=8072"}],"curies":[{"name":"wp","href":"https:\/\/api.w.org\/{rel}","templated":true}]}}