{"id":9463,"date":"2019-06-02T09:53:42","date_gmt":"2019-06-02T09:53:42","guid":{"rendered":"https:\/\/uusveeb.simonjersey.eu\/toode\/ladies-soft-shell-fleece-lined-jacket\/"},"modified":"2021-09-22T13:33:09","modified_gmt":"2021-09-22T13:33:09","slug":"ladies-soft-shell-fleece-lined-jacket","status":"publish","type":"product","link":"https:\/\/simonjersey.eu\/en\/product\/ladies-soft-shell-fleece-lined-jacket\/","title":{"rendered":"Ladies Soft Shell Fleece Lined Jacket"},"content":{"rendered":"","protected":false},"excerpt":{"rendered":"<p>Two layer construction, soft shell outer and fleece inner. Adjustable drawcord at hem.<\/p>\n<p>Front zip fastening, side zip pockets, internal pocket and mobile phone pocket.<\/p>\n<p>Material: 96% Polyester, 4% Spandex. 260g\/m.<br \/>\nCare: 60\u00ba wash.<br \/>\nSizes: S-XXL.<\/p>\n","protected":false},"featured_media":9462,"template":"","meta":[],"product_brand":[],"product_cat":[487,462,516,517],"product_tag":[721,786,722,739],"class_list":{"0":"post-9463","1":"product","2":"type-product","3":"status-publish","4":"has-post-thumbnail","6":"product_cat-business-wear-store","7":"product_cat-workwear","8":"product_cat-fleeces-hoodies-knitwear-workwear","9":"product_cat-softshell-and-jackets","10":"product_tag-businesswear-for-women","11":"product_tag-fleece-for-working-in-warehouse","12":"product_tag-women-fleeces","13":"product_tag-workwear","14":"pa_varv-black","16":"first","17":"instock","18":"taxable","19":"shipping-taxable","20":"purchasable","21":"product-type-variable","22":"has-default-attributes"},"yoast_head":"<!-- This site is optimized with the Yoast SEO plugin v27.2 - https:\/\/yoast.com\/product\/yoast-seo-wordpress\/ -->\n<title>Ladies Soft Shell Fleece Lined Jacket - Simon Jersey<\/title>\n<meta name=\"description\" content=\"Naiste softshell fliis laos ja jahedates tingimustes t\u00f6\u00f6tamiseks.Kerge ja pehme pealiskihiga shell fliis, all\u00e4\u00e4r reguleeritav.\" \/>\n<meta name=\"robots\" content=\"index, follow, max-snippet:-1, max-image-preview:large, max-video-preview:-1\" \/>\n<link rel=\"canonical\" href=\"https:\/\/simonjersey.eu\/product\/pehme-shell-fliis-naistele\/\" \/>\n<meta property=\"og:locale\" content=\"en_US\" \/>\n<meta property=\"og:type\" content=\"article\" \/>\n<meta property=\"og:title\" content=\"Ladies Soft Shell Fleece Lined Jacket - Simon Jersey\" \/>\n<meta property=\"og:description\" content=\"Naiste softshell fliis laos ja jahedates tingimustes t\u00f6\u00f6tamiseks.Kerge ja pehme pealiskihiga shell fliis, all\u00e4\u00e4r reguleeritav.\" \/>\n<meta property=\"og:url\" content=\"https:\/\/simonjersey.eu\/product\/pehme-shell-fliis-naistele\/\" \/>\n<meta property=\"og:site_name\" content=\"Simon Jersey\" \/>\n<meta property=\"article:modified_time\" content=\"2021-09-22T13:33:09+00:00\" \/>\n<meta property=\"og:image\" content=\"https:\/\/simonjersey.eu\/wp-content\/uploads\/2019\/06\/FJ1250-1.jpg\" \/>\n\t<meta property=\"og:image:width\" content=\"1000\" \/>\n\t<meta property=\"og:image:height\" content=\"1500\" \/>\n\t<meta property=\"og:image:type\" content=\"image\/jpeg\" \/>\n<meta name=\"twitter:card\" content=\"summary_large_image\" \/>\n<script type=\"application\/ld+json\" class=\"yoast-schema-graph\">{\"@context\":\"https:\/\/schema.org\",\"@graph\":[{\"@type\":\"WebPage\",\"@id\":\"https:\/\/simonjersey.eu\/product\/pehme-shell-fliis-naistele\/\",\"url\":\"https:\/\/simonjersey.eu\/product\/pehme-shell-fliis-naistele\/\",\"name\":\"Ladies Soft Shell Fleece Lined Jacket - Simon Jersey\",\"isPartOf\":{\"@id\":\"https:\/\/simonjersey.eu\/#website\"},\"primaryImageOfPage\":{\"@id\":\"https:\/\/simonjersey.eu\/product\/pehme-shell-fliis-naistele\/#primaryimage\"},\"image\":{\"@id\":\"https:\/\/simonjersey.eu\/product\/pehme-shell-fliis-naistele\/#primaryimage\"},\"thumbnailUrl\":\"https:\/\/simonjersey.eu\/wp-content\/uploads\/2019\/06\/FJ1250-1.jpg\",\"datePublished\":\"2019-06-02T09:53:42+00:00\",\"dateModified\":\"2021-09-22T13:33:09+00:00\",\"description\":\"Naiste softshell fliis laos ja jahedates tingimustes t\u00f6\u00f6tamiseks.Kerge ja pehme pealiskihiga shell fliis, all\u00e4\u00e4r reguleeritav.\",\"breadcrumb\":{\"@id\":\"https:\/\/simonjersey.eu\/product\/pehme-shell-fliis-naistele\/#breadcrumb\"},\"inLanguage\":\"en-US\",\"potentialAction\":[{\"@type\":\"ReadAction\",\"target\":[\"https:\/\/simonjersey.eu\/product\/pehme-shell-fliis-naistele\/\"]}]},{\"@type\":\"ImageObject\",\"inLanguage\":\"en-US\",\"@id\":\"https:\/\/simonjersey.eu\/product\/pehme-shell-fliis-naistele\/#primaryimage\",\"url\":\"https:\/\/simonjersey.eu\/wp-content\/uploads\/2019\/06\/FJ1250-1.jpg\",\"contentUrl\":\"https:\/\/simonjersey.eu\/wp-content\/uploads\/2019\/06\/FJ1250-1.jpg\",\"width\":1000,\"height\":1500},{\"@type\":\"BreadcrumbList\",\"@id\":\"https:\/\/simonjersey.eu\/product\/pehme-shell-fliis-naistele\/#breadcrumb\",\"itemListElement\":[{\"@type\":\"ListItem\",\"position\":1,\"name\":\"Home\",\"item\":\"https:\/\/simonjersey.eu\/en\/\"},{\"@type\":\"ListItem\",\"position\":2,\"name\":\"E-shop\",\"item\":\"https:\/\/simonjersey.eu\/en\/e-shop\/\"},{\"@type\":\"ListItem\",\"position\":3,\"name\":\"Ladies Soft Shell Fleece Lined Jacket\"}]},{\"@type\":\"WebSite\",\"@id\":\"https:\/\/simonjersey.eu\/#website\",\"url\":\"https:\/\/simonjersey.eu\/\",\"name\":\"Simon Jersey\",\"description\":\"Kvaliteetsed ja vastupidavad ametir\u00f5ivad\",\"potentialAction\":[{\"@type\":\"SearchAction\",\"target\":{\"@type\":\"EntryPoint\",\"urlTemplate\":\"https:\/\/simonjersey.eu\/?s={search_term_string}\"},\"query-input\":{\"@type\":\"PropertyValueSpecification\",\"valueRequired\":true,\"valueName\":\"search_term_string\"}}],\"inLanguage\":\"en-US\"}]}<\/script>\n<!-- \/ Yoast SEO plugin. -->","yoast_head_json":{"title":"Ladies Soft Shell Fleece Lined Jacket - Simon Jersey","description":"Naiste softshell fliis laos ja jahedates tingimustes t\u00f6\u00f6tamiseks.Kerge ja pehme pealiskihiga shell fliis, all\u00e4\u00e4r reguleeritav.","robots":{"index":"index","follow":"follow","max-snippet":"max-snippet:-1","max-image-preview":"max-image-preview:large","max-video-preview":"max-video-preview:-1"},"canonical":"https:\/\/simonjersey.eu\/product\/pehme-shell-fliis-naistele\/","og_locale":"en_US","og_type":"article","og_title":"Ladies Soft Shell Fleece Lined Jacket - Simon Jersey","og_description":"Naiste softshell fliis laos ja jahedates tingimustes t\u00f6\u00f6tamiseks.Kerge ja pehme pealiskihiga shell fliis, all\u00e4\u00e4r reguleeritav.","og_url":"https:\/\/simonjersey.eu\/product\/pehme-shell-fliis-naistele\/","og_site_name":"Simon Jersey","article_modified_time":"2021-09-22T13:33:09+00:00","og_image":[{"width":1000,"height":1500,"url":"https:\/\/simonjersey.eu\/wp-content\/uploads\/2019\/06\/FJ1250-1.jpg","type":"image\/jpeg"}],"twitter_card":"summary_large_image","schema":{"@context":"https:\/\/schema.org","@graph":[{"@type":"WebPage","@id":"https:\/\/simonjersey.eu\/product\/pehme-shell-fliis-naistele\/","url":"https:\/\/simonjersey.eu\/product\/pehme-shell-fliis-naistele\/","name":"Ladies Soft Shell Fleece Lined Jacket - Simon Jersey","isPartOf":{"@id":"https:\/\/simonjersey.eu\/#website"},"primaryImageOfPage":{"@id":"https:\/\/simonjersey.eu\/product\/pehme-shell-fliis-naistele\/#primaryimage"},"image":{"@id":"https:\/\/simonjersey.eu\/product\/pehme-shell-fliis-naistele\/#primaryimage"},"thumbnailUrl":"https:\/\/simonjersey.eu\/wp-content\/uploads\/2019\/06\/FJ1250-1.jpg","datePublished":"2019-06-02T09:53:42+00:00","dateModified":"2021-09-22T13:33:09+00:00","description":"Naiste softshell fliis laos ja jahedates tingimustes t\u00f6\u00f6tamiseks.Kerge ja pehme pealiskihiga shell fliis, all\u00e4\u00e4r reguleeritav.","breadcrumb":{"@id":"https:\/\/simonjersey.eu\/product\/pehme-shell-fliis-naistele\/#breadcrumb"},"inLanguage":"en-US","potentialAction":[{"@type":"ReadAction","target":["https:\/\/simonjersey.eu\/product\/pehme-shell-fliis-naistele\/"]}]},{"@type":"ImageObject","inLanguage":"en-US","@id":"https:\/\/simonjersey.eu\/product\/pehme-shell-fliis-naistele\/#primaryimage","url":"https:\/\/simonjersey.eu\/wp-content\/uploads\/2019\/06\/FJ1250-1.jpg","contentUrl":"https:\/\/simonjersey.eu\/wp-content\/uploads\/2019\/06\/FJ1250-1.jpg","width":1000,"height":1500},{"@type":"BreadcrumbList","@id":"https:\/\/simonjersey.eu\/product\/pehme-shell-fliis-naistele\/#breadcrumb","itemListElement":[{"@type":"ListItem","position":1,"name":"Home","item":"https:\/\/simonjersey.eu\/en\/"},{"@type":"ListItem","position":2,"name":"E-shop","item":"https:\/\/simonjersey.eu\/en\/e-shop\/"},{"@type":"ListItem","position":3,"name":"Ladies Soft Shell Fleece Lined Jacket"}]},{"@type":"WebSite","@id":"https:\/\/simonjersey.eu\/#website","url":"https:\/\/simonjersey.eu\/","name":"Simon Jersey","description":"Kvaliteetsed ja vastupidavad ametir\u00f5ivad","potentialAction":[{"@type":"SearchAction","target":{"@type":"EntryPoint","urlTemplate":"https:\/\/simonjersey.eu\/?s={search_term_string}"},"query-input":{"@type":"PropertyValueSpecification","valueRequired":true,"valueName":"search_term_string"}}],"inLanguage":"en-US"}]}},"_links":{"self":[{"href":"https:\/\/simonjersey.eu\/en\/wp-json\/wp\/v2\/product\/9463","targetHints":{"allow":["GET"]}}],"collection":[{"href":"https:\/\/simonjersey.eu\/en\/wp-json\/wp\/v2\/product"}],"about":[{"href":"https:\/\/simonjersey.eu\/en\/wp-json\/wp\/v2\/types\/product"}],"wp:featuredmedia":[{"embeddable":true,"href":"https:\/\/simonjersey.eu\/en\/wp-json\/wp\/v2\/media\/9462"}],"wp:attachment":[{"href":"https:\/\/simonjersey.eu\/en\/wp-json\/wp\/v2\/media?parent=9463"}],"wp:term":[{"taxonomy":"product_brand","embeddable":true,"href":"https:\/\/simonjersey.eu\/en\/wp-json\/wp\/v2\/product_brand?post=9463"},{"taxonomy":"product_cat","embeddable":true,"href":"https:\/\/simonjersey.eu\/en\/wp-json\/wp\/v2\/product_cat?post=9463"},{"taxonomy":"product_tag","embeddable":true,"href":"https:\/\/simonjersey.eu\/en\/wp-json\/wp\/v2\/product_tag?post=9463"}],"curies":[{"name":"wp","href":"https:\/\/api.w.org\/{rel}","templated":true}]}}