{"id":9634,"date":"2019-06-02T11:12:32","date_gmt":"2019-06-02T11:12:32","guid":{"rendered":"https:\/\/uusveeb.simonjersey.eu\/toode\/unisex-all-weather-jacket\/"},"modified":"2025-01-03T13:08:23","modified_gmt":"2025-01-03T13:08:23","slug":"unisex-all-weather-jacket","status":"publish","type":"product","link":"https:\/\/simonjersey.eu\/en\/product\/unisex-all-weather-jacket\/","title":{"rendered":"Unisex All Weather Jacket"},"content":{"rendered":"","protected":false},"excerpt":{"rendered":"<p>Full front zip fastening, spacious front and chest pockets, one inside chest pocket and phone pocket, cable loops for headphones. <\/p>\n<p>Concealed and fully lined adjustable hood, underarm zip vents with mesh and lower back reflective strip.<\/p>\n<p>Material: 100% Polyester.<br \/>\nCare: 40\u00ba wash.<br \/>\nSizes: S-3XL.<\/p>\n","protected":false},"featured_media":9633,"template":"","meta":[],"product_brand":[],"product_cat":[462,521],"product_tag":[822,820],"class_list":{"0":"post-9634","1":"product","2":"type-product","3":"status-publish","4":"has-post-thumbnail","6":"product_cat-workwear","7":"product_cat-heavy-duty-coats","8":"product_tag-outside-work-clothes","9":"product_tag-work-coats","10":"pa_varv-black","12":"first","13":"instock","14":"taxable","15":"shipping-taxable","16":"purchasable","17":"product-type-variable","18":"has-default-attributes"},"yoast_head":"<!-- This site is optimized with the Yoast SEO plugin v27.2 - https:\/\/yoast.com\/product\/yoast-seo-wordpress\/ -->\n<title>Unisex All Weather Jacket - Simon Jersey<\/title>\n<meta name=\"description\" content=\"Unisex jope iga ilmaga kandmiseks ja \u00f5ues t\u00f6\u00f6tamiseks. Veekindel jope, eest lukuga, k\u00fcljetaskutega ja rinnataskuga. Ava k\u00f5rvaklappidele.\" \/>\n<meta name=\"robots\" content=\"index, follow, max-snippet:-1, max-image-preview:large, max-video-preview:-1\" \/>\n<link rel=\"canonical\" href=\"https:\/\/simonjersey.eu\/product\/veekindel-unisex-jope\/\" \/>\n<meta property=\"og:locale\" content=\"en_US\" \/>\n<meta property=\"og:type\" content=\"article\" \/>\n<meta property=\"og:title\" content=\"Unisex All Weather Jacket - Simon Jersey\" \/>\n<meta property=\"og:description\" content=\"Unisex jope iga ilmaga kandmiseks ja \u00f5ues t\u00f6\u00f6tamiseks. Veekindel jope, eest lukuga, k\u00fcljetaskutega ja rinnataskuga. Ava k\u00f5rvaklappidele.\" \/>\n<meta property=\"og:url\" content=\"https:\/\/simonjersey.eu\/product\/veekindel-unisex-jope\/\" \/>\n<meta property=\"og:site_name\" content=\"Simon Jersey\" \/>\n<meta property=\"article:modified_time\" content=\"2025-01-03T13:08:23+00:00\" \/>\n<meta property=\"og:image\" content=\"https:\/\/simonjersey.eu\/wp-content\/uploads\/2019\/06\/uj0770-1.jpg\" \/>\n\t<meta property=\"og:image:width\" content=\"1000\" \/>\n\t<meta property=\"og:image:height\" content=\"1500\" \/>\n\t<meta property=\"og:image:type\" content=\"image\/jpeg\" \/>\n<meta name=\"twitter:card\" content=\"summary_large_image\" \/>\n<script type=\"application\/ld+json\" class=\"yoast-schema-graph\">{\"@context\":\"https:\/\/schema.org\",\"@graph\":[{\"@type\":\"WebPage\",\"@id\":\"https:\/\/simonjersey.eu\/product\/veekindel-unisex-jope\/\",\"url\":\"https:\/\/simonjersey.eu\/product\/veekindel-unisex-jope\/\",\"name\":\"Unisex All Weather Jacket - Simon Jersey\",\"isPartOf\":{\"@id\":\"https:\/\/simonjersey.eu\/#website\"},\"primaryImageOfPage\":{\"@id\":\"https:\/\/simonjersey.eu\/product\/veekindel-unisex-jope\/#primaryimage\"},\"image\":{\"@id\":\"https:\/\/simonjersey.eu\/product\/veekindel-unisex-jope\/#primaryimage\"},\"thumbnailUrl\":\"https:\/\/simonjersey.eu\/wp-content\/uploads\/2019\/06\/uj0770-1.jpg\",\"datePublished\":\"2019-06-02T11:12:32+00:00\",\"dateModified\":\"2025-01-03T13:08:23+00:00\",\"description\":\"Unisex jope iga ilmaga kandmiseks ja \u00f5ues t\u00f6\u00f6tamiseks. Veekindel jope, eest lukuga, k\u00fcljetaskutega ja rinnataskuga. Ava k\u00f5rvaklappidele.\",\"breadcrumb\":{\"@id\":\"https:\/\/simonjersey.eu\/product\/veekindel-unisex-jope\/#breadcrumb\"},\"inLanguage\":\"en-US\",\"potentialAction\":[{\"@type\":\"ReadAction\",\"target\":[\"https:\/\/simonjersey.eu\/product\/veekindel-unisex-jope\/\"]}]},{\"@type\":\"ImageObject\",\"inLanguage\":\"en-US\",\"@id\":\"https:\/\/simonjersey.eu\/product\/veekindel-unisex-jope\/#primaryimage\",\"url\":\"https:\/\/simonjersey.eu\/wp-content\/uploads\/2019\/06\/uj0770-1.jpg\",\"contentUrl\":\"https:\/\/simonjersey.eu\/wp-content\/uploads\/2019\/06\/uj0770-1.jpg\",\"width\":1000,\"height\":1500},{\"@type\":\"BreadcrumbList\",\"@id\":\"https:\/\/simonjersey.eu\/product\/veekindel-unisex-jope\/#breadcrumb\",\"itemListElement\":[{\"@type\":\"ListItem\",\"position\":1,\"name\":\"Home\",\"item\":\"https:\/\/simonjersey.eu\/en\/\"},{\"@type\":\"ListItem\",\"position\":2,\"name\":\"E-shop\",\"item\":\"https:\/\/simonjersey.eu\/en\/e-shop\/\"},{\"@type\":\"ListItem\",\"position\":3,\"name\":\"Unisex All Weather Jacket\"}]},{\"@type\":\"WebSite\",\"@id\":\"https:\/\/simonjersey.eu\/#website\",\"url\":\"https:\/\/simonjersey.eu\/\",\"name\":\"Simon Jersey\",\"description\":\"Kvaliteetsed ja vastupidavad ametir\u00f5ivad\",\"potentialAction\":[{\"@type\":\"SearchAction\",\"target\":{\"@type\":\"EntryPoint\",\"urlTemplate\":\"https:\/\/simonjersey.eu\/?s={search_term_string}\"},\"query-input\":{\"@type\":\"PropertyValueSpecification\",\"valueRequired\":true,\"valueName\":\"search_term_string\"}}],\"inLanguage\":\"en-US\"}]}<\/script>\n<!-- \/ Yoast SEO plugin. -->","yoast_head_json":{"title":"Unisex All Weather Jacket - Simon Jersey","description":"Unisex jope iga ilmaga kandmiseks ja \u00f5ues t\u00f6\u00f6tamiseks. Veekindel jope, eest lukuga, k\u00fcljetaskutega ja rinnataskuga. Ava k\u00f5rvaklappidele.","robots":{"index":"index","follow":"follow","max-snippet":"max-snippet:-1","max-image-preview":"max-image-preview:large","max-video-preview":"max-video-preview:-1"},"canonical":"https:\/\/simonjersey.eu\/product\/veekindel-unisex-jope\/","og_locale":"en_US","og_type":"article","og_title":"Unisex All Weather Jacket - Simon Jersey","og_description":"Unisex jope iga ilmaga kandmiseks ja \u00f5ues t\u00f6\u00f6tamiseks. Veekindel jope, eest lukuga, k\u00fcljetaskutega ja rinnataskuga. Ava k\u00f5rvaklappidele.","og_url":"https:\/\/simonjersey.eu\/product\/veekindel-unisex-jope\/","og_site_name":"Simon Jersey","article_modified_time":"2025-01-03T13:08:23+00:00","og_image":[{"width":1000,"height":1500,"url":"https:\/\/simonjersey.eu\/wp-content\/uploads\/2019\/06\/uj0770-1.jpg","type":"image\/jpeg"}],"twitter_card":"summary_large_image","schema":{"@context":"https:\/\/schema.org","@graph":[{"@type":"WebPage","@id":"https:\/\/simonjersey.eu\/product\/veekindel-unisex-jope\/","url":"https:\/\/simonjersey.eu\/product\/veekindel-unisex-jope\/","name":"Unisex All Weather Jacket - Simon Jersey","isPartOf":{"@id":"https:\/\/simonjersey.eu\/#website"},"primaryImageOfPage":{"@id":"https:\/\/simonjersey.eu\/product\/veekindel-unisex-jope\/#primaryimage"},"image":{"@id":"https:\/\/simonjersey.eu\/product\/veekindel-unisex-jope\/#primaryimage"},"thumbnailUrl":"https:\/\/simonjersey.eu\/wp-content\/uploads\/2019\/06\/uj0770-1.jpg","datePublished":"2019-06-02T11:12:32+00:00","dateModified":"2025-01-03T13:08:23+00:00","description":"Unisex jope iga ilmaga kandmiseks ja \u00f5ues t\u00f6\u00f6tamiseks. Veekindel jope, eest lukuga, k\u00fcljetaskutega ja rinnataskuga. Ava k\u00f5rvaklappidele.","breadcrumb":{"@id":"https:\/\/simonjersey.eu\/product\/veekindel-unisex-jope\/#breadcrumb"},"inLanguage":"en-US","potentialAction":[{"@type":"ReadAction","target":["https:\/\/simonjersey.eu\/product\/veekindel-unisex-jope\/"]}]},{"@type":"ImageObject","inLanguage":"en-US","@id":"https:\/\/simonjersey.eu\/product\/veekindel-unisex-jope\/#primaryimage","url":"https:\/\/simonjersey.eu\/wp-content\/uploads\/2019\/06\/uj0770-1.jpg","contentUrl":"https:\/\/simonjersey.eu\/wp-content\/uploads\/2019\/06\/uj0770-1.jpg","width":1000,"height":1500},{"@type":"BreadcrumbList","@id":"https:\/\/simonjersey.eu\/product\/veekindel-unisex-jope\/#breadcrumb","itemListElement":[{"@type":"ListItem","position":1,"name":"Home","item":"https:\/\/simonjersey.eu\/en\/"},{"@type":"ListItem","position":2,"name":"E-shop","item":"https:\/\/simonjersey.eu\/en\/e-shop\/"},{"@type":"ListItem","position":3,"name":"Unisex All Weather Jacket"}]},{"@type":"WebSite","@id":"https:\/\/simonjersey.eu\/#website","url":"https:\/\/simonjersey.eu\/","name":"Simon Jersey","description":"Kvaliteetsed ja vastupidavad ametir\u00f5ivad","potentialAction":[{"@type":"SearchAction","target":{"@type":"EntryPoint","urlTemplate":"https:\/\/simonjersey.eu\/?s={search_term_string}"},"query-input":{"@type":"PropertyValueSpecification","valueRequired":true,"valueName":"search_term_string"}}],"inLanguage":"en-US"}]}},"_links":{"self":[{"href":"https:\/\/simonjersey.eu\/en\/wp-json\/wp\/v2\/product\/9634","targetHints":{"allow":["GET"]}}],"collection":[{"href":"https:\/\/simonjersey.eu\/en\/wp-json\/wp\/v2\/product"}],"about":[{"href":"https:\/\/simonjersey.eu\/en\/wp-json\/wp\/v2\/types\/product"}],"wp:featuredmedia":[{"embeddable":true,"href":"https:\/\/simonjersey.eu\/en\/wp-json\/wp\/v2\/media\/9633"}],"wp:attachment":[{"href":"https:\/\/simonjersey.eu\/en\/wp-json\/wp\/v2\/media?parent=9634"}],"wp:term":[{"taxonomy":"product_brand","embeddable":true,"href":"https:\/\/simonjersey.eu\/en\/wp-json\/wp\/v2\/product_brand?post=9634"},{"taxonomy":"product_cat","embeddable":true,"href":"https:\/\/simonjersey.eu\/en\/wp-json\/wp\/v2\/product_cat?post=9634"},{"taxonomy":"product_tag","embeddable":true,"href":"https:\/\/simonjersey.eu\/en\/wp-json\/wp\/v2\/product_tag?post=9634"}],"curies":[{"name":"wp","href":"https:\/\/api.w.org\/{rel}","templated":true}]}}