{"id":9714,"date":"2019-06-02T12:37:52","date_gmt":"2019-06-02T12:37:52","guid":{"rendered":"https:\/\/uusveeb.simonjersey.eu\/toode\/anti-microbial-unisex-hospital-clogs\/"},"modified":"2025-04-09T09:17:14","modified_gmt":"2025-04-09T09:17:14","slug":"anti-microbial-unisex-hospital-clogs","status":"publish","type":"product","link":"https:\/\/simonjersey.eu\/en\/product\/anti-microbial-unisex-hospital-clogs\/","title":{"rendered":"Toffelin Unisex Clogs"},"content":{"rendered":"","protected":false},"excerpt":{"rendered":"<p>Toffeln EziKlog V2.0 raises the bar for comfort. These iconic clogs are lightweight, flexible, and designed for all-day wear, making them ideal for chefs and for hospital staff. The adjustable heel strap can be worn in either the forward or back position based on your preference. Additionally, the Grip-Safe Sole not only provides outstanding slip resistance but also offers superior penetration resistance compared to other lightweight footwear.<\/p>\n<p>Shock absorbing E-Tech, which moulds to the shape of your feet<\/p>\n<ul>\n<li>ComfortTech Underfoot Cushioning: Built in anti-fatigue technology for day long comfort<\/li>\n<li>GripSafe Extreme Sole: Highest level of slip resistance to keep you safe<\/li>\n<li>CE Marked<\/li>\n<li>Anti-static Sole<\/li>\n<\/ul>\n<p><strong>Fabric<\/strong>\u00a0Composition<br \/>\n<strong>Upper:<\/strong>\u00a0EVA<br \/>\n<strong>Outsole:<\/strong>\u00a0Slip resistant, anti-static, non marking<br \/>\n<strong>Garment Care:<\/strong>\u00a0Machine washable to 40\u00b0C \/ Wipe clean&#8221;<\/p>\n<p>Full sizes (UK): 3-11.<\/p>\n","protected":false},"featured_media":24062,"template":"","meta":[],"product_brand":[],"product_cat":[480,522,528,529,520],"product_tag":[809,790,918,773,818],"class_list":{"0":"post-9714","1":"product","2":"type-product","3":"status-publish","4":"has-post-thumbnail","6":"product_cat-cleaning-staff","7":"product_cat-restaurant-cafe","8":"product_cat-chefs","9":"product_cat-footwear-and-hats","10":"product_cat-heavy-duty-footwear","11":"product_tag-chefs-footwear","12":"product_tag-healthcare-uniforms","13":"product_tag-hospital-uniforms","14":"product_tag-kitchen-workwear","15":"product_tag-safety-shoes","16":"pa_varv-black","17":"pa_varv-navy","18":"pa_varv-white","20":"first","21":"instock","22":"taxable","23":"shipping-taxable","24":"purchasable","25":"product-type-variable","26":"has-default-attributes"},"yoast_head":"<!-- This site is optimized with the Yoast SEO plugin v27.2 - https:\/\/yoast.com\/product\/yoast-seo-wordpress\/ -->\n<title>Toffelin Unisex Clogs - Simon Jersey<\/title>\n<meta name=\"description\" content=\"Turvajalan\u00f5ud kokkadele ja tervishoiu t\u00f6\u00f6tajatele.V\u00e4ga kerged, mugavad EVA plastikust Clog kingad.K\u00fclgedel \u00f5huaugud. Antistaatilised, libisemiskindlad.\" \/>\n<meta name=\"robots\" content=\"index, follow, max-snippet:-1, max-image-preview:large, max-video-preview:-1\" \/>\n<link rel=\"canonical\" href=\"https:\/\/simonjersey.eu\/product\/turvajalanoud-kokkadele-ja-med-tootajatele\/\" \/>\n<meta property=\"og:locale\" content=\"en_US\" \/>\n<meta property=\"og:type\" content=\"article\" \/>\n<meta property=\"og:title\" content=\"Toffelin Unisex Clogs - Simon Jersey\" \/>\n<meta property=\"og:description\" content=\"Turvajalan\u00f5ud kokkadele ja tervishoiu t\u00f6\u00f6tajatele.V\u00e4ga kerged, mugavad EVA plastikust Clog kingad.K\u00fclgedel \u00f5huaugud. Antistaatilised, libisemiskindlad.\" \/>\n<meta property=\"og:url\" content=\"https:\/\/simonjersey.eu\/product\/turvajalanoud-kokkadele-ja-med-tootajatele\/\" \/>\n<meta property=\"og:site_name\" content=\"Simon Jersey\" \/>\n<meta property=\"article:modified_time\" content=\"2025-04-09T09:17:14+00:00\" \/>\n<meta property=\"og:image\" content=\"https:\/\/simonjersey.eu\/wp-content\/uploads\/2019\/06\/toffeln-clogs-kokkadele-ja-meditsiinitootajate-jalanoud-mustad.jpg\" \/>\n\t<meta property=\"og:image:width\" content=\"1000\" \/>\n\t<meta property=\"og:image:height\" content=\"1500\" \/>\n\t<meta property=\"og:image:type\" content=\"image\/jpeg\" \/>\n<meta name=\"twitter:card\" content=\"summary_large_image\" \/>\n<meta name=\"twitter:label1\" content=\"Est. reading time\" \/>\n\t<meta name=\"twitter:data1\" content=\"1 minute\" \/>\n<script type=\"application\/ld+json\" class=\"yoast-schema-graph\">{\"@context\":\"https:\/\/schema.org\",\"@graph\":[{\"@type\":\"WebPage\",\"@id\":\"https:\/\/simonjersey.eu\/product\/turvajalanoud-kokkadele-ja-med-tootajatele\/\",\"url\":\"https:\/\/simonjersey.eu\/product\/turvajalanoud-kokkadele-ja-med-tootajatele\/\",\"name\":\"Toffelin Unisex Clogs - Simon Jersey\",\"isPartOf\":{\"@id\":\"https:\/\/simonjersey.eu\/#website\"},\"primaryImageOfPage\":{\"@id\":\"https:\/\/simonjersey.eu\/product\/turvajalanoud-kokkadele-ja-med-tootajatele\/#primaryimage\"},\"image\":{\"@id\":\"https:\/\/simonjersey.eu\/product\/turvajalanoud-kokkadele-ja-med-tootajatele\/#primaryimage\"},\"thumbnailUrl\":\"https:\/\/simonjersey.eu\/wp-content\/uploads\/2019\/06\/toffeln-clogs-kokkadele-ja-meditsiinitootajate-jalanoud-mustad.jpg\",\"datePublished\":\"2019-06-02T12:37:52+00:00\",\"dateModified\":\"2025-04-09T09:17:14+00:00\",\"description\":\"Turvajalan\u00f5ud kokkadele ja tervishoiu t\u00f6\u00f6tajatele.V\u00e4ga kerged, mugavad EVA plastikust Clog kingad.K\u00fclgedel \u00f5huaugud. Antistaatilised, libisemiskindlad.\",\"breadcrumb\":{\"@id\":\"https:\/\/simonjersey.eu\/product\/turvajalanoud-kokkadele-ja-med-tootajatele\/#breadcrumb\"},\"inLanguage\":\"en-US\",\"potentialAction\":[{\"@type\":\"ReadAction\",\"target\":[\"https:\/\/simonjersey.eu\/product\/turvajalanoud-kokkadele-ja-med-tootajatele\/\"]}]},{\"@type\":\"ImageObject\",\"inLanguage\":\"en-US\",\"@id\":\"https:\/\/simonjersey.eu\/product\/turvajalanoud-kokkadele-ja-med-tootajatele\/#primaryimage\",\"url\":\"https:\/\/simonjersey.eu\/wp-content\/uploads\/2019\/06\/toffeln-clogs-kokkadele-ja-meditsiinitootajate-jalanoud-mustad.jpg\",\"contentUrl\":\"https:\/\/simonjersey.eu\/wp-content\/uploads\/2019\/06\/toffeln-clogs-kokkadele-ja-meditsiinitootajate-jalanoud-mustad.jpg\",\"width\":1000,\"height\":1500},{\"@type\":\"BreadcrumbList\",\"@id\":\"https:\/\/simonjersey.eu\/product\/turvajalanoud-kokkadele-ja-med-tootajatele\/#breadcrumb\",\"itemListElement\":[{\"@type\":\"ListItem\",\"position\":1,\"name\":\"Home\",\"item\":\"https:\/\/simonjersey.eu\/en\/\"},{\"@type\":\"ListItem\",\"position\":2,\"name\":\"E-shop\",\"item\":\"https:\/\/simonjersey.eu\/en\/e-shop\/\"},{\"@type\":\"ListItem\",\"position\":3,\"name\":\"Toffelin Unisex Clogs\"}]},{\"@type\":\"WebSite\",\"@id\":\"https:\/\/simonjersey.eu\/#website\",\"url\":\"https:\/\/simonjersey.eu\/\",\"name\":\"Simon Jersey\",\"description\":\"Kvaliteetsed ja vastupidavad ametir\u00f5ivad\",\"potentialAction\":[{\"@type\":\"SearchAction\",\"target\":{\"@type\":\"EntryPoint\",\"urlTemplate\":\"https:\/\/simonjersey.eu\/?s={search_term_string}\"},\"query-input\":{\"@type\":\"PropertyValueSpecification\",\"valueRequired\":true,\"valueName\":\"search_term_string\"}}],\"inLanguage\":\"en-US\"}]}<\/script>\n<!-- \/ Yoast SEO plugin. -->","yoast_head_json":{"title":"Toffelin Unisex Clogs - Simon Jersey","description":"Turvajalan\u00f5ud kokkadele ja tervishoiu t\u00f6\u00f6tajatele.V\u00e4ga kerged, mugavad EVA plastikust Clog kingad.K\u00fclgedel \u00f5huaugud. Antistaatilised, libisemiskindlad.","robots":{"index":"index","follow":"follow","max-snippet":"max-snippet:-1","max-image-preview":"max-image-preview:large","max-video-preview":"max-video-preview:-1"},"canonical":"https:\/\/simonjersey.eu\/product\/turvajalanoud-kokkadele-ja-med-tootajatele\/","og_locale":"en_US","og_type":"article","og_title":"Toffelin Unisex Clogs - Simon Jersey","og_description":"Turvajalan\u00f5ud kokkadele ja tervishoiu t\u00f6\u00f6tajatele.V\u00e4ga kerged, mugavad EVA plastikust Clog kingad.K\u00fclgedel \u00f5huaugud. Antistaatilised, libisemiskindlad.","og_url":"https:\/\/simonjersey.eu\/product\/turvajalanoud-kokkadele-ja-med-tootajatele\/","og_site_name":"Simon Jersey","article_modified_time":"2025-04-09T09:17:14+00:00","og_image":[{"width":1000,"height":1500,"url":"https:\/\/simonjersey.eu\/wp-content\/uploads\/2019\/06\/toffeln-clogs-kokkadele-ja-meditsiinitootajate-jalanoud-mustad.jpg","type":"image\/jpeg"}],"twitter_card":"summary_large_image","twitter_misc":{"Est. reading time":"1 minute"},"schema":{"@context":"https:\/\/schema.org","@graph":[{"@type":"WebPage","@id":"https:\/\/simonjersey.eu\/product\/turvajalanoud-kokkadele-ja-med-tootajatele\/","url":"https:\/\/simonjersey.eu\/product\/turvajalanoud-kokkadele-ja-med-tootajatele\/","name":"Toffelin Unisex Clogs - Simon Jersey","isPartOf":{"@id":"https:\/\/simonjersey.eu\/#website"},"primaryImageOfPage":{"@id":"https:\/\/simonjersey.eu\/product\/turvajalanoud-kokkadele-ja-med-tootajatele\/#primaryimage"},"image":{"@id":"https:\/\/simonjersey.eu\/product\/turvajalanoud-kokkadele-ja-med-tootajatele\/#primaryimage"},"thumbnailUrl":"https:\/\/simonjersey.eu\/wp-content\/uploads\/2019\/06\/toffeln-clogs-kokkadele-ja-meditsiinitootajate-jalanoud-mustad.jpg","datePublished":"2019-06-02T12:37:52+00:00","dateModified":"2025-04-09T09:17:14+00:00","description":"Turvajalan\u00f5ud kokkadele ja tervishoiu t\u00f6\u00f6tajatele.V\u00e4ga kerged, mugavad EVA plastikust Clog kingad.K\u00fclgedel \u00f5huaugud. Antistaatilised, libisemiskindlad.","breadcrumb":{"@id":"https:\/\/simonjersey.eu\/product\/turvajalanoud-kokkadele-ja-med-tootajatele\/#breadcrumb"},"inLanguage":"en-US","potentialAction":[{"@type":"ReadAction","target":["https:\/\/simonjersey.eu\/product\/turvajalanoud-kokkadele-ja-med-tootajatele\/"]}]},{"@type":"ImageObject","inLanguage":"en-US","@id":"https:\/\/simonjersey.eu\/product\/turvajalanoud-kokkadele-ja-med-tootajatele\/#primaryimage","url":"https:\/\/simonjersey.eu\/wp-content\/uploads\/2019\/06\/toffeln-clogs-kokkadele-ja-meditsiinitootajate-jalanoud-mustad.jpg","contentUrl":"https:\/\/simonjersey.eu\/wp-content\/uploads\/2019\/06\/toffeln-clogs-kokkadele-ja-meditsiinitootajate-jalanoud-mustad.jpg","width":1000,"height":1500},{"@type":"BreadcrumbList","@id":"https:\/\/simonjersey.eu\/product\/turvajalanoud-kokkadele-ja-med-tootajatele\/#breadcrumb","itemListElement":[{"@type":"ListItem","position":1,"name":"Home","item":"https:\/\/simonjersey.eu\/en\/"},{"@type":"ListItem","position":2,"name":"E-shop","item":"https:\/\/simonjersey.eu\/en\/e-shop\/"},{"@type":"ListItem","position":3,"name":"Toffelin Unisex Clogs"}]},{"@type":"WebSite","@id":"https:\/\/simonjersey.eu\/#website","url":"https:\/\/simonjersey.eu\/","name":"Simon Jersey","description":"Kvaliteetsed ja vastupidavad ametir\u00f5ivad","potentialAction":[{"@type":"SearchAction","target":{"@type":"EntryPoint","urlTemplate":"https:\/\/simonjersey.eu\/?s={search_term_string}"},"query-input":{"@type":"PropertyValueSpecification","valueRequired":true,"valueName":"search_term_string"}}],"inLanguage":"en-US"}]}},"_links":{"self":[{"href":"https:\/\/simonjersey.eu\/en\/wp-json\/wp\/v2\/product\/9714","targetHints":{"allow":["GET"]}}],"collection":[{"href":"https:\/\/simonjersey.eu\/en\/wp-json\/wp\/v2\/product"}],"about":[{"href":"https:\/\/simonjersey.eu\/en\/wp-json\/wp\/v2\/types\/product"}],"wp:featuredmedia":[{"embeddable":true,"href":"https:\/\/simonjersey.eu\/en\/wp-json\/wp\/v2\/media\/24062"}],"wp:attachment":[{"href":"https:\/\/simonjersey.eu\/en\/wp-json\/wp\/v2\/media?parent=9714"}],"wp:term":[{"taxonomy":"product_brand","embeddable":true,"href":"https:\/\/simonjersey.eu\/en\/wp-json\/wp\/v2\/product_brand?post=9714"},{"taxonomy":"product_cat","embeddable":true,"href":"https:\/\/simonjersey.eu\/en\/wp-json\/wp\/v2\/product_cat?post=9714"},{"taxonomy":"product_tag","embeddable":true,"href":"https:\/\/simonjersey.eu\/en\/wp-json\/wp\/v2\/product_tag?post=9714"}],"curies":[{"name":"wp","href":"https:\/\/api.w.org\/{rel}","templated":true}]}}