{"id":16,"date":"2019-09-16T08:03:58","date_gmt":"2019-09-16T08:03:58","guid":{"rendered":"https:\/\/simonjersey.eu\/fi\/?page_id=16"},"modified":"2019-12-18T11:28:39","modified_gmt":"2019-12-18T11:28:39","slug":"kuinka-tilataa","status":"publish","type":"page","link":"https:\/\/simonjersey.eu\/fi\/kuinka-tilataa\/","title":{"rendered":"Kuinka tilataa"},"content":{"rendered":"<div class=\"fusion-fullwidth fullwidth-box fusion-builder-row-1 nonhundred-percent-fullwidth non-hundred-percent-height-scrolling\" style=\"--awb-border-radius-top-left:0px;--awb-border-radius-top-right:0px;--awb-border-radius-bottom-right:0px;--awb-border-radius-bottom-left:0px;--awb-flex-wrap:wrap;\" ><div class=\"fusion-builder-row fusion-row\"><div class=\"fusion-layout-column fusion_builder_column fusion-builder-column-0 fusion_builder_column_2_3 2_3 fusion-two-third fusion-column-first\" style=\"--awb-bg-size:cover;width:66.6666666667%;width:calc(66.6666666667% - ( ( 4% ) * 0.666666666667 ) );margin-right: 4%;\"><div class=\"fusion-column-wrapper fusion-column-has-shadow fusion-flex-column-wrapper-legacy\"><div class=\"fusion-text fusion-text-1\"><h1>Kuinka tilata<\/h1>\n<p>Voit tehd\u00e4 tilauksen selaamalla verkkokauppaa ja valitsemalla haluamasi tuotteet ostoskoriin. Valitse haluamasi tuotteen lis\u00e4ksi v\u00e4ri, koko ja m\u00e4\u00e4r\u00e4.<br \/>\nMuista lukea tuotekuvaus.<\/p>\n<p>Lis\u00e4\u00e4 tuote ostoskoriin ja t\u00e4ydenn\u00e4 tilauksesi t\u00e4ytt\u00e4m\u00e4ll\u00e4 kaikki pyydetyt tiedot.<br \/>\nL\u00e4het\u00e4mme tilausvahvistuksen, arvioidun toimitusajan ja laskun antamaasi s\u00e4hk\u00f6postiosoitteeseen 1-2 ty\u00f6p\u00e4iv\u00e4n kuluessa tilauksestasi.<\/p>\n<p>Tilauksen ollessa valmis voit hakea tuotteet toimistoltamme tai voimme l\u00e4hett\u00e4\u00e4 ne sinulle lis\u00e4maksusta.<br \/>\nMinimitilausm\u00e4\u00e4r\u00e4\u00e4 ei ole.<\/p>\n<h2>Toimitus<\/h2>\n<p>P\u00e4\u00e4varastomme sijaitsee Iso-Britanniassa. Jos tilattuja tuotteita on heti saatavilla varastosta, niin toimitusaika verkkokaupan tuotteille on keskim\u00e4\u00e4rin 10 arkip\u00e4iv\u00e4\u00e4.<\/p>\n<p>Mik\u00e4li tilatun tuotteen toimitusaika on keskim\u00e4\u00e4r\u00e4ist\u00e4 pidempi ilmoitamme siit\u00e4 asiakkaalle s\u00e4hk\u00f6postitse.<\/p>\n<p>Yrityskaupassa hinnat ei sis\u00e4lt\u00e4 toimituskulut ja ALV:n, yksityisasiakkaille lis\u00e4t\u00e4\u00e4n toimituskulut ja ALV.<\/p>\n<h2>Tuotteisiin tutustuminen<\/h2>\n<p>Simon Jersey julkistaa vuosittain uuden tuottein, jossa esitell\u00e4\u00e4n p\u00e4\u00e4kokoelman lis\u00e4ksi uusia tyylej\u00e4 ja v\u00e4rej\u00e4.<br \/>\nKaikki tuotteet ovat esill\u00e4 verkkosivujemme.<\/p>\n<p>Kokotaulukon ja monivuotisen kokemuksemme avulla l\u00f6yd\u00e4t varmasti oikean ratkaisun yrityksellesi. Saadaksesi parhaiten istuvat tuotteet voimme tehd\u00e4 ne sinulle my\u00f6s mittatilausty\u00f6n\u00e4. Voimme my\u00f6s lis\u00e4t\u00e4 tuotteisiisi haluamasi brodeerauksen. Palvelut on saatavilla lis\u00e4maksusta.<\/p>\n<p>Olemme kaikin tavoin valmiita auttamaan sinua l\u00f6yt\u00e4m\u00e4\u00e4n itsellesi ja ty\u00f6ntekij\u00f6illesi parhaan mahdollisen asukokonaisuuden!<\/p>\n<\/div><div class=\"fusion-clearfix\"><\/div><\/div><\/div><div class=\"fusion-layout-column fusion_builder_column fusion-builder-column-1 fusion_builder_column_1_3 1_3 fusion-one-third fusion-column-last\" style=\"--awb-bg-size:cover;width:33.3333333333%;width:calc(33.3333333333% - ( ( 4% ) * 0.333333333333 ) );\"><div class=\"fusion-column-wrapper fusion-column-has-shadow fusion-flex-column-wrapper-legacy\"><div class=\"fusion-sep-clear\"><\/div><div class=\"fusion-separator fusion-no-small-visibility fusion-no-medium-visibility fusion-full-width-sep\" style=\"margin-left: auto;margin-right: auto;margin-top:60px;width:100%;\"><\/div><div class=\"fusion-sep-clear\"><\/div><div class=\"awb-gallery-wrapper awb-gallery-wrapper-1 button-span-no\"><div style=\"margin:-5px;--awb-bordersize:0px;\" class=\"fusion-gallery fusion-gallery-container fusion-grid-1 fusion-columns-total-3 fusion-gallery-layout-grid fusion-gallery-1\"><div style=\"padding:5px;\" class=\"fusion-grid-column fusion-gallery-column fusion-gallery-column-1 hover-type-none\"><div class=\"fusion-gallery-image\"><a href=\"https:\/\/simonjersey.eu\/fi\/wp-content\/uploads\/sites\/3\/2019\/09\/muugisalong.jpg\" rel=\"noreferrer\" data-rel=\"iLightbox[gallery_image_1]\" class=\"fusion-lightbox\" target=\"_self\"><img decoding=\"async\" src=\"https:\/\/simonjersey.eu\/fi\/wp-content\/uploads\/sites\/3\/2019\/09\/muugisalong.jpg\" width=\"1000\" height=\"667\" alt=\"\" title=\"muugisalong\" aria-label=\"muugisalong\" class=\"img-responsive wp-image-110\" srcset=\"https:\/\/simonjersey.eu\/fi\/wp-content\/uploads\/sites\/3\/2019\/09\/muugisalong-200x133.jpg 200w, https:\/\/simonjersey.eu\/fi\/wp-content\/uploads\/sites\/3\/2019\/09\/muugisalong-400x267.jpg 400w, https:\/\/simonjersey.eu\/fi\/wp-content\/uploads\/sites\/3\/2019\/09\/muugisalong-600x400.jpg 600w, https:\/\/simonjersey.eu\/fi\/wp-content\/uploads\/sites\/3\/2019\/09\/muugisalong-800x534.jpg 800w, https:\/\/simonjersey.eu\/fi\/wp-content\/uploads\/sites\/3\/2019\/09\/muugisalong.jpg 1000w\" sizes=\"(min-width: 2200px) 100vw, (min-width: 640px) 1200px, \" \/><\/a><\/div><\/div><div class=\"clearfix\"><\/div><div style=\"padding:5px;\" class=\"fusion-grid-column fusion-gallery-column fusion-gallery-column-1 hover-type-none\"><div class=\"fusion-gallery-image\"><a href=\"https:\/\/simonjersey.eu\/fi\/wp-content\/uploads\/sites\/3\/2019\/09\/pluusid-sargid.jpg\" rel=\"noreferrer\" data-rel=\"iLightbox[gallery_image_1]\" class=\"fusion-lightbox\" target=\"_self\"><img decoding=\"async\" src=\"https:\/\/simonjersey.eu\/fi\/wp-content\/uploads\/sites\/3\/2019\/09\/pluusid-sargid.jpg\" width=\"1000\" height=\"667\" alt=\"\" title=\"pluusid-sargid\" aria-label=\"pluusid-sargid\" class=\"img-responsive wp-image-111\" srcset=\"https:\/\/simonjersey.eu\/fi\/wp-content\/uploads\/sites\/3\/2019\/09\/pluusid-sargid-200x133.jpg 200w, https:\/\/simonjersey.eu\/fi\/wp-content\/uploads\/sites\/3\/2019\/09\/pluusid-sargid-400x267.jpg 400w, https:\/\/simonjersey.eu\/fi\/wp-content\/uploads\/sites\/3\/2019\/09\/pluusid-sargid-600x400.jpg 600w, https:\/\/simonjersey.eu\/fi\/wp-content\/uploads\/sites\/3\/2019\/09\/pluusid-sargid-800x534.jpg 800w, https:\/\/simonjersey.eu\/fi\/wp-content\/uploads\/sites\/3\/2019\/09\/pluusid-sargid.jpg 1000w\" sizes=\"(min-width: 2200px) 100vw, (min-width: 640px) 1200px, \" \/><\/a><\/div><\/div><div class=\"clearfix\"><\/div><div style=\"padding:5px;\" class=\"fusion-grid-column fusion-gallery-column fusion-gallery-column-1 hover-type-none\"><div class=\"fusion-gallery-image\"><a href=\"https:\/\/simonjersey.eu\/fi\/wp-content\/uploads\/sites\/3\/2019\/09\/kataloogid.jpg\" rel=\"noreferrer\" data-rel=\"iLightbox[gallery_image_1]\" class=\"fusion-lightbox\" target=\"_self\"><img decoding=\"async\" src=\"https:\/\/simonjersey.eu\/fi\/wp-content\/uploads\/sites\/3\/2019\/09\/kataloogid.jpg\" width=\"1000\" height=\"667\" alt=\"\" title=\"kataloogid\" aria-label=\"kataloogid\" class=\"img-responsive wp-image-109\" srcset=\"https:\/\/simonjersey.eu\/fi\/wp-content\/uploads\/sites\/3\/2019\/09\/kataloogid-200x133.jpg 200w, https:\/\/simonjersey.eu\/fi\/wp-content\/uploads\/sites\/3\/2019\/09\/kataloogid-400x267.jpg 400w, https:\/\/simonjersey.eu\/fi\/wp-content\/uploads\/sites\/3\/2019\/09\/kataloogid-600x400.jpg 600w, https:\/\/simonjersey.eu\/fi\/wp-content\/uploads\/sites\/3\/2019\/09\/kataloogid-800x534.jpg 800w, https:\/\/simonjersey.eu\/fi\/wp-content\/uploads\/sites\/3\/2019\/09\/kataloogid.jpg 1000w\" sizes=\"(min-width: 2200px) 100vw, (min-width: 640px) 1200px, \" \/><\/a><\/div><\/div><div class=\"clearfix\"><\/div><\/div><\/div><div class=\"fusion-clearfix\"><\/div><\/div><\/div><\/div><\/div>\n","protected":false},"excerpt":{"rendered":"","protected":false},"author":1,"featured_media":0,"parent":0,"menu_order":0,"comment_status":"closed","ping_status":"closed","template":"","meta":{"footnotes":""},"class_list":["post-16","page","type-page","status-publish","hentry"],"yoast_head":"<!-- This site is optimized with the Yoast SEO plugin v27.2 - https:\/\/yoast.com\/product\/yoast-seo-wordpress\/ -->\n<title>Ty\u00f6vaatteet - laadukkuutta ja toiminnallisuutta - Simon Jersey Suomi<\/title>\n<meta name=\"description\" content=\"ty\u00f6vaatteet terveydenhuollon ammattilaisille, Ty\u00f6vaatteet hoitoalan opiskelijoille, Hoitoalan ty\u00f6vaatteet, Ty\u00f6asut asiakaspalveluun.\" \/>\n<meta name=\"robots\" content=\"index, follow, max-snippet:-1, max-image-preview:large, max-video-preview:-1\" \/>\n<link rel=\"canonical\" href=\"https:\/\/simonjersey.eu\/fi\/kuinka-tilataa\/\" \/>\n<meta property=\"og:locale\" content=\"fi_FI\" \/>\n<meta property=\"og:type\" content=\"article\" \/>\n<meta property=\"og:title\" content=\"Ty\u00f6vaatteet - laadukkuutta ja toiminnallisuutta - Simon Jersey Suomi\" \/>\n<meta property=\"og:description\" content=\"ty\u00f6vaatteet terveydenhuollon ammattilaisille, Ty\u00f6vaatteet hoitoalan opiskelijoille, Hoitoalan ty\u00f6vaatteet, Ty\u00f6asut asiakaspalveluun.\" \/>\n<meta property=\"og:url\" content=\"https:\/\/simonjersey.eu\/fi\/kuinka-tilataa\/\" \/>\n<meta property=\"og:site_name\" content=\"Simon Jersey Suomi\" \/>\n<meta property=\"article:modified_time\" content=\"2019-12-18T11:28:39+00:00\" \/>\n<meta name=\"twitter:card\" content=\"summary_large_image\" \/>\n<meta name=\"twitter:label1\" content=\"Arvioitu lukuaika\" \/>\n\t<meta name=\"twitter:data1\" content=\"3 minuuttia\" \/>\n<script type=\"application\/ld+json\" class=\"yoast-schema-graph\">{\"@context\":\"https:\/\/schema.org\",\"@graph\":[{\"@type\":\"WebPage\",\"@id\":\"https:\/\/simonjersey.eu\/fi\/kuinka-tilataa\/\",\"url\":\"https:\/\/simonjersey.eu\/fi\/kuinka-tilataa\/\",\"name\":\"Ty\u00f6vaatteet - laadukkuutta ja toiminnallisuutta - Simon Jersey Suomi\",\"isPartOf\":{\"@id\":\"https:\/\/simonjersey.eu\/fi\/#website\"},\"datePublished\":\"2019-09-16T08:03:58+00:00\",\"dateModified\":\"2019-12-18T11:28:39+00:00\",\"description\":\"ty\u00f6vaatteet terveydenhuollon ammattilaisille, Ty\u00f6vaatteet hoitoalan opiskelijoille, Hoitoalan ty\u00f6vaatteet, Ty\u00f6asut asiakaspalveluun.\",\"breadcrumb\":{\"@id\":\"https:\/\/simonjersey.eu\/fi\/kuinka-tilataa\/#breadcrumb\"},\"inLanguage\":\"fi\",\"potentialAction\":[{\"@type\":\"ReadAction\",\"target\":[\"https:\/\/simonjersey.eu\/fi\/kuinka-tilataa\/\"]}]},{\"@type\":\"BreadcrumbList\",\"@id\":\"https:\/\/simonjersey.eu\/fi\/kuinka-tilataa\/#breadcrumb\",\"itemListElement\":[{\"@type\":\"ListItem\",\"position\":1,\"name\":\"Home\",\"item\":\"https:\/\/simonjersey.eu\/fi\/\"},{\"@type\":\"ListItem\",\"position\":2,\"name\":\"Kuinka tilataa\"}]},{\"@type\":\"WebSite\",\"@id\":\"https:\/\/simonjersey.eu\/fi\/#website\",\"url\":\"https:\/\/simonjersey.eu\/fi\/\",\"name\":\"Simon Jersey Suomi\",\"description\":\"Tyylikk\u00e4\u00e4t ja kest\u00e4v\u00e4t  ammattiasut\",\"potentialAction\":[{\"@type\":\"SearchAction\",\"target\":{\"@type\":\"EntryPoint\",\"urlTemplate\":\"https:\/\/simonjersey.eu\/fi\/?s={search_term_string}\"},\"query-input\":{\"@type\":\"PropertyValueSpecification\",\"valueRequired\":true,\"valueName\":\"search_term_string\"}}],\"inLanguage\":\"fi\"}]}<\/script>\n<!-- \/ Yoast SEO plugin. -->","yoast_head_json":{"title":"Ty\u00f6vaatteet - laadukkuutta ja toiminnallisuutta - Simon Jersey Suomi","description":"ty\u00f6vaatteet terveydenhuollon ammattilaisille, Ty\u00f6vaatteet hoitoalan opiskelijoille, Hoitoalan ty\u00f6vaatteet, Ty\u00f6asut asiakaspalveluun.","robots":{"index":"index","follow":"follow","max-snippet":"max-snippet:-1","max-image-preview":"max-image-preview:large","max-video-preview":"max-video-preview:-1"},"canonical":"https:\/\/simonjersey.eu\/fi\/kuinka-tilataa\/","og_locale":"fi_FI","og_type":"article","og_title":"Ty\u00f6vaatteet - laadukkuutta ja toiminnallisuutta - Simon Jersey Suomi","og_description":"ty\u00f6vaatteet terveydenhuollon ammattilaisille, Ty\u00f6vaatteet hoitoalan opiskelijoille, Hoitoalan ty\u00f6vaatteet, Ty\u00f6asut asiakaspalveluun.","og_url":"https:\/\/simonjersey.eu\/fi\/kuinka-tilataa\/","og_site_name":"Simon Jersey Suomi","article_modified_time":"2019-12-18T11:28:39+00:00","twitter_card":"summary_large_image","twitter_misc":{"Arvioitu lukuaika":"3 minuuttia"},"schema":{"@context":"https:\/\/schema.org","@graph":[{"@type":"WebPage","@id":"https:\/\/simonjersey.eu\/fi\/kuinka-tilataa\/","url":"https:\/\/simonjersey.eu\/fi\/kuinka-tilataa\/","name":"Ty\u00f6vaatteet - laadukkuutta ja toiminnallisuutta - Simon Jersey Suomi","isPartOf":{"@id":"https:\/\/simonjersey.eu\/fi\/#website"},"datePublished":"2019-09-16T08:03:58+00:00","dateModified":"2019-12-18T11:28:39+00:00","description":"ty\u00f6vaatteet terveydenhuollon ammattilaisille, Ty\u00f6vaatteet hoitoalan opiskelijoille, Hoitoalan ty\u00f6vaatteet, Ty\u00f6asut asiakaspalveluun.","breadcrumb":{"@id":"https:\/\/simonjersey.eu\/fi\/kuinka-tilataa\/#breadcrumb"},"inLanguage":"fi","potentialAction":[{"@type":"ReadAction","target":["https:\/\/simonjersey.eu\/fi\/kuinka-tilataa\/"]}]},{"@type":"BreadcrumbList","@id":"https:\/\/simonjersey.eu\/fi\/kuinka-tilataa\/#breadcrumb","itemListElement":[{"@type":"ListItem","position":1,"name":"Home","item":"https:\/\/simonjersey.eu\/fi\/"},{"@type":"ListItem","position":2,"name":"Kuinka tilataa"}]},{"@type":"WebSite","@id":"https:\/\/simonjersey.eu\/fi\/#website","url":"https:\/\/simonjersey.eu\/fi\/","name":"Simon Jersey Suomi","description":"Tyylikk\u00e4\u00e4t ja kest\u00e4v\u00e4t  ammattiasut","potentialAction":[{"@type":"SearchAction","target":{"@type":"EntryPoint","urlTemplate":"https:\/\/simonjersey.eu\/fi\/?s={search_term_string}"},"query-input":{"@type":"PropertyValueSpecification","valueRequired":true,"valueName":"search_term_string"}}],"inLanguage":"fi"}]}},"_links":{"self":[{"href":"https:\/\/simonjersey.eu\/fi\/wp-json\/wp\/v2\/pages\/16","targetHints":{"allow":["GET"]}}],"collection":[{"href":"https:\/\/simonjersey.eu\/fi\/wp-json\/wp\/v2\/pages"}],"about":[{"href":"https:\/\/simonjersey.eu\/fi\/wp-json\/wp\/v2\/types\/page"}],"author":[{"embeddable":true,"href":"https:\/\/simonjersey.eu\/fi\/wp-json\/wp\/v2\/users\/1"}],"replies":[{"embeddable":true,"href":"https:\/\/simonjersey.eu\/fi\/wp-json\/wp\/v2\/comments?post=16"}],"version-history":[{"count":5,"href":"https:\/\/simonjersey.eu\/fi\/wp-json\/wp\/v2\/pages\/16\/revisions"}],"predecessor-version":[{"id":4934,"href":"https:\/\/simonjersey.eu\/fi\/wp-json\/wp\/v2\/pages\/16\/revisions\/4934"}],"wp:attachment":[{"href":"https:\/\/simonjersey.eu\/fi\/wp-json\/wp\/v2\/media?parent=16"}],"curies":[{"name":"wp","href":"https:\/\/api.w.org\/{rel}","templated":true}]}}