{"id":20,"date":"2019-09-16T08:04:33","date_gmt":"2019-09-16T08:04:33","guid":{"rendered":"https:\/\/simonjersey.eu\/fi\/?page_id=20"},"modified":"2021-05-28T06:47:41","modified_gmt":"2021-05-28T06:47:41","slug":"inspiraatiota","status":"publish","type":"page","link":"https:\/\/simonjersey.eu\/fi\/inspiraatiota\/","title":{"rendered":"Inspiraatiota"},"content":{"rendered":"<div class=\"fusion-fullwidth fullwidth-box fusion-builder-row-1 nonhundred-percent-fullwidth non-hundred-percent-height-scrolling\" style=\"--awb-border-radius-top-left:0px;--awb-border-radius-top-right:0px;--awb-border-radius-bottom-right:0px;--awb-border-radius-bottom-left:0px;--awb-flex-wrap:wrap;\" ><div class=\"fusion-builder-row fusion-row\"><div class=\"fusion-layout-column fusion_builder_column fusion-builder-column-0 fusion_builder_column_1_1 1_1 fusion-one-full fusion-column-first fusion-column-last\" style=\"--awb-bg-size:cover;\"><div class=\"fusion-column-wrapper fusion-column-has-shadow fusion-flex-column-wrapper-legacy\"><div class=\"fusion-text fusion-text-1\"><h1>Inspiraatiota<\/h1>\n<\/div><div class=\"fusion-sep-clear\"><\/div><div class=\"fusion-separator fusion-full-width-sep\" style=\"margin-left: auto;margin-right: auto;margin-top:20px;width:100%;\"><\/div><div class=\"fusion-sep-clear\"><\/div><div class=\"fusion-blog-shortcode fusion-blog-shortcode-1 fusion-blog-archive fusion-blog-layout-grid-wrapper fusion-blog-no\"><style type=\"text\/css\">.fusion-blog-shortcode-1 .fusion-blog-layout-grid .fusion-post-grid{padding:20px;}.fusion-blog-shortcode-1 .fusion-posts-container{margin-left: -20px !important; margin-right:-20px !important;}<\/style><div class=\"fusion-posts-container fusion-posts-container-no fusion-blog-layout-grid fusion-blog-layout-grid-2 isotope\" data-pages=\"0\" data-grid-col-space=\"40\" style=\"margin: -20px -20px 0;min-height:500px;\"><article id=\"blog-1-post-237\" class=\"fusion-post-grid post-237 post type-post status-publish format-standard has-post-thumbnail hentry category-inspiraatiota\">\n<div class=\"fusion-post-wrapper\" style=\"background-color:rgba(255,255,255,0);border:1px solid #ebeaea;border-bottom-width:3px;\">\n\n\t\t\t<div class=\"fusion-flexslider flexslider fusion-flexslider-loading fusion-post-slideshow\" style=\"border-color:#ebeaea;\">\n\t\t<ul class=\"slides\">\n\t\t\t\n\t\t\t\t\t\t\t\t\t\t\t\t\t\t<li><div  class=\"fusion-image-wrapper\" aria-haspopup=\"true\">\n\t\t\t\t\t\t\t<a href=\"https:\/\/simonjersey.eu\/fi\/modern-healthcare-uniforms-what-are-your-options\/\" aria-label=\"Modern healthcare Uniforms \u2013 what are your options?\">\n\t\t\t\t\t\t\t<img decoding=\"async\" width=\"960\" height=\"960\" src=\"https:\/\/simonjersey.eu\/fi\/wp-content\/uploads\/sites\/3\/2019\/10\/tuunika.jpg\" class=\"attachment-full size-full wp-post-image\" alt=\"\" srcset=\"https:\/\/simonjersey.eu\/fi\/wp-content\/uploads\/sites\/3\/2019\/10\/tuunika-200x200.jpg 200w, https:\/\/simonjersey.eu\/fi\/wp-content\/uploads\/sites\/3\/2019\/10\/tuunika-400x400.jpg 400w, https:\/\/simonjersey.eu\/fi\/wp-content\/uploads\/sites\/3\/2019\/10\/tuunika-600x600.jpg 600w, https:\/\/simonjersey.eu\/fi\/wp-content\/uploads\/sites\/3\/2019\/10\/tuunika-800x800.jpg 800w, https:\/\/simonjersey.eu\/fi\/wp-content\/uploads\/sites\/3\/2019\/10\/tuunika.jpg 960w\" sizes=\"(min-width: 2200px) 100vw, (min-width: 712px) 580px, (min-width: 640px) 712px, \" \/>\t\t\t<\/a>\n\t\t\t\t\t\t\t<\/div>\n<\/li>\n\t\t\t\n\t\t\t\n\t\t\t\t\t\t\t\t\t\t\t\t\t\t\t\t\t\t\t\t\t\t\t\t\t\t\t\t\t\t\t\t\t\t\t\t\t\t\t\t\t\t\t\t\t\t\t\t\t\t\t\t\t\t\t\t\t\t\t\t\t\t\t\t\t\t\t\t<\/ul>\n\t<\/div>\n\t<div class=\"fusion-post-content-wrapper\" style=\"padding:30px 25px 20px 25px;\"><div class=\"fusion-post-content post-content\"><h2 class=\"blog-shortcode-post-title\"><a href=\"https:\/\/simonjersey.eu\/fi\/modern-healthcare-uniforms-what-are-your-options\/\">Modern healthcare Uniforms \u2013 what are your options?<\/a><\/h2><p class=\"fusion-single-line-meta\"><span>01. lokakuun 2019<\/span><span class=\"fusion-inline-sep\">|<\/span><\/p><div class=\"fusion-content-sep sep-double sep-solid\"><\/div><div class=\"fusion-post-content-container\"><p>From the traditional healthcare blue to shades of purple, you can improve the ambiance of your care environment by your work uniform choices.<br \/>\n <a href=\"https:\/\/simonjersey.eu\/fi\/modern-healthcare-uniforms-what-are-your-options\/#more-237\" class=\"more-link\"><span aria-label=\"Jatka artikkelin Modern healthcare Uniforms \u2013 what are your options? lukemista\">(lis\u00e4\u00e4&hellip;)<\/span><\/a><\/p>\n<\/div><\/div><div class=\"fusion-meta-info\"><div class=\"fusion-alignleft\"><a class=\"fusion-read-more\" href=\"https:\/\/simonjersey.eu\/fi\/modern-healthcare-uniforms-what-are-your-options\/\" aria-label=\"More on Modern healthcare Uniforms \u2013 what are your options?\">Jatkaa lukemist\u00e4<\/a><\/div><\/div><\/div><div class=\"fusion-clearfix\"><\/div><\/div>\n<\/article>\n<div class=\"fusion-clearfix\"><\/div><\/div><\/div><div class=\"fusion-clearfix\"><\/div><\/div><\/div><\/div><\/div>\n","protected":false},"excerpt":{"rendered":"","protected":false},"author":1,"featured_media":0,"parent":0,"menu_order":0,"comment_status":"closed","ping_status":"closed","template":"","meta":{"footnotes":""},"class_list":["post-20","page","type-page","status-publish","hentry"],"yoast_head":"<!-- This site is optimized with the Yoast SEO plugin v27.2 - https:\/\/yoast.com\/product\/yoast-seo-wordpress\/ -->\n<title>Simon Jersey ammattiasut, ty\u00f6asut ja vaatteet - Simon Jersey Suomi<\/title>\n<meta name=\"description\" content=\"ty\u00f6vaatteet hoitoalalle, ravintolaalalle, siivousalalle. Keitti\u00f6vaatteet , kokinvaatteet, tarjoilijanvaatteet. Hotelli- ja ravintola-alan ty\u00f6vaatteet.\" \/>\n<meta name=\"robots\" content=\"index, follow, max-snippet:-1, max-image-preview:large, max-video-preview:-1\" \/>\n<link rel=\"canonical\" href=\"https:\/\/simonjersey.eu\/fi\/inspiraatiota\/\" \/>\n<meta property=\"og:locale\" content=\"fi_FI\" \/>\n<meta property=\"og:type\" content=\"article\" \/>\n<meta property=\"og:title\" content=\"Simon Jersey ammattiasut, ty\u00f6asut ja vaatteet - Simon Jersey Suomi\" \/>\n<meta property=\"og:description\" content=\"ty\u00f6vaatteet hoitoalalle, ravintolaalalle, siivousalalle. Keitti\u00f6vaatteet , kokinvaatteet, tarjoilijanvaatteet. Hotelli- ja ravintola-alan ty\u00f6vaatteet.\" \/>\n<meta property=\"og:url\" content=\"https:\/\/simonjersey.eu\/fi\/inspiraatiota\/\" \/>\n<meta property=\"og:site_name\" content=\"Simon Jersey Suomi\" \/>\n<meta property=\"article:modified_time\" content=\"2021-05-28T06:47:41+00:00\" \/>\n<meta name=\"twitter:card\" content=\"summary_large_image\" \/>\n<meta name=\"twitter:label1\" content=\"Arvioitu lukuaika\" \/>\n\t<meta name=\"twitter:data1\" content=\"2 minuuttia\" \/>\n<script type=\"application\/ld+json\" class=\"yoast-schema-graph\">{\"@context\":\"https:\/\/schema.org\",\"@graph\":[{\"@type\":\"WebPage\",\"@id\":\"https:\/\/simonjersey.eu\/fi\/inspiraatiota\/\",\"url\":\"https:\/\/simonjersey.eu\/fi\/inspiraatiota\/\",\"name\":\"Simon Jersey ammattiasut, ty\u00f6asut ja vaatteet - Simon Jersey Suomi\",\"isPartOf\":{\"@id\":\"https:\/\/simonjersey.eu\/fi\/#website\"},\"datePublished\":\"2019-09-16T08:04:33+00:00\",\"dateModified\":\"2021-05-28T06:47:41+00:00\",\"description\":\"ty\u00f6vaatteet hoitoalalle, ravintolaalalle, siivousalalle. Keitti\u00f6vaatteet , kokinvaatteet, tarjoilijanvaatteet. Hotelli- ja ravintola-alan ty\u00f6vaatteet.\",\"breadcrumb\":{\"@id\":\"https:\/\/simonjersey.eu\/fi\/inspiraatiota\/#breadcrumb\"},\"inLanguage\":\"fi\",\"potentialAction\":[{\"@type\":\"ReadAction\",\"target\":[\"https:\/\/simonjersey.eu\/fi\/inspiraatiota\/\"]}]},{\"@type\":\"BreadcrumbList\",\"@id\":\"https:\/\/simonjersey.eu\/fi\/inspiraatiota\/#breadcrumb\",\"itemListElement\":[{\"@type\":\"ListItem\",\"position\":1,\"name\":\"Home\",\"item\":\"https:\/\/simonjersey.eu\/fi\/\"},{\"@type\":\"ListItem\",\"position\":2,\"name\":\"Inspiraatiota\"}]},{\"@type\":\"WebSite\",\"@id\":\"https:\/\/simonjersey.eu\/fi\/#website\",\"url\":\"https:\/\/simonjersey.eu\/fi\/\",\"name\":\"Simon Jersey Suomi\",\"description\":\"Tyylikk\u00e4\u00e4t ja kest\u00e4v\u00e4t  ammattiasut\",\"potentialAction\":[{\"@type\":\"SearchAction\",\"target\":{\"@type\":\"EntryPoint\",\"urlTemplate\":\"https:\/\/simonjersey.eu\/fi\/?s={search_term_string}\"},\"query-input\":{\"@type\":\"PropertyValueSpecification\",\"valueRequired\":true,\"valueName\":\"search_term_string\"}}],\"inLanguage\":\"fi\"}]}<\/script>\n<!-- \/ Yoast SEO plugin. -->","yoast_head_json":{"title":"Simon Jersey ammattiasut, ty\u00f6asut ja vaatteet - Simon Jersey Suomi","description":"ty\u00f6vaatteet hoitoalalle, ravintolaalalle, siivousalalle. Keitti\u00f6vaatteet , kokinvaatteet, tarjoilijanvaatteet. Hotelli- ja ravintola-alan ty\u00f6vaatteet.","robots":{"index":"index","follow":"follow","max-snippet":"max-snippet:-1","max-image-preview":"max-image-preview:large","max-video-preview":"max-video-preview:-1"},"canonical":"https:\/\/simonjersey.eu\/fi\/inspiraatiota\/","og_locale":"fi_FI","og_type":"article","og_title":"Simon Jersey ammattiasut, ty\u00f6asut ja vaatteet - Simon Jersey Suomi","og_description":"ty\u00f6vaatteet hoitoalalle, ravintolaalalle, siivousalalle. Keitti\u00f6vaatteet , kokinvaatteet, tarjoilijanvaatteet. Hotelli- ja ravintola-alan ty\u00f6vaatteet.","og_url":"https:\/\/simonjersey.eu\/fi\/inspiraatiota\/","og_site_name":"Simon Jersey Suomi","article_modified_time":"2021-05-28T06:47:41+00:00","twitter_card":"summary_large_image","twitter_misc":{"Arvioitu lukuaika":"2 minuuttia"},"schema":{"@context":"https:\/\/schema.org","@graph":[{"@type":"WebPage","@id":"https:\/\/simonjersey.eu\/fi\/inspiraatiota\/","url":"https:\/\/simonjersey.eu\/fi\/inspiraatiota\/","name":"Simon Jersey ammattiasut, ty\u00f6asut ja vaatteet - Simon Jersey Suomi","isPartOf":{"@id":"https:\/\/simonjersey.eu\/fi\/#website"},"datePublished":"2019-09-16T08:04:33+00:00","dateModified":"2021-05-28T06:47:41+00:00","description":"ty\u00f6vaatteet hoitoalalle, ravintolaalalle, siivousalalle. Keitti\u00f6vaatteet , kokinvaatteet, tarjoilijanvaatteet. Hotelli- ja ravintola-alan ty\u00f6vaatteet.","breadcrumb":{"@id":"https:\/\/simonjersey.eu\/fi\/inspiraatiota\/#breadcrumb"},"inLanguage":"fi","potentialAction":[{"@type":"ReadAction","target":["https:\/\/simonjersey.eu\/fi\/inspiraatiota\/"]}]},{"@type":"BreadcrumbList","@id":"https:\/\/simonjersey.eu\/fi\/inspiraatiota\/#breadcrumb","itemListElement":[{"@type":"ListItem","position":1,"name":"Home","item":"https:\/\/simonjersey.eu\/fi\/"},{"@type":"ListItem","position":2,"name":"Inspiraatiota"}]},{"@type":"WebSite","@id":"https:\/\/simonjersey.eu\/fi\/#website","url":"https:\/\/simonjersey.eu\/fi\/","name":"Simon Jersey Suomi","description":"Tyylikk\u00e4\u00e4t ja kest\u00e4v\u00e4t  ammattiasut","potentialAction":[{"@type":"SearchAction","target":{"@type":"EntryPoint","urlTemplate":"https:\/\/simonjersey.eu\/fi\/?s={search_term_string}"},"query-input":{"@type":"PropertyValueSpecification","valueRequired":true,"valueName":"search_term_string"}}],"inLanguage":"fi"}]}},"_links":{"self":[{"href":"https:\/\/simonjersey.eu\/fi\/wp-json\/wp\/v2\/pages\/20","targetHints":{"allow":["GET"]}}],"collection":[{"href":"https:\/\/simonjersey.eu\/fi\/wp-json\/wp\/v2\/pages"}],"about":[{"href":"https:\/\/simonjersey.eu\/fi\/wp-json\/wp\/v2\/types\/page"}],"author":[{"embeddable":true,"href":"https:\/\/simonjersey.eu\/fi\/wp-json\/wp\/v2\/users\/1"}],"replies":[{"embeddable":true,"href":"https:\/\/simonjersey.eu\/fi\/wp-json\/wp\/v2\/comments?post=20"}],"version-history":[{"count":4,"href":"https:\/\/simonjersey.eu\/fi\/wp-json\/wp\/v2\/pages\/20\/revisions"}],"predecessor-version":[{"id":6115,"href":"https:\/\/simonjersey.eu\/fi\/wp-json\/wp\/v2\/pages\/20\/revisions\/6115"}],"wp:attachment":[{"href":"https:\/\/simonjersey.eu\/fi\/wp-json\/wp\/v2\/media?parent=20"}],"curies":[{"name":"wp","href":"https:\/\/api.w.org\/{rel}","templated":true}]}}