{"id":29,"date":"2019-09-16T08:12:26","date_gmt":"2019-09-16T08:12:26","guid":{"rendered":"https:\/\/simonjersey.eu\/fi\/?page_id=29"},"modified":"2024-10-30T11:33:09","modified_gmt":"2024-10-30T11:33:09","slug":"myyntiehdot","status":"publish","type":"page","link":"https:\/\/simonjersey.eu\/fi\/myyntiehdot\/","title":{"rendered":"Myyntiehdot"},"content":{"rendered":"<div class=\"fusion-fullwidth fullwidth-box fusion-builder-row-1 nonhundred-percent-fullwidth non-hundred-percent-height-scrolling\" style=\"--awb-border-radius-top-left:0px;--awb-border-radius-top-right:0px;--awb-border-radius-bottom-right:0px;--awb-border-radius-bottom-left:0px;--awb-flex-wrap:wrap;\" ><div class=\"fusion-builder-row fusion-row\"><div class=\"fusion-layout-column fusion_builder_column fusion-builder-column-0 fusion_builder_column_4_5 4_5 fusion-four-fifth fusion-column-first\" style=\"--awb-bg-size:cover;--awb-margin-bottom:0px;width:79.2%; margin-right: 4%;\"><div class=\"fusion-column-wrapper fusion-flex-column-wrapper-legacy\"><div class=\"fusion-text fusion-text-1\"><h1>Myyntiehdot<\/h1>\n<p>Verkkokauppan <a href=\"https:\/\/simonjersey.eu\/\"><strong>https:\/\/simonjersey.eu\/<\/strong><\/a> (j\u00e4ljemp\u00e4n\u00e4 verkkokauppa) omistaja on ProUniforms O\u00dc (registrikood 12952533), osoite: Pearna tee 16, Tammneeme 74017, Harjumaa, Estonia.<\/p>\n<p>N\u00e4iden ehtojen lis\u00e4ksi, tuotteiden verkkokaupasta ostamisen yhteydess\u00e4 muodostuviin oikeudellisiin suhteisiin sovelletaan my\u00f6s Viron lains\u00e4\u00e4d\u00e4nt\u00f6\u00e4.<\/p>\n<p><strong>Myyntisopimuksen voimassaolo, tuote- ja hintatiedot<\/strong><\/p>\n<p>Verkkokauppamme hinnat on ilmoitettu euroissa ja ilman arvonlis\u00e4veroa (22%). Yksityisasiakaille lisantu arvolis\u00e4vero (22%) Ostoskorin hinta kertoo aina ostojen suuruuden ilman toimituskuluja. Hinnat ovat voimassa ainoastaan verkkokaupastamme tehdyiss\u00e4 tilauksissa.<\/p>\n<p>Tuotetiedot ovat esill\u00e4 verkkokaupassa tuotteen vieress\u00e4.<\/p>\n<p>Toimitusmaksu riippuu ostajan sijainnista ja toimitustavasta. Toimitustavat kuvataan tilauksen tekemisen yhteydess\u00e4.<\/p>\n<p><strong>Toimitukset<\/strong><\/p>\n<p>Tilatut tuotteet toimitetaan seuraaviin maihin: Suomi.<\/p>\n<p>Toimitukset Suomeen:<\/p>\n<ul>\n<li>Itella SmartPOST: 13,00 \u20ac;<\/li>\n<li>Kuriiripalvelu DPD: 22,00 \u20ac<\/li>\n<\/ul>\n<p><strong> Tilauksen tekeminen<\/strong><\/p>\n<p>Lis\u00e4\u00e4 sopiva tuote sen tilaamista varten ostoskoriin. T\u00e4yt\u00e4 kaikki pakolliset kent\u00e4t ja valitse tilauksen toteuttamista varten parhaiten sopiva toimitustapa.<br \/>N\u00e4yt\u00f6ss\u00e4 kuvataan kustannukset yhteens\u00e4. L\u00e4het\u00e4mme asiakkaalle tilausvahvistuksen, toimitusaikana ja laskun, s\u00e4hk\u00f6postitse 2 ty\u00f6p\u00e4iv\u00e4n kuluessa ,sen j\u00e4lkeen kun asiakas on l\u00e4hett\u00e4nyt tilauksen painamalla Tilaa ostoskorin tuotteet -painiketta.<br \/>T\u00e4m\u00e4n j\u00e4lkeen tilausta ei voi en\u00e4\u00e4 peruuttaa. Sopimus astuu voimaan, kun maksettavaksi kuuluva m\u00e4\u00e4r\u00e4 on saapunut verkkokaupan pankkitilille.<br \/>Jos emme voi toimittaa tilattuja tuotteita, koska ne ovat loppuneet varastosta tai muusta syyst\u00e4 johtuen, ostajalle ilmoitetaan siit\u00e4 ensi tilassa ja maksettu m\u00e4\u00e4r\u00e4 (my\u00f6s toimitusmaksu) palautetaan ostajalle ensi tilassa, mutta viimeist\u00e4\u00e4n 14 p\u00e4iv\u00e4n sis\u00e4ll\u00e4 tiedon vastaanottamisesta alkaen.<\/p>\n<p>Ostaja maksaa toimituskulut ja sit\u00e4 koskevat tiedot on kuvattu toimitustapatietojen yhteyteen.<\/p>\n<p>Kaikki Viron ulkopuolelle l\u00e4hetetyt toimitukset toimitetaan vastaanottajalle 7-14 kalenterip\u00e4iv\u00e4n sis\u00e4ll\u00e4.<br \/>Pid\u00e4t\u00e4mme oikeuden poikkeustilanteessa tilattujen tuotteiden toimittamiseen maksimissaan 45 p\u00e4iv\u00e4n sis\u00e4ll\u00e4.<\/p>\n<p><strong> Oikeus tilauksen peruuttamiseen<\/strong><\/p>\n<p>Ostajalla on tilauksen vastaanottamisen j\u00e4lkeen oikeus peruuttaa verkkokaupan kanssa solmittu ostosopimus 14 p\u00e4iv\u00e4n sis\u00e4ll\u00e4.<br \/>Oikeus ostosopimuksen peruuttamiseen ei p\u00e4de, jos ostaja on oikeushenkil\u00f6. Ostosopimuksen 14 p\u00e4iv\u00e4n sis\u00e4ll\u00e4 peruuttamisen oikeuden toteuttaminen edellytt\u00e4\u00e4, ett\u00e4 tilattuja tuotteita ei ole k\u00e4ytetty mihink\u00e4\u00e4n muuhun tarkoitukseen, kuin tuotteiden laadun, ominaisuuksien ja toimivuuden selvitt\u00e4miseen samalla tavalla kuin sen voisi toteuttaa varsinaisessa myym\u00e4l\u00e4ss\u00e4.<\/p>\n<p>Huomio! Custom Duty -maksuja ei palauteta, niin verkkokauppa palauttaa asiakkaalle 90% tavaroiden arvosta.<\/p>\n<p>Jos tuotteita on k\u00e4ytetty muuhun tarkoitukseen kuin on tarpeen niiden laadun, ominaisuuksien tai toimivuuden selvitt\u00e4miseen tai jos niiss\u00e4 on k\u00e4ytt\u00e4miseen ja kulumiseen viittaavia merkkej\u00e4, on verkkokaupalla oikeus v\u00e4hent\u00e4\u00e4 tuotteesta palauttavaa hintaa tuotteiden arvon alentumista vastaavan m\u00e4\u00e4r\u00e4n verran.<\/p>\n<p>Tuotteiden palauttamiseen on t\u00e4ytett\u00e4v\u00e4 tuotteiden palauttamisen lomake ja l\u00e4hetett\u00e4v\u00e4 se s\u00e4hk\u00f6postiosoitteeseen info@simonjesrey.eu 14 p\u00e4iv\u00e4n sis\u00e4ll\u00e4 tuotteiden vastaanottamisesta alkaen.<\/p>\n<p>Ostaja kantaa tuotteiden palauttamisen kulut, paitsi jos palauttaminen johtuu siit\u00e4, ett\u00e4 palautettava tuote ei ole tilauksen mukainen (eli on toimitettu v\u00e4\u00e4r\u00e4 tai viallinen tuote).<br \/>Ostajan on palautettava tuote 14 p\u00e4iv\u00e4n sis\u00e4ll\u00e4 peruttamisilmoituksen l\u00e4hett\u00e4misest\u00e4 ja todistettava, ett\u00e4 palautettava tuote on luovutettu em. ajanjakson sis\u00e4ll\u00e4 kuljetusyhti\u00f6lle.<br \/>Verkkokauppa palauttaa tuotteiden vastaanottamisen j\u00e4lkeen tuotteista ostosopimuksen nojalla maksetun hinnan ( ilman kuljetus- ja tullikustannuksia) ostajalle v\u00e4litt\u00f6m\u00e4sti, mutta viimeist\u00e4\u00e4n 14 p\u00e4iv\u00e4n sis\u00e4ll\u00e4.<\/p>\n<p>Verkkokaupalla on oikeus kielt\u00e4yty\u00e4 tuotteesta maksetun hinnan palauttamisesta siihen saakka, kunnes palautettavaksi ilmoitetut tuotteet ovat saapuneet verkkokauppaan tai kun ostaja todistanut tuotteet palautetun, riippuen siit\u00e4, kumpi saapuu ensin.<\/p>\n<p>Jos ostaja on tietoisesti valinnut erilaisen toimitustavan kuin mit\u00e4 verkkokaupan tarjoama edullisin ja yleisin toimitustapa olisi, kaupalla ei ole velvollisuutta korvata tavanomaisista toimituskuluista poikkeavia toimitusmaksuja.<br \/>Verkkokaupalla on oikeus peruuttaa myynti ja vaatia ostajalta tuotteiden palauttamista, jos tuotteiden verkkokaupassa ilmoitettu hinta on virheest\u00e4 johtuen selke\u00e4sti alhaisempi kuin mit\u00e4 kyseisten tuotteiden markkinahinta olisi.<\/p>\n<p><strong>Persuuttamisilmoitus lomakke<\/strong><\/p>\n<p>Sopimuksen peruuttaminen muualla kuin elinkeinoharjoittajan tiloissa:<\/p>\n<p>Jos haluat peruuttaa ostosopimuksen, t\u00e4yt\u00e4 lomake ja l\u00e4het\u00e4 se takaisin osoitteeseen info@simonjersey.eu<br \/>\u2014 Vastaanottaja: ProUniforms O\u00dc osoite: Pearna tee 16 Tammneeme 74017 Viro<\/p>\n<p>\u2014 Haluan t\u00e4ten peruuttaa (*) tilauksen, joka sis\u00e4lt\u00e4\u00e4 (*), (*)\u2026<br \/>\u2014 Tilauksen tekemisen p\u00e4iv\u00e4 (*) \/ tilauksen vastaanottamisen p\u00e4iv\u00e4 (*)<br \/>\u2014 Asiakkaan nimi<br \/>\u2014 Asiakkaan yhteystiedot: s\u00e4hk\u00f6posti ja puhelinnumero<\/p>\n<p><strong>Vialliset tuotteet<\/strong><\/p>\n<p>Verkkokauppa ottaa vastuun, jos ostajalle myydyt tuotteet eiv\u00e4t t\u00e4yt\u00e4 sopimuksessa ilmoitettuja ehtoja tai jos tuotteessa on sen toimituksen aikana virheit\u00e4 tai jos tuotteessa todetaan virheit\u00e4 kahden vuoden sis\u00e4ll\u00e4 niiden toimituksesta.<br \/>Kuuden ensimm\u00e4isen toimitusta seuraavan kuukauden aikana l\u00e4hdet\u00e4\u00e4n siit\u00e4, ett\u00e4 virhe tuotteessa oli olemassa jo sen toimituksen aikana. Verkkokaupalla on muun tilanteen osalta todistusvelvollisuus.<\/p>\n<p>Ostajalla on oikeus ottaa yhteytt\u00e4 verkkokauppaan kahden kuukauden sis\u00e4ll\u00e4 tuotteessa virheen havaitsemisen j\u00e4lkeen, l\u00e4hett\u00e4m\u00e4ll\u00e4 viestin osoitteeseen simonjersey.eu tai soittamalla numeroon +372 56861030.<\/p>\n<p>Verkkokauppa ei ole vastuussa mist\u00e4\u00e4n virheist\u00e4, jotka ovat ilmenneet tuotteiden ostajalle toimittamisen j\u00e4lkeen.<br \/>Jos verkkokaupasta ostetuissa tuotteissa todetaan virheit\u00e4, joista verkkokauppa on vastuussa, verkkokauppa korjaa vialliset tuotteet tai vaihtaa ne. Jos tuotteita ei voida korjata tai vaihtaa, verkkokauppa palautta ostajalle kaikki myyntisopimuksen mukaiset maksusuoritukset.<br \/>Verkkokauppa vastaa kuluttajan reklamaatioon kirjallisesti tai kirjallisen uudelleen esitt\u00e4misen mahdollistava muodossa 15 p\u00e4iv\u00e4n sis\u00e4ll\u00e4.<\/p>\n<p><strong>Henkil\u00f6tietojen k\u00e4sittely<\/strong><\/p>\n<p>Verkkokauppa k\u00e4ytt\u00e4\u00e4 ostajan sy\u00f6tt\u00e4mi\u00e4 henkil\u00f6tietoja (mm. nimi, puhelinnumero, osoite, s\u00e4hk\u00f6posti ja pankkitiedot) vain tilauksen k\u00e4sittelemiseen sek\u00e4 tilattujen tuotteiden toimittamiseen. Verkkokauppa v\u00e4litt\u00e4\u00e4 henkil\u00f6tiedot kuljetuspalvelun tarjoajalle tuotteiden toimittamista varten.<\/p>\n<p><strong>Erimielisyyksien ratkaiseminen<\/strong><\/p>\n<p>Kaikki ostajan reklamaatiot verkkokauppaa koskien on l\u00e4hetett\u00e4v\u00e4 s\u00e4hk\u00f6postiosoitteeseen simonjersey.eu tai ilmoitettava soittamalla numeroon +372 56861030.<br \/>Ostajalla on oikeus k\u00e4\u00e4nty\u00e4 toimivaltaisen valvontaviranomaisen puoleen, joka on <a href=\"https:\/\/komisjon.ee\/et\" target=\"_blank\" rel=\"noopener\"><strong>kansallinen kuluttajansuojahallitus<\/strong><\/a>, Pronksi 12, 10117 Tallinn, s\u00e4hk\u00f6posti: info@tarbijakaitseamet.ee. Online-kuluttajariitojen ratkaiseminen tuomioistuinten ulkopuolelle Euroopan parlamentin ja neuvoston asetuksen (EY) N: o 524\/2013 mukaisesti.<\/p>\n<p>Ostajalla on oikeus k\u00e4\u00e4nty\u00e4 <a href=\"https:\/\/ec.europa.eu\/consumers\/odr\/main\/index.cfm?event=main.home.chooseLanguage\" target=\"_blank\" rel=\"noopener\"><strong>Euroopan unionin kuluttajansuojan<\/strong><\/a> puoleen.<\/p>\n<\/div><div class=\"fusion-clearfix\"><\/div><\/div><\/div><div class=\"fusion-layout-column fusion_builder_column fusion-builder-column-1 fusion_builder_column_1_5 1_5 fusion-one-fifth fusion-column-last\" style=\"--awb-bg-size:cover;width:16.8%;\"><div class=\"fusion-column-wrapper fusion-column-has-shadow fusion-flex-column-wrapper-legacy\"><div class=\"fusion-clearfix\"><\/div><\/div><\/div><\/div><\/div>\n","protected":false},"excerpt":{"rendered":"","protected":false},"author":1,"featured_media":0,"parent":0,"menu_order":0,"comment_status":"closed","ping_status":"closed","template":"","meta":{"footnotes":""},"class_list":["post-29","page","type-page","status-publish","hentry"],"yoast_head":"<!-- This site is optimized with the Yoast SEO plugin v27.2 - https:\/\/yoast.com\/product\/yoast-seo-wordpress\/ -->\n<title>Myyntiehdot - Simon Jersey Suomi<\/title>\n<meta name=\"robots\" content=\"index, follow, max-snippet:-1, max-image-preview:large, max-video-preview:-1\" \/>\n<link rel=\"canonical\" href=\"https:\/\/simonjersey.eu\/fi\/myyntiehdot\/\" \/>\n<meta property=\"og:locale\" content=\"fi_FI\" \/>\n<meta property=\"og:type\" content=\"article\" \/>\n<meta property=\"og:title\" content=\"Myyntiehdot - Simon Jersey Suomi\" \/>\n<meta property=\"og:url\" content=\"https:\/\/simonjersey.eu\/fi\/myyntiehdot\/\" \/>\n<meta property=\"og:site_name\" content=\"Simon Jersey Suomi\" \/>\n<meta property=\"article:modified_time\" content=\"2024-10-30T11:33:09+00:00\" \/>\n<meta name=\"twitter:card\" content=\"summary_large_image\" \/>\n<meta name=\"twitter:label1\" content=\"Arvioitu lukuaika\" \/>\n\t<meta name=\"twitter:data1\" content=\"5 minuuttia\" \/>\n<script type=\"application\/ld+json\" class=\"yoast-schema-graph\">{\"@context\":\"https:\/\/schema.org\",\"@graph\":[{\"@type\":\"WebPage\",\"@id\":\"https:\/\/simonjersey.eu\/fi\/myyntiehdot\/\",\"url\":\"https:\/\/simonjersey.eu\/fi\/myyntiehdot\/\",\"name\":\"Myyntiehdot - Simon Jersey Suomi\",\"isPartOf\":{\"@id\":\"https:\/\/simonjersey.eu\/fi\/#website\"},\"datePublished\":\"2019-09-16T08:12:26+00:00\",\"dateModified\":\"2024-10-30T11:33:09+00:00\",\"breadcrumb\":{\"@id\":\"https:\/\/simonjersey.eu\/fi\/myyntiehdot\/#breadcrumb\"},\"inLanguage\":\"fi\",\"potentialAction\":[{\"@type\":\"ReadAction\",\"target\":[\"https:\/\/simonjersey.eu\/fi\/myyntiehdot\/\"]}]},{\"@type\":\"BreadcrumbList\",\"@id\":\"https:\/\/simonjersey.eu\/fi\/myyntiehdot\/#breadcrumb\",\"itemListElement\":[{\"@type\":\"ListItem\",\"position\":1,\"name\":\"Home\",\"item\":\"https:\/\/simonjersey.eu\/fi\/\"},{\"@type\":\"ListItem\",\"position\":2,\"name\":\"Myyntiehdot\"}]},{\"@type\":\"WebSite\",\"@id\":\"https:\/\/simonjersey.eu\/fi\/#website\",\"url\":\"https:\/\/simonjersey.eu\/fi\/\",\"name\":\"Simon Jersey Suomi\",\"description\":\"Tyylikk\u00e4\u00e4t ja kest\u00e4v\u00e4t  ammattiasut\",\"potentialAction\":[{\"@type\":\"SearchAction\",\"target\":{\"@type\":\"EntryPoint\",\"urlTemplate\":\"https:\/\/simonjersey.eu\/fi\/?s={search_term_string}\"},\"query-input\":{\"@type\":\"PropertyValueSpecification\",\"valueRequired\":true,\"valueName\":\"search_term_string\"}}],\"inLanguage\":\"fi\"}]}<\/script>\n<!-- \/ Yoast SEO plugin. -->","yoast_head_json":{"title":"Myyntiehdot - Simon Jersey Suomi","robots":{"index":"index","follow":"follow","max-snippet":"max-snippet:-1","max-image-preview":"max-image-preview:large","max-video-preview":"max-video-preview:-1"},"canonical":"https:\/\/simonjersey.eu\/fi\/myyntiehdot\/","og_locale":"fi_FI","og_type":"article","og_title":"Myyntiehdot - Simon Jersey Suomi","og_url":"https:\/\/simonjersey.eu\/fi\/myyntiehdot\/","og_site_name":"Simon Jersey Suomi","article_modified_time":"2024-10-30T11:33:09+00:00","twitter_card":"summary_large_image","twitter_misc":{"Arvioitu lukuaika":"5 minuuttia"},"schema":{"@context":"https:\/\/schema.org","@graph":[{"@type":"WebPage","@id":"https:\/\/simonjersey.eu\/fi\/myyntiehdot\/","url":"https:\/\/simonjersey.eu\/fi\/myyntiehdot\/","name":"Myyntiehdot - Simon Jersey Suomi","isPartOf":{"@id":"https:\/\/simonjersey.eu\/fi\/#website"},"datePublished":"2019-09-16T08:12:26+00:00","dateModified":"2024-10-30T11:33:09+00:00","breadcrumb":{"@id":"https:\/\/simonjersey.eu\/fi\/myyntiehdot\/#breadcrumb"},"inLanguage":"fi","potentialAction":[{"@type":"ReadAction","target":["https:\/\/simonjersey.eu\/fi\/myyntiehdot\/"]}]},{"@type":"BreadcrumbList","@id":"https:\/\/simonjersey.eu\/fi\/myyntiehdot\/#breadcrumb","itemListElement":[{"@type":"ListItem","position":1,"name":"Home","item":"https:\/\/simonjersey.eu\/fi\/"},{"@type":"ListItem","position":2,"name":"Myyntiehdot"}]},{"@type":"WebSite","@id":"https:\/\/simonjersey.eu\/fi\/#website","url":"https:\/\/simonjersey.eu\/fi\/","name":"Simon Jersey Suomi","description":"Tyylikk\u00e4\u00e4t ja kest\u00e4v\u00e4t  ammattiasut","potentialAction":[{"@type":"SearchAction","target":{"@type":"EntryPoint","urlTemplate":"https:\/\/simonjersey.eu\/fi\/?s={search_term_string}"},"query-input":{"@type":"PropertyValueSpecification","valueRequired":true,"valueName":"search_term_string"}}],"inLanguage":"fi"}]}},"_links":{"self":[{"href":"https:\/\/simonjersey.eu\/fi\/wp-json\/wp\/v2\/pages\/29","targetHints":{"allow":["GET"]}}],"collection":[{"href":"https:\/\/simonjersey.eu\/fi\/wp-json\/wp\/v2\/pages"}],"about":[{"href":"https:\/\/simonjersey.eu\/fi\/wp-json\/wp\/v2\/types\/page"}],"author":[{"embeddable":true,"href":"https:\/\/simonjersey.eu\/fi\/wp-json\/wp\/v2\/users\/1"}],"replies":[{"embeddable":true,"href":"https:\/\/simonjersey.eu\/fi\/wp-json\/wp\/v2\/comments?post=29"}],"version-history":[{"count":5,"href":"https:\/\/simonjersey.eu\/fi\/wp-json\/wp\/v2\/pages\/29\/revisions"}],"predecessor-version":[{"id":8847,"href":"https:\/\/simonjersey.eu\/fi\/wp-json\/wp\/v2\/pages\/29\/revisions\/8847"}],"wp:attachment":[{"href":"https:\/\/simonjersey.eu\/fi\/wp-json\/wp\/v2\/media?parent=29"}],"curies":[{"name":"wp","href":"https:\/\/api.w.org\/{rel}","templated":true}]}}