{"id":34,"date":"2019-09-16T08:16:36","date_gmt":"2019-09-16T08:16:36","guid":{"rendered":"https:\/\/simonjersey.eu\/fi\/?page_id=34"},"modified":"2019-10-25T06:27:03","modified_gmt":"2019-10-25T06:27:03","slug":"kokotaulukko","status":"publish","type":"page","link":"https:\/\/simonjersey.eu\/fi\/kokotaulukko\/","title":{"rendered":"Kokotaulukko"},"content":{"rendered":"<p><div class=\"fusion-fullwidth fullwidth-box fusion-builder-row-1 nonhundred-percent-fullwidth non-hundred-percent-height-scrolling\" style=\"--awb-border-radius-top-left:0px;--awb-border-radius-top-right:0px;--awb-border-radius-bottom-right:0px;--awb-border-radius-bottom-left:0px;--awb-flex-wrap:wrap;\" ><div class=\"fusion-builder-row fusion-row\"><div class=\"fusion-layout-column fusion_builder_column fusion-builder-column-0 fusion_builder_column_1_1 1_1 fusion-one-full fusion-column-first fusion-column-last\" style=\"--awb-bg-size:cover;\"><div class=\"fusion-column-wrapper fusion-flex-column-wrapper-legacy\"><div class=\"fusion-text fusion-text-1\"><h1>Kokotaulukko<\/h1>\n<\/div><div class=\"fusion-image-element fusion-image-align-left in-legacy-container\" style=\"text-align:left;--awb-bottom-shadow-color:rgba(0,0,0,0.4);--awb-caption-title-font-family:var(--h2_typography-font-family);--awb-caption-title-font-weight:var(--h2_typography-font-weight);--awb-caption-title-font-style:var(--h2_typography-font-style);--awb-caption-title-size:var(--h2_typography-font-size);--awb-caption-title-transform:var(--h2_typography-text-transform);--awb-caption-title-line-height:var(--h2_typography-line-height);--awb-caption-title-letter-spacing:var(--h2_typography-letter-spacing);\"><div class=\"awb-image-frame awb-image-frame-1 awb-bottomshadow\"><span class=\" fusion-imageframe imageframe-bottomshadow imageframe-1 hover-type-none\"><img decoding=\"async\" width=\"800\" height=\"509\" title=\"how-to-measure\" src=\"https:\/\/simonjersey.eu\/fi\/wp-content\/uploads\/sites\/3\/2019\/10\/how-to-measure-800x509.jpg\" alt class=\"img-responsive wp-image-255\" srcset=\"https:\/\/simonjersey.eu\/fi\/wp-content\/uploads\/sites\/3\/2019\/10\/how-to-measure-200x127.jpg 200w, https:\/\/simonjersey.eu\/fi\/wp-content\/uploads\/sites\/3\/2019\/10\/how-to-measure-400x255.jpg 400w, https:\/\/simonjersey.eu\/fi\/wp-content\/uploads\/sites\/3\/2019\/10\/how-to-measure-600x382.jpg 600w, https:\/\/simonjersey.eu\/fi\/wp-content\/uploads\/sites\/3\/2019\/10\/how-to-measure-800x509.jpg 800w, https:\/\/simonjersey.eu\/fi\/wp-content\/uploads\/sites\/3\/2019\/10\/how-to-measure.jpg 1100w\" sizes=\"(max-width: 800px) 100vw, 800px\" \/><\/span><svg xmlns=\"http:\/\/www.w3.org\/2000\/svg\" version=\"1.1\" width=\"100%\" viewBox=\"0 0 600 28\" preserveAspectRatio=\"none\"><g clip-path=\"url(#a)\"><mask id=\"b\" style=\"mask-type:luminance\" maskUnits=\"userSpaceOnUse\" x=\"0\" y=\"0\" width=\"600\" height=\"28\"><path d=\"M0 0h600v28H0V0Z\" fill=\"#fff\"\/><\/mask><g filter=\"url(#c)\" mask=\"url(#b)\"><path d=\"M16.439-18.667h567.123v30.8S438.961-8.4 300-8.4C161.04-8.4 16.438 12.133 16.438 12.133v-30.8Z\" fill=\"#000\"\/><\/g><\/g><defs><clipPath id=\"a\"><path fill=\"#fff\" d=\"M0 0h600v28H0z\"\/><\/clipPath><filter id=\"c\" x=\"5.438\" y=\"-29.667\" width=\"589.123\" height=\"52.8\" filterUnits=\"userSpaceOnUse\" color-interpolation-filters=\"sRGB\"><feFlood flood-opacity=\"0\" result=\"BackgroundImageFix\"\/><feBlend in=\"SourceGraphic\" in2=\"BackgroundImageFix\" result=\"shape\"\/><feGaussianBlur stdDeviation=\"5.5\" result=\"effect1_foregroundBlur_3983_183\"\/><\/filter><\/defs><\/svg><\/div><\/div><div class=\"fusion-sep-clear\"><\/div><div class=\"fusion-separator fusion-full-width-sep\" style=\"margin-left: auto;margin-right: auto;margin-top:20px;width:100%;\"><\/div><div class=\"fusion-sep-clear\"><\/div><div class=\"fusion-text fusion-text-2\"><h2>Naisten paidat, takit, liivit, tunikat, mekot, hameet ja housut<\/h2>\n<\/div>\n<div class=\"table-1\">\n<table width=\"100%\">\n<thead>\n<tr>\n<th><strong>UK koko<\/strong><\/th>\n<th>6<\/th>\n<th>8<\/th>\n<th>10<\/th>\n<th>12<\/th>\n<th>14<\/th>\n<th>16<\/th>\n<th>18<\/th>\n<th>20<\/th>\n<th>22<\/th>\n<th>24<\/th>\n<th>26<\/th>\n<th>28<\/th>\n<th>30<\/th>\n<\/tr>\n<\/thead>\n<tbody>\n<tr>\n<td><strong>EU koko<\/strong><\/td>\n<td>32<\/td>\n<td>34<\/td>\n<td>36<\/td>\n<td>38<\/td>\n<td>40<\/td>\n<td>42<\/td>\n<td>44<\/td>\n<td>46<\/td>\n<td>48<\/td>\n<td>50<\/td>\n<td>52<\/td>\n<td>54<\/td>\n<td>54\/56<\/td>\n<\/tr>\n<tr>\n<td><strong>Rinnan ymp\u00e4rys cm<\/strong><\/td>\n<td>77<\/td>\n<td>82<\/td>\n<td>87<\/td>\n<td>92<\/td>\n<td>97<\/td>\n<td>102<\/td>\n<td>107<\/td>\n<td>112<\/td>\n<td>117<\/td>\n<td>122<\/td>\n<td>127<\/td>\n<td>132<\/td>\n<td>137<\/td>\n<\/tr>\n<tr>\n<td><strong>Vy\u00f6t\u00e4r\u00f6n ymp\u00e4rys cm<\/strong><\/td>\n<td>60<\/td>\n<td>65<\/td>\n<td>70<\/td>\n<td>75<\/td>\n<td>80<\/td>\n<td>85<\/td>\n<td>90<\/td>\n<td>95<\/td>\n<td>100<\/td>\n<td>105<\/td>\n<td>110<\/td>\n<td>115<\/td>\n<td>120<\/td>\n<\/tr>\n<tr>\n<td><strong>Lantion ymp\u00e4rys cm<\/strong><\/td>\n<td>85<\/td>\n<td>90<\/td>\n<td>95<\/td>\n<td>100<\/td>\n<td>105<\/td>\n<td>110<\/td>\n<td>115<\/td>\n<td>120<\/td>\n<td>125<\/td>\n<td>130<\/td>\n<td>135<\/td>\n<td>140<\/td>\n<td>145<\/td>\n<\/tr>\n<\/tbody>\n<\/table>\n<\/div>\n<div class=\"fusion-sep-clear\"><\/div><div class=\"fusion-separator fusion-full-width-sep\" style=\"margin-left: auto;margin-right: auto;margin-top:20px;width:100%;\"><\/div><div class=\"fusion-sep-clear\"><\/div><div class=\"fusion-text fusion-text-3\"><h2>Naisten kokkivaatteet<\/h2>\n<\/div>\n<div class=\"table-1\">\n<table width=\"100%\">\n<thead>\n<tr>\n<th><strong>UK koko<\/strong><\/th>\n<th>6<\/th>\n<th>8<\/th>\n<th>10<\/th>\n<th>12<\/th>\n<th>14<\/th>\n<th>16<\/th>\n<th>18<\/th>\n<th>20<\/th>\n<th>22<\/th>\n<th>24<\/th>\n<th>26<\/th>\n<\/tr>\n<\/thead>\n<tbody>\n<tr>\n<td><strong>EU koko<\/strong><\/td>\n<td>30<\/td>\n<td>32<\/td>\n<td>34<\/td>\n<td>36<\/td>\n<td>38<\/td>\n<td>40<\/td>\n<td>42<\/td>\n<td>44<\/td>\n<td>46<\/td>\n<td>48<\/td>\n<td>50<\/td>\n<\/tr>\n<\/tbody>\n<\/table>\n<\/div>\n<div class=\"fusion-sep-clear\"><\/div><div class=\"fusion-separator fusion-full-width-sep\" style=\"margin-left: auto;margin-right: auto;margin-top:20px;width:100%;\"><\/div><div class=\"fusion-sep-clear\"><\/div><div class=\"fusion-text fusion-text-4\"><h2>Naisten neuleet<\/h2>\n<\/div>\n<div class=\"table-1\">\n<table width=\"100%\">\n<thead>\n<tr>\n<th><strong>Koko<\/strong><\/th>\n<th>XS<\/th>\n<th>S<\/th>\n<th>M<\/th>\n<th>L<\/th>\n<th>XL<\/th>\n<\/tr>\n<\/thead>\n<tbody>\n<tr>\n<td><strong>Rinnan ymp\u00e4rys cm<\/strong><\/td>\n<td>69-74<\/td>\n<td>79-84<\/td>\n<td>89-94<\/td>\n<td>99-104<\/td>\n<td>109-114<\/td>\n<\/tr>\n<\/tbody>\n<\/table>\n<\/div>\n<div class=\"fusion-sep-clear\"><\/div><div class=\"fusion-separator fusion-full-width-sep\" style=\"margin-left: auto;margin-right: auto;margin-top:20px;width:100%;\"><\/div><div class=\"fusion-sep-clear\"><\/div><div class=\"fusion-text fusion-text-5\"><h2>Leggingsit<\/h2>\n<\/div>\n<div class=\"table-1\">\n<table width=\"100%\">\n<thead>\n<tr>\n<th><strong>Koko<\/strong><\/th>\n<th>S<\/th>\n<th>M<\/th>\n<th>L<\/th>\n<\/tr>\n<\/thead>\n<tbody>\n<tr>\n<td><strong>Vy\u00f6t\u00e4r\u00f6n ymp\u00e4rys cm<\/strong><\/td>\n<td>32,4<\/td>\n<td>33,7<\/td>\n<td>35,6<\/td>\n<\/tr>\n<\/tbody>\n<\/table>\n<\/div>\n<div class=\"fusion-clearfix\"><\/div><\/div><\/div><\/div><\/div><div class=\"fusion-fullwidth fullwidth-box fusion-builder-row-2 nonhundred-percent-fullwidth non-hundred-percent-height-scrolling\" style=\"--awb-border-radius-top-left:0px;--awb-border-radius-top-right:0px;--awb-border-radius-bottom-right:0px;--awb-border-radius-bottom-left:0px;--awb-flex-wrap:wrap;\" ><div class=\"fusion-builder-row fusion-row\"><div class=\"fusion-layout-column fusion_builder_column fusion-builder-column-1 fusion_builder_column_1_1 1_1 fusion-one-full fusion-column-first fusion-column-last\" style=\"--awb-bg-size:cover;\"><div class=\"fusion-column-wrapper fusion-flex-column-wrapper-legacy\"><div class=\"fusion-text fusion-text-6\"><h2>Miesten takit ja liivit<\/h2>\n<\/div>\n<div class=\"table-1\">\n<table width=\"100%\">\n<thead>\n<tr>\n<th><strong>UK koko<\/strong><\/th>\n<th>30<\/th>\n<th>32<\/th>\n<th>34<\/th>\n<th>36<\/th>\n<th>38<\/th>\n<th>40<\/th>\n<th>42<\/th>\n<th>44<\/th>\n<th>46<\/th>\n<th>48<\/th>\n<th>50<\/th>\n<th>52<\/th>\n<th>54<\/th>\n<th>56<\/th>\n<\/tr>\n<\/thead>\n<tbody>\n<tr>\n<td><strong>EU koko<\/strong><\/td>\n<td>40<\/td>\n<td>42<\/td>\n<td>44<\/td>\n<td>46<\/td>\n<td>48<\/td>\n<td>50\/52<\/td>\n<td>52\/54<\/td>\n<td>56<\/td>\n<td>58<\/td>\n<td>60\/62<\/td>\n<td>64<\/td>\n<td>66<\/td>\n<td><\/td>\n<td><\/td>\n<\/tr>\n<tr>\n<td><strong>Rinnan ymp\u00e4rys cm<\/strong><\/td>\n<td>75<\/td>\n<td>81<\/td>\n<td>86<\/td>\n<td>91<\/td>\n<td>96<\/td>\n<td>102<\/td>\n<td>107<\/td>\n<td>112<\/td>\n<td>117<\/td>\n<td>122<\/td>\n<td>127<\/td>\n<td>132<\/td>\n<td>137<\/td>\n<td>142<\/td>\n<\/tr>\n<\/tbody>\n<\/table>\n<\/div>\n<div class=\"fusion-sep-clear\"><\/div><div class=\"fusion-separator fusion-full-width-sep\" style=\"margin-left: auto;margin-right: auto;margin-top:20px;width:100%;\"><\/div><div class=\"fusion-sep-clear\"><\/div><div class=\"fusion-text fusion-text-7\"><h2>Miesten housut<\/h2>\n<\/div>\n<div class=\"table-1\">\n<table width=\"100%\">\n<thead>\n<tr>\n<th><strong>UK koko<\/strong><\/th>\n<th>28<\/th>\n<th>30<\/th>\n<th>32<\/th>\n<th>34<\/th>\n<th>36<\/th>\n<th>38<\/th>\n<th>40<\/th>\n<th>42<\/th>\n<th>44<\/th>\n<th>46<\/th>\n<th>48<\/th>\n<th>50<\/th>\n<th>52<\/th>\n<th>54<\/th>\n<\/tr>\n<\/thead>\n<tbody>\n<tr>\n<td><strong>EU koko<\/strong><\/td>\n<td>44<\/td>\n<td>46<\/td>\n<td>48<\/td>\n<td>50<\/td>\n<td>52<\/td>\n<td>54<\/td>\n<td>56<\/td>\n<td>58<\/td>\n<td>60<\/td>\n<td>62<\/td>\n<td>64<\/td>\n<td>66<\/td>\n<td>68<\/td>\n<td>70<\/td>\n<\/tr>\n<tr>\n<td><strong>Vy\u00f6t\u00e4r\u00f6n ymp\u00e4rys cm<\/strong><\/td>\n<td>71<\/td>\n<td>76<\/td>\n<td>81<\/td>\n<td>86<\/td>\n<td>91<\/td>\n<td>96<\/td>\n<td>102<\/td>\n<td>107<\/td>\n<td>112<\/td>\n<td>117<\/td>\n<td>122<\/td>\n<td>127<\/td>\n<td>132<\/td>\n<td>137<\/td>\n<\/tr>\n<\/tbody>\n<\/table>\n<\/div>\n<div class=\"fusion-sep-clear\"><\/div><div class=\"fusion-separator fusion-full-width-sep\" style=\"margin-left: auto;margin-right: auto;margin-top:20px;width:100%;\"><\/div><div class=\"fusion-sep-clear\"><\/div><div class=\"fusion-text fusion-text-8\"><h2>Miesten paidat<\/h2>\n<\/div>\n<div class=\"table-1\">\n<table width=\"100%\">\n<thead>\n<tr>\n<th><strong>Koko<\/strong><\/th>\n<th>14<\/th>\n<th>14\u00bd<\/th>\n<th>15<\/th>\n<th>15\u00bd<\/th>\n<th>16<\/th>\n<th>16\u00bd<\/th>\n<th>17<\/th>\n<th>17\u00bd<\/th>\n<th>18<\/th>\n<th>18\u00bd<\/th>\n<th>19<\/th>\n<th>19\u00bd<\/th>\n<\/tr>\n<\/thead>\n<tbody>\n<tr>\n<td><strong>Kauluskoko cm<\/strong><\/td>\n<td>36<\/td>\n<td>37<\/td>\n<td>38<\/td>\n<td>39<\/td>\n<td>41<\/td>\n<td>42<\/td>\n<td>43<\/td>\n<td>44<\/td>\n<td>46<\/td>\n<td>47<\/td>\n<td>48<\/td>\n<td>49<\/td>\n<\/tr>\n<\/tbody>\n<\/table>\n<\/div>\n<div class=\"fusion-sep-clear\"><\/div><div class=\"fusion-separator fusion-full-width-sep\" style=\"margin-left: auto;margin-right: auto;margin-top:20px;width:100%;\"><\/div><div class=\"fusion-sep-clear\"><\/div><div class=\"fusion-text fusion-text-9\"><h2>Miesten neuleet<\/h2>\n<\/div>\n<div class=\"table-1\">\n<table width=\"100%\">\n<thead>\n<tr>\n<th><strong>Koko<\/strong><\/th>\n<th>S<\/th>\n<th>M<\/th>\n<th>L<\/th>\n<th>XL<\/th>\n<\/tr>\n<\/thead>\n<tbody>\n<tr>\n<td><strong>Rinnan ymp\u00e4rys cm<\/strong><\/td>\n<td>89-94<\/td>\n<td>96-104<\/td>\n<td>106-114<\/td>\n<td>117-122<\/td>\n<\/tr>\n<\/tbody>\n<\/table>\n<\/div>\n<div class=\"fusion-clearfix\"><\/div><\/div><\/div><\/div><\/div><div class=\"fusion-fullwidth fullwidth-box fusion-builder-row-3 nonhundred-percent-fullwidth non-hundred-percent-height-scrolling\" style=\"--awb-border-radius-top-left:0px;--awb-border-radius-top-right:0px;--awb-border-radius-bottom-right:0px;--awb-border-radius-bottom-left:0px;--awb-flex-wrap:wrap;\" ><div class=\"fusion-builder-row fusion-row\"><div class=\"fusion-layout-column fusion_builder_column fusion-builder-column-2 fusion_builder_column_1_1 1_1 fusion-one-full fusion-column-first fusion-column-last\" style=\"--awb-bg-size:cover;\"><div class=\"fusion-column-wrapper fusion-column-has-shadow fusion-flex-column-wrapper-legacy\"><div class=\"fusion-text fusion-text-10\"><h2>Unsex paidat, takit ja vapaa-ajan asut<\/h2>\n<\/div>\n<div class=\"table-1\">\n<table width=\"100%\">\n<thead>\n<tr>\n<th><strong>Koko<\/strong><\/th>\n<th>XS<\/th>\n<th>S<\/th>\n<th>M<\/th>\n<th>L<\/th>\n<th>XL<\/th>\n<th>XXL<\/th>\n<\/tr>\n<\/thead>\n<tbody>\n<tr>\n<td><strong>Rinnan ymp\u00e4rys cm<\/strong><\/td>\n<td>76-81<\/td>\n<td>86-91<\/td>\n<td>96-101<\/td>\n<td>106-111<\/td>\n<td>117-122<\/td>\n<td>127-132<\/td>\n<\/tr>\n<tr>\n<td><strong>Kauluskoko cm<\/strong><\/td>\n<td>34<\/td>\n<td>37<\/td>\n<td>39<\/td>\n<td>42<\/td>\n<td>44<\/td>\n<td>47<\/td>\n<\/tr>\n<tr>\n<td><strong>Mit\u00e4 kokoa vastaa naisten kokoa<\/strong><\/td>\n<td>8\/10<\/td>\n<td>12\/14<\/td>\n<td>16\/18<\/td>\n<td>20\/22<\/td>\n<td>24\/26<\/td>\n<td>28\/30<\/td>\n<\/tr>\n<\/tbody>\n<\/table>\n<\/div>\n<div class=\"fusion-sep-clear\"><\/div><div class=\"fusion-separator fusion-full-width-sep\" style=\"margin-left: auto;margin-right: auto;margin-top:20px;width:100%;\"><\/div><div class=\"fusion-sep-clear\"><\/div><div class=\"fusion-text fusion-text-11\"><h2>Unisex housut<\/h2>\n<\/div>\n<div class=\"table-1\">\n<table width=\"100%\">\n<thead>\n<tr>\n<th><strong>Koko<\/strong><\/th>\n<th>XS<\/th>\n<th>S<\/th>\n<th>M<\/th>\n<th>L<\/th>\n<th>XL<\/th>\n<th>XXL<\/th>\n<\/tr>\n<\/thead>\n<tbody>\n<tr>\n<td><strong>Vy\u00f6t\u00e4r\u00f6n ymp\u00e4rys cm<\/strong><\/td>\n<td>61-66<\/td>\n<td>71-76<\/td>\n<td>81-86<\/td>\n<td>91-96<\/td>\n<td>102-107<\/td>\n<td>112-117<\/td>\n<\/tr>\n<\/tbody>\n<\/table>\n<\/div>\n<div class=\"fusion-clearfix\"><\/div><\/div><\/div><\/div><\/div><div class=\"fusion-fullwidth fullwidth-box fusion-builder-row-4 nonhundred-percent-fullwidth non-hundred-percent-height-scrolling\" style=\"--awb-border-radius-top-left:0px;--awb-border-radius-top-right:0px;--awb-border-radius-bottom-right:0px;--awb-border-radius-bottom-left:0px;--awb-flex-wrap:wrap;\" ><div class=\"fusion-builder-row fusion-row\"><div class=\"fusion-layout-column fusion_builder_column fusion-builder-column-3 fusion_builder_column_1_1 1_1 fusion-one-full fusion-column-first fusion-column-last\" style=\"--awb-bg-size:cover;\"><div class=\"fusion-column-wrapper fusion-column-has-shadow fusion-flex-column-wrapper-legacy\"><div class=\"fusion-text fusion-text-12\"><h2>Naisten keng\u00e4t<\/h2>\n<\/div>\n<div class=\"table-1\">\n<table width=\"100%\">\n<thead>\n<tr>\n<th><strong>UK koko<\/strong><\/th>\n<th>2<\/th>\n<th>3<\/th>\n<th>3\u00bd<\/th>\n<th>4<\/th>\n<th>4\u00bd<\/th>\n<th>5<\/th>\n<th>5\u00bd<\/th>\n<th>6<\/th>\n<th>6\u00bd<\/th>\n<th>7<\/th>\n<th>7\u00bd<\/th>\n<th>8<\/th>\n<th>8\u00bd<\/th>\n<th>9<\/th>\n<\/tr>\n<\/thead>\n<tbody>\n<tr>\n<td><strong>EU koko<\/strong><\/td>\n<td>35<\/td>\n<td>36<\/td>\n<td>36\u00bd<\/td>\n<td>37<\/td>\n<td>37\u00bd<\/td>\n<td>38<\/td>\n<td>38\u00bd<\/td>\n<td>39<\/td>\n<td>39\u00bd<\/td>\n<td>40<\/td>\n<td>40\u00bd<\/td>\n<td>41<\/td>\n<td>41\u00bd<\/td>\n<td>42<\/td>\n<\/tr>\n<\/tbody>\n<\/table>\n<\/div>\n<div class=\"fusion-sep-clear\"><\/div><div class=\"fusion-separator fusion-full-width-sep\" style=\"margin-left: auto;margin-right: auto;margin-top:20px;width:100%;\"><\/div><div class=\"fusion-sep-clear\"><\/div><div class=\"fusion-text fusion-text-13\"><h2>Miesten keng\u00e4t<\/h2>\n<\/div>\n<div class=\"table-1\">\n<table width=\"100%\">\n<thead>\n<tr>\n<th><strong>UK koko<\/strong><\/th>\n<th>5<\/th>\n<th>5\u00bd<\/th>\n<th>6<\/th>\n<th>6\u00bd<\/th>\n<th>7<\/th>\n<th>7\u00bd<\/th>\n<th>8<\/th>\n<th>8\u00bd<\/th>\n<th>9<\/th>\n<th>9\u00bd<\/th>\n<th>10<\/th>\n<th>10\u00bd<\/th>\n<th>11<\/th>\n<th>11\u00bd<\/th>\n<th>12<\/th>\n<th>12\u00bd<\/th>\n<th>13<\/th>\n<th>13\u00bd<\/th>\n<\/tr>\n<\/thead>\n<tbody>\n<tr>\n<td><strong>EU koko<\/strong><\/td>\n<td>39<\/td>\n<td>39\u00bd<\/td>\n<td>40<\/td>\n<td>40\u00bd<\/td>\n<td>41<\/td>\n<td>41\u00bd<\/td>\n<td>42<\/td>\n<td>42\u00bd<\/td>\n<td>43<\/td>\n<td>43\u00bd<\/td>\n<td>44<\/td>\n<td>44\u00bd<\/td>\n<td>45<\/td>\n<td>45\u00bd<\/td>\n<td>46<\/td>\n<td>46\u00bd<\/td>\n<td>47<\/td>\n<td>48<\/td>\n<\/tr>\n<\/tbody>\n<\/table>\n<\/div>\n<div class=\"fusion-clearfix\"><\/div><\/div><\/div><\/div><\/div><div class=\"fusion-fullwidth fullwidth-box fusion-builder-row-5 nonhundred-percent-fullwidth non-hundred-percent-height-scrolling\" style=\"--awb-border-radius-top-left:0px;--awb-border-radius-top-right:0px;--awb-border-radius-bottom-right:0px;--awb-border-radius-bottom-left:0px;--awb-flex-wrap:wrap;\" ><div class=\"fusion-builder-row fusion-row\"><div class=\"fusion-layout-column fusion_builder_column fusion-builder-column-4 fusion_builder_column_1_1 1_1 fusion-one-full fusion-column-first fusion-column-last\" style=\"--awb-bg-size:cover;\"><div class=\"fusion-column-wrapper fusion-column-has-shadow fusion-flex-column-wrapper-legacy\"><div class=\"fusion-text fusion-text-14\"><h2>P\u00e4\u00e4hineet<\/h2>\n<\/div>\n<div class=\"table-1\">\n<table width=\"100%\">\n<thead>\n<tr>\n<th align=\"left\"><strong>Verkkokaupan koko<\/strong><\/th>\n<th align=\"left\">S<\/th>\n<th align=\"left\">M<\/th>\n<th align=\"left\">L<\/th>\n<\/tr>\n<\/thead>\n<tbody>\n<tr>\n<td align=\"left\"><strong>P\u00e4\u00e4n ymp\u00e4rysmitta cm<\/strong><\/td>\n<td align=\"left\">57<\/td>\n<td align=\"left\">59,5<\/td>\n<td align=\"left\">62<\/td>\n<\/tr>\n<\/tbody>\n<\/table>\n<\/div>\n<div class=\"fusion-clearfix\"><\/div><\/div><\/div><\/div><\/div><\/p>\n","protected":false},"excerpt":{"rendered":"","protected":false},"author":1,"featured_media":0,"parent":0,"menu_order":0,"comment_status":"closed","ping_status":"closed","template":"","meta":{"footnotes":""},"class_list":["post-34","page","type-page","status-publish","hentry"],"yoast_head":"<!-- This site is optimized with the Yoast SEO plugin v27.2 - https:\/\/yoast.com\/product\/yoast-seo-wordpress\/ -->\n<title>Uk vaatteiden numerot, EU-UK kokotaulukko - Simon Jersey Suomi<\/title>\n<meta name=\"description\" content=\"K\u00e4yt\u00e4nn\u00f6lliset miesten ja naisten ty\u00f6vaatteet, loistava valinta, paljon v\u00e4rej\u00e4. Mukavuus ja kest\u00e4vyys ty\u00f6paikalla, pitk\u00e4ik\u00e4iset ty\u00f6vaatteet.\" \/>\n<meta name=\"robots\" content=\"index, follow, max-snippet:-1, max-image-preview:large, max-video-preview:-1\" \/>\n<link rel=\"canonical\" href=\"https:\/\/simonjersey.eu\/fi\/kokotaulukko\/\" \/>\n<meta property=\"og:locale\" content=\"fi_FI\" \/>\n<meta property=\"og:type\" content=\"article\" \/>\n<meta property=\"og:title\" content=\"Uk vaatteiden numerot, EU-UK kokotaulukko - Simon Jersey Suomi\" \/>\n<meta property=\"og:description\" content=\"K\u00e4yt\u00e4nn\u00f6lliset miesten ja naisten ty\u00f6vaatteet, loistava valinta, paljon v\u00e4rej\u00e4. Mukavuus ja kest\u00e4vyys ty\u00f6paikalla, pitk\u00e4ik\u00e4iset ty\u00f6vaatteet.\" \/>\n<meta property=\"og:url\" content=\"https:\/\/simonjersey.eu\/fi\/kokotaulukko\/\" \/>\n<meta property=\"og:site_name\" content=\"Simon Jersey Suomi\" \/>\n<meta property=\"article:modified_time\" content=\"2019-10-25T06:27:03+00:00\" \/>\n<meta name=\"twitter:card\" content=\"summary_large_image\" \/>\n<meta name=\"twitter:label1\" content=\"Arvioitu lukuaika\" \/>\n\t<meta name=\"twitter:data1\" content=\"11 minuuttia\" \/>\n<script type=\"application\/ld+json\" class=\"yoast-schema-graph\">{\"@context\":\"https:\/\/schema.org\",\"@graph\":[{\"@type\":\"WebPage\",\"@id\":\"https:\/\/simonjersey.eu\/fi\/kokotaulukko\/\",\"url\":\"https:\/\/simonjersey.eu\/fi\/kokotaulukko\/\",\"name\":\"Uk vaatteiden numerot, EU-UK kokotaulukko - Simon Jersey Suomi\",\"isPartOf\":{\"@id\":\"https:\/\/simonjersey.eu\/fi\/#website\"},\"datePublished\":\"2019-09-16T08:16:36+00:00\",\"dateModified\":\"2019-10-25T06:27:03+00:00\",\"description\":\"K\u00e4yt\u00e4nn\u00f6lliset miesten ja naisten ty\u00f6vaatteet, loistava valinta, paljon v\u00e4rej\u00e4. Mukavuus ja kest\u00e4vyys ty\u00f6paikalla, pitk\u00e4ik\u00e4iset ty\u00f6vaatteet.\",\"breadcrumb\":{\"@id\":\"https:\/\/simonjersey.eu\/fi\/kokotaulukko\/#breadcrumb\"},\"inLanguage\":\"fi\",\"potentialAction\":[{\"@type\":\"ReadAction\",\"target\":[\"https:\/\/simonjersey.eu\/fi\/kokotaulukko\/\"]}]},{\"@type\":\"BreadcrumbList\",\"@id\":\"https:\/\/simonjersey.eu\/fi\/kokotaulukko\/#breadcrumb\",\"itemListElement\":[{\"@type\":\"ListItem\",\"position\":1,\"name\":\"Home\",\"item\":\"https:\/\/simonjersey.eu\/fi\/\"},{\"@type\":\"ListItem\",\"position\":2,\"name\":\"Kokotaulukko\"}]},{\"@type\":\"WebSite\",\"@id\":\"https:\/\/simonjersey.eu\/fi\/#website\",\"url\":\"https:\/\/simonjersey.eu\/fi\/\",\"name\":\"Simon Jersey Suomi\",\"description\":\"Tyylikk\u00e4\u00e4t ja kest\u00e4v\u00e4t  ammattiasut\",\"potentialAction\":[{\"@type\":\"SearchAction\",\"target\":{\"@type\":\"EntryPoint\",\"urlTemplate\":\"https:\/\/simonjersey.eu\/fi\/?s={search_term_string}\"},\"query-input\":{\"@type\":\"PropertyValueSpecification\",\"valueRequired\":true,\"valueName\":\"search_term_string\"}}],\"inLanguage\":\"fi\"}]}<\/script>\n<!-- \/ Yoast SEO plugin. -->","yoast_head_json":{"title":"Uk vaatteiden numerot, EU-UK kokotaulukko - Simon Jersey Suomi","description":"K\u00e4yt\u00e4nn\u00f6lliset miesten ja naisten ty\u00f6vaatteet, loistava valinta, paljon v\u00e4rej\u00e4. Mukavuus ja kest\u00e4vyys ty\u00f6paikalla, pitk\u00e4ik\u00e4iset ty\u00f6vaatteet.","robots":{"index":"index","follow":"follow","max-snippet":"max-snippet:-1","max-image-preview":"max-image-preview:large","max-video-preview":"max-video-preview:-1"},"canonical":"https:\/\/simonjersey.eu\/fi\/kokotaulukko\/","og_locale":"fi_FI","og_type":"article","og_title":"Uk vaatteiden numerot, EU-UK kokotaulukko - Simon Jersey Suomi","og_description":"K\u00e4yt\u00e4nn\u00f6lliset miesten ja naisten ty\u00f6vaatteet, loistava valinta, paljon v\u00e4rej\u00e4. Mukavuus ja kest\u00e4vyys ty\u00f6paikalla, pitk\u00e4ik\u00e4iset ty\u00f6vaatteet.","og_url":"https:\/\/simonjersey.eu\/fi\/kokotaulukko\/","og_site_name":"Simon Jersey Suomi","article_modified_time":"2019-10-25T06:27:03+00:00","twitter_card":"summary_large_image","twitter_misc":{"Arvioitu lukuaika":"11 minuuttia"},"schema":{"@context":"https:\/\/schema.org","@graph":[{"@type":"WebPage","@id":"https:\/\/simonjersey.eu\/fi\/kokotaulukko\/","url":"https:\/\/simonjersey.eu\/fi\/kokotaulukko\/","name":"Uk vaatteiden numerot, EU-UK kokotaulukko - Simon Jersey Suomi","isPartOf":{"@id":"https:\/\/simonjersey.eu\/fi\/#website"},"datePublished":"2019-09-16T08:16:36+00:00","dateModified":"2019-10-25T06:27:03+00:00","description":"K\u00e4yt\u00e4nn\u00f6lliset miesten ja naisten ty\u00f6vaatteet, loistava valinta, paljon v\u00e4rej\u00e4. Mukavuus ja kest\u00e4vyys ty\u00f6paikalla, pitk\u00e4ik\u00e4iset ty\u00f6vaatteet.","breadcrumb":{"@id":"https:\/\/simonjersey.eu\/fi\/kokotaulukko\/#breadcrumb"},"inLanguage":"fi","potentialAction":[{"@type":"ReadAction","target":["https:\/\/simonjersey.eu\/fi\/kokotaulukko\/"]}]},{"@type":"BreadcrumbList","@id":"https:\/\/simonjersey.eu\/fi\/kokotaulukko\/#breadcrumb","itemListElement":[{"@type":"ListItem","position":1,"name":"Home","item":"https:\/\/simonjersey.eu\/fi\/"},{"@type":"ListItem","position":2,"name":"Kokotaulukko"}]},{"@type":"WebSite","@id":"https:\/\/simonjersey.eu\/fi\/#website","url":"https:\/\/simonjersey.eu\/fi\/","name":"Simon Jersey Suomi","description":"Tyylikk\u00e4\u00e4t ja kest\u00e4v\u00e4t  ammattiasut","potentialAction":[{"@type":"SearchAction","target":{"@type":"EntryPoint","urlTemplate":"https:\/\/simonjersey.eu\/fi\/?s={search_term_string}"},"query-input":{"@type":"PropertyValueSpecification","valueRequired":true,"valueName":"search_term_string"}}],"inLanguage":"fi"}]}},"_links":{"self":[{"href":"https:\/\/simonjersey.eu\/fi\/wp-json\/wp\/v2\/pages\/34","targetHints":{"allow":["GET"]}}],"collection":[{"href":"https:\/\/simonjersey.eu\/fi\/wp-json\/wp\/v2\/pages"}],"about":[{"href":"https:\/\/simonjersey.eu\/fi\/wp-json\/wp\/v2\/types\/page"}],"author":[{"embeddable":true,"href":"https:\/\/simonjersey.eu\/fi\/wp-json\/wp\/v2\/users\/1"}],"replies":[{"embeddable":true,"href":"https:\/\/simonjersey.eu\/fi\/wp-json\/wp\/v2\/comments?post=34"}],"version-history":[{"count":5,"href":"https:\/\/simonjersey.eu\/fi\/wp-json\/wp\/v2\/pages\/34\/revisions"}],"predecessor-version":[{"id":256,"href":"https:\/\/simonjersey.eu\/fi\/wp-json\/wp\/v2\/pages\/34\/revisions\/256"}],"wp:attachment":[{"href":"https:\/\/simonjersey.eu\/fi\/wp-json\/wp\/v2\/media?parent=34"}],"curies":[{"name":"wp","href":"https:\/\/api.w.org\/{rel}","templated":true}]}}