{"id":10111,"date":"2026-03-20T10:33:11","date_gmt":"2026-03-20T10:33:11","guid":{"rendered":"https:\/\/simonjersey.eu\/fi\/?post_type=product&#038;p=10111"},"modified":"2026-03-20T10:38:10","modified_gmt":"2026-03-20T10:38:10","slug":"tyylikas-palveluesiliina-ylaosalla","status":"publish","type":"product","link":"https:\/\/simonjersey.eu\/fi\/tuote\/tyylikas-palveluesiliina-ylaosalla\/","title":{"rendered":"Tyylik\u00e4s palveluesiliina yl\u00e4osalla"},"content":{"rendered":"","protected":false},"excerpt":{"rendered":"<p>Tyylik\u00e4s esiliina, jossa on hienovaraisia muotoiluyksityiskohtia. Esiliinan nauhojen yl\u00e4osa on kiinnitetty nahkayksityiskohdilla ja klipseill\u00e4, jotka kiinnittyv\u00e4t metallirenkaisiin. Nauhat riste\u00e4v\u00e4t sel\u00e4n puolella, pujotetaan vy\u00f6lenkkeihin ja solmitaan siististi taakse. Esiliinan p\u00e4\u00e4osassa on kolme suurta niiteill\u00e4 vahvistettua taskua. Lis\u00e4ksi on pieni kyn\u00e4tasku. Puuvillan ja kierr\u00e4tetyn polyesterikankaan sekoitus antaa t\u00e4lle klipsilliselle esiliinalle kest\u00e4vyytt\u00e4, muotoa ja pehme\u00e4n tuntuman.<\/p>\n<ul>\n<li>Koostumus: 60 % puuvillaa, 40 % kierr\u00e4tetty\u00e4 polyesteri\u00e4<\/li>\n<li>Paino: 310 gsm<\/li>\n<li>Konepesu 60\u00b0<\/li>\n<\/ul>\n","protected":false},"featured_media":10118,"template":"","meta":[],"product_brand":[],"product_cat":[48,57,33],"product_tag":[],"class_list":{"0":"post-10111","1":"product","2":"type-product","3":"status-publish","4":"has-post-thumbnail","6":"product_cat-esiliinat","7":"product_cat-esiliinat-essut","8":"product_cat-esiliinat-essut-2","10":"first","11":"instock","12":"taxable","13":"shipping-taxable","14":"purchasable","15":"product-type-variable"},"yoast_head":"<!-- This site is optimized with the Yoast SEO plugin v27.2 - https:\/\/yoast.com\/product\/yoast-seo-wordpress\/ -->\n<title>Tyylik\u00e4s palveluesiliina yl\u00e4osalla - Simon Jersey Suomi<\/title>\n<meta name=\"robots\" content=\"index, follow, max-snippet:-1, max-image-preview:large, max-video-preview:-1\" \/>\n<link rel=\"canonical\" href=\"https:\/\/simonjersey.eu\/fi\/tuote\/tyylikas-palveluesiliina-ylaosalla\/\" \/>\n<meta property=\"og:locale\" content=\"fi_FI\" \/>\n<meta property=\"og:type\" content=\"article\" \/>\n<meta property=\"og:title\" content=\"Tyylik\u00e4s palveluesiliina yl\u00e4osalla - Simon Jersey Suomi\" \/>\n<meta property=\"og:description\" content=\"Tyylik\u00e4s esiliina, jossa on hienovaraisia muotoiluyksityiskohtia. Esiliinan nauhojen yl\u00e4osa on kiinnitetty nahkayksityiskohdilla ja klipseill\u00e4, jotka kiinnittyv\u00e4t metallirenkaisiin. Nauhat riste\u00e4v\u00e4t sel\u00e4n puolella, pujotetaan vy\u00f6lenkkeihin ja solmitaan siististi taakse. Esiliinan p\u00e4\u00e4osassa on kolme suurta niiteill\u00e4 vahvistettua taskua. Lis\u00e4ksi on pieni kyn\u00e4tasku. Puuvillan ja kierr\u00e4tetyn polyesterikankaan sekoitus antaa t\u00e4lle klipsilliselle esiliinalle kest\u00e4vyytt\u00e4, muotoa ja pehme\u00e4n tuntuman.   Koostumus: 60 % puuvillaa, 40 % kierr\u00e4tetty\u00e4 polyesteri\u00e4  Paino: 310 gsm  Konepesu 60\u00b0\" \/>\n<meta property=\"og:url\" content=\"https:\/\/simonjersey.eu\/fi\/tuote\/tyylikas-palveluesiliina-ylaosalla\/\" \/>\n<meta property=\"og:site_name\" content=\"Simon Jersey Suomi\" \/>\n<meta property=\"article:modified_time\" content=\"2026-03-20T10:38:10+00:00\" \/>\n<meta property=\"og:image\" content=\"https:\/\/simonjersey.eu\/fi\/wp-content\/uploads\/sites\/3\/2026\/03\/PR182_-bib-apron-black.jpg\" \/>\n\t<meta property=\"og:image:width\" content=\"1200\" \/>\n\t<meta property=\"og:image:height\" content=\"1525\" \/>\n\t<meta property=\"og:image:type\" content=\"image\/jpeg\" \/>\n<meta name=\"twitter:card\" content=\"summary_large_image\" \/>\n<meta name=\"twitter:label1\" content=\"Arvioitu lukuaika\" \/>\n\t<meta name=\"twitter:data1\" content=\"1 minuutti\" \/>\n<script type=\"application\/ld+json\" class=\"yoast-schema-graph\">{\"@context\":\"https:\/\/schema.org\",\"@graph\":[{\"@type\":\"WebPage\",\"@id\":\"https:\/\/simonjersey.eu\/fi\/tuote\/tyylikas-palveluesiliina-ylaosalla\/\",\"url\":\"https:\/\/simonjersey.eu\/fi\/tuote\/tyylikas-palveluesiliina-ylaosalla\/\",\"name\":\"Tyylik\u00e4s palveluesiliina yl\u00e4osalla - Simon Jersey Suomi\",\"isPartOf\":{\"@id\":\"https:\/\/simonjersey.eu\/fi\/#website\"},\"primaryImageOfPage\":{\"@id\":\"https:\/\/simonjersey.eu\/fi\/tuote\/tyylikas-palveluesiliina-ylaosalla\/#primaryimage\"},\"image\":{\"@id\":\"https:\/\/simonjersey.eu\/fi\/tuote\/tyylikas-palveluesiliina-ylaosalla\/#primaryimage\"},\"thumbnailUrl\":\"https:\/\/simonjersey.eu\/fi\/wp-content\/uploads\/sites\/3\/2026\/03\/PR182_-bib-apron-black.jpg\",\"datePublished\":\"2026-03-20T10:33:11+00:00\",\"dateModified\":\"2026-03-20T10:38:10+00:00\",\"breadcrumb\":{\"@id\":\"https:\/\/simonjersey.eu\/fi\/tuote\/tyylikas-palveluesiliina-ylaosalla\/#breadcrumb\"},\"inLanguage\":\"fi\",\"potentialAction\":[{\"@type\":\"ReadAction\",\"target\":[\"https:\/\/simonjersey.eu\/fi\/tuote\/tyylikas-palveluesiliina-ylaosalla\/\"]}]},{\"@type\":\"ImageObject\",\"inLanguage\":\"fi\",\"@id\":\"https:\/\/simonjersey.eu\/fi\/tuote\/tyylikas-palveluesiliina-ylaosalla\/#primaryimage\",\"url\":\"https:\/\/simonjersey.eu\/fi\/wp-content\/uploads\/sites\/3\/2026\/03\/PR182_-bib-apron-black.jpg\",\"contentUrl\":\"https:\/\/simonjersey.eu\/fi\/wp-content\/uploads\/sites\/3\/2026\/03\/PR182_-bib-apron-black.jpg\",\"width\":1200,\"height\":1525},{\"@type\":\"BreadcrumbList\",\"@id\":\"https:\/\/simonjersey.eu\/fi\/tuote\/tyylikas-palveluesiliina-ylaosalla\/#breadcrumb\",\"itemListElement\":[{\"@type\":\"ListItem\",\"position\":1,\"name\":\"Home\",\"item\":\"https:\/\/simonjersey.eu\/fi\/\"},{\"@type\":\"ListItem\",\"position\":2,\"name\":\"Verkkokauppa\",\"item\":\"https:\/\/simonjersey.eu\/fi\/kauppaan\/\"},{\"@type\":\"ListItem\",\"position\":3,\"name\":\"Tyylik\u00e4s palveluesiliina yl\u00e4osalla\"}]},{\"@type\":\"WebSite\",\"@id\":\"https:\/\/simonjersey.eu\/fi\/#website\",\"url\":\"https:\/\/simonjersey.eu\/fi\/\",\"name\":\"Simon Jersey Suomi\",\"description\":\"Tyylikk\u00e4\u00e4t ja kest\u00e4v\u00e4t  ammattiasut\",\"potentialAction\":[{\"@type\":\"SearchAction\",\"target\":{\"@type\":\"EntryPoint\",\"urlTemplate\":\"https:\/\/simonjersey.eu\/fi\/?s={search_term_string}\"},\"query-input\":{\"@type\":\"PropertyValueSpecification\",\"valueRequired\":true,\"valueName\":\"search_term_string\"}}],\"inLanguage\":\"fi\"}]}<\/script>\n<!-- \/ Yoast SEO plugin. -->","yoast_head_json":{"title":"Tyylik\u00e4s palveluesiliina yl\u00e4osalla - Simon Jersey Suomi","robots":{"index":"index","follow":"follow","max-snippet":"max-snippet:-1","max-image-preview":"max-image-preview:large","max-video-preview":"max-video-preview:-1"},"canonical":"https:\/\/simonjersey.eu\/fi\/tuote\/tyylikas-palveluesiliina-ylaosalla\/","og_locale":"fi_FI","og_type":"article","og_title":"Tyylik\u00e4s palveluesiliina yl\u00e4osalla - Simon Jersey Suomi","og_description":"Tyylik\u00e4s esiliina, jossa on hienovaraisia muotoiluyksityiskohtia. Esiliinan nauhojen yl\u00e4osa on kiinnitetty nahkayksityiskohdilla ja klipseill\u00e4, jotka kiinnittyv\u00e4t metallirenkaisiin. Nauhat riste\u00e4v\u00e4t sel\u00e4n puolella, pujotetaan vy\u00f6lenkkeihin ja solmitaan siististi taakse. Esiliinan p\u00e4\u00e4osassa on kolme suurta niiteill\u00e4 vahvistettua taskua. Lis\u00e4ksi on pieni kyn\u00e4tasku. Puuvillan ja kierr\u00e4tetyn polyesterikankaan sekoitus antaa t\u00e4lle klipsilliselle esiliinalle kest\u00e4vyytt\u00e4, muotoa ja pehme\u00e4n tuntuman.   Koostumus: 60 % puuvillaa, 40 % kierr\u00e4tetty\u00e4 polyesteri\u00e4  Paino: 310 gsm  Konepesu 60\u00b0","og_url":"https:\/\/simonjersey.eu\/fi\/tuote\/tyylikas-palveluesiliina-ylaosalla\/","og_site_name":"Simon Jersey Suomi","article_modified_time":"2026-03-20T10:38:10+00:00","og_image":[{"width":1200,"height":1525,"url":"https:\/\/simonjersey.eu\/fi\/wp-content\/uploads\/sites\/3\/2026\/03\/PR182_-bib-apron-black.jpg","type":"image\/jpeg"}],"twitter_card":"summary_large_image","twitter_misc":{"Arvioitu lukuaika":"1 minuutti"},"schema":{"@context":"https:\/\/schema.org","@graph":[{"@type":"WebPage","@id":"https:\/\/simonjersey.eu\/fi\/tuote\/tyylikas-palveluesiliina-ylaosalla\/","url":"https:\/\/simonjersey.eu\/fi\/tuote\/tyylikas-palveluesiliina-ylaosalla\/","name":"Tyylik\u00e4s palveluesiliina yl\u00e4osalla - Simon Jersey Suomi","isPartOf":{"@id":"https:\/\/simonjersey.eu\/fi\/#website"},"primaryImageOfPage":{"@id":"https:\/\/simonjersey.eu\/fi\/tuote\/tyylikas-palveluesiliina-ylaosalla\/#primaryimage"},"image":{"@id":"https:\/\/simonjersey.eu\/fi\/tuote\/tyylikas-palveluesiliina-ylaosalla\/#primaryimage"},"thumbnailUrl":"https:\/\/simonjersey.eu\/fi\/wp-content\/uploads\/sites\/3\/2026\/03\/PR182_-bib-apron-black.jpg","datePublished":"2026-03-20T10:33:11+00:00","dateModified":"2026-03-20T10:38:10+00:00","breadcrumb":{"@id":"https:\/\/simonjersey.eu\/fi\/tuote\/tyylikas-palveluesiliina-ylaosalla\/#breadcrumb"},"inLanguage":"fi","potentialAction":[{"@type":"ReadAction","target":["https:\/\/simonjersey.eu\/fi\/tuote\/tyylikas-palveluesiliina-ylaosalla\/"]}]},{"@type":"ImageObject","inLanguage":"fi","@id":"https:\/\/simonjersey.eu\/fi\/tuote\/tyylikas-palveluesiliina-ylaosalla\/#primaryimage","url":"https:\/\/simonjersey.eu\/fi\/wp-content\/uploads\/sites\/3\/2026\/03\/PR182_-bib-apron-black.jpg","contentUrl":"https:\/\/simonjersey.eu\/fi\/wp-content\/uploads\/sites\/3\/2026\/03\/PR182_-bib-apron-black.jpg","width":1200,"height":1525},{"@type":"BreadcrumbList","@id":"https:\/\/simonjersey.eu\/fi\/tuote\/tyylikas-palveluesiliina-ylaosalla\/#breadcrumb","itemListElement":[{"@type":"ListItem","position":1,"name":"Home","item":"https:\/\/simonjersey.eu\/fi\/"},{"@type":"ListItem","position":2,"name":"Verkkokauppa","item":"https:\/\/simonjersey.eu\/fi\/kauppaan\/"},{"@type":"ListItem","position":3,"name":"Tyylik\u00e4s palveluesiliina yl\u00e4osalla"}]},{"@type":"WebSite","@id":"https:\/\/simonjersey.eu\/fi\/#website","url":"https:\/\/simonjersey.eu\/fi\/","name":"Simon Jersey Suomi","description":"Tyylikk\u00e4\u00e4t ja kest\u00e4v\u00e4t  ammattiasut","potentialAction":[{"@type":"SearchAction","target":{"@type":"EntryPoint","urlTemplate":"https:\/\/simonjersey.eu\/fi\/?s={search_term_string}"},"query-input":{"@type":"PropertyValueSpecification","valueRequired":true,"valueName":"search_term_string"}}],"inLanguage":"fi"}]}},"_links":{"self":[{"href":"https:\/\/simonjersey.eu\/fi\/wp-json\/wp\/v2\/product\/10111","targetHints":{"allow":["GET"]}}],"collection":[{"href":"https:\/\/simonjersey.eu\/fi\/wp-json\/wp\/v2\/product"}],"about":[{"href":"https:\/\/simonjersey.eu\/fi\/wp-json\/wp\/v2\/types\/product"}],"wp:featuredmedia":[{"embeddable":true,"href":"https:\/\/simonjersey.eu\/fi\/wp-json\/wp\/v2\/media\/10118"}],"wp:attachment":[{"href":"https:\/\/simonjersey.eu\/fi\/wp-json\/wp\/v2\/media?parent=10111"}],"wp:term":[{"taxonomy":"product_brand","embeddable":true,"href":"https:\/\/simonjersey.eu\/fi\/wp-json\/wp\/v2\/product_brand?post=10111"},{"taxonomy":"product_cat","embeddable":true,"href":"https:\/\/simonjersey.eu\/fi\/wp-json\/wp\/v2\/product_cat?post=10111"},{"taxonomy":"product_tag","embeddable":true,"href":"https:\/\/simonjersey.eu\/fi\/wp-json\/wp\/v2\/product_tag?post=10111"}],"curies":[{"name":"wp","href":"https:\/\/api.w.org\/{rel}","templated":true}]}}