{"id":10170,"date":"2026-04-01T12:13:01","date_gmt":"2026-04-01T12:13:01","guid":{"rendered":"https:\/\/simonjersey.eu\/fi\/?post_type=product&#038;p=10170"},"modified":"2026-04-01T12:18:46","modified_gmt":"2026-04-01T12:18:46","slug":"paitamekko-taskuilla","status":"publish","type":"product","link":"https:\/\/simonjersey.eu\/fi\/tuote\/paitamekko-taskuilla\/","title":{"rendered":"Paitamekko taskuilla"},"content":{"rendered":"","protected":false},"excerpt":{"rendered":"<p>Tyylik\u00e4s <strong>pitk\u00e4hihainen paitamekko<\/strong> yhdist\u00e4\u00e4 mukavuuden ja modernin siluetin. Mekossa on klassinen kaulus ja kevyesti kellomainen leikkaus. Korotettu vy\u00f6t\u00e4r\u00f6linja saa mekon laskeutumaan rennosti ja imartelevasti. K\u00e4yt\u00e4nn\u00f6lliset sivutaskut edess\u00e4 lis\u00e4\u00e4v\u00e4t k\u00e4ytt\u00f6mukavuutta, ja huomaamaton sivuvetoketju helpottaa mekon pukemista.<\/p>\n<p>Mekko on valmistettu pehme\u00e4st\u00e4 ja hieman joustavasta materiaalista, joka sis\u00e4lt\u00e4\u00e4 <strong>kierr\u00e4tetty\u00e4 polyesteri\u00e4<\/strong>, tarjoten sek\u00e4 mukavuutta ett\u00e4 vastuullisuutta. T\u00e4ydellinen valinta arkeen, t\u00f6ihin tai rentoihin tilaisuuksiin.<\/p>\n<p><strong>Tuotetiedot:<\/strong><\/p>\n<ul>\n<li>Klassinen paitakaulus<\/li>\n<li>Kevyesti kellomainen ja rento istuvuus<\/li>\n<li>Korotettu vy\u00f6t\u00e4r\u00f6linja luo rennosti laskeutuvan siluetin<\/li>\n<li>Kaksi k\u00e4yt\u00e4nn\u00f6llist\u00e4 sivutaskua edess\u00e4<\/li>\n<li>Piilovetoketju sivussa<\/li>\n<li>Sel\u00e4n pituus keskelt\u00e4 (koko 12): 104,5 cm<\/li>\n<li>Materiaali: 96 % kierr\u00e4tetty polyesteri, 4 % elastaani<\/li>\n<\/ul>\n<p>Koko: (UK) 6-24<\/p>\n","protected":false},"featured_media":10171,"template":"","meta":[],"product_brand":[],"product_cat":[36,37,52,19],"product_tag":[],"class_list":{"0":"post-10170","1":"product","2":"type-product","3":"status-publish","4":"has-post-thumbnail","6":"product_cat-kauneus-spa","7":"product_cat-mekot","8":"product_cat-hamet-ja-mekot-ravintola-kahvila","9":"product_cat-hamet-ja-mekot","11":"first","12":"instock","13":"taxable","14":"shipping-taxable","15":"purchasable","16":"product-type-variable","17":"has-default-attributes"},"yoast_head":"<!-- This site is optimized with the Yoast SEO plugin v27.2 - https:\/\/yoast.com\/product\/yoast-seo-wordpress\/ -->\n<title>Paitamekko taskuilla - Simon Jersey Suomi<\/title>\n<meta name=\"robots\" content=\"index, follow, max-snippet:-1, max-image-preview:large, max-video-preview:-1\" \/>\n<link rel=\"canonical\" href=\"https:\/\/simonjersey.eu\/fi\/tuote\/paitamekko-taskuilla\/\" \/>\n<meta property=\"og:locale\" content=\"fi_FI\" \/>\n<meta property=\"og:type\" content=\"article\" \/>\n<meta property=\"og:title\" content=\"Paitamekko taskuilla - Simon Jersey Suomi\" \/>\n<meta property=\"og:description\" content=\"Tyylik\u00e4s pitk\u00e4hihainen paitamekko yhdist\u00e4\u00e4 mukavuuden ja modernin siluetin. Mekossa on klassinen kaulus ja kevyesti kellomainen leikkaus. Korotettu vy\u00f6t\u00e4r\u00f6linja saa mekon laskeutumaan rennosti ja imartelevasti. K\u00e4yt\u00e4nn\u00f6lliset sivutaskut edess\u00e4 lis\u00e4\u00e4v\u00e4t k\u00e4ytt\u00f6mukavuutta, ja huomaamaton sivuvetoketju helpottaa mekon pukemista.  Mekko on valmistettu pehme\u00e4st\u00e4 ja hieman joustavasta materiaalista, joka sis\u00e4lt\u00e4\u00e4 kierr\u00e4tetty\u00e4 polyesteri\u00e4, tarjoten sek\u00e4 mukavuutta ett\u00e4 vastuullisuutta. T\u00e4ydellinen valinta arkeen, t\u00f6ihin tai rentoihin tilaisuuksiin.  Tuotetiedot:   Klassinen paitakaulus  Kevyesti kellomainen ja rento istuvuus  Korotettu vy\u00f6t\u00e4r\u00f6linja luo rennosti laskeutuvan siluetin  Kaksi k\u00e4yt\u00e4nn\u00f6llist\u00e4 sivutaskua edess\u00e4  Piilovetoketju sivussa  Sel\u00e4n pituus keskelt\u00e4 (koko 12): 104,5 cm  Materiaali: 96 % kierr\u00e4tetty polyesteri, 4 % elastaani  Koko: (UK) 6-24\" \/>\n<meta property=\"og:url\" content=\"https:\/\/simonjersey.eu\/fi\/tuote\/paitamekko-taskuilla\/\" \/>\n<meta property=\"og:site_name\" content=\"Simon Jersey Suomi\" \/>\n<meta property=\"article:modified_time\" content=\"2026-04-01T12:18:46+00:00\" \/>\n<meta property=\"og:image\" content=\"https:\/\/simonjersey.eu\/fi\/wp-content\/uploads\/sites\/3\/2026\/04\/Virgo-dress-navy.png\" \/>\n\t<meta property=\"og:image:width\" content=\"1024\" \/>\n\t<meta property=\"og:image:height\" content=\"1536\" \/>\n\t<meta property=\"og:image:type\" content=\"image\/png\" \/>\n<meta name=\"twitter:card\" content=\"summary_large_image\" \/>\n<meta name=\"twitter:label1\" content=\"Arvioitu lukuaika\" \/>\n\t<meta name=\"twitter:data1\" content=\"1 minuutti\" \/>\n<script type=\"application\/ld+json\" class=\"yoast-schema-graph\">{\"@context\":\"https:\/\/schema.org\",\"@graph\":[{\"@type\":\"WebPage\",\"@id\":\"https:\/\/simonjersey.eu\/fi\/tuote\/paitamekko-taskuilla\/\",\"url\":\"https:\/\/simonjersey.eu\/fi\/tuote\/paitamekko-taskuilla\/\",\"name\":\"Paitamekko taskuilla - Simon Jersey Suomi\",\"isPartOf\":{\"@id\":\"https:\/\/simonjersey.eu\/fi\/#website\"},\"primaryImageOfPage\":{\"@id\":\"https:\/\/simonjersey.eu\/fi\/tuote\/paitamekko-taskuilla\/#primaryimage\"},\"image\":{\"@id\":\"https:\/\/simonjersey.eu\/fi\/tuote\/paitamekko-taskuilla\/#primaryimage\"},\"thumbnailUrl\":\"https:\/\/simonjersey.eu\/fi\/wp-content\/uploads\/sites\/3\/2026\/04\/Virgo-dress-navy.png\",\"datePublished\":\"2026-04-01T12:13:01+00:00\",\"dateModified\":\"2026-04-01T12:18:46+00:00\",\"breadcrumb\":{\"@id\":\"https:\/\/simonjersey.eu\/fi\/tuote\/paitamekko-taskuilla\/#breadcrumb\"},\"inLanguage\":\"fi\",\"potentialAction\":[{\"@type\":\"ReadAction\",\"target\":[\"https:\/\/simonjersey.eu\/fi\/tuote\/paitamekko-taskuilla\/\"]}]},{\"@type\":\"ImageObject\",\"inLanguage\":\"fi\",\"@id\":\"https:\/\/simonjersey.eu\/fi\/tuote\/paitamekko-taskuilla\/#primaryimage\",\"url\":\"https:\/\/simonjersey.eu\/fi\/wp-content\/uploads\/sites\/3\/2026\/04\/Virgo-dress-navy.png\",\"contentUrl\":\"https:\/\/simonjersey.eu\/fi\/wp-content\/uploads\/sites\/3\/2026\/04\/Virgo-dress-navy.png\",\"width\":1024,\"height\":1536},{\"@type\":\"BreadcrumbList\",\"@id\":\"https:\/\/simonjersey.eu\/fi\/tuote\/paitamekko-taskuilla\/#breadcrumb\",\"itemListElement\":[{\"@type\":\"ListItem\",\"position\":1,\"name\":\"Home\",\"item\":\"https:\/\/simonjersey.eu\/fi\/\"},{\"@type\":\"ListItem\",\"position\":2,\"name\":\"Verkkokauppa\",\"item\":\"https:\/\/simonjersey.eu\/fi\/kauppaan\/\"},{\"@type\":\"ListItem\",\"position\":3,\"name\":\"Paitamekko taskuilla\"}]},{\"@type\":\"WebSite\",\"@id\":\"https:\/\/simonjersey.eu\/fi\/#website\",\"url\":\"https:\/\/simonjersey.eu\/fi\/\",\"name\":\"Simon Jersey Suomi\",\"description\":\"Tyylikk\u00e4\u00e4t ja kest\u00e4v\u00e4t  ammattiasut\",\"potentialAction\":[{\"@type\":\"SearchAction\",\"target\":{\"@type\":\"EntryPoint\",\"urlTemplate\":\"https:\/\/simonjersey.eu\/fi\/?s={search_term_string}\"},\"query-input\":{\"@type\":\"PropertyValueSpecification\",\"valueRequired\":true,\"valueName\":\"search_term_string\"}}],\"inLanguage\":\"fi\"}]}<\/script>\n<!-- \/ Yoast SEO plugin. -->","yoast_head_json":{"title":"Paitamekko taskuilla - Simon Jersey Suomi","robots":{"index":"index","follow":"follow","max-snippet":"max-snippet:-1","max-image-preview":"max-image-preview:large","max-video-preview":"max-video-preview:-1"},"canonical":"https:\/\/simonjersey.eu\/fi\/tuote\/paitamekko-taskuilla\/","og_locale":"fi_FI","og_type":"article","og_title":"Paitamekko taskuilla - Simon Jersey Suomi","og_description":"Tyylik\u00e4s pitk\u00e4hihainen paitamekko yhdist\u00e4\u00e4 mukavuuden ja modernin siluetin. Mekossa on klassinen kaulus ja kevyesti kellomainen leikkaus. Korotettu vy\u00f6t\u00e4r\u00f6linja saa mekon laskeutumaan rennosti ja imartelevasti. K\u00e4yt\u00e4nn\u00f6lliset sivutaskut edess\u00e4 lis\u00e4\u00e4v\u00e4t k\u00e4ytt\u00f6mukavuutta, ja huomaamaton sivuvetoketju helpottaa mekon pukemista.  Mekko on valmistettu pehme\u00e4st\u00e4 ja hieman joustavasta materiaalista, joka sis\u00e4lt\u00e4\u00e4 kierr\u00e4tetty\u00e4 polyesteri\u00e4, tarjoten sek\u00e4 mukavuutta ett\u00e4 vastuullisuutta. T\u00e4ydellinen valinta arkeen, t\u00f6ihin tai rentoihin tilaisuuksiin.  Tuotetiedot:   Klassinen paitakaulus  Kevyesti kellomainen ja rento istuvuus  Korotettu vy\u00f6t\u00e4r\u00f6linja luo rennosti laskeutuvan siluetin  Kaksi k\u00e4yt\u00e4nn\u00f6llist\u00e4 sivutaskua edess\u00e4  Piilovetoketju sivussa  Sel\u00e4n pituus keskelt\u00e4 (koko 12): 104,5 cm  Materiaali: 96 % kierr\u00e4tetty polyesteri, 4 % elastaani  Koko: (UK) 6-24","og_url":"https:\/\/simonjersey.eu\/fi\/tuote\/paitamekko-taskuilla\/","og_site_name":"Simon Jersey Suomi","article_modified_time":"2026-04-01T12:18:46+00:00","og_image":[{"width":1024,"height":1536,"url":"https:\/\/simonjersey.eu\/fi\/wp-content\/uploads\/sites\/3\/2026\/04\/Virgo-dress-navy.png","type":"image\/png"}],"twitter_card":"summary_large_image","twitter_misc":{"Arvioitu lukuaika":"1 minuutti"},"schema":{"@context":"https:\/\/schema.org","@graph":[{"@type":"WebPage","@id":"https:\/\/simonjersey.eu\/fi\/tuote\/paitamekko-taskuilla\/","url":"https:\/\/simonjersey.eu\/fi\/tuote\/paitamekko-taskuilla\/","name":"Paitamekko taskuilla - Simon Jersey Suomi","isPartOf":{"@id":"https:\/\/simonjersey.eu\/fi\/#website"},"primaryImageOfPage":{"@id":"https:\/\/simonjersey.eu\/fi\/tuote\/paitamekko-taskuilla\/#primaryimage"},"image":{"@id":"https:\/\/simonjersey.eu\/fi\/tuote\/paitamekko-taskuilla\/#primaryimage"},"thumbnailUrl":"https:\/\/simonjersey.eu\/fi\/wp-content\/uploads\/sites\/3\/2026\/04\/Virgo-dress-navy.png","datePublished":"2026-04-01T12:13:01+00:00","dateModified":"2026-04-01T12:18:46+00:00","breadcrumb":{"@id":"https:\/\/simonjersey.eu\/fi\/tuote\/paitamekko-taskuilla\/#breadcrumb"},"inLanguage":"fi","potentialAction":[{"@type":"ReadAction","target":["https:\/\/simonjersey.eu\/fi\/tuote\/paitamekko-taskuilla\/"]}]},{"@type":"ImageObject","inLanguage":"fi","@id":"https:\/\/simonjersey.eu\/fi\/tuote\/paitamekko-taskuilla\/#primaryimage","url":"https:\/\/simonjersey.eu\/fi\/wp-content\/uploads\/sites\/3\/2026\/04\/Virgo-dress-navy.png","contentUrl":"https:\/\/simonjersey.eu\/fi\/wp-content\/uploads\/sites\/3\/2026\/04\/Virgo-dress-navy.png","width":1024,"height":1536},{"@type":"BreadcrumbList","@id":"https:\/\/simonjersey.eu\/fi\/tuote\/paitamekko-taskuilla\/#breadcrumb","itemListElement":[{"@type":"ListItem","position":1,"name":"Home","item":"https:\/\/simonjersey.eu\/fi\/"},{"@type":"ListItem","position":2,"name":"Verkkokauppa","item":"https:\/\/simonjersey.eu\/fi\/kauppaan\/"},{"@type":"ListItem","position":3,"name":"Paitamekko taskuilla"}]},{"@type":"WebSite","@id":"https:\/\/simonjersey.eu\/fi\/#website","url":"https:\/\/simonjersey.eu\/fi\/","name":"Simon Jersey Suomi","description":"Tyylikk\u00e4\u00e4t ja kest\u00e4v\u00e4t  ammattiasut","potentialAction":[{"@type":"SearchAction","target":{"@type":"EntryPoint","urlTemplate":"https:\/\/simonjersey.eu\/fi\/?s={search_term_string}"},"query-input":{"@type":"PropertyValueSpecification","valueRequired":true,"valueName":"search_term_string"}}],"inLanguage":"fi"}]}},"_links":{"self":[{"href":"https:\/\/simonjersey.eu\/fi\/wp-json\/wp\/v2\/product\/10170","targetHints":{"allow":["GET"]}}],"collection":[{"href":"https:\/\/simonjersey.eu\/fi\/wp-json\/wp\/v2\/product"}],"about":[{"href":"https:\/\/simonjersey.eu\/fi\/wp-json\/wp\/v2\/types\/product"}],"wp:featuredmedia":[{"embeddable":true,"href":"https:\/\/simonjersey.eu\/fi\/wp-json\/wp\/v2\/media\/10171"}],"wp:attachment":[{"href":"https:\/\/simonjersey.eu\/fi\/wp-json\/wp\/v2\/media?parent=10170"}],"wp:term":[{"taxonomy":"product_brand","embeddable":true,"href":"https:\/\/simonjersey.eu\/fi\/wp-json\/wp\/v2\/product_brand?post=10170"},{"taxonomy":"product_cat","embeddable":true,"href":"https:\/\/simonjersey.eu\/fi\/wp-json\/wp\/v2\/product_cat?post=10170"},{"taxonomy":"product_tag","embeddable":true,"href":"https:\/\/simonjersey.eu\/fi\/wp-json\/wp\/v2\/product_tag?post=10170"}],"curies":[{"name":"wp","href":"https:\/\/api.w.org\/{rel}","templated":true}]}}