{"id":10194,"date":"2026-05-08T11:27:35","date_gmt":"2026-05-08T11:27:35","guid":{"rendered":"https:\/\/simonjersey.eu\/fi\/?post_type=product&#038;p=10194"},"modified":"2026-05-08T11:29:57","modified_gmt":"2026-05-08T11:29:57","slug":"denim-tarjoilijan-vyotaroesiliina-taskuilla","status":"publish","type":"product","link":"https:\/\/simonjersey.eu\/fi\/tuote\/denim-tarjoilijan-vyotaroesiliina-taskuilla\/","title":{"rendered":"Denim tarjoilijan vy\u00f6t\u00e4r\u00f6esiliina taskuilla"},"content":{"rendered":"","protected":false},"excerpt":{"rendered":"<p>Minikokoinen Denim vy\u00f6t\u00e4r\u00f6esiliina \u2013 siisti ja moderni lis\u00e4ys, joka antaa tarjoilijan ty\u00f6vaatteille raikkaan ja modernin ilmeen. T\u00e4m\u00e4 kompakti lantioesiliina mahdollistaa helpon p\u00e4\u00e4syn taskuihin liikkeell\u00e4 ollessasi. Esiliinassa on tablettitasku ja vetoketjullinen tasku turvallista s\u00e4ilytyst\u00e4 varten. S\u00e4\u00e4dett\u00e4v\u00e4ss\u00e4 kangasvy\u00f6t\u00e4r\u00f6nauhassa on D-rengaskiinnitys, joka sopii eri vy\u00f6t\u00e4r\u00f6kooille.<\/p>\n<p>Esiliinan mitat: leveys 32 cm x pituus 31 cm<\/p>\n<p>Tabletille sopiva tasku \u2013 leveys 18,5 cm x syvyys 20 cm<\/p>\n<p>Sis\u00e4tasku vetoketjulla \u2013 leveys 16 cm x syvyys 16 cm<\/p>\n<p>Materiaali: Canvas-puuvilla 70 % puuvillaa, 30 % polyesteritwilli\u00e4 \/ 265 g\/m\u00b2<\/p>\n<p>Konepesu: 60 \u00b0C, ei saa valkaista eik\u00e4 rumpukuivata.<\/p>\n","protected":false},"featured_media":10200,"template":"","meta":[],"product_brand":[],"product_cat":[48,33,57,43],"product_tag":[],"class_list":{"0":"post-10194","1":"product","2":"type-product","3":"status-publish","4":"has-post-thumbnail","6":"product_cat-esiliinat","7":"product_cat-esiliinat-essut-2","8":"product_cat-esiliinat-essut","9":"product_cat-kokin-esiliinat","11":"first","12":"instock","13":"taxable","14":"shipping-taxable","15":"purchasable","16":"product-type-variable"},"yoast_head":"<!-- This site is optimized with the Yoast SEO plugin v27.5 - https:\/\/yoast.com\/product\/yoast-seo-wordpress\/ -->\n<title>Denim tarjoilijan vy\u00f6t\u00e4r\u00f6esiliina taskuilla - Simon Jersey Suomi<\/title>\n<meta name=\"robots\" content=\"index, follow, max-snippet:-1, max-image-preview:large, max-video-preview:-1\" \/>\n<link rel=\"canonical\" href=\"https:\/\/simonjersey.eu\/fi\/tuote\/denim-tarjoilijan-vyotaroesiliina-taskuilla\/\" \/>\n<meta property=\"og:locale\" content=\"fi_FI\" \/>\n<meta property=\"og:type\" content=\"article\" \/>\n<meta property=\"og:title\" content=\"Denim tarjoilijan vy\u00f6t\u00e4r\u00f6esiliina taskuilla - Simon Jersey Suomi\" \/>\n<meta property=\"og:description\" content=\"Minikokoinen Denim vy\u00f6t\u00e4r\u00f6esiliina \u2013 siisti ja moderni lis\u00e4ys, joka antaa tarjoilijan ty\u00f6vaatteille raikkaan ja modernin ilmeen. T\u00e4m\u00e4 kompakti lantioesiliina mahdollistaa helpon p\u00e4\u00e4syn taskuihin liikkeell\u00e4 ollessasi. Esiliinassa on tablettitasku ja vetoketjullinen tasku turvallista s\u00e4ilytyst\u00e4 varten. S\u00e4\u00e4dett\u00e4v\u00e4ss\u00e4 kangasvy\u00f6t\u00e4r\u00f6nauhassa on D-rengaskiinnitys, joka sopii eri vy\u00f6t\u00e4r\u00f6kooille.  Esiliinan mitat: leveys 32 cm x pituus 31 cm  Tabletille sopiva tasku \u2013 leveys 18,5 cm x syvyys 20 cm  Sis\u00e4tasku vetoketjulla \u2013 leveys 16 cm x syvyys 16 cm  Materiaali: Canvas-puuvilla 70 % puuvillaa, 30 % polyesteritwilli\u00e4 \/ 265 g\/m\u00b2  Konepesu: 60 \u00b0C, ei saa valkaista eik\u00e4 rumpukuivata.\" \/>\n<meta property=\"og:url\" content=\"https:\/\/simonjersey.eu\/fi\/tuote\/denim-tarjoilijan-vyotaroesiliina-taskuilla\/\" \/>\n<meta property=\"og:site_name\" content=\"Simon Jersey Suomi\" \/>\n<meta property=\"article:modified_time\" content=\"2026-05-08T11:29:57+00:00\" \/>\n<meta property=\"og:image\" content=\"https:\/\/simonjersey.eu\/fi\/wp-content\/uploads\/sites\/3\/2026\/05\/PR138_1-Hip-apron.jpg\" \/>\n\t<meta property=\"og:image:width\" content=\"435\" \/>\n\t<meta property=\"og:image:height\" content=\"544\" \/>\n\t<meta property=\"og:image:type\" content=\"image\/jpeg\" \/>\n<meta name=\"twitter:card\" content=\"summary_large_image\" \/>\n<meta name=\"twitter:label1\" content=\"Arvioitu lukuaika\" \/>\n\t<meta name=\"twitter:data1\" content=\"1 minuutti\" \/>\n<script type=\"application\/ld+json\" class=\"yoast-schema-graph\">{\"@context\":\"https:\\\/\\\/schema.org\",\"@graph\":[{\"@type\":\"WebPage\",\"@id\":\"https:\\\/\\\/simonjersey.eu\\\/fi\\\/tuote\\\/denim-tarjoilijan-vyotaroesiliina-taskuilla\\\/\",\"url\":\"https:\\\/\\\/simonjersey.eu\\\/fi\\\/tuote\\\/denim-tarjoilijan-vyotaroesiliina-taskuilla\\\/\",\"name\":\"Denim tarjoilijan vy\u00f6t\u00e4r\u00f6esiliina taskuilla - Simon Jersey Suomi\",\"isPartOf\":{\"@id\":\"https:\\\/\\\/simonjersey.eu\\\/fi\\\/#website\"},\"primaryImageOfPage\":{\"@id\":\"https:\\\/\\\/simonjersey.eu\\\/fi\\\/tuote\\\/denim-tarjoilijan-vyotaroesiliina-taskuilla\\\/#primaryimage\"},\"image\":{\"@id\":\"https:\\\/\\\/simonjersey.eu\\\/fi\\\/tuote\\\/denim-tarjoilijan-vyotaroesiliina-taskuilla\\\/#primaryimage\"},\"thumbnailUrl\":\"https:\\\/\\\/simonjersey.eu\\\/fi\\\/wp-content\\\/uploads\\\/sites\\\/3\\\/2026\\\/05\\\/PR138_1-Hip-apron.jpg\",\"datePublished\":\"2026-05-08T11:27:35+00:00\",\"dateModified\":\"2026-05-08T11:29:57+00:00\",\"breadcrumb\":{\"@id\":\"https:\\\/\\\/simonjersey.eu\\\/fi\\\/tuote\\\/denim-tarjoilijan-vyotaroesiliina-taskuilla\\\/#breadcrumb\"},\"inLanguage\":\"fi\",\"potentialAction\":[{\"@type\":\"ReadAction\",\"target\":[\"https:\\\/\\\/simonjersey.eu\\\/fi\\\/tuote\\\/denim-tarjoilijan-vyotaroesiliina-taskuilla\\\/\"]}]},{\"@type\":\"ImageObject\",\"inLanguage\":\"fi\",\"@id\":\"https:\\\/\\\/simonjersey.eu\\\/fi\\\/tuote\\\/denim-tarjoilijan-vyotaroesiliina-taskuilla\\\/#primaryimage\",\"url\":\"https:\\\/\\\/simonjersey.eu\\\/fi\\\/wp-content\\\/uploads\\\/sites\\\/3\\\/2026\\\/05\\\/PR138_1-Hip-apron.jpg\",\"contentUrl\":\"https:\\\/\\\/simonjersey.eu\\\/fi\\\/wp-content\\\/uploads\\\/sites\\\/3\\\/2026\\\/05\\\/PR138_1-Hip-apron.jpg\",\"width\":435,\"height\":544},{\"@type\":\"BreadcrumbList\",\"@id\":\"https:\\\/\\\/simonjersey.eu\\\/fi\\\/tuote\\\/denim-tarjoilijan-vyotaroesiliina-taskuilla\\\/#breadcrumb\",\"itemListElement\":[{\"@type\":\"ListItem\",\"position\":1,\"name\":\"Home\",\"item\":\"https:\\\/\\\/simonjersey.eu\\\/fi\\\/\"},{\"@type\":\"ListItem\",\"position\":2,\"name\":\"Verkkokauppa\",\"item\":\"https:\\\/\\\/simonjersey.eu\\\/fi\\\/kauppaan\\\/\"},{\"@type\":\"ListItem\",\"position\":3,\"name\":\"Denim tarjoilijan vy\u00f6t\u00e4r\u00f6esiliina taskuilla\"}]},{\"@type\":\"WebSite\",\"@id\":\"https:\\\/\\\/simonjersey.eu\\\/fi\\\/#website\",\"url\":\"https:\\\/\\\/simonjersey.eu\\\/fi\\\/\",\"name\":\"Simon Jersey Suomi\",\"description\":\"Tyylikk\u00e4\u00e4t ja kest\u00e4v\u00e4t  ammattiasut\",\"potentialAction\":[{\"@type\":\"SearchAction\",\"target\":{\"@type\":\"EntryPoint\",\"urlTemplate\":\"https:\\\/\\\/simonjersey.eu\\\/fi\\\/?s={search_term_string}\"},\"query-input\":{\"@type\":\"PropertyValueSpecification\",\"valueRequired\":true,\"valueName\":\"search_term_string\"}}],\"inLanguage\":\"fi\"}]}<\/script>\n<!-- \/ Yoast SEO plugin. -->","yoast_head_json":{"title":"Denim tarjoilijan vy\u00f6t\u00e4r\u00f6esiliina taskuilla - Simon Jersey Suomi","robots":{"index":"index","follow":"follow","max-snippet":"max-snippet:-1","max-image-preview":"max-image-preview:large","max-video-preview":"max-video-preview:-1"},"canonical":"https:\/\/simonjersey.eu\/fi\/tuote\/denim-tarjoilijan-vyotaroesiliina-taskuilla\/","og_locale":"fi_FI","og_type":"article","og_title":"Denim tarjoilijan vy\u00f6t\u00e4r\u00f6esiliina taskuilla - Simon Jersey Suomi","og_description":"Minikokoinen Denim vy\u00f6t\u00e4r\u00f6esiliina \u2013 siisti ja moderni lis\u00e4ys, joka antaa tarjoilijan ty\u00f6vaatteille raikkaan ja modernin ilmeen. T\u00e4m\u00e4 kompakti lantioesiliina mahdollistaa helpon p\u00e4\u00e4syn taskuihin liikkeell\u00e4 ollessasi. Esiliinassa on tablettitasku ja vetoketjullinen tasku turvallista s\u00e4ilytyst\u00e4 varten. S\u00e4\u00e4dett\u00e4v\u00e4ss\u00e4 kangasvy\u00f6t\u00e4r\u00f6nauhassa on D-rengaskiinnitys, joka sopii eri vy\u00f6t\u00e4r\u00f6kooille.  Esiliinan mitat: leveys 32 cm x pituus 31 cm  Tabletille sopiva tasku \u2013 leveys 18,5 cm x syvyys 20 cm  Sis\u00e4tasku vetoketjulla \u2013 leveys 16 cm x syvyys 16 cm  Materiaali: Canvas-puuvilla 70 % puuvillaa, 30 % polyesteritwilli\u00e4 \/ 265 g\/m\u00b2  Konepesu: 60 \u00b0C, ei saa valkaista eik\u00e4 rumpukuivata.","og_url":"https:\/\/simonjersey.eu\/fi\/tuote\/denim-tarjoilijan-vyotaroesiliina-taskuilla\/","og_site_name":"Simon Jersey Suomi","article_modified_time":"2026-05-08T11:29:57+00:00","og_image":[{"width":435,"height":544,"url":"https:\/\/simonjersey.eu\/fi\/wp-content\/uploads\/sites\/3\/2026\/05\/PR138_1-Hip-apron.jpg","type":"image\/jpeg"}],"twitter_card":"summary_large_image","twitter_misc":{"Arvioitu lukuaika":"1 minuutti"},"schema":{"@context":"https:\/\/schema.org","@graph":[{"@type":"WebPage","@id":"https:\/\/simonjersey.eu\/fi\/tuote\/denim-tarjoilijan-vyotaroesiliina-taskuilla\/","url":"https:\/\/simonjersey.eu\/fi\/tuote\/denim-tarjoilijan-vyotaroesiliina-taskuilla\/","name":"Denim tarjoilijan vy\u00f6t\u00e4r\u00f6esiliina taskuilla - Simon Jersey Suomi","isPartOf":{"@id":"https:\/\/simonjersey.eu\/fi\/#website"},"primaryImageOfPage":{"@id":"https:\/\/simonjersey.eu\/fi\/tuote\/denim-tarjoilijan-vyotaroesiliina-taskuilla\/#primaryimage"},"image":{"@id":"https:\/\/simonjersey.eu\/fi\/tuote\/denim-tarjoilijan-vyotaroesiliina-taskuilla\/#primaryimage"},"thumbnailUrl":"https:\/\/simonjersey.eu\/fi\/wp-content\/uploads\/sites\/3\/2026\/05\/PR138_1-Hip-apron.jpg","datePublished":"2026-05-08T11:27:35+00:00","dateModified":"2026-05-08T11:29:57+00:00","breadcrumb":{"@id":"https:\/\/simonjersey.eu\/fi\/tuote\/denim-tarjoilijan-vyotaroesiliina-taskuilla\/#breadcrumb"},"inLanguage":"fi","potentialAction":[{"@type":"ReadAction","target":["https:\/\/simonjersey.eu\/fi\/tuote\/denim-tarjoilijan-vyotaroesiliina-taskuilla\/"]}]},{"@type":"ImageObject","inLanguage":"fi","@id":"https:\/\/simonjersey.eu\/fi\/tuote\/denim-tarjoilijan-vyotaroesiliina-taskuilla\/#primaryimage","url":"https:\/\/simonjersey.eu\/fi\/wp-content\/uploads\/sites\/3\/2026\/05\/PR138_1-Hip-apron.jpg","contentUrl":"https:\/\/simonjersey.eu\/fi\/wp-content\/uploads\/sites\/3\/2026\/05\/PR138_1-Hip-apron.jpg","width":435,"height":544},{"@type":"BreadcrumbList","@id":"https:\/\/simonjersey.eu\/fi\/tuote\/denim-tarjoilijan-vyotaroesiliina-taskuilla\/#breadcrumb","itemListElement":[{"@type":"ListItem","position":1,"name":"Home","item":"https:\/\/simonjersey.eu\/fi\/"},{"@type":"ListItem","position":2,"name":"Verkkokauppa","item":"https:\/\/simonjersey.eu\/fi\/kauppaan\/"},{"@type":"ListItem","position":3,"name":"Denim tarjoilijan vy\u00f6t\u00e4r\u00f6esiliina taskuilla"}]},{"@type":"WebSite","@id":"https:\/\/simonjersey.eu\/fi\/#website","url":"https:\/\/simonjersey.eu\/fi\/","name":"Simon Jersey Suomi","description":"Tyylikk\u00e4\u00e4t ja kest\u00e4v\u00e4t  ammattiasut","potentialAction":[{"@type":"SearchAction","target":{"@type":"EntryPoint","urlTemplate":"https:\/\/simonjersey.eu\/fi\/?s={search_term_string}"},"query-input":{"@type":"PropertyValueSpecification","valueRequired":true,"valueName":"search_term_string"}}],"inLanguage":"fi"}]}},"_links":{"self":[{"href":"https:\/\/simonjersey.eu\/fi\/wp-json\/wp\/v2\/product\/10194","targetHints":{"allow":["GET"]}}],"collection":[{"href":"https:\/\/simonjersey.eu\/fi\/wp-json\/wp\/v2\/product"}],"about":[{"href":"https:\/\/simonjersey.eu\/fi\/wp-json\/wp\/v2\/types\/product"}],"wp:featuredmedia":[{"embeddable":true,"href":"https:\/\/simonjersey.eu\/fi\/wp-json\/wp\/v2\/media\/10200"}],"wp:attachment":[{"href":"https:\/\/simonjersey.eu\/fi\/wp-json\/wp\/v2\/media?parent=10194"}],"wp:term":[{"taxonomy":"product_brand","embeddable":true,"href":"https:\/\/simonjersey.eu\/fi\/wp-json\/wp\/v2\/product_brand?post=10194"},{"taxonomy":"product_cat","embeddable":true,"href":"https:\/\/simonjersey.eu\/fi\/wp-json\/wp\/v2\/product_cat?post=10194"},{"taxonomy":"product_tag","embeddable":true,"href":"https:\/\/simonjersey.eu\/fi\/wp-json\/wp\/v2\/product_tag?post=10194"}],"curies":[{"name":"wp","href":"https:\/\/api.w.org\/{rel}","templated":true}]}}