{"id":1328,"date":"2019-10-18T07:46:54","date_gmt":"2019-10-18T07:46:54","guid":{"rendered":"https:\/\/simonjersey.eu\/fi\/?post_type=product&#038;p=1328"},"modified":"2022-04-19T07:34:00","modified_gmt":"2022-04-19T07:34:00","slug":"kuvioitu-mekko","status":"publish","type":"product","link":"https:\/\/simonjersey.eu\/fi\/tuote\/kuvioitu-mekko\/","title":{"rendered":"Kuvioitu mekko"},"content":{"rendered":"","protected":false},"excerpt":{"rendered":"<p>T\u00e4m\u00e4 kuvioitu mekko on loistava lis\u00e4 kaikkiin ty\u00f6asukokoelmiin! Valittavanasi on kaksi erilaista kuosia. Mekko on materiaaliltaan korkealaatuinen ja leikkaukseltaan vartalon muotoja korostava.<\/p>\n<p>Mekossa on py\u00f6re\u00e4 p\u00e4\u00e4ntie, k\u00e4\u00e4nnetyt lyhyet hihat ja solmittava vy\u00f6t\u00e4r\u00f6nauha.<\/p>\n<p>Mekon pituus 94,5 cm.<br \/>\nMateriaali: 100% polyesteri. Cool Cr\u00eape.<br \/>\nKonepesu: 30\u00b0c, helppohoitoinen materiaali.<br \/>\nKoko (UK): 6-18.<\/p>\n","protected":false},"featured_media":5576,"template":"","meta":[],"product_brand":[],"product_cat":[37,52,68,85,19],"product_tag":[158,155,232],"class_list":{"0":"post-1328","1":"product","2":"type-product","3":"status-publish","4":"has-post-thumbnail","6":"product_cat-mekot","7":"product_cat-hamet-ja-mekot-ravintola-kahvila","8":"product_cat-pukujen-mallistot-hotelli-ja-palveluammatit","9":"product_cat-pukujen-mallistot-business-toimisto","10":"product_cat-hamet-ja-mekot","11":"product_tag-hotellin-tyovaatet","12":"product_tag-naisten-mekkot","13":"product_tag-naisten-tyovaatteet","15":"first","16":"instock","17":"taxable","18":"shipping-taxable","19":"purchasable","20":"product-type-variable","21":"has-default-attributes"},"yoast_head":"<!-- This site is optimized with the Yoast SEO plugin v27.2 - https:\/\/yoast.com\/product\/yoast-seo-wordpress\/ -->\n<title>Kuvioitu mekko - Simon Jersey Suomi<\/title>\n<meta name=\"description\" content=\"T\u00e4m\u00e4 kuvioitu mekko on loistava lis\u00e4 kaikkiin ty\u00f6asukokoelmiin! Valittavanasi on kaksi erilaista kuosia. Mekko on materiaaliltaan korkealaatuinen.\" \/>\n<meta name=\"robots\" content=\"index, follow, max-snippet:-1, max-image-preview:large, max-video-preview:-1\" \/>\n<link rel=\"canonical\" href=\"https:\/\/simonjersey.eu\/fi\/tuote\/kuvioitu-mekko\/\" \/>\n<meta property=\"og:locale\" content=\"fi_FI\" \/>\n<meta property=\"og:type\" content=\"article\" \/>\n<meta property=\"og:title\" content=\"Kuvioitu mekko - Simon Jersey Suomi\" \/>\n<meta property=\"og:description\" content=\"T\u00e4m\u00e4 kuvioitu mekko on loistava lis\u00e4 kaikkiin ty\u00f6asukokoelmiin! Valittavanasi on kaksi erilaista kuosia. Mekko on materiaaliltaan korkealaatuinen.\" \/>\n<meta property=\"og:url\" content=\"https:\/\/simonjersey.eu\/fi\/tuote\/kuvioitu-mekko\/\" \/>\n<meta property=\"og:site_name\" content=\"Simon Jersey Suomi\" \/>\n<meta property=\"article:modified_time\" content=\"2022-04-19T07:34:00+00:00\" \/>\n<meta property=\"og:image\" content=\"https:\/\/simonjersey.eu\/fi\/wp-content\/uploads\/sites\/3\/2019\/10\/FD4900.jpg\" \/>\n\t<meta property=\"og:image:width\" content=\"1000\" \/>\n\t<meta property=\"og:image:height\" content=\"1500\" \/>\n\t<meta property=\"og:image:type\" content=\"image\/jpeg\" \/>\n<meta name=\"twitter:card\" content=\"summary_large_image\" \/>\n<script type=\"application\/ld+json\" class=\"yoast-schema-graph\">{\"@context\":\"https:\/\/schema.org\",\"@graph\":[{\"@type\":\"WebPage\",\"@id\":\"https:\/\/simonjersey.eu\/fi\/tuote\/kuvioitu-mekko\/\",\"url\":\"https:\/\/simonjersey.eu\/fi\/tuote\/kuvioitu-mekko\/\",\"name\":\"Kuvioitu mekko - Simon Jersey Suomi\",\"isPartOf\":{\"@id\":\"https:\/\/simonjersey.eu\/fi\/#website\"},\"primaryImageOfPage\":{\"@id\":\"https:\/\/simonjersey.eu\/fi\/tuote\/kuvioitu-mekko\/#primaryimage\"},\"image\":{\"@id\":\"https:\/\/simonjersey.eu\/fi\/tuote\/kuvioitu-mekko\/#primaryimage\"},\"thumbnailUrl\":\"https:\/\/simonjersey.eu\/fi\/wp-content\/uploads\/sites\/3\/2019\/10\/FD4900.jpg\",\"datePublished\":\"2019-10-18T07:46:54+00:00\",\"dateModified\":\"2022-04-19T07:34:00+00:00\",\"description\":\"T\u00e4m\u00e4 kuvioitu mekko on loistava lis\u00e4 kaikkiin ty\u00f6asukokoelmiin! Valittavanasi on kaksi erilaista kuosia. Mekko on materiaaliltaan korkealaatuinen.\",\"breadcrumb\":{\"@id\":\"https:\/\/simonjersey.eu\/fi\/tuote\/kuvioitu-mekko\/#breadcrumb\"},\"inLanguage\":\"fi\",\"potentialAction\":[{\"@type\":\"ReadAction\",\"target\":[\"https:\/\/simonjersey.eu\/fi\/tuote\/kuvioitu-mekko\/\"]}]},{\"@type\":\"ImageObject\",\"inLanguage\":\"fi\",\"@id\":\"https:\/\/simonjersey.eu\/fi\/tuote\/kuvioitu-mekko\/#primaryimage\",\"url\":\"https:\/\/simonjersey.eu\/fi\/wp-content\/uploads\/sites\/3\/2019\/10\/FD4900.jpg\",\"contentUrl\":\"https:\/\/simonjersey.eu\/fi\/wp-content\/uploads\/sites\/3\/2019\/10\/FD4900.jpg\",\"width\":1000,\"height\":1500},{\"@type\":\"BreadcrumbList\",\"@id\":\"https:\/\/simonjersey.eu\/fi\/tuote\/kuvioitu-mekko\/#breadcrumb\",\"itemListElement\":[{\"@type\":\"ListItem\",\"position\":1,\"name\":\"Home\",\"item\":\"https:\/\/simonjersey.eu\/fi\/\"},{\"@type\":\"ListItem\",\"position\":2,\"name\":\"Verkkokauppa\",\"item\":\"https:\/\/simonjersey.eu\/fi\/kauppaan\/\"},{\"@type\":\"ListItem\",\"position\":3,\"name\":\"Kuvioitu mekko\"}]},{\"@type\":\"WebSite\",\"@id\":\"https:\/\/simonjersey.eu\/fi\/#website\",\"url\":\"https:\/\/simonjersey.eu\/fi\/\",\"name\":\"Simon Jersey Suomi\",\"description\":\"Tyylikk\u00e4\u00e4t ja kest\u00e4v\u00e4t  ammattiasut\",\"potentialAction\":[{\"@type\":\"SearchAction\",\"target\":{\"@type\":\"EntryPoint\",\"urlTemplate\":\"https:\/\/simonjersey.eu\/fi\/?s={search_term_string}\"},\"query-input\":{\"@type\":\"PropertyValueSpecification\",\"valueRequired\":true,\"valueName\":\"search_term_string\"}}],\"inLanguage\":\"fi\"}]}<\/script>\n<!-- \/ Yoast SEO plugin. -->","yoast_head_json":{"title":"Kuvioitu mekko - Simon Jersey Suomi","description":"T\u00e4m\u00e4 kuvioitu mekko on loistava lis\u00e4 kaikkiin ty\u00f6asukokoelmiin! Valittavanasi on kaksi erilaista kuosia. Mekko on materiaaliltaan korkealaatuinen.","robots":{"index":"index","follow":"follow","max-snippet":"max-snippet:-1","max-image-preview":"max-image-preview:large","max-video-preview":"max-video-preview:-1"},"canonical":"https:\/\/simonjersey.eu\/fi\/tuote\/kuvioitu-mekko\/","og_locale":"fi_FI","og_type":"article","og_title":"Kuvioitu mekko - Simon Jersey Suomi","og_description":"T\u00e4m\u00e4 kuvioitu mekko on loistava lis\u00e4 kaikkiin ty\u00f6asukokoelmiin! Valittavanasi on kaksi erilaista kuosia. Mekko on materiaaliltaan korkealaatuinen.","og_url":"https:\/\/simonjersey.eu\/fi\/tuote\/kuvioitu-mekko\/","og_site_name":"Simon Jersey Suomi","article_modified_time":"2022-04-19T07:34:00+00:00","og_image":[{"width":1000,"height":1500,"url":"https:\/\/simonjersey.eu\/fi\/wp-content\/uploads\/sites\/3\/2019\/10\/FD4900.jpg","type":"image\/jpeg"}],"twitter_card":"summary_large_image","schema":{"@context":"https:\/\/schema.org","@graph":[{"@type":"WebPage","@id":"https:\/\/simonjersey.eu\/fi\/tuote\/kuvioitu-mekko\/","url":"https:\/\/simonjersey.eu\/fi\/tuote\/kuvioitu-mekko\/","name":"Kuvioitu mekko - Simon Jersey Suomi","isPartOf":{"@id":"https:\/\/simonjersey.eu\/fi\/#website"},"primaryImageOfPage":{"@id":"https:\/\/simonjersey.eu\/fi\/tuote\/kuvioitu-mekko\/#primaryimage"},"image":{"@id":"https:\/\/simonjersey.eu\/fi\/tuote\/kuvioitu-mekko\/#primaryimage"},"thumbnailUrl":"https:\/\/simonjersey.eu\/fi\/wp-content\/uploads\/sites\/3\/2019\/10\/FD4900.jpg","datePublished":"2019-10-18T07:46:54+00:00","dateModified":"2022-04-19T07:34:00+00:00","description":"T\u00e4m\u00e4 kuvioitu mekko on loistava lis\u00e4 kaikkiin ty\u00f6asukokoelmiin! Valittavanasi on kaksi erilaista kuosia. Mekko on materiaaliltaan korkealaatuinen.","breadcrumb":{"@id":"https:\/\/simonjersey.eu\/fi\/tuote\/kuvioitu-mekko\/#breadcrumb"},"inLanguage":"fi","potentialAction":[{"@type":"ReadAction","target":["https:\/\/simonjersey.eu\/fi\/tuote\/kuvioitu-mekko\/"]}]},{"@type":"ImageObject","inLanguage":"fi","@id":"https:\/\/simonjersey.eu\/fi\/tuote\/kuvioitu-mekko\/#primaryimage","url":"https:\/\/simonjersey.eu\/fi\/wp-content\/uploads\/sites\/3\/2019\/10\/FD4900.jpg","contentUrl":"https:\/\/simonjersey.eu\/fi\/wp-content\/uploads\/sites\/3\/2019\/10\/FD4900.jpg","width":1000,"height":1500},{"@type":"BreadcrumbList","@id":"https:\/\/simonjersey.eu\/fi\/tuote\/kuvioitu-mekko\/#breadcrumb","itemListElement":[{"@type":"ListItem","position":1,"name":"Home","item":"https:\/\/simonjersey.eu\/fi\/"},{"@type":"ListItem","position":2,"name":"Verkkokauppa","item":"https:\/\/simonjersey.eu\/fi\/kauppaan\/"},{"@type":"ListItem","position":3,"name":"Kuvioitu mekko"}]},{"@type":"WebSite","@id":"https:\/\/simonjersey.eu\/fi\/#website","url":"https:\/\/simonjersey.eu\/fi\/","name":"Simon Jersey Suomi","description":"Tyylikk\u00e4\u00e4t ja kest\u00e4v\u00e4t  ammattiasut","potentialAction":[{"@type":"SearchAction","target":{"@type":"EntryPoint","urlTemplate":"https:\/\/simonjersey.eu\/fi\/?s={search_term_string}"},"query-input":{"@type":"PropertyValueSpecification","valueRequired":true,"valueName":"search_term_string"}}],"inLanguage":"fi"}]}},"_links":{"self":[{"href":"https:\/\/simonjersey.eu\/fi\/wp-json\/wp\/v2\/product\/1328","targetHints":{"allow":["GET"]}}],"collection":[{"href":"https:\/\/simonjersey.eu\/fi\/wp-json\/wp\/v2\/product"}],"about":[{"href":"https:\/\/simonjersey.eu\/fi\/wp-json\/wp\/v2\/types\/product"}],"wp:featuredmedia":[{"embeddable":true,"href":"https:\/\/simonjersey.eu\/fi\/wp-json\/wp\/v2\/media\/5576"}],"wp:attachment":[{"href":"https:\/\/simonjersey.eu\/fi\/wp-json\/wp\/v2\/media?parent=1328"}],"wp:term":[{"taxonomy":"product_brand","embeddable":true,"href":"https:\/\/simonjersey.eu\/fi\/wp-json\/wp\/v2\/product_brand?post=1328"},{"taxonomy":"product_cat","embeddable":true,"href":"https:\/\/simonjersey.eu\/fi\/wp-json\/wp\/v2\/product_cat?post=1328"},{"taxonomy":"product_tag","embeddable":true,"href":"https:\/\/simonjersey.eu\/fi\/wp-json\/wp\/v2\/product_tag?post=1328"}],"curies":[{"name":"wp","href":"https:\/\/api.w.org\/{rel}","templated":true}]}}