{"id":1371,"date":"2019-10-18T08:45:01","date_gmt":"2019-10-18T08:45:01","guid":{"rendered":"https:\/\/simonjersey.eu\/fi\/?post_type=product&#038;p=1371"},"modified":"2026-03-19T10:40:47","modified_gmt":"2026-03-19T10:40:47","slug":"slim-fit-tunika-housut-naisille","status":"publish","type":"product","link":"https:\/\/simonjersey.eu\/fi\/tuote\/slim-fit-tunika-housut-naisille\/","title":{"rendered":"Slim-fit tunika housut naisille"},"content":{"rendered":"","protected":false},"excerpt":{"rendered":"<p>Eritt\u00e4in mukavat ja k\u00e4yt\u00e4nn\u00f6lliset housut asiakaspalveluun.<br \/>\nSopivat k\u00e4ytett\u00e4v\u00e4ksi tunikan alla, mutta my\u00f6s puseron kanssa ravintolassa, kahvilassa tai kauneushoitolassa.<br \/>\nNaisten kapeat housut taskuilla. Housut eiv\u00e4t rypisty<\/p>\n<p>Edess\u00e4 vetoketju, vy\u00f6lenkit ja taskut sivulla.<br \/>\nLahjepituss: 74cm.<\/p>\n<p>Materiaali: 100% polyesteri<br \/>\nKonepesu: 40\u00b0c, helppohoitoinen materiaali<br \/>\nKoko (UK): 6-26.<\/p>\n<p>Sopivat tunikat t\u00e4st\u00e4!<\/p>\n","protected":false},"featured_media":9009,"template":"","meta":[],"product_brand":[],"product_cat":[422,38,53,18],"product_tag":[149,232,128],"class_list":{"0":"post-1371","1":"product","2":"type-product","3":"status-publish","4":"has-post-thumbnail","6":"product_cat-naisten-housut-ja-chinot","7":"product_cat-housut","8":"product_cat-housut-ravintola-kahvila","9":"product_cat-naisten-housut","10":"product_tag-kauneudenhoito-housut","11":"product_tag-naisten-tyovaatteet","12":"product_tag-tyovaatteet-kauneussalonkiin","14":"first","15":"instock","16":"taxable","17":"shipping-taxable","18":"purchasable","19":"product-type-variable","20":"has-default-attributes"},"yoast_head":"<!-- This site is optimized with the Yoast SEO plugin v27.2 - https:\/\/yoast.com\/product\/yoast-seo-wordpress\/ -->\n<title>Slim-fit tunika housut naisille - Simon Jersey Suomi<\/title>\n<meta name=\"robots\" content=\"index, follow, max-snippet:-1, max-image-preview:large, max-video-preview:-1\" \/>\n<link rel=\"canonical\" href=\"https:\/\/simonjersey.eu\/fi\/tuote\/slim-fit-tunika-housut-naisille\/\" \/>\n<meta property=\"og:locale\" content=\"fi_FI\" \/>\n<meta property=\"og:type\" content=\"article\" \/>\n<meta property=\"og:title\" content=\"Slim-fit tunika housut naisille - Simon Jersey Suomi\" \/>\n<meta property=\"og:description\" content=\"Eritt\u00e4in mukavat ja k\u00e4yt\u00e4nn\u00f6lliset housut asiakaspalveluun. Sopivat k\u00e4ytett\u00e4v\u00e4ksi tunikan alla, mutta my\u00f6s puseron kanssa ravintolassa, kahvilassa tai kauneushoitolassa. Naisten kapeat housut taskuilla. Housut eiv\u00e4t rypisty  Edess\u00e4 vetoketju, vy\u00f6lenkit ja taskut sivulla. Lahjepituss: 74cm.  Materiaali: 100% polyesteri Konepesu: 40\u00b0c, helppohoitoinen materiaali Koko (UK): 6-26.  Sopivat tunikat t\u00e4st\u00e4!\" \/>\n<meta property=\"og:url\" content=\"https:\/\/simonjersey.eu\/fi\/tuote\/slim-fit-tunika-housut-naisille\/\" \/>\n<meta property=\"og:site_name\" content=\"Simon Jersey Suomi\" \/>\n<meta property=\"article:modified_time\" content=\"2026-03-19T10:40:47+00:00\" \/>\n<meta property=\"og:image\" content=\"https:\/\/simonjersey.eu\/fi\/wp-content\/uploads\/sites\/3\/2019\/10\/Ft2830-slim-fit-puksid-navy.jpg\" \/>\n\t<meta property=\"og:image:width\" content=\"1000\" \/>\n\t<meta property=\"og:image:height\" content=\"1500\" \/>\n\t<meta property=\"og:image:type\" content=\"image\/jpeg\" \/>\n<meta name=\"twitter:card\" content=\"summary_large_image\" \/>\n<meta name=\"twitter:label1\" content=\"Arvioitu lukuaika\" \/>\n\t<meta name=\"twitter:data1\" content=\"1 minuutti\" \/>\n<script type=\"application\/ld+json\" class=\"yoast-schema-graph\">{\"@context\":\"https:\/\/schema.org\",\"@graph\":[{\"@type\":\"WebPage\",\"@id\":\"https:\/\/simonjersey.eu\/fi\/tuote\/slim-fit-tunika-housut-naisille\/\",\"url\":\"https:\/\/simonjersey.eu\/fi\/tuote\/slim-fit-tunika-housut-naisille\/\",\"name\":\"Slim-fit tunika housut naisille - Simon Jersey Suomi\",\"isPartOf\":{\"@id\":\"https:\/\/simonjersey.eu\/fi\/#website\"},\"primaryImageOfPage\":{\"@id\":\"https:\/\/simonjersey.eu\/fi\/tuote\/slim-fit-tunika-housut-naisille\/#primaryimage\"},\"image\":{\"@id\":\"https:\/\/simonjersey.eu\/fi\/tuote\/slim-fit-tunika-housut-naisille\/#primaryimage\"},\"thumbnailUrl\":\"https:\/\/simonjersey.eu\/fi\/wp-content\/uploads\/sites\/3\/2019\/10\/Ft2830-slim-fit-puksid-navy.jpg\",\"datePublished\":\"2019-10-18T08:45:01+00:00\",\"dateModified\":\"2026-03-19T10:40:47+00:00\",\"breadcrumb\":{\"@id\":\"https:\/\/simonjersey.eu\/fi\/tuote\/slim-fit-tunika-housut-naisille\/#breadcrumb\"},\"inLanguage\":\"fi\",\"potentialAction\":[{\"@type\":\"ReadAction\",\"target\":[\"https:\/\/simonjersey.eu\/fi\/tuote\/slim-fit-tunika-housut-naisille\/\"]}]},{\"@type\":\"ImageObject\",\"inLanguage\":\"fi\",\"@id\":\"https:\/\/simonjersey.eu\/fi\/tuote\/slim-fit-tunika-housut-naisille\/#primaryimage\",\"url\":\"https:\/\/simonjersey.eu\/fi\/wp-content\/uploads\/sites\/3\/2019\/10\/Ft2830-slim-fit-puksid-navy.jpg\",\"contentUrl\":\"https:\/\/simonjersey.eu\/fi\/wp-content\/uploads\/sites\/3\/2019\/10\/Ft2830-slim-fit-puksid-navy.jpg\",\"width\":1000,\"height\":1500},{\"@type\":\"BreadcrumbList\",\"@id\":\"https:\/\/simonjersey.eu\/fi\/tuote\/slim-fit-tunika-housut-naisille\/#breadcrumb\",\"itemListElement\":[{\"@type\":\"ListItem\",\"position\":1,\"name\":\"Home\",\"item\":\"https:\/\/simonjersey.eu\/fi\/\"},{\"@type\":\"ListItem\",\"position\":2,\"name\":\"Verkkokauppa\",\"item\":\"https:\/\/simonjersey.eu\/fi\/kauppaan\/\"},{\"@type\":\"ListItem\",\"position\":3,\"name\":\"Slim-fit tunika housut naisille\"}]},{\"@type\":\"WebSite\",\"@id\":\"https:\/\/simonjersey.eu\/fi\/#website\",\"url\":\"https:\/\/simonjersey.eu\/fi\/\",\"name\":\"Simon Jersey Suomi\",\"description\":\"Tyylikk\u00e4\u00e4t ja kest\u00e4v\u00e4t  ammattiasut\",\"potentialAction\":[{\"@type\":\"SearchAction\",\"target\":{\"@type\":\"EntryPoint\",\"urlTemplate\":\"https:\/\/simonjersey.eu\/fi\/?s={search_term_string}\"},\"query-input\":{\"@type\":\"PropertyValueSpecification\",\"valueRequired\":true,\"valueName\":\"search_term_string\"}}],\"inLanguage\":\"fi\"}]}<\/script>\n<!-- \/ Yoast SEO plugin. -->","yoast_head_json":{"title":"Slim-fit tunika housut naisille - Simon Jersey Suomi","robots":{"index":"index","follow":"follow","max-snippet":"max-snippet:-1","max-image-preview":"max-image-preview:large","max-video-preview":"max-video-preview:-1"},"canonical":"https:\/\/simonjersey.eu\/fi\/tuote\/slim-fit-tunika-housut-naisille\/","og_locale":"fi_FI","og_type":"article","og_title":"Slim-fit tunika housut naisille - Simon Jersey Suomi","og_description":"Eritt\u00e4in mukavat ja k\u00e4yt\u00e4nn\u00f6lliset housut asiakaspalveluun. Sopivat k\u00e4ytett\u00e4v\u00e4ksi tunikan alla, mutta my\u00f6s puseron kanssa ravintolassa, kahvilassa tai kauneushoitolassa. Naisten kapeat housut taskuilla. Housut eiv\u00e4t rypisty  Edess\u00e4 vetoketju, vy\u00f6lenkit ja taskut sivulla. Lahjepituss: 74cm.  Materiaali: 100% polyesteri Konepesu: 40\u00b0c, helppohoitoinen materiaali Koko (UK): 6-26.  Sopivat tunikat t\u00e4st\u00e4!","og_url":"https:\/\/simonjersey.eu\/fi\/tuote\/slim-fit-tunika-housut-naisille\/","og_site_name":"Simon Jersey Suomi","article_modified_time":"2026-03-19T10:40:47+00:00","og_image":[{"width":1000,"height":1500,"url":"https:\/\/simonjersey.eu\/fi\/wp-content\/uploads\/sites\/3\/2019\/10\/Ft2830-slim-fit-puksid-navy.jpg","type":"image\/jpeg"}],"twitter_card":"summary_large_image","twitter_misc":{"Arvioitu lukuaika":"1 minuutti"},"schema":{"@context":"https:\/\/schema.org","@graph":[{"@type":"WebPage","@id":"https:\/\/simonjersey.eu\/fi\/tuote\/slim-fit-tunika-housut-naisille\/","url":"https:\/\/simonjersey.eu\/fi\/tuote\/slim-fit-tunika-housut-naisille\/","name":"Slim-fit tunika housut naisille - Simon Jersey Suomi","isPartOf":{"@id":"https:\/\/simonjersey.eu\/fi\/#website"},"primaryImageOfPage":{"@id":"https:\/\/simonjersey.eu\/fi\/tuote\/slim-fit-tunika-housut-naisille\/#primaryimage"},"image":{"@id":"https:\/\/simonjersey.eu\/fi\/tuote\/slim-fit-tunika-housut-naisille\/#primaryimage"},"thumbnailUrl":"https:\/\/simonjersey.eu\/fi\/wp-content\/uploads\/sites\/3\/2019\/10\/Ft2830-slim-fit-puksid-navy.jpg","datePublished":"2019-10-18T08:45:01+00:00","dateModified":"2026-03-19T10:40:47+00:00","breadcrumb":{"@id":"https:\/\/simonjersey.eu\/fi\/tuote\/slim-fit-tunika-housut-naisille\/#breadcrumb"},"inLanguage":"fi","potentialAction":[{"@type":"ReadAction","target":["https:\/\/simonjersey.eu\/fi\/tuote\/slim-fit-tunika-housut-naisille\/"]}]},{"@type":"ImageObject","inLanguage":"fi","@id":"https:\/\/simonjersey.eu\/fi\/tuote\/slim-fit-tunika-housut-naisille\/#primaryimage","url":"https:\/\/simonjersey.eu\/fi\/wp-content\/uploads\/sites\/3\/2019\/10\/Ft2830-slim-fit-puksid-navy.jpg","contentUrl":"https:\/\/simonjersey.eu\/fi\/wp-content\/uploads\/sites\/3\/2019\/10\/Ft2830-slim-fit-puksid-navy.jpg","width":1000,"height":1500},{"@type":"BreadcrumbList","@id":"https:\/\/simonjersey.eu\/fi\/tuote\/slim-fit-tunika-housut-naisille\/#breadcrumb","itemListElement":[{"@type":"ListItem","position":1,"name":"Home","item":"https:\/\/simonjersey.eu\/fi\/"},{"@type":"ListItem","position":2,"name":"Verkkokauppa","item":"https:\/\/simonjersey.eu\/fi\/kauppaan\/"},{"@type":"ListItem","position":3,"name":"Slim-fit tunika housut naisille"}]},{"@type":"WebSite","@id":"https:\/\/simonjersey.eu\/fi\/#website","url":"https:\/\/simonjersey.eu\/fi\/","name":"Simon Jersey Suomi","description":"Tyylikk\u00e4\u00e4t ja kest\u00e4v\u00e4t  ammattiasut","potentialAction":[{"@type":"SearchAction","target":{"@type":"EntryPoint","urlTemplate":"https:\/\/simonjersey.eu\/fi\/?s={search_term_string}"},"query-input":{"@type":"PropertyValueSpecification","valueRequired":true,"valueName":"search_term_string"}}],"inLanguage":"fi"}]}},"_links":{"self":[{"href":"https:\/\/simonjersey.eu\/fi\/wp-json\/wp\/v2\/product\/1371","targetHints":{"allow":["GET"]}}],"collection":[{"href":"https:\/\/simonjersey.eu\/fi\/wp-json\/wp\/v2\/product"}],"about":[{"href":"https:\/\/simonjersey.eu\/fi\/wp-json\/wp\/v2\/types\/product"}],"wp:featuredmedia":[{"embeddable":true,"href":"https:\/\/simonjersey.eu\/fi\/wp-json\/wp\/v2\/media\/9009"}],"wp:attachment":[{"href":"https:\/\/simonjersey.eu\/fi\/wp-json\/wp\/v2\/media?parent=1371"}],"wp:term":[{"taxonomy":"product_brand","embeddable":true,"href":"https:\/\/simonjersey.eu\/fi\/wp-json\/wp\/v2\/product_brand?post=1371"},{"taxonomy":"product_cat","embeddable":true,"href":"https:\/\/simonjersey.eu\/fi\/wp-json\/wp\/v2\/product_cat?post=1371"},{"taxonomy":"product_tag","embeddable":true,"href":"https:\/\/simonjersey.eu\/fi\/wp-json\/wp\/v2\/product_tag?post=1371"}],"curies":[{"name":"wp","href":"https:\/\/api.w.org\/{rel}","templated":true}]}}