{"id":1399,"date":"2019-10-18T08:55:52","date_gmt":"2019-10-18T08:55:52","guid":{"rendered":"https:\/\/simonjersey.eu\/fi\/?post_type=product&#038;p=1399"},"modified":"2022-11-11T13:20:26","modified_gmt":"2022-11-11T13:20:26","slug":"leggingsit","status":"publish","type":"product","link":"https:\/\/simonjersey.eu\/fi\/tuote\/leggingsit\/","title":{"rendered":"Mustat legginsit"},"content":{"rendered":"","protected":false},"excerpt":{"rendered":"<p>Monipuoliset ja ajattomat legginsit, mitk\u00e4 saat sopimaan niin puseroiden, tunikoiden kuin mekkojenkin kanssa!<br \/>\nJoustava vy\u00f6t\u00e4r\u00f6, ei saumoja.<\/p>\n<p>Materiaali: 95% puuvilla, 5% elastaani.<br \/>\nKonepesu: 40\u00b0, helppohoitoinen materiaali.<br \/>\nKoko: S-L.<\/p>\n","protected":false},"featured_media":1403,"template":"","meta":[],"product_brand":[],"product_cat":[422,38,53,18],"product_tag":[258],"class_list":{"0":"post-1399","1":"product","2":"type-product","3":"status-publish","4":"has-post-thumbnail","6":"product_cat-naisten-housut-ja-chinot","7":"product_cat-housut","8":"product_cat-housut-ravintola-kahvila","9":"product_cat-naisten-housut","10":"product_tag-tunika-housut","12":"first","13":"instock","14":"taxable","15":"shipping-taxable","16":"purchasable","17":"product-type-variable","18":"has-default-attributes"},"yoast_head":"<!-- This site is optimized with the Yoast SEO plugin v27.2 - https:\/\/yoast.com\/product\/yoast-seo-wordpress\/ -->\n<title>Mustat legginsit - Simon Jersey Suomi<\/title>\n<meta name=\"robots\" content=\"index, follow, max-snippet:-1, max-image-preview:large, max-video-preview:-1\" \/>\n<link rel=\"canonical\" href=\"https:\/\/simonjersey.eu\/fi\/tuote\/leggingsit\/\" \/>\n<meta property=\"og:locale\" content=\"fi_FI\" \/>\n<meta property=\"og:type\" content=\"article\" \/>\n<meta property=\"og:title\" content=\"Mustat legginsit - Simon Jersey Suomi\" \/>\n<meta property=\"og:description\" content=\"Monipuoliset ja ajattomat legginsit, mitk\u00e4 saat sopimaan niin puseroiden, tunikoiden kuin mekkojenkin kanssa! Joustava vy\u00f6t\u00e4r\u00f6, ei saumoja.  Materiaali: 95% puuvilla, 5% elastaani. Konepesu: 40\u00b0, helppohoitoinen materiaali. Koko: S-L.\" \/>\n<meta property=\"og:url\" content=\"https:\/\/simonjersey.eu\/fi\/tuote\/leggingsit\/\" \/>\n<meta property=\"og:site_name\" content=\"Simon Jersey Suomi\" \/>\n<meta property=\"article:modified_time\" content=\"2022-11-11T13:20:26+00:00\" \/>\n<meta property=\"og:image\" content=\"https:\/\/simonjersey.eu\/fi\/wp-content\/uploads\/sites\/3\/2019\/10\/FT2050-1.jpg\" \/>\n\t<meta property=\"og:image:width\" content=\"1000\" \/>\n\t<meta property=\"og:image:height\" content=\"1500\" \/>\n\t<meta property=\"og:image:type\" content=\"image\/jpeg\" \/>\n<meta name=\"twitter:card\" content=\"summary_large_image\" \/>\n<script type=\"application\/ld+json\" class=\"yoast-schema-graph\">{\"@context\":\"https:\/\/schema.org\",\"@graph\":[{\"@type\":\"WebPage\",\"@id\":\"https:\/\/simonjersey.eu\/fi\/tuote\/leggingsit\/\",\"url\":\"https:\/\/simonjersey.eu\/fi\/tuote\/leggingsit\/\",\"name\":\"Mustat legginsit - Simon Jersey Suomi\",\"isPartOf\":{\"@id\":\"https:\/\/simonjersey.eu\/fi\/#website\"},\"primaryImageOfPage\":{\"@id\":\"https:\/\/simonjersey.eu\/fi\/tuote\/leggingsit\/#primaryimage\"},\"image\":{\"@id\":\"https:\/\/simonjersey.eu\/fi\/tuote\/leggingsit\/#primaryimage\"},\"thumbnailUrl\":\"https:\/\/simonjersey.eu\/fi\/wp-content\/uploads\/sites\/3\/2019\/10\/FT2050-1.jpg\",\"datePublished\":\"2019-10-18T08:55:52+00:00\",\"dateModified\":\"2022-11-11T13:20:26+00:00\",\"breadcrumb\":{\"@id\":\"https:\/\/simonjersey.eu\/fi\/tuote\/leggingsit\/#breadcrumb\"},\"inLanguage\":\"fi\",\"potentialAction\":[{\"@type\":\"ReadAction\",\"target\":[\"https:\/\/simonjersey.eu\/fi\/tuote\/leggingsit\/\"]}]},{\"@type\":\"ImageObject\",\"inLanguage\":\"fi\",\"@id\":\"https:\/\/simonjersey.eu\/fi\/tuote\/leggingsit\/#primaryimage\",\"url\":\"https:\/\/simonjersey.eu\/fi\/wp-content\/uploads\/sites\/3\/2019\/10\/FT2050-1.jpg\",\"contentUrl\":\"https:\/\/simonjersey.eu\/fi\/wp-content\/uploads\/sites\/3\/2019\/10\/FT2050-1.jpg\",\"width\":1000,\"height\":1500},{\"@type\":\"BreadcrumbList\",\"@id\":\"https:\/\/simonjersey.eu\/fi\/tuote\/leggingsit\/#breadcrumb\",\"itemListElement\":[{\"@type\":\"ListItem\",\"position\":1,\"name\":\"Home\",\"item\":\"https:\/\/simonjersey.eu\/fi\/\"},{\"@type\":\"ListItem\",\"position\":2,\"name\":\"Verkkokauppa\",\"item\":\"https:\/\/simonjersey.eu\/fi\/kauppaan\/\"},{\"@type\":\"ListItem\",\"position\":3,\"name\":\"Mustat legginsit\"}]},{\"@type\":\"WebSite\",\"@id\":\"https:\/\/simonjersey.eu\/fi\/#website\",\"url\":\"https:\/\/simonjersey.eu\/fi\/\",\"name\":\"Simon Jersey Suomi\",\"description\":\"Tyylikk\u00e4\u00e4t ja kest\u00e4v\u00e4t  ammattiasut\",\"potentialAction\":[{\"@type\":\"SearchAction\",\"target\":{\"@type\":\"EntryPoint\",\"urlTemplate\":\"https:\/\/simonjersey.eu\/fi\/?s={search_term_string}\"},\"query-input\":{\"@type\":\"PropertyValueSpecification\",\"valueRequired\":true,\"valueName\":\"search_term_string\"}}],\"inLanguage\":\"fi\"}]}<\/script>\n<!-- \/ Yoast SEO plugin. -->","yoast_head_json":{"title":"Mustat legginsit - Simon Jersey Suomi","robots":{"index":"index","follow":"follow","max-snippet":"max-snippet:-1","max-image-preview":"max-image-preview:large","max-video-preview":"max-video-preview:-1"},"canonical":"https:\/\/simonjersey.eu\/fi\/tuote\/leggingsit\/","og_locale":"fi_FI","og_type":"article","og_title":"Mustat legginsit - Simon Jersey Suomi","og_description":"Monipuoliset ja ajattomat legginsit, mitk\u00e4 saat sopimaan niin puseroiden, tunikoiden kuin mekkojenkin kanssa! Joustava vy\u00f6t\u00e4r\u00f6, ei saumoja.  Materiaali: 95% puuvilla, 5% elastaani. Konepesu: 40\u00b0, helppohoitoinen materiaali. Koko: S-L.","og_url":"https:\/\/simonjersey.eu\/fi\/tuote\/leggingsit\/","og_site_name":"Simon Jersey Suomi","article_modified_time":"2022-11-11T13:20:26+00:00","og_image":[{"width":1000,"height":1500,"url":"https:\/\/simonjersey.eu\/fi\/wp-content\/uploads\/sites\/3\/2019\/10\/FT2050-1.jpg","type":"image\/jpeg"}],"twitter_card":"summary_large_image","schema":{"@context":"https:\/\/schema.org","@graph":[{"@type":"WebPage","@id":"https:\/\/simonjersey.eu\/fi\/tuote\/leggingsit\/","url":"https:\/\/simonjersey.eu\/fi\/tuote\/leggingsit\/","name":"Mustat legginsit - Simon Jersey Suomi","isPartOf":{"@id":"https:\/\/simonjersey.eu\/fi\/#website"},"primaryImageOfPage":{"@id":"https:\/\/simonjersey.eu\/fi\/tuote\/leggingsit\/#primaryimage"},"image":{"@id":"https:\/\/simonjersey.eu\/fi\/tuote\/leggingsit\/#primaryimage"},"thumbnailUrl":"https:\/\/simonjersey.eu\/fi\/wp-content\/uploads\/sites\/3\/2019\/10\/FT2050-1.jpg","datePublished":"2019-10-18T08:55:52+00:00","dateModified":"2022-11-11T13:20:26+00:00","breadcrumb":{"@id":"https:\/\/simonjersey.eu\/fi\/tuote\/leggingsit\/#breadcrumb"},"inLanguage":"fi","potentialAction":[{"@type":"ReadAction","target":["https:\/\/simonjersey.eu\/fi\/tuote\/leggingsit\/"]}]},{"@type":"ImageObject","inLanguage":"fi","@id":"https:\/\/simonjersey.eu\/fi\/tuote\/leggingsit\/#primaryimage","url":"https:\/\/simonjersey.eu\/fi\/wp-content\/uploads\/sites\/3\/2019\/10\/FT2050-1.jpg","contentUrl":"https:\/\/simonjersey.eu\/fi\/wp-content\/uploads\/sites\/3\/2019\/10\/FT2050-1.jpg","width":1000,"height":1500},{"@type":"BreadcrumbList","@id":"https:\/\/simonjersey.eu\/fi\/tuote\/leggingsit\/#breadcrumb","itemListElement":[{"@type":"ListItem","position":1,"name":"Home","item":"https:\/\/simonjersey.eu\/fi\/"},{"@type":"ListItem","position":2,"name":"Verkkokauppa","item":"https:\/\/simonjersey.eu\/fi\/kauppaan\/"},{"@type":"ListItem","position":3,"name":"Mustat legginsit"}]},{"@type":"WebSite","@id":"https:\/\/simonjersey.eu\/fi\/#website","url":"https:\/\/simonjersey.eu\/fi\/","name":"Simon Jersey Suomi","description":"Tyylikk\u00e4\u00e4t ja kest\u00e4v\u00e4t  ammattiasut","potentialAction":[{"@type":"SearchAction","target":{"@type":"EntryPoint","urlTemplate":"https:\/\/simonjersey.eu\/fi\/?s={search_term_string}"},"query-input":{"@type":"PropertyValueSpecification","valueRequired":true,"valueName":"search_term_string"}}],"inLanguage":"fi"}]}},"_links":{"self":[{"href":"https:\/\/simonjersey.eu\/fi\/wp-json\/wp\/v2\/product\/1399","targetHints":{"allow":["GET"]}}],"collection":[{"href":"https:\/\/simonjersey.eu\/fi\/wp-json\/wp\/v2\/product"}],"about":[{"href":"https:\/\/simonjersey.eu\/fi\/wp-json\/wp\/v2\/types\/product"}],"wp:featuredmedia":[{"embeddable":true,"href":"https:\/\/simonjersey.eu\/fi\/wp-json\/wp\/v2\/media\/1403"}],"wp:attachment":[{"href":"https:\/\/simonjersey.eu\/fi\/wp-json\/wp\/v2\/media?parent=1399"}],"wp:term":[{"taxonomy":"product_brand","embeddable":true,"href":"https:\/\/simonjersey.eu\/fi\/wp-json\/wp\/v2\/product_brand?post=1399"},{"taxonomy":"product_cat","embeddable":true,"href":"https:\/\/simonjersey.eu\/fi\/wp-json\/wp\/v2\/product_cat?post=1399"},{"taxonomy":"product_tag","embeddable":true,"href":"https:\/\/simonjersey.eu\/fi\/wp-json\/wp\/v2\/product_tag?post=1399"}],"curies":[{"name":"wp","href":"https:\/\/api.w.org\/{rel}","templated":true}]}}