{"id":1910,"date":"2019-10-21T11:40:58","date_gmt":"2019-10-21T11:40:58","guid":{"rendered":"https:\/\/simonjersey.eu\/fi\/?post_type=product&#038;p=1910"},"modified":"2024-02-08T12:04:36","modified_gmt":"2024-02-08T12:04:36","slug":"contemporary-fit-housut-miehille","status":"publish","type":"product","link":"https:\/\/simonjersey.eu\/fi\/tuote\/contemporary-fit-housut-miehille\/","title":{"rendered":"&#8221;Contemporary&#8221; fit housut miehille"},"content":{"rendered":"","protected":false},"excerpt":{"rendered":"<p>Our Men\u2019s Flat Front Modern Fit Trouser has been designed to give a more slimmer fit with a tapered leg styling and sitting slightly lower stance on the hip.<\/p>\n<p>Perma-crease, a unique permanent crease application formulated to last the life of the garment keeps these trousers looking smart wear after wear, wash after wash.<\/p>\n<p>Front zip fastening, Side pockets, Back pocket, Half lined, Belt loops<br \/>\nResponsive waistband, Stain resistant, Teflon\u00ae coating.<\/p>\n<p>Material: 66% Polyester, 33% Viscose, 1% Lycra. 100% Polyester Lining.<br \/>\nTeflon\u00ae coating.<br \/>\nCare: 40\u00b0 Machine washable, requiers minimum ironing.<br \/>\nSizes (UK): 28-50.<\/p>\n","protected":false},"featured_media":6418,"template":"","meta":[],"product_brand":[],"product_cat":[423,53,68,65,75,85,25,21],"product_tag":[256,272],"class_list":{"0":"post-1910","1":"product","2":"type-product","3":"status-publish","4":"has-post-thumbnail","6":"product_cat-miesten-housut-ja-chinot","7":"product_cat-housut-ravintola-kahvila","8":"product_cat-pukujen-mallistot-hotelli-ja-palveluammatit","9":"product_cat-muodikas-contemporary","10":"product_cat-business-toimisto","11":"product_cat-pukujen-mallistot-business-toimisto","12":"product_cat-miesten-housut","13":"product_cat-pukujen-mallistot","14":"product_tag-hotellin-ammattiasut","15":"product_tag-miesten-pukuhousut","17":"first","18":"instock","19":"taxable","20":"shipping-taxable","21":"purchasable","22":"product-type-variable","23":"has-default-attributes"},"yoast_head":"<!-- This site is optimized with the Yoast SEO plugin v27.2 - https:\/\/yoast.com\/product\/yoast-seo-wordpress\/ -->\n<title>&quot;Contemporary&quot; fit housut miehille - Simon Jersey Suomi<\/title>\n<meta name=\"robots\" content=\"index, follow, max-snippet:-1, max-image-preview:large, max-video-preview:-1\" \/>\n<link rel=\"canonical\" href=\"https:\/\/simonjersey.eu\/fi\/tuote\/contemporary-fit-housut-miehille\/\" \/>\n<meta property=\"og:locale\" content=\"fi_FI\" \/>\n<meta property=\"og:type\" content=\"article\" \/>\n<meta property=\"og:title\" content=\"&quot;Contemporary&quot; fit housut miehille - Simon Jersey Suomi\" \/>\n<meta property=\"og:description\" content=\"Our Men\u2019s Flat Front Modern Fit Trouser has been designed to give a more slimmer fit with a tapered leg styling and sitting slightly lower stance on the hip.  Perma-crease, a unique permanent crease application formulated to last the life of the garment keeps these trousers looking smart wear after wear, wash after wash.  Front zip fastening, Side pockets, Back pocket, Half lined, Belt loops Responsive waistband, Stain resistant, Teflon\u00ae coating.  Material: 66% Polyester, 33% Viscose, 1% Lycra. 100% Polyester Lining. Teflon\u00ae coating. Care: 40\u00b0 Machine washable, requiers minimum ironing. Sizes (UK): 28-50.\" \/>\n<meta property=\"og:url\" content=\"https:\/\/simonjersey.eu\/fi\/tuote\/contemporary-fit-housut-miehille\/\" \/>\n<meta property=\"og:site_name\" content=\"Simon Jersey Suomi\" \/>\n<meta property=\"article:modified_time\" content=\"2024-02-08T12:04:36+00:00\" \/>\n<meta property=\"og:image\" content=\"https:\/\/simonjersey.eu\/fi\/wp-content\/uploads\/sites\/3\/2019\/10\/MT1360-2-1.jpg\" \/>\n\t<meta property=\"og:image:width\" content=\"1000\" \/>\n\t<meta property=\"og:image:height\" content=\"1500\" \/>\n\t<meta property=\"og:image:type\" content=\"image\/jpeg\" \/>\n<meta name=\"twitter:card\" content=\"summary_large_image\" \/>\n<meta name=\"twitter:label1\" content=\"Arvioitu lukuaika\" \/>\n\t<meta name=\"twitter:data1\" content=\"1 minuutti\" \/>\n<script type=\"application\/ld+json\" class=\"yoast-schema-graph\">{\"@context\":\"https:\/\/schema.org\",\"@graph\":[{\"@type\":\"WebPage\",\"@id\":\"https:\/\/simonjersey.eu\/fi\/tuote\/contemporary-fit-housut-miehille\/\",\"url\":\"https:\/\/simonjersey.eu\/fi\/tuote\/contemporary-fit-housut-miehille\/\",\"name\":\"\\\"Contemporary\\\" fit housut miehille - Simon Jersey Suomi\",\"isPartOf\":{\"@id\":\"https:\/\/simonjersey.eu\/fi\/#website\"},\"primaryImageOfPage\":{\"@id\":\"https:\/\/simonjersey.eu\/fi\/tuote\/contemporary-fit-housut-miehille\/#primaryimage\"},\"image\":{\"@id\":\"https:\/\/simonjersey.eu\/fi\/tuote\/contemporary-fit-housut-miehille\/#primaryimage\"},\"thumbnailUrl\":\"https:\/\/simonjersey.eu\/fi\/wp-content\/uploads\/sites\/3\/2019\/10\/MT1360-2-1.jpg\",\"datePublished\":\"2019-10-21T11:40:58+00:00\",\"dateModified\":\"2024-02-08T12:04:36+00:00\",\"breadcrumb\":{\"@id\":\"https:\/\/simonjersey.eu\/fi\/tuote\/contemporary-fit-housut-miehille\/#breadcrumb\"},\"inLanguage\":\"fi\",\"potentialAction\":[{\"@type\":\"ReadAction\",\"target\":[\"https:\/\/simonjersey.eu\/fi\/tuote\/contemporary-fit-housut-miehille\/\"]}]},{\"@type\":\"ImageObject\",\"inLanguage\":\"fi\",\"@id\":\"https:\/\/simonjersey.eu\/fi\/tuote\/contemporary-fit-housut-miehille\/#primaryimage\",\"url\":\"https:\/\/simonjersey.eu\/fi\/wp-content\/uploads\/sites\/3\/2019\/10\/MT1360-2-1.jpg\",\"contentUrl\":\"https:\/\/simonjersey.eu\/fi\/wp-content\/uploads\/sites\/3\/2019\/10\/MT1360-2-1.jpg\",\"width\":1000,\"height\":1500},{\"@type\":\"BreadcrumbList\",\"@id\":\"https:\/\/simonjersey.eu\/fi\/tuote\/contemporary-fit-housut-miehille\/#breadcrumb\",\"itemListElement\":[{\"@type\":\"ListItem\",\"position\":1,\"name\":\"Home\",\"item\":\"https:\/\/simonjersey.eu\/fi\/\"},{\"@type\":\"ListItem\",\"position\":2,\"name\":\"Verkkokauppa\",\"item\":\"https:\/\/simonjersey.eu\/fi\/kauppaan\/\"},{\"@type\":\"ListItem\",\"position\":3,\"name\":\"&#8221;Contemporary&#8221; fit housut miehille\"}]},{\"@type\":\"WebSite\",\"@id\":\"https:\/\/simonjersey.eu\/fi\/#website\",\"url\":\"https:\/\/simonjersey.eu\/fi\/\",\"name\":\"Simon Jersey Suomi\",\"description\":\"Tyylikk\u00e4\u00e4t ja kest\u00e4v\u00e4t  ammattiasut\",\"potentialAction\":[{\"@type\":\"SearchAction\",\"target\":{\"@type\":\"EntryPoint\",\"urlTemplate\":\"https:\/\/simonjersey.eu\/fi\/?s={search_term_string}\"},\"query-input\":{\"@type\":\"PropertyValueSpecification\",\"valueRequired\":true,\"valueName\":\"search_term_string\"}}],\"inLanguage\":\"fi\"}]}<\/script>\n<!-- \/ Yoast SEO plugin. -->","yoast_head_json":{"title":"\"Contemporary\" fit housut miehille - Simon Jersey Suomi","robots":{"index":"index","follow":"follow","max-snippet":"max-snippet:-1","max-image-preview":"max-image-preview:large","max-video-preview":"max-video-preview:-1"},"canonical":"https:\/\/simonjersey.eu\/fi\/tuote\/contemporary-fit-housut-miehille\/","og_locale":"fi_FI","og_type":"article","og_title":"\"Contemporary\" fit housut miehille - Simon Jersey Suomi","og_description":"Our Men\u2019s Flat Front Modern Fit Trouser has been designed to give a more slimmer fit with a tapered leg styling and sitting slightly lower stance on the hip.  Perma-crease, a unique permanent crease application formulated to last the life of the garment keeps these trousers looking smart wear after wear, wash after wash.  Front zip fastening, Side pockets, Back pocket, Half lined, Belt loops Responsive waistband, Stain resistant, Teflon\u00ae coating.  Material: 66% Polyester, 33% Viscose, 1% Lycra. 100% Polyester Lining. Teflon\u00ae coating. Care: 40\u00b0 Machine washable, requiers minimum ironing. Sizes (UK): 28-50.","og_url":"https:\/\/simonjersey.eu\/fi\/tuote\/contemporary-fit-housut-miehille\/","og_site_name":"Simon Jersey Suomi","article_modified_time":"2024-02-08T12:04:36+00:00","og_image":[{"width":1000,"height":1500,"url":"https:\/\/simonjersey.eu\/fi\/wp-content\/uploads\/sites\/3\/2019\/10\/MT1360-2-1.jpg","type":"image\/jpeg"}],"twitter_card":"summary_large_image","twitter_misc":{"Arvioitu lukuaika":"1 minuutti"},"schema":{"@context":"https:\/\/schema.org","@graph":[{"@type":"WebPage","@id":"https:\/\/simonjersey.eu\/fi\/tuote\/contemporary-fit-housut-miehille\/","url":"https:\/\/simonjersey.eu\/fi\/tuote\/contemporary-fit-housut-miehille\/","name":"\"Contemporary\" fit housut miehille - Simon Jersey Suomi","isPartOf":{"@id":"https:\/\/simonjersey.eu\/fi\/#website"},"primaryImageOfPage":{"@id":"https:\/\/simonjersey.eu\/fi\/tuote\/contemporary-fit-housut-miehille\/#primaryimage"},"image":{"@id":"https:\/\/simonjersey.eu\/fi\/tuote\/contemporary-fit-housut-miehille\/#primaryimage"},"thumbnailUrl":"https:\/\/simonjersey.eu\/fi\/wp-content\/uploads\/sites\/3\/2019\/10\/MT1360-2-1.jpg","datePublished":"2019-10-21T11:40:58+00:00","dateModified":"2024-02-08T12:04:36+00:00","breadcrumb":{"@id":"https:\/\/simonjersey.eu\/fi\/tuote\/contemporary-fit-housut-miehille\/#breadcrumb"},"inLanguage":"fi","potentialAction":[{"@type":"ReadAction","target":["https:\/\/simonjersey.eu\/fi\/tuote\/contemporary-fit-housut-miehille\/"]}]},{"@type":"ImageObject","inLanguage":"fi","@id":"https:\/\/simonjersey.eu\/fi\/tuote\/contemporary-fit-housut-miehille\/#primaryimage","url":"https:\/\/simonjersey.eu\/fi\/wp-content\/uploads\/sites\/3\/2019\/10\/MT1360-2-1.jpg","contentUrl":"https:\/\/simonjersey.eu\/fi\/wp-content\/uploads\/sites\/3\/2019\/10\/MT1360-2-1.jpg","width":1000,"height":1500},{"@type":"BreadcrumbList","@id":"https:\/\/simonjersey.eu\/fi\/tuote\/contemporary-fit-housut-miehille\/#breadcrumb","itemListElement":[{"@type":"ListItem","position":1,"name":"Home","item":"https:\/\/simonjersey.eu\/fi\/"},{"@type":"ListItem","position":2,"name":"Verkkokauppa","item":"https:\/\/simonjersey.eu\/fi\/kauppaan\/"},{"@type":"ListItem","position":3,"name":"&#8221;Contemporary&#8221; fit housut miehille"}]},{"@type":"WebSite","@id":"https:\/\/simonjersey.eu\/fi\/#website","url":"https:\/\/simonjersey.eu\/fi\/","name":"Simon Jersey Suomi","description":"Tyylikk\u00e4\u00e4t ja kest\u00e4v\u00e4t  ammattiasut","potentialAction":[{"@type":"SearchAction","target":{"@type":"EntryPoint","urlTemplate":"https:\/\/simonjersey.eu\/fi\/?s={search_term_string}"},"query-input":{"@type":"PropertyValueSpecification","valueRequired":true,"valueName":"search_term_string"}}],"inLanguage":"fi"}]}},"_links":{"self":[{"href":"https:\/\/simonjersey.eu\/fi\/wp-json\/wp\/v2\/product\/1910","targetHints":{"allow":["GET"]}}],"collection":[{"href":"https:\/\/simonjersey.eu\/fi\/wp-json\/wp\/v2\/product"}],"about":[{"href":"https:\/\/simonjersey.eu\/fi\/wp-json\/wp\/v2\/types\/product"}],"wp:featuredmedia":[{"embeddable":true,"href":"https:\/\/simonjersey.eu\/fi\/wp-json\/wp\/v2\/media\/6418"}],"wp:attachment":[{"href":"https:\/\/simonjersey.eu\/fi\/wp-json\/wp\/v2\/media?parent=1910"}],"wp:term":[{"taxonomy":"product_brand","embeddable":true,"href":"https:\/\/simonjersey.eu\/fi\/wp-json\/wp\/v2\/product_brand?post=1910"},{"taxonomy":"product_cat","embeddable":true,"href":"https:\/\/simonjersey.eu\/fi\/wp-json\/wp\/v2\/product_cat?post=1910"},{"taxonomy":"product_tag","embeddable":true,"href":"https:\/\/simonjersey.eu\/fi\/wp-json\/wp\/v2\/product_tag?post=1910"}],"curies":[{"name":"wp","href":"https:\/\/api.w.org\/{rel}","templated":true}]}}