{"id":220,"date":"2019-10-01T10:19:01","date_gmt":"2019-10-01T10:19:01","guid":{"rendered":"https:\/\/simonjersey.eu\/fi\/?post_type=product&#038;p=220"},"modified":"2026-03-19T10:32:56","modified_gmt":"2026-03-19T10:32:56","slug":"naisten-asymmetrinen-spa-tunika-sivukiinnityksella","status":"publish","type":"product","link":"https:\/\/simonjersey.eu\/fi\/tuote\/naisten-asymmetrinen-spa-tunika-sivukiinnityksella\/","title":{"rendered":"Naisten asymmetrinen spa-tunika sivukiinnityksell\u00e4"},"content":{"rendered":"","protected":false},"excerpt":{"rendered":"<p>BESTSELLER! Klassinen tunika ep\u00e4symmetrisell\u00e4 kiinnityksell\u00e4 luo kivan vivahteen ty\u00f6asuusi ja sopii t\u00e4ydellisesti kaikkiin kauneusalan toimipisteisiin.<\/p>\n<p>Muotoon ommeltu, korkeampi kaulus, nappikiinnitys sivulla, lyhyet hihat, ty\u00f6skentely\u00e4 ja liikkuvuutta lis\u00e4\u00e4v\u00e4t vekit sel\u00e4ss\u00e4, helmassa halkiot sivuilla, kahteen suuntaan joustava materiaali.<br \/>\nTunikan pituus 75cm.<\/p>\n<p>Materiaali: 100% polyesteri.<br \/>\nKonepesu: 40\u00b0, helppohoitoinen materiaali.<br \/>\nKoko (UK) 6-26.<\/p>\n<p><a href=\"https:\/\/simonjersey.eu\/fi\/tuote\/slim-fit-tunika-housut-naisille\/\">Sopivat housut t\u00e4st\u00e4!<\/a><\/p>\n","protected":false},"featured_media":10078,"template":"","meta":[],"product_brand":[],"product_cat":[39,32,29],"product_tag":[130,129,128],"class_list":{"0":"post-220","1":"product","2":"type-product","3":"status-publish","4":"has-post-thumbnail","6":"product_cat-tunikat-kauneus-spa","7":"product_cat-tunikat","8":"product_cat-puhdistusalan-tyovaatteet","9":"product_tag-kauneuden-jakka","10":"product_tag-spa-tunika","11":"product_tag-tyovaatteet-kauneussalonkiin","13":"first","14":"instock","15":"taxable","16":"shipping-taxable","17":"purchasable","18":"product-type-variable","19":"has-default-attributes"},"yoast_head":"<!-- This site is optimized with the Yoast SEO plugin v27.2 - https:\/\/yoast.com\/product\/yoast-seo-wordpress\/ -->\n<title>Naisten asymmetrinen spa-tunika sivukiinnityksell\u00e4 - Simon Jersey Suomi<\/title>\n<meta name=\"robots\" content=\"index, follow, max-snippet:-1, max-image-preview:large, max-video-preview:-1\" \/>\n<link rel=\"canonical\" href=\"https:\/\/simonjersey.eu\/fi\/tuote\/naisten-asymmetrinen-spa-tunika-sivukiinnityksella\/\" \/>\n<meta property=\"og:locale\" content=\"fi_FI\" \/>\n<meta property=\"og:type\" content=\"article\" \/>\n<meta property=\"og:title\" content=\"Naisten asymmetrinen spa-tunika sivukiinnityksell\u00e4 - Simon Jersey Suomi\" \/>\n<meta property=\"og:description\" content=\"BESTSELLER! Klassinen tunika ep\u00e4symmetrisell\u00e4 kiinnityksell\u00e4 luo kivan vivahteen ty\u00f6asuusi ja sopii t\u00e4ydellisesti kaikkiin kauneusalan toimipisteisiin.  Muotoon ommeltu, korkeampi kaulus, nappikiinnitys sivulla, lyhyet hihat, ty\u00f6skentely\u00e4 ja liikkuvuutta lis\u00e4\u00e4v\u00e4t vekit sel\u00e4ss\u00e4, helmassa halkiot sivuilla, kahteen suuntaan joustava materiaali. Tunikan pituus 75cm.  Materiaali: 100% polyesteri. Konepesu: 40\u00b0, helppohoitoinen materiaali. Koko (UK) 6-26.  Sopivat housut t\u00e4st\u00e4!\" \/>\n<meta property=\"og:url\" content=\"https:\/\/simonjersey.eu\/fi\/tuote\/naisten-asymmetrinen-spa-tunika-sivukiinnityksella\/\" \/>\n<meta property=\"og:site_name\" content=\"Simon Jersey Suomi\" \/>\n<meta property=\"article:modified_time\" content=\"2026-03-19T10:32:56+00:00\" \/>\n<meta property=\"og:image\" content=\"https:\/\/simonjersey.eu\/fi\/wp-content\/uploads\/sites\/3\/2019\/10\/FD3320-asymmeetriline-tuunika-tumesinine.jpg\" \/>\n\t<meta property=\"og:image:width\" content=\"1000\" \/>\n\t<meta property=\"og:image:height\" content=\"1500\" \/>\n\t<meta property=\"og:image:type\" content=\"image\/jpeg\" \/>\n<meta name=\"twitter:card\" content=\"summary_large_image\" \/>\n<meta name=\"twitter:label1\" content=\"Arvioitu lukuaika\" \/>\n\t<meta name=\"twitter:data1\" content=\"1 minuutti\" \/>\n<script type=\"application\/ld+json\" class=\"yoast-schema-graph\">{\"@context\":\"https:\/\/schema.org\",\"@graph\":[{\"@type\":\"WebPage\",\"@id\":\"https:\/\/simonjersey.eu\/fi\/tuote\/naisten-asymmetrinen-spa-tunika-sivukiinnityksella\/\",\"url\":\"https:\/\/simonjersey.eu\/fi\/tuote\/naisten-asymmetrinen-spa-tunika-sivukiinnityksella\/\",\"name\":\"Naisten asymmetrinen spa-tunika sivukiinnityksell\u00e4 - Simon Jersey Suomi\",\"isPartOf\":{\"@id\":\"https:\/\/simonjersey.eu\/fi\/#website\"},\"primaryImageOfPage\":{\"@id\":\"https:\/\/simonjersey.eu\/fi\/tuote\/naisten-asymmetrinen-spa-tunika-sivukiinnityksella\/#primaryimage\"},\"image\":{\"@id\":\"https:\/\/simonjersey.eu\/fi\/tuote\/naisten-asymmetrinen-spa-tunika-sivukiinnityksella\/#primaryimage\"},\"thumbnailUrl\":\"https:\/\/simonjersey.eu\/fi\/wp-content\/uploads\/sites\/3\/2019\/10\/FD3320-asymmeetriline-tuunika-tumesinine.jpg\",\"datePublished\":\"2019-10-01T10:19:01+00:00\",\"dateModified\":\"2026-03-19T10:32:56+00:00\",\"breadcrumb\":{\"@id\":\"https:\/\/simonjersey.eu\/fi\/tuote\/naisten-asymmetrinen-spa-tunika-sivukiinnityksella\/#breadcrumb\"},\"inLanguage\":\"fi\",\"potentialAction\":[{\"@type\":\"ReadAction\",\"target\":[\"https:\/\/simonjersey.eu\/fi\/tuote\/naisten-asymmetrinen-spa-tunika-sivukiinnityksella\/\"]}]},{\"@type\":\"ImageObject\",\"inLanguage\":\"fi\",\"@id\":\"https:\/\/simonjersey.eu\/fi\/tuote\/naisten-asymmetrinen-spa-tunika-sivukiinnityksella\/#primaryimage\",\"url\":\"https:\/\/simonjersey.eu\/fi\/wp-content\/uploads\/sites\/3\/2019\/10\/FD3320-asymmeetriline-tuunika-tumesinine.jpg\",\"contentUrl\":\"https:\/\/simonjersey.eu\/fi\/wp-content\/uploads\/sites\/3\/2019\/10\/FD3320-asymmeetriline-tuunika-tumesinine.jpg\",\"width\":1000,\"height\":1500},{\"@type\":\"BreadcrumbList\",\"@id\":\"https:\/\/simonjersey.eu\/fi\/tuote\/naisten-asymmetrinen-spa-tunika-sivukiinnityksella\/#breadcrumb\",\"itemListElement\":[{\"@type\":\"ListItem\",\"position\":1,\"name\":\"Home\",\"item\":\"https:\/\/simonjersey.eu\/fi\/\"},{\"@type\":\"ListItem\",\"position\":2,\"name\":\"Verkkokauppa\",\"item\":\"https:\/\/simonjersey.eu\/fi\/kauppaan\/\"},{\"@type\":\"ListItem\",\"position\":3,\"name\":\"Naisten asymmetrinen spa-tunika sivukiinnityksell\u00e4\"}]},{\"@type\":\"WebSite\",\"@id\":\"https:\/\/simonjersey.eu\/fi\/#website\",\"url\":\"https:\/\/simonjersey.eu\/fi\/\",\"name\":\"Simon Jersey Suomi\",\"description\":\"Tyylikk\u00e4\u00e4t ja kest\u00e4v\u00e4t  ammattiasut\",\"potentialAction\":[{\"@type\":\"SearchAction\",\"target\":{\"@type\":\"EntryPoint\",\"urlTemplate\":\"https:\/\/simonjersey.eu\/fi\/?s={search_term_string}\"},\"query-input\":{\"@type\":\"PropertyValueSpecification\",\"valueRequired\":true,\"valueName\":\"search_term_string\"}}],\"inLanguage\":\"fi\"}]}<\/script>\n<!-- \/ Yoast SEO plugin. -->","yoast_head_json":{"title":"Naisten asymmetrinen spa-tunika sivukiinnityksell\u00e4 - Simon Jersey Suomi","robots":{"index":"index","follow":"follow","max-snippet":"max-snippet:-1","max-image-preview":"max-image-preview:large","max-video-preview":"max-video-preview:-1"},"canonical":"https:\/\/simonjersey.eu\/fi\/tuote\/naisten-asymmetrinen-spa-tunika-sivukiinnityksella\/","og_locale":"fi_FI","og_type":"article","og_title":"Naisten asymmetrinen spa-tunika sivukiinnityksell\u00e4 - Simon Jersey Suomi","og_description":"BESTSELLER! Klassinen tunika ep\u00e4symmetrisell\u00e4 kiinnityksell\u00e4 luo kivan vivahteen ty\u00f6asuusi ja sopii t\u00e4ydellisesti kaikkiin kauneusalan toimipisteisiin.  Muotoon ommeltu, korkeampi kaulus, nappikiinnitys sivulla, lyhyet hihat, ty\u00f6skentely\u00e4 ja liikkuvuutta lis\u00e4\u00e4v\u00e4t vekit sel\u00e4ss\u00e4, helmassa halkiot sivuilla, kahteen suuntaan joustava materiaali. Tunikan pituus 75cm.  Materiaali: 100% polyesteri. Konepesu: 40\u00b0, helppohoitoinen materiaali. Koko (UK) 6-26.  Sopivat housut t\u00e4st\u00e4!","og_url":"https:\/\/simonjersey.eu\/fi\/tuote\/naisten-asymmetrinen-spa-tunika-sivukiinnityksella\/","og_site_name":"Simon Jersey Suomi","article_modified_time":"2026-03-19T10:32:56+00:00","og_image":[{"width":1000,"height":1500,"url":"https:\/\/simonjersey.eu\/fi\/wp-content\/uploads\/sites\/3\/2019\/10\/FD3320-asymmeetriline-tuunika-tumesinine.jpg","type":"image\/jpeg"}],"twitter_card":"summary_large_image","twitter_misc":{"Arvioitu lukuaika":"1 minuutti"},"schema":{"@context":"https:\/\/schema.org","@graph":[{"@type":"WebPage","@id":"https:\/\/simonjersey.eu\/fi\/tuote\/naisten-asymmetrinen-spa-tunika-sivukiinnityksella\/","url":"https:\/\/simonjersey.eu\/fi\/tuote\/naisten-asymmetrinen-spa-tunika-sivukiinnityksella\/","name":"Naisten asymmetrinen spa-tunika sivukiinnityksell\u00e4 - Simon Jersey Suomi","isPartOf":{"@id":"https:\/\/simonjersey.eu\/fi\/#website"},"primaryImageOfPage":{"@id":"https:\/\/simonjersey.eu\/fi\/tuote\/naisten-asymmetrinen-spa-tunika-sivukiinnityksella\/#primaryimage"},"image":{"@id":"https:\/\/simonjersey.eu\/fi\/tuote\/naisten-asymmetrinen-spa-tunika-sivukiinnityksella\/#primaryimage"},"thumbnailUrl":"https:\/\/simonjersey.eu\/fi\/wp-content\/uploads\/sites\/3\/2019\/10\/FD3320-asymmeetriline-tuunika-tumesinine.jpg","datePublished":"2019-10-01T10:19:01+00:00","dateModified":"2026-03-19T10:32:56+00:00","breadcrumb":{"@id":"https:\/\/simonjersey.eu\/fi\/tuote\/naisten-asymmetrinen-spa-tunika-sivukiinnityksella\/#breadcrumb"},"inLanguage":"fi","potentialAction":[{"@type":"ReadAction","target":["https:\/\/simonjersey.eu\/fi\/tuote\/naisten-asymmetrinen-spa-tunika-sivukiinnityksella\/"]}]},{"@type":"ImageObject","inLanguage":"fi","@id":"https:\/\/simonjersey.eu\/fi\/tuote\/naisten-asymmetrinen-spa-tunika-sivukiinnityksella\/#primaryimage","url":"https:\/\/simonjersey.eu\/fi\/wp-content\/uploads\/sites\/3\/2019\/10\/FD3320-asymmeetriline-tuunika-tumesinine.jpg","contentUrl":"https:\/\/simonjersey.eu\/fi\/wp-content\/uploads\/sites\/3\/2019\/10\/FD3320-asymmeetriline-tuunika-tumesinine.jpg","width":1000,"height":1500},{"@type":"BreadcrumbList","@id":"https:\/\/simonjersey.eu\/fi\/tuote\/naisten-asymmetrinen-spa-tunika-sivukiinnityksella\/#breadcrumb","itemListElement":[{"@type":"ListItem","position":1,"name":"Home","item":"https:\/\/simonjersey.eu\/fi\/"},{"@type":"ListItem","position":2,"name":"Verkkokauppa","item":"https:\/\/simonjersey.eu\/fi\/kauppaan\/"},{"@type":"ListItem","position":3,"name":"Naisten asymmetrinen spa-tunika sivukiinnityksell\u00e4"}]},{"@type":"WebSite","@id":"https:\/\/simonjersey.eu\/fi\/#website","url":"https:\/\/simonjersey.eu\/fi\/","name":"Simon Jersey Suomi","description":"Tyylikk\u00e4\u00e4t ja kest\u00e4v\u00e4t  ammattiasut","potentialAction":[{"@type":"SearchAction","target":{"@type":"EntryPoint","urlTemplate":"https:\/\/simonjersey.eu\/fi\/?s={search_term_string}"},"query-input":{"@type":"PropertyValueSpecification","valueRequired":true,"valueName":"search_term_string"}}],"inLanguage":"fi"}]}},"_links":{"self":[{"href":"https:\/\/simonjersey.eu\/fi\/wp-json\/wp\/v2\/product\/220","targetHints":{"allow":["GET"]}}],"collection":[{"href":"https:\/\/simonjersey.eu\/fi\/wp-json\/wp\/v2\/product"}],"about":[{"href":"https:\/\/simonjersey.eu\/fi\/wp-json\/wp\/v2\/types\/product"}],"wp:featuredmedia":[{"embeddable":true,"href":"https:\/\/simonjersey.eu\/fi\/wp-json\/wp\/v2\/media\/10078"}],"wp:attachment":[{"href":"https:\/\/simonjersey.eu\/fi\/wp-json\/wp\/v2\/media?parent=220"}],"wp:term":[{"taxonomy":"product_brand","embeddable":true,"href":"https:\/\/simonjersey.eu\/fi\/wp-json\/wp\/v2\/product_brand?post=220"},{"taxonomy":"product_cat","embeddable":true,"href":"https:\/\/simonjersey.eu\/fi\/wp-json\/wp\/v2\/product_cat?post=220"},{"taxonomy":"product_tag","embeddable":true,"href":"https:\/\/simonjersey.eu\/fi\/wp-json\/wp\/v2\/product_tag?post=220"}],"curies":[{"name":"wp","href":"https:\/\/api.w.org\/{rel}","templated":true}]}}