{"id":2410,"date":"2019-10-24T07:44:38","date_gmt":"2019-10-24T07:44:38","guid":{"rendered":"https:\/\/simonjersey.eu\/fi\/?post_type=product&#038;p=2410"},"modified":"2019-10-24T07:44:48","modified_gmt":"2019-10-24T07:44:48","slug":"denim-raidallinen-lyhyt-essu-taskuilla","status":"publish","type":"product","link":"https:\/\/simonjersey.eu\/fi\/tuote\/denim-raidallinen-lyhyt-essu-taskuilla\/","title":{"rendered":"Denim raidallinen lyhyt essu taskuilla"},"content":{"rendered":"","protected":false},"excerpt":{"rendered":"<p>Add a layer of protection to your uniform with our stylish Denim Stripe Bib Apron.<br \/>\nA modern and fashionable apron ideal for various trades, ranging from cafes,<br \/>\nbars and restaurants and even home use.<\/p>\n<p>Large pocket with seam in the middle, Eyelet detail, Cream webbing ties.<\/p>\n<p>Material: 98% Cotton, 2% Elastane.<br \/>\nCare: We recommend washing this garment at 40\u00b0.<\/p>\n<p>One size.<\/p>\n","protected":false},"featured_media":2418,"template":"","meta":[],"product_brand":[],"product_cat":[48,57,34,33],"product_tag":[],"class_list":{"0":"post-2410","1":"product","2":"type-product","3":"status-publish","4":"has-post-thumbnail","6":"product_cat-esiliinat","7":"product_cat-esiliinat-essut","8":"product_cat-uutuudet","9":"product_cat-esiliinat-essut-2","11":"first","12":"instock","13":"taxable","14":"shipping-taxable","15":"purchasable","16":"product-type-variable","17":"has-default-attributes"},"yoast_head":"<!-- This site is optimized with the Yoast SEO plugin v27.2 - https:\/\/yoast.com\/product\/yoast-seo-wordpress\/ -->\n<title>Denim raidallinen lyhyt essu taskuilla - Simon Jersey Suomi<\/title>\n<meta name=\"robots\" content=\"index, follow, max-snippet:-1, max-image-preview:large, max-video-preview:-1\" \/>\n<link rel=\"canonical\" href=\"https:\/\/simonjersey.eu\/fi\/tuote\/denim-raidallinen-lyhyt-essu-taskuilla\/\" \/>\n<meta property=\"og:locale\" content=\"fi_FI\" \/>\n<meta property=\"og:type\" content=\"article\" \/>\n<meta property=\"og:title\" content=\"Denim raidallinen lyhyt essu taskuilla - Simon Jersey Suomi\" \/>\n<meta property=\"og:description\" content=\"Add a layer of protection to your uniform with our stylish Denim Stripe Bib Apron.  A modern and fashionable apron ideal for various trades, ranging from cafes,  bars and restaurants and even home use.  Large pocket with seam in the middle, Eyelet detail, Cream webbing ties.  Material: 98% Cotton, 2% Elastane. Care: We recommend washing this garment at 40\u00b0.  One size.\" \/>\n<meta property=\"og:url\" content=\"https:\/\/simonjersey.eu\/fi\/tuote\/denim-raidallinen-lyhyt-essu-taskuilla\/\" \/>\n<meta property=\"og:site_name\" content=\"Simon Jersey Suomi\" \/>\n<meta property=\"article:modified_time\" content=\"2019-10-24T07:44:48+00:00\" \/>\n<meta property=\"og:image\" content=\"https:\/\/simonjersey.eu\/fi\/wp-content\/uploads\/sites\/3\/2019\/10\/MP4150-1.jpg\" \/>\n\t<meta property=\"og:image:width\" content=\"1000\" \/>\n\t<meta property=\"og:image:height\" content=\"1500\" \/>\n\t<meta property=\"og:image:type\" content=\"image\/jpeg\" \/>\n<meta name=\"twitter:card\" content=\"summary_large_image\" \/>\n<script type=\"application\/ld+json\" class=\"yoast-schema-graph\">{\"@context\":\"https:\/\/schema.org\",\"@graph\":[{\"@type\":\"WebPage\",\"@id\":\"https:\/\/simonjersey.eu\/fi\/tuote\/denim-raidallinen-lyhyt-essu-taskuilla\/\",\"url\":\"https:\/\/simonjersey.eu\/fi\/tuote\/denim-raidallinen-lyhyt-essu-taskuilla\/\",\"name\":\"Denim raidallinen lyhyt essu taskuilla - Simon Jersey Suomi\",\"isPartOf\":{\"@id\":\"https:\/\/simonjersey.eu\/fi\/#website\"},\"primaryImageOfPage\":{\"@id\":\"https:\/\/simonjersey.eu\/fi\/tuote\/denim-raidallinen-lyhyt-essu-taskuilla\/#primaryimage\"},\"image\":{\"@id\":\"https:\/\/simonjersey.eu\/fi\/tuote\/denim-raidallinen-lyhyt-essu-taskuilla\/#primaryimage\"},\"thumbnailUrl\":\"https:\/\/simonjersey.eu\/fi\/wp-content\/uploads\/sites\/3\/2019\/10\/MP4150-1.jpg\",\"datePublished\":\"2019-10-24T07:44:38+00:00\",\"dateModified\":\"2019-10-24T07:44:48+00:00\",\"breadcrumb\":{\"@id\":\"https:\/\/simonjersey.eu\/fi\/tuote\/denim-raidallinen-lyhyt-essu-taskuilla\/#breadcrumb\"},\"inLanguage\":\"fi\",\"potentialAction\":[{\"@type\":\"ReadAction\",\"target\":[\"https:\/\/simonjersey.eu\/fi\/tuote\/denim-raidallinen-lyhyt-essu-taskuilla\/\"]}]},{\"@type\":\"ImageObject\",\"inLanguage\":\"fi\",\"@id\":\"https:\/\/simonjersey.eu\/fi\/tuote\/denim-raidallinen-lyhyt-essu-taskuilla\/#primaryimage\",\"url\":\"https:\/\/simonjersey.eu\/fi\/wp-content\/uploads\/sites\/3\/2019\/10\/MP4150-1.jpg\",\"contentUrl\":\"https:\/\/simonjersey.eu\/fi\/wp-content\/uploads\/sites\/3\/2019\/10\/MP4150-1.jpg\",\"width\":1000,\"height\":1500},{\"@type\":\"BreadcrumbList\",\"@id\":\"https:\/\/simonjersey.eu\/fi\/tuote\/denim-raidallinen-lyhyt-essu-taskuilla\/#breadcrumb\",\"itemListElement\":[{\"@type\":\"ListItem\",\"position\":1,\"name\":\"Home\",\"item\":\"https:\/\/simonjersey.eu\/fi\/\"},{\"@type\":\"ListItem\",\"position\":2,\"name\":\"Verkkokauppa\",\"item\":\"https:\/\/simonjersey.eu\/fi\/kauppaan\/\"},{\"@type\":\"ListItem\",\"position\":3,\"name\":\"Denim raidallinen lyhyt essu taskuilla\"}]},{\"@type\":\"WebSite\",\"@id\":\"https:\/\/simonjersey.eu\/fi\/#website\",\"url\":\"https:\/\/simonjersey.eu\/fi\/\",\"name\":\"Simon Jersey Suomi\",\"description\":\"Tyylikk\u00e4\u00e4t ja kest\u00e4v\u00e4t  ammattiasut\",\"potentialAction\":[{\"@type\":\"SearchAction\",\"target\":{\"@type\":\"EntryPoint\",\"urlTemplate\":\"https:\/\/simonjersey.eu\/fi\/?s={search_term_string}\"},\"query-input\":{\"@type\":\"PropertyValueSpecification\",\"valueRequired\":true,\"valueName\":\"search_term_string\"}}],\"inLanguage\":\"fi\"}]}<\/script>\n<!-- \/ Yoast SEO plugin. -->","yoast_head_json":{"title":"Denim raidallinen lyhyt essu taskuilla - Simon Jersey Suomi","robots":{"index":"index","follow":"follow","max-snippet":"max-snippet:-1","max-image-preview":"max-image-preview:large","max-video-preview":"max-video-preview:-1"},"canonical":"https:\/\/simonjersey.eu\/fi\/tuote\/denim-raidallinen-lyhyt-essu-taskuilla\/","og_locale":"fi_FI","og_type":"article","og_title":"Denim raidallinen lyhyt essu taskuilla - Simon Jersey Suomi","og_description":"Add a layer of protection to your uniform with our stylish Denim Stripe Bib Apron.  A modern and fashionable apron ideal for various trades, ranging from cafes,  bars and restaurants and even home use.  Large pocket with seam in the middle, Eyelet detail, Cream webbing ties.  Material: 98% Cotton, 2% Elastane. Care: We recommend washing this garment at 40\u00b0.  One size.","og_url":"https:\/\/simonjersey.eu\/fi\/tuote\/denim-raidallinen-lyhyt-essu-taskuilla\/","og_site_name":"Simon Jersey Suomi","article_modified_time":"2019-10-24T07:44:48+00:00","og_image":[{"width":1000,"height":1500,"url":"https:\/\/simonjersey.eu\/fi\/wp-content\/uploads\/sites\/3\/2019\/10\/MP4150-1.jpg","type":"image\/jpeg"}],"twitter_card":"summary_large_image","schema":{"@context":"https:\/\/schema.org","@graph":[{"@type":"WebPage","@id":"https:\/\/simonjersey.eu\/fi\/tuote\/denim-raidallinen-lyhyt-essu-taskuilla\/","url":"https:\/\/simonjersey.eu\/fi\/tuote\/denim-raidallinen-lyhyt-essu-taskuilla\/","name":"Denim raidallinen lyhyt essu taskuilla - Simon Jersey Suomi","isPartOf":{"@id":"https:\/\/simonjersey.eu\/fi\/#website"},"primaryImageOfPage":{"@id":"https:\/\/simonjersey.eu\/fi\/tuote\/denim-raidallinen-lyhyt-essu-taskuilla\/#primaryimage"},"image":{"@id":"https:\/\/simonjersey.eu\/fi\/tuote\/denim-raidallinen-lyhyt-essu-taskuilla\/#primaryimage"},"thumbnailUrl":"https:\/\/simonjersey.eu\/fi\/wp-content\/uploads\/sites\/3\/2019\/10\/MP4150-1.jpg","datePublished":"2019-10-24T07:44:38+00:00","dateModified":"2019-10-24T07:44:48+00:00","breadcrumb":{"@id":"https:\/\/simonjersey.eu\/fi\/tuote\/denim-raidallinen-lyhyt-essu-taskuilla\/#breadcrumb"},"inLanguage":"fi","potentialAction":[{"@type":"ReadAction","target":["https:\/\/simonjersey.eu\/fi\/tuote\/denim-raidallinen-lyhyt-essu-taskuilla\/"]}]},{"@type":"ImageObject","inLanguage":"fi","@id":"https:\/\/simonjersey.eu\/fi\/tuote\/denim-raidallinen-lyhyt-essu-taskuilla\/#primaryimage","url":"https:\/\/simonjersey.eu\/fi\/wp-content\/uploads\/sites\/3\/2019\/10\/MP4150-1.jpg","contentUrl":"https:\/\/simonjersey.eu\/fi\/wp-content\/uploads\/sites\/3\/2019\/10\/MP4150-1.jpg","width":1000,"height":1500},{"@type":"BreadcrumbList","@id":"https:\/\/simonjersey.eu\/fi\/tuote\/denim-raidallinen-lyhyt-essu-taskuilla\/#breadcrumb","itemListElement":[{"@type":"ListItem","position":1,"name":"Home","item":"https:\/\/simonjersey.eu\/fi\/"},{"@type":"ListItem","position":2,"name":"Verkkokauppa","item":"https:\/\/simonjersey.eu\/fi\/kauppaan\/"},{"@type":"ListItem","position":3,"name":"Denim raidallinen lyhyt essu taskuilla"}]},{"@type":"WebSite","@id":"https:\/\/simonjersey.eu\/fi\/#website","url":"https:\/\/simonjersey.eu\/fi\/","name":"Simon Jersey Suomi","description":"Tyylikk\u00e4\u00e4t ja kest\u00e4v\u00e4t  ammattiasut","potentialAction":[{"@type":"SearchAction","target":{"@type":"EntryPoint","urlTemplate":"https:\/\/simonjersey.eu\/fi\/?s={search_term_string}"},"query-input":{"@type":"PropertyValueSpecification","valueRequired":true,"valueName":"search_term_string"}}],"inLanguage":"fi"}]}},"_links":{"self":[{"href":"https:\/\/simonjersey.eu\/fi\/wp-json\/wp\/v2\/product\/2410","targetHints":{"allow":["GET"]}}],"collection":[{"href":"https:\/\/simonjersey.eu\/fi\/wp-json\/wp\/v2\/product"}],"about":[{"href":"https:\/\/simonjersey.eu\/fi\/wp-json\/wp\/v2\/types\/product"}],"wp:featuredmedia":[{"embeddable":true,"href":"https:\/\/simonjersey.eu\/fi\/wp-json\/wp\/v2\/media\/2418"}],"wp:attachment":[{"href":"https:\/\/simonjersey.eu\/fi\/wp-json\/wp\/v2\/media?parent=2410"}],"wp:term":[{"taxonomy":"product_brand","embeddable":true,"href":"https:\/\/simonjersey.eu\/fi\/wp-json\/wp\/v2\/product_brand?post=2410"},{"taxonomy":"product_cat","embeddable":true,"href":"https:\/\/simonjersey.eu\/fi\/wp-json\/wp\/v2\/product_cat?post=2410"},{"taxonomy":"product_tag","embeddable":true,"href":"https:\/\/simonjersey.eu\/fi\/wp-json\/wp\/v2\/product_tag?post=2410"}],"curies":[{"name":"wp","href":"https:\/\/api.w.org\/{rel}","templated":true}]}}