{"id":2741,"date":"2019-10-24T11:58:09","date_gmt":"2019-10-24T11:58:09","guid":{"rendered":"https:\/\/simonjersey.eu\/fi\/?post_type=product&#038;p=2741"},"modified":"2022-08-19T11:40:11","modified_gmt":"2022-08-19T11:40:11","slug":"mandarin-kauluksen-pitkahihainen-miesten-kaluspaida","status":"publish","type":"product","link":"https:\/\/simonjersey.eu\/fi\/tuote\/mandarin-kauluksen-pitkahihainen-miesten-kaluspaida\/","title":{"rendered":"Mandarin kauluksen miesten paida"},"content":{"rendered":"","protected":false},"excerpt":{"rendered":"<p>This long sleeve shirt with a banded collar adds a stylish finesse and is an understated piece that is effortlessly smart which makes it an essential to your work wear attire.<\/p>\n<p>Concealed front button fastening, chest patch pocket, button cuff fastening.<\/p>\n<p>Material: 65% Polyester, 35% Cotton.<br \/>\nCare: 30\u00ba wash. Easy care.<br \/>\nSizes (UK): 14.5in-19in.<\/p>\n<p>Naisten pusero <a href=\"https:\/\/simonjersey.eu\/fi\/tuote\/mandarin-kauluksen-pitkahihainen-naisten-kaluspaida\/\">t\u00e4\u00e4ll\u00e4<\/a>!<\/p>\n","protected":false},"featured_media":2749,"template":"","meta":[],"product_brand":[],"product_cat":[54,62,26,34],"product_tag":[281,267,289],"class_list":{"0":"post-2741","1":"product","2":"type-product","3":"status-publish","4":"has-post-thumbnail","6":"product_cat-miesten-paidat-ravintola-kahvila","7":"product_cat-miesten-paidat-hotelli-ja-palveluammatit","8":"product_cat-miesten-paidat","9":"product_cat-uutuudet","10":"product_tag-ammattiasut-kahvila","11":"product_tag-ravintolan-tyovaatteet","12":"product_tag-tarjoija-paidat","14":"first","15":"instock","16":"taxable","17":"shipping-taxable","18":"purchasable","19":"product-type-variable","20":"has-default-attributes"},"yoast_head":"<!-- This site is optimized with the Yoast SEO plugin v27.2 - https:\/\/yoast.com\/product\/yoast-seo-wordpress\/ -->\n<title>Mandarin kauluksen miesten paida - Simon Jersey Suomi<\/title>\n<meta name=\"robots\" content=\"index, follow, max-snippet:-1, max-image-preview:large, max-video-preview:-1\" \/>\n<link rel=\"canonical\" href=\"https:\/\/simonjersey.eu\/fi\/tuote\/mandarin-kauluksen-pitkahihainen-miesten-kaluspaida\/\" \/>\n<meta property=\"og:locale\" content=\"fi_FI\" \/>\n<meta property=\"og:type\" content=\"article\" \/>\n<meta property=\"og:title\" content=\"Mandarin kauluksen miesten paida - Simon Jersey Suomi\" \/>\n<meta property=\"og:description\" content=\"This long sleeve shirt with a banded collar adds a stylish finesse and is an understated piece that is effortlessly smart which makes it an essential to your work wear attire.  Concealed front button fastening, chest patch pocket, button cuff fastening.  Material: 65% Polyester, 35% Cotton. Care: 30\u00ba wash. Easy care. Sizes (UK): 14.5in-19in.  Naisten pusero t\u00e4\u00e4ll\u00e4!\" \/>\n<meta property=\"og:url\" content=\"https:\/\/simonjersey.eu\/fi\/tuote\/mandarin-kauluksen-pitkahihainen-miesten-kaluspaida\/\" \/>\n<meta property=\"og:site_name\" content=\"Simon Jersey Suomi\" \/>\n<meta property=\"article:modified_time\" content=\"2022-08-19T11:40:11+00:00\" \/>\n<meta property=\"og:image\" content=\"https:\/\/simonjersey.eu\/fi\/wp-content\/uploads\/sites\/3\/2019\/10\/MS3250-1.jpg\" \/>\n\t<meta property=\"og:image:width\" content=\"1000\" \/>\n\t<meta property=\"og:image:height\" content=\"1500\" \/>\n\t<meta property=\"og:image:type\" content=\"image\/jpeg\" \/>\n<meta name=\"twitter:card\" content=\"summary_large_image\" \/>\n<script type=\"application\/ld+json\" class=\"yoast-schema-graph\">{\"@context\":\"https:\/\/schema.org\",\"@graph\":[{\"@type\":\"WebPage\",\"@id\":\"https:\/\/simonjersey.eu\/fi\/tuote\/mandarin-kauluksen-pitkahihainen-miesten-kaluspaida\/\",\"url\":\"https:\/\/simonjersey.eu\/fi\/tuote\/mandarin-kauluksen-pitkahihainen-miesten-kaluspaida\/\",\"name\":\"Mandarin kauluksen miesten paida - Simon Jersey Suomi\",\"isPartOf\":{\"@id\":\"https:\/\/simonjersey.eu\/fi\/#website\"},\"primaryImageOfPage\":{\"@id\":\"https:\/\/simonjersey.eu\/fi\/tuote\/mandarin-kauluksen-pitkahihainen-miesten-kaluspaida\/#primaryimage\"},\"image\":{\"@id\":\"https:\/\/simonjersey.eu\/fi\/tuote\/mandarin-kauluksen-pitkahihainen-miesten-kaluspaida\/#primaryimage\"},\"thumbnailUrl\":\"https:\/\/simonjersey.eu\/fi\/wp-content\/uploads\/sites\/3\/2019\/10\/MS3250-1.jpg\",\"datePublished\":\"2019-10-24T11:58:09+00:00\",\"dateModified\":\"2022-08-19T11:40:11+00:00\",\"breadcrumb\":{\"@id\":\"https:\/\/simonjersey.eu\/fi\/tuote\/mandarin-kauluksen-pitkahihainen-miesten-kaluspaida\/#breadcrumb\"},\"inLanguage\":\"fi\",\"potentialAction\":[{\"@type\":\"ReadAction\",\"target\":[\"https:\/\/simonjersey.eu\/fi\/tuote\/mandarin-kauluksen-pitkahihainen-miesten-kaluspaida\/\"]}]},{\"@type\":\"ImageObject\",\"inLanguage\":\"fi\",\"@id\":\"https:\/\/simonjersey.eu\/fi\/tuote\/mandarin-kauluksen-pitkahihainen-miesten-kaluspaida\/#primaryimage\",\"url\":\"https:\/\/simonjersey.eu\/fi\/wp-content\/uploads\/sites\/3\/2019\/10\/MS3250-1.jpg\",\"contentUrl\":\"https:\/\/simonjersey.eu\/fi\/wp-content\/uploads\/sites\/3\/2019\/10\/MS3250-1.jpg\",\"width\":1000,\"height\":1500},{\"@type\":\"BreadcrumbList\",\"@id\":\"https:\/\/simonjersey.eu\/fi\/tuote\/mandarin-kauluksen-pitkahihainen-miesten-kaluspaida\/#breadcrumb\",\"itemListElement\":[{\"@type\":\"ListItem\",\"position\":1,\"name\":\"Home\",\"item\":\"https:\/\/simonjersey.eu\/fi\/\"},{\"@type\":\"ListItem\",\"position\":2,\"name\":\"Verkkokauppa\",\"item\":\"https:\/\/simonjersey.eu\/fi\/kauppaan\/\"},{\"@type\":\"ListItem\",\"position\":3,\"name\":\"Mandarin kauluksen miesten paida\"}]},{\"@type\":\"WebSite\",\"@id\":\"https:\/\/simonjersey.eu\/fi\/#website\",\"url\":\"https:\/\/simonjersey.eu\/fi\/\",\"name\":\"Simon Jersey Suomi\",\"description\":\"Tyylikk\u00e4\u00e4t ja kest\u00e4v\u00e4t  ammattiasut\",\"potentialAction\":[{\"@type\":\"SearchAction\",\"target\":{\"@type\":\"EntryPoint\",\"urlTemplate\":\"https:\/\/simonjersey.eu\/fi\/?s={search_term_string}\"},\"query-input\":{\"@type\":\"PropertyValueSpecification\",\"valueRequired\":true,\"valueName\":\"search_term_string\"}}],\"inLanguage\":\"fi\"}]}<\/script>\n<!-- \/ Yoast SEO plugin. -->","yoast_head_json":{"title":"Mandarin kauluksen miesten paida - Simon Jersey Suomi","robots":{"index":"index","follow":"follow","max-snippet":"max-snippet:-1","max-image-preview":"max-image-preview:large","max-video-preview":"max-video-preview:-1"},"canonical":"https:\/\/simonjersey.eu\/fi\/tuote\/mandarin-kauluksen-pitkahihainen-miesten-kaluspaida\/","og_locale":"fi_FI","og_type":"article","og_title":"Mandarin kauluksen miesten paida - Simon Jersey Suomi","og_description":"This long sleeve shirt with a banded collar adds a stylish finesse and is an understated piece that is effortlessly smart which makes it an essential to your work wear attire.  Concealed front button fastening, chest patch pocket, button cuff fastening.  Material: 65% Polyester, 35% Cotton. Care: 30\u00ba wash. Easy care. Sizes (UK): 14.5in-19in.  Naisten pusero t\u00e4\u00e4ll\u00e4!","og_url":"https:\/\/simonjersey.eu\/fi\/tuote\/mandarin-kauluksen-pitkahihainen-miesten-kaluspaida\/","og_site_name":"Simon Jersey Suomi","article_modified_time":"2022-08-19T11:40:11+00:00","og_image":[{"width":1000,"height":1500,"url":"https:\/\/simonjersey.eu\/fi\/wp-content\/uploads\/sites\/3\/2019\/10\/MS3250-1.jpg","type":"image\/jpeg"}],"twitter_card":"summary_large_image","schema":{"@context":"https:\/\/schema.org","@graph":[{"@type":"WebPage","@id":"https:\/\/simonjersey.eu\/fi\/tuote\/mandarin-kauluksen-pitkahihainen-miesten-kaluspaida\/","url":"https:\/\/simonjersey.eu\/fi\/tuote\/mandarin-kauluksen-pitkahihainen-miesten-kaluspaida\/","name":"Mandarin kauluksen miesten paida - Simon Jersey Suomi","isPartOf":{"@id":"https:\/\/simonjersey.eu\/fi\/#website"},"primaryImageOfPage":{"@id":"https:\/\/simonjersey.eu\/fi\/tuote\/mandarin-kauluksen-pitkahihainen-miesten-kaluspaida\/#primaryimage"},"image":{"@id":"https:\/\/simonjersey.eu\/fi\/tuote\/mandarin-kauluksen-pitkahihainen-miesten-kaluspaida\/#primaryimage"},"thumbnailUrl":"https:\/\/simonjersey.eu\/fi\/wp-content\/uploads\/sites\/3\/2019\/10\/MS3250-1.jpg","datePublished":"2019-10-24T11:58:09+00:00","dateModified":"2022-08-19T11:40:11+00:00","breadcrumb":{"@id":"https:\/\/simonjersey.eu\/fi\/tuote\/mandarin-kauluksen-pitkahihainen-miesten-kaluspaida\/#breadcrumb"},"inLanguage":"fi","potentialAction":[{"@type":"ReadAction","target":["https:\/\/simonjersey.eu\/fi\/tuote\/mandarin-kauluksen-pitkahihainen-miesten-kaluspaida\/"]}]},{"@type":"ImageObject","inLanguage":"fi","@id":"https:\/\/simonjersey.eu\/fi\/tuote\/mandarin-kauluksen-pitkahihainen-miesten-kaluspaida\/#primaryimage","url":"https:\/\/simonjersey.eu\/fi\/wp-content\/uploads\/sites\/3\/2019\/10\/MS3250-1.jpg","contentUrl":"https:\/\/simonjersey.eu\/fi\/wp-content\/uploads\/sites\/3\/2019\/10\/MS3250-1.jpg","width":1000,"height":1500},{"@type":"BreadcrumbList","@id":"https:\/\/simonjersey.eu\/fi\/tuote\/mandarin-kauluksen-pitkahihainen-miesten-kaluspaida\/#breadcrumb","itemListElement":[{"@type":"ListItem","position":1,"name":"Home","item":"https:\/\/simonjersey.eu\/fi\/"},{"@type":"ListItem","position":2,"name":"Verkkokauppa","item":"https:\/\/simonjersey.eu\/fi\/kauppaan\/"},{"@type":"ListItem","position":3,"name":"Mandarin kauluksen miesten paida"}]},{"@type":"WebSite","@id":"https:\/\/simonjersey.eu\/fi\/#website","url":"https:\/\/simonjersey.eu\/fi\/","name":"Simon Jersey Suomi","description":"Tyylikk\u00e4\u00e4t ja kest\u00e4v\u00e4t  ammattiasut","potentialAction":[{"@type":"SearchAction","target":{"@type":"EntryPoint","urlTemplate":"https:\/\/simonjersey.eu\/fi\/?s={search_term_string}"},"query-input":{"@type":"PropertyValueSpecification","valueRequired":true,"valueName":"search_term_string"}}],"inLanguage":"fi"}]}},"_links":{"self":[{"href":"https:\/\/simonjersey.eu\/fi\/wp-json\/wp\/v2\/product\/2741","targetHints":{"allow":["GET"]}}],"collection":[{"href":"https:\/\/simonjersey.eu\/fi\/wp-json\/wp\/v2\/product"}],"about":[{"href":"https:\/\/simonjersey.eu\/fi\/wp-json\/wp\/v2\/types\/product"}],"wp:featuredmedia":[{"embeddable":true,"href":"https:\/\/simonjersey.eu\/fi\/wp-json\/wp\/v2\/media\/2749"}],"wp:attachment":[{"href":"https:\/\/simonjersey.eu\/fi\/wp-json\/wp\/v2\/media?parent=2741"}],"wp:term":[{"taxonomy":"product_brand","embeddable":true,"href":"https:\/\/simonjersey.eu\/fi\/wp-json\/wp\/v2\/product_brand?post=2741"},{"taxonomy":"product_cat","embeddable":true,"href":"https:\/\/simonjersey.eu\/fi\/wp-json\/wp\/v2\/product_cat?post=2741"},{"taxonomy":"product_tag","embeddable":true,"href":"https:\/\/simonjersey.eu\/fi\/wp-json\/wp\/v2\/product_tag?post=2741"}],"curies":[{"name":"wp","href":"https:\/\/api.w.org\/{rel}","templated":true}]}}