{"id":2777,"date":"2019-10-25T05:22:35","date_gmt":"2019-10-25T05:22:35","guid":{"rendered":"https:\/\/simonjersey.eu\/fi\/?post_type=product&#038;p=2777"},"modified":"2025-01-02T17:05:28","modified_gmt":"2025-01-02T17:05:28","slug":"mandarin-kauluksen-ja-puff-hihoilla-kaluspaida-naisille","status":"publish","type":"product","link":"https:\/\/simonjersey.eu\/fi\/tuote\/mandarin-kauluksen-ja-puff-hihoilla-kaluspaida-naisille\/","title":{"rendered":"Mandarin kauluksen ja puff-hihoilla kaluspaida naisille"},"content":{"rendered":"","protected":false},"excerpt":{"rendered":"<p>Soft, stylish and versatile, our puff sleeve blouse is perfect for any industry.<br \/>\nCan be worn as part of your everyday office wear, receptionist uniform, healthcare or hospitality uniform.<\/p>\n<p>Open collar, semi-fitted blouse, capped puff sleeve with button detail, gathers into front yoke,<br \/>\nprincess panel shaping, side slits.<\/p>\n<p>Material: 65% Polyester, 35% Cotton.<br \/>\nCare: 30\u00b0 wash, easy to maintain.<br \/>\nSizes (UK): 8-26.<\/p>\n","protected":false},"featured_media":8615,"template":"","meta":[],"product_brand":[],"product_cat":[55,63,80,15],"product_tag":[291,292],"class_list":{"0":"post-2777","1":"product","2":"type-product","3":"status-publish","4":"has-post-thumbnail","6":"product_cat-naisten-kaluspaidat","7":"product_cat-naisten-kauluspaidat-hotelli-ja-palveluammatit","8":"product_cat-naisten-kauluspaidat-business-toimisto","9":"product_cat-naisten-kauluspaidat","10":"product_tag-naisten-kaluspaidat","11":"product_tag-tarjoiluun-tyovaattet","13":"first","14":"instock","15":"taxable","16":"shipping-taxable","17":"purchasable","18":"product-type-variable","19":"has-default-attributes"},"yoast_head":"<!-- This site is optimized with the Yoast SEO plugin v27.2 - https:\/\/yoast.com\/product\/yoast-seo-wordpress\/ -->\n<title>Mandarin kauluksen ja puff-hihoilla kaluspaida naisille - Simon Jersey Suomi<\/title>\n<meta name=\"robots\" content=\"index, follow, max-snippet:-1, max-image-preview:large, max-video-preview:-1\" \/>\n<link rel=\"canonical\" href=\"https:\/\/simonjersey.eu\/fi\/tuote\/mandarin-kauluksen-ja-puff-hihoilla-kaluspaida-naisille\/\" \/>\n<meta property=\"og:locale\" content=\"fi_FI\" \/>\n<meta property=\"og:type\" content=\"article\" \/>\n<meta property=\"og:title\" content=\"Mandarin kauluksen ja puff-hihoilla kaluspaida naisille - Simon Jersey Suomi\" \/>\n<meta property=\"og:description\" content=\"Soft, stylish and versatile, our puff sleeve blouse is perfect for any industry. Can be worn as part of your everyday office wear, receptionist uniform, healthcare or hospitality uniform.  Open collar, semi-fitted blouse, capped puff sleeve with button detail, gathers into front yoke, princess panel shaping, side slits.  Material: 65% Polyester, 35% Cotton. Care: 30\u00b0 wash, easy to maintain. Sizes (UK): 8-26.\" \/>\n<meta property=\"og:url\" content=\"https:\/\/simonjersey.eu\/fi\/tuote\/mandarin-kauluksen-ja-puff-hihoilla-kaluspaida-naisille\/\" \/>\n<meta property=\"og:site_name\" content=\"Simon Jersey Suomi\" \/>\n<meta property=\"article:modified_time\" content=\"2025-01-02T17:05:28+00:00\" \/>\n<meta property=\"og:image\" content=\"https:\/\/simonjersey.eu\/fi\/wp-content\/uploads\/sites\/3\/2019\/10\/Mandarin-krea-ja-puff-varrukaga-pluus.jpg\" \/>\n\t<meta property=\"og:image:width\" content=\"1000\" \/>\n\t<meta property=\"og:image:height\" content=\"1500\" \/>\n\t<meta property=\"og:image:type\" content=\"image\/jpeg\" \/>\n<meta name=\"twitter:card\" content=\"summary_large_image\" \/>\n<meta name=\"twitter:label1\" content=\"Arvioitu lukuaika\" \/>\n\t<meta name=\"twitter:data1\" content=\"1 minuutti\" \/>\n<script type=\"application\/ld+json\" class=\"yoast-schema-graph\">{\"@context\":\"https:\/\/schema.org\",\"@graph\":[{\"@type\":\"WebPage\",\"@id\":\"https:\/\/simonjersey.eu\/fi\/tuote\/mandarin-kauluksen-ja-puff-hihoilla-kaluspaida-naisille\/\",\"url\":\"https:\/\/simonjersey.eu\/fi\/tuote\/mandarin-kauluksen-ja-puff-hihoilla-kaluspaida-naisille\/\",\"name\":\"Mandarin kauluksen ja puff-hihoilla kaluspaida naisille - Simon Jersey Suomi\",\"isPartOf\":{\"@id\":\"https:\/\/simonjersey.eu\/fi\/#website\"},\"primaryImageOfPage\":{\"@id\":\"https:\/\/simonjersey.eu\/fi\/tuote\/mandarin-kauluksen-ja-puff-hihoilla-kaluspaida-naisille\/#primaryimage\"},\"image\":{\"@id\":\"https:\/\/simonjersey.eu\/fi\/tuote\/mandarin-kauluksen-ja-puff-hihoilla-kaluspaida-naisille\/#primaryimage\"},\"thumbnailUrl\":\"https:\/\/simonjersey.eu\/fi\/wp-content\/uploads\/sites\/3\/2019\/10\/Mandarin-krea-ja-puff-varrukaga-pluus.jpg\",\"datePublished\":\"2019-10-25T05:22:35+00:00\",\"dateModified\":\"2025-01-02T17:05:28+00:00\",\"breadcrumb\":{\"@id\":\"https:\/\/simonjersey.eu\/fi\/tuote\/mandarin-kauluksen-ja-puff-hihoilla-kaluspaida-naisille\/#breadcrumb\"},\"inLanguage\":\"fi\",\"potentialAction\":[{\"@type\":\"ReadAction\",\"target\":[\"https:\/\/simonjersey.eu\/fi\/tuote\/mandarin-kauluksen-ja-puff-hihoilla-kaluspaida-naisille\/\"]}]},{\"@type\":\"ImageObject\",\"inLanguage\":\"fi\",\"@id\":\"https:\/\/simonjersey.eu\/fi\/tuote\/mandarin-kauluksen-ja-puff-hihoilla-kaluspaida-naisille\/#primaryimage\",\"url\":\"https:\/\/simonjersey.eu\/fi\/wp-content\/uploads\/sites\/3\/2019\/10\/Mandarin-krea-ja-puff-varrukaga-pluus.jpg\",\"contentUrl\":\"https:\/\/simonjersey.eu\/fi\/wp-content\/uploads\/sites\/3\/2019\/10\/Mandarin-krea-ja-puff-varrukaga-pluus.jpg\",\"width\":1000,\"height\":1500},{\"@type\":\"BreadcrumbList\",\"@id\":\"https:\/\/simonjersey.eu\/fi\/tuote\/mandarin-kauluksen-ja-puff-hihoilla-kaluspaida-naisille\/#breadcrumb\",\"itemListElement\":[{\"@type\":\"ListItem\",\"position\":1,\"name\":\"Home\",\"item\":\"https:\/\/simonjersey.eu\/fi\/\"},{\"@type\":\"ListItem\",\"position\":2,\"name\":\"Verkkokauppa\",\"item\":\"https:\/\/simonjersey.eu\/fi\/kauppaan\/\"},{\"@type\":\"ListItem\",\"position\":3,\"name\":\"Mandarin kauluksen ja puff-hihoilla kaluspaida naisille\"}]},{\"@type\":\"WebSite\",\"@id\":\"https:\/\/simonjersey.eu\/fi\/#website\",\"url\":\"https:\/\/simonjersey.eu\/fi\/\",\"name\":\"Simon Jersey Suomi\",\"description\":\"Tyylikk\u00e4\u00e4t ja kest\u00e4v\u00e4t  ammattiasut\",\"potentialAction\":[{\"@type\":\"SearchAction\",\"target\":{\"@type\":\"EntryPoint\",\"urlTemplate\":\"https:\/\/simonjersey.eu\/fi\/?s={search_term_string}\"},\"query-input\":{\"@type\":\"PropertyValueSpecification\",\"valueRequired\":true,\"valueName\":\"search_term_string\"}}],\"inLanguage\":\"fi\"}]}<\/script>\n<!-- \/ Yoast SEO plugin. -->","yoast_head_json":{"title":"Mandarin kauluksen ja puff-hihoilla kaluspaida naisille - Simon Jersey Suomi","robots":{"index":"index","follow":"follow","max-snippet":"max-snippet:-1","max-image-preview":"max-image-preview:large","max-video-preview":"max-video-preview:-1"},"canonical":"https:\/\/simonjersey.eu\/fi\/tuote\/mandarin-kauluksen-ja-puff-hihoilla-kaluspaida-naisille\/","og_locale":"fi_FI","og_type":"article","og_title":"Mandarin kauluksen ja puff-hihoilla kaluspaida naisille - Simon Jersey Suomi","og_description":"Soft, stylish and versatile, our puff sleeve blouse is perfect for any industry. Can be worn as part of your everyday office wear, receptionist uniform, healthcare or hospitality uniform.  Open collar, semi-fitted blouse, capped puff sleeve with button detail, gathers into front yoke, princess panel shaping, side slits.  Material: 65% Polyester, 35% Cotton. Care: 30\u00b0 wash, easy to maintain. Sizes (UK): 8-26.","og_url":"https:\/\/simonjersey.eu\/fi\/tuote\/mandarin-kauluksen-ja-puff-hihoilla-kaluspaida-naisille\/","og_site_name":"Simon Jersey Suomi","article_modified_time":"2025-01-02T17:05:28+00:00","og_image":[{"width":1000,"height":1500,"url":"https:\/\/simonjersey.eu\/fi\/wp-content\/uploads\/sites\/3\/2019\/10\/Mandarin-krea-ja-puff-varrukaga-pluus.jpg","type":"image\/jpeg"}],"twitter_card":"summary_large_image","twitter_misc":{"Arvioitu lukuaika":"1 minuutti"},"schema":{"@context":"https:\/\/schema.org","@graph":[{"@type":"WebPage","@id":"https:\/\/simonjersey.eu\/fi\/tuote\/mandarin-kauluksen-ja-puff-hihoilla-kaluspaida-naisille\/","url":"https:\/\/simonjersey.eu\/fi\/tuote\/mandarin-kauluksen-ja-puff-hihoilla-kaluspaida-naisille\/","name":"Mandarin kauluksen ja puff-hihoilla kaluspaida naisille - Simon Jersey Suomi","isPartOf":{"@id":"https:\/\/simonjersey.eu\/fi\/#website"},"primaryImageOfPage":{"@id":"https:\/\/simonjersey.eu\/fi\/tuote\/mandarin-kauluksen-ja-puff-hihoilla-kaluspaida-naisille\/#primaryimage"},"image":{"@id":"https:\/\/simonjersey.eu\/fi\/tuote\/mandarin-kauluksen-ja-puff-hihoilla-kaluspaida-naisille\/#primaryimage"},"thumbnailUrl":"https:\/\/simonjersey.eu\/fi\/wp-content\/uploads\/sites\/3\/2019\/10\/Mandarin-krea-ja-puff-varrukaga-pluus.jpg","datePublished":"2019-10-25T05:22:35+00:00","dateModified":"2025-01-02T17:05:28+00:00","breadcrumb":{"@id":"https:\/\/simonjersey.eu\/fi\/tuote\/mandarin-kauluksen-ja-puff-hihoilla-kaluspaida-naisille\/#breadcrumb"},"inLanguage":"fi","potentialAction":[{"@type":"ReadAction","target":["https:\/\/simonjersey.eu\/fi\/tuote\/mandarin-kauluksen-ja-puff-hihoilla-kaluspaida-naisille\/"]}]},{"@type":"ImageObject","inLanguage":"fi","@id":"https:\/\/simonjersey.eu\/fi\/tuote\/mandarin-kauluksen-ja-puff-hihoilla-kaluspaida-naisille\/#primaryimage","url":"https:\/\/simonjersey.eu\/fi\/wp-content\/uploads\/sites\/3\/2019\/10\/Mandarin-krea-ja-puff-varrukaga-pluus.jpg","contentUrl":"https:\/\/simonjersey.eu\/fi\/wp-content\/uploads\/sites\/3\/2019\/10\/Mandarin-krea-ja-puff-varrukaga-pluus.jpg","width":1000,"height":1500},{"@type":"BreadcrumbList","@id":"https:\/\/simonjersey.eu\/fi\/tuote\/mandarin-kauluksen-ja-puff-hihoilla-kaluspaida-naisille\/#breadcrumb","itemListElement":[{"@type":"ListItem","position":1,"name":"Home","item":"https:\/\/simonjersey.eu\/fi\/"},{"@type":"ListItem","position":2,"name":"Verkkokauppa","item":"https:\/\/simonjersey.eu\/fi\/kauppaan\/"},{"@type":"ListItem","position":3,"name":"Mandarin kauluksen ja puff-hihoilla kaluspaida naisille"}]},{"@type":"WebSite","@id":"https:\/\/simonjersey.eu\/fi\/#website","url":"https:\/\/simonjersey.eu\/fi\/","name":"Simon Jersey Suomi","description":"Tyylikk\u00e4\u00e4t ja kest\u00e4v\u00e4t  ammattiasut","potentialAction":[{"@type":"SearchAction","target":{"@type":"EntryPoint","urlTemplate":"https:\/\/simonjersey.eu\/fi\/?s={search_term_string}"},"query-input":{"@type":"PropertyValueSpecification","valueRequired":true,"valueName":"search_term_string"}}],"inLanguage":"fi"}]}},"_links":{"self":[{"href":"https:\/\/simonjersey.eu\/fi\/wp-json\/wp\/v2\/product\/2777","targetHints":{"allow":["GET"]}}],"collection":[{"href":"https:\/\/simonjersey.eu\/fi\/wp-json\/wp\/v2\/product"}],"about":[{"href":"https:\/\/simonjersey.eu\/fi\/wp-json\/wp\/v2\/types\/product"}],"wp:featuredmedia":[{"embeddable":true,"href":"https:\/\/simonjersey.eu\/fi\/wp-json\/wp\/v2\/media\/8615"}],"wp:attachment":[{"href":"https:\/\/simonjersey.eu\/fi\/wp-json\/wp\/v2\/media?parent=2777"}],"wp:term":[{"taxonomy":"product_brand","embeddable":true,"href":"https:\/\/simonjersey.eu\/fi\/wp-json\/wp\/v2\/product_brand?post=2777"},{"taxonomy":"product_cat","embeddable":true,"href":"https:\/\/simonjersey.eu\/fi\/wp-json\/wp\/v2\/product_cat?post=2777"},{"taxonomy":"product_tag","embeddable":true,"href":"https:\/\/simonjersey.eu\/fi\/wp-json\/wp\/v2\/product_tag?post=2777"}],"curies":[{"name":"wp","href":"https:\/\/api.w.org\/{rel}","templated":true}]}}