{"id":2818,"date":"2019-10-25T05:40:38","date_gmt":"2019-10-25T05:40:38","guid":{"rendered":"https:\/\/simonjersey.eu\/fi\/?post_type=product&#038;p=2818"},"modified":"2023-11-21T11:21:03","modified_gmt":"2023-11-21T11:21:03","slug":"simon-jersey-ruutupaita-miehille","status":"publish","type":"product","link":"https:\/\/simonjersey.eu\/fi\/tuote\/simon-jersey-ruutupaita-miehille\/","title":{"rendered":"Simon Jersey ruutupaita miehille"},"content":{"rendered":"","protected":false},"excerpt":{"rendered":"<p>A stylish and smart shirt in a slim fit with trendy gingham pattern. Ideal for wearing in various professions in client facing environments, such as front of house roles.<\/p>\n<p>Slim Fit Men\u2019s Long Sleeve square blouse in various colors. Contrast collar, sleeves and buttons.<\/p>\n<p>Length: 80.5 cm.<br \/>\nMaterial: 60% polyester, 40% cotton.<br \/>\nCare: 30 \u00b0 machine wash. Iron with steam.<br \/>\nSizes (UK): 14,5 \u2013 19.<\/p>\n<p>Naisten pusero <a href=\"https:\/\/simonjersey.eu\/fi\/tuote\/simon-jersey-ruutupaita-naisille\/\">t\u00e4\u00e4ll\u00e4<\/a>!<\/p>\n","protected":false},"featured_media":2826,"template":"","meta":[],"product_brand":[],"product_cat":[54,62,79,26],"product_tag":[290,293,292],"class_list":{"0":"post-2818","1":"product","2":"type-product","3":"status-publish","4":"has-post-thumbnail","6":"product_cat-miesten-paidat-ravintola-kahvila","7":"product_cat-miesten-paidat-hotelli-ja-palveluammatit","8":"product_cat-miesten-paidat-business-toimisto","9":"product_cat-miesten-paidat","10":"product_tag-miesten-paidat","11":"product_tag-ruutupaidat-tilaa-edullisesti-netista","12":"product_tag-tarjoiluun-tyovaattet","14":"first","15":"instock","16":"taxable","17":"shipping-taxable","18":"purchasable","19":"product-type-variable","20":"has-default-attributes"},"yoast_head":"<!-- This site is optimized with the Yoast SEO plugin v27.2 - https:\/\/yoast.com\/product\/yoast-seo-wordpress\/ -->\n<title>Simon Jersey ruutupaita miehille - Simon Jersey Suomi<\/title>\n<meta name=\"robots\" content=\"index, follow, max-snippet:-1, max-image-preview:large, max-video-preview:-1\" \/>\n<link rel=\"canonical\" href=\"https:\/\/simonjersey.eu\/fi\/tuote\/simon-jersey-ruutupaita-miehille\/\" \/>\n<meta property=\"og:locale\" content=\"fi_FI\" \/>\n<meta property=\"og:type\" content=\"article\" \/>\n<meta property=\"og:title\" content=\"Simon Jersey ruutupaita miehille - Simon Jersey Suomi\" \/>\n<meta property=\"og:description\" content=\"A stylish and smart shirt in a slim fit with trendy gingham pattern. Ideal for wearing in various professions in client facing environments, such as front of house roles.  Slim Fit Men\u2019s Long Sleeve square blouse in various colors. Contrast collar, sleeves and buttons.  Length: 80.5 cm. Material: 60% polyester, 40% cotton. Care: 30 \u00b0 machine wash. Iron with steam. Sizes (UK): 14,5 \u2013 19.  Naisten pusero t\u00e4\u00e4ll\u00e4!\" \/>\n<meta property=\"og:url\" content=\"https:\/\/simonjersey.eu\/fi\/tuote\/simon-jersey-ruutupaita-miehille\/\" \/>\n<meta property=\"og:site_name\" content=\"Simon Jersey Suomi\" \/>\n<meta property=\"article:modified_time\" content=\"2023-11-21T11:21:03+00:00\" \/>\n<meta property=\"og:image\" content=\"https:\/\/simonjersey.eu\/fi\/wp-content\/uploads\/sites\/3\/2019\/10\/MS2040-1.jpg\" \/>\n\t<meta property=\"og:image:width\" content=\"1000\" \/>\n\t<meta property=\"og:image:height\" content=\"1500\" \/>\n\t<meta property=\"og:image:type\" content=\"image\/jpeg\" \/>\n<meta name=\"twitter:card\" content=\"summary_large_image\" \/>\n<script type=\"application\/ld+json\" class=\"yoast-schema-graph\">{\"@context\":\"https:\/\/schema.org\",\"@graph\":[{\"@type\":\"WebPage\",\"@id\":\"https:\/\/simonjersey.eu\/fi\/tuote\/simon-jersey-ruutupaita-miehille\/\",\"url\":\"https:\/\/simonjersey.eu\/fi\/tuote\/simon-jersey-ruutupaita-miehille\/\",\"name\":\"Simon Jersey ruutupaita miehille - Simon Jersey Suomi\",\"isPartOf\":{\"@id\":\"https:\/\/simonjersey.eu\/fi\/#website\"},\"primaryImageOfPage\":{\"@id\":\"https:\/\/simonjersey.eu\/fi\/tuote\/simon-jersey-ruutupaita-miehille\/#primaryimage\"},\"image\":{\"@id\":\"https:\/\/simonjersey.eu\/fi\/tuote\/simon-jersey-ruutupaita-miehille\/#primaryimage\"},\"thumbnailUrl\":\"https:\/\/simonjersey.eu\/fi\/wp-content\/uploads\/sites\/3\/2019\/10\/MS2040-1.jpg\",\"datePublished\":\"2019-10-25T05:40:38+00:00\",\"dateModified\":\"2023-11-21T11:21:03+00:00\",\"breadcrumb\":{\"@id\":\"https:\/\/simonjersey.eu\/fi\/tuote\/simon-jersey-ruutupaita-miehille\/#breadcrumb\"},\"inLanguage\":\"fi\",\"potentialAction\":[{\"@type\":\"ReadAction\",\"target\":[\"https:\/\/simonjersey.eu\/fi\/tuote\/simon-jersey-ruutupaita-miehille\/\"]}]},{\"@type\":\"ImageObject\",\"inLanguage\":\"fi\",\"@id\":\"https:\/\/simonjersey.eu\/fi\/tuote\/simon-jersey-ruutupaita-miehille\/#primaryimage\",\"url\":\"https:\/\/simonjersey.eu\/fi\/wp-content\/uploads\/sites\/3\/2019\/10\/MS2040-1.jpg\",\"contentUrl\":\"https:\/\/simonjersey.eu\/fi\/wp-content\/uploads\/sites\/3\/2019\/10\/MS2040-1.jpg\",\"width\":1000,\"height\":1500},{\"@type\":\"BreadcrumbList\",\"@id\":\"https:\/\/simonjersey.eu\/fi\/tuote\/simon-jersey-ruutupaita-miehille\/#breadcrumb\",\"itemListElement\":[{\"@type\":\"ListItem\",\"position\":1,\"name\":\"Home\",\"item\":\"https:\/\/simonjersey.eu\/fi\/\"},{\"@type\":\"ListItem\",\"position\":2,\"name\":\"Verkkokauppa\",\"item\":\"https:\/\/simonjersey.eu\/fi\/kauppaan\/\"},{\"@type\":\"ListItem\",\"position\":3,\"name\":\"Simon Jersey ruutupaita miehille\"}]},{\"@type\":\"WebSite\",\"@id\":\"https:\/\/simonjersey.eu\/fi\/#website\",\"url\":\"https:\/\/simonjersey.eu\/fi\/\",\"name\":\"Simon Jersey Suomi\",\"description\":\"Tyylikk\u00e4\u00e4t ja kest\u00e4v\u00e4t  ammattiasut\",\"potentialAction\":[{\"@type\":\"SearchAction\",\"target\":{\"@type\":\"EntryPoint\",\"urlTemplate\":\"https:\/\/simonjersey.eu\/fi\/?s={search_term_string}\"},\"query-input\":{\"@type\":\"PropertyValueSpecification\",\"valueRequired\":true,\"valueName\":\"search_term_string\"}}],\"inLanguage\":\"fi\"}]}<\/script>\n<!-- \/ Yoast SEO plugin. -->","yoast_head_json":{"title":"Simon Jersey ruutupaita miehille - Simon Jersey Suomi","robots":{"index":"index","follow":"follow","max-snippet":"max-snippet:-1","max-image-preview":"max-image-preview:large","max-video-preview":"max-video-preview:-1"},"canonical":"https:\/\/simonjersey.eu\/fi\/tuote\/simon-jersey-ruutupaita-miehille\/","og_locale":"fi_FI","og_type":"article","og_title":"Simon Jersey ruutupaita miehille - Simon Jersey Suomi","og_description":"A stylish and smart shirt in a slim fit with trendy gingham pattern. Ideal for wearing in various professions in client facing environments, such as front of house roles.  Slim Fit Men\u2019s Long Sleeve square blouse in various colors. Contrast collar, sleeves and buttons.  Length: 80.5 cm. Material: 60% polyester, 40% cotton. Care: 30 \u00b0 machine wash. Iron with steam. Sizes (UK): 14,5 \u2013 19.  Naisten pusero t\u00e4\u00e4ll\u00e4!","og_url":"https:\/\/simonjersey.eu\/fi\/tuote\/simon-jersey-ruutupaita-miehille\/","og_site_name":"Simon Jersey Suomi","article_modified_time":"2023-11-21T11:21:03+00:00","og_image":[{"width":1000,"height":1500,"url":"https:\/\/simonjersey.eu\/fi\/wp-content\/uploads\/sites\/3\/2019\/10\/MS2040-1.jpg","type":"image\/jpeg"}],"twitter_card":"summary_large_image","schema":{"@context":"https:\/\/schema.org","@graph":[{"@type":"WebPage","@id":"https:\/\/simonjersey.eu\/fi\/tuote\/simon-jersey-ruutupaita-miehille\/","url":"https:\/\/simonjersey.eu\/fi\/tuote\/simon-jersey-ruutupaita-miehille\/","name":"Simon Jersey ruutupaita miehille - Simon Jersey Suomi","isPartOf":{"@id":"https:\/\/simonjersey.eu\/fi\/#website"},"primaryImageOfPage":{"@id":"https:\/\/simonjersey.eu\/fi\/tuote\/simon-jersey-ruutupaita-miehille\/#primaryimage"},"image":{"@id":"https:\/\/simonjersey.eu\/fi\/tuote\/simon-jersey-ruutupaita-miehille\/#primaryimage"},"thumbnailUrl":"https:\/\/simonjersey.eu\/fi\/wp-content\/uploads\/sites\/3\/2019\/10\/MS2040-1.jpg","datePublished":"2019-10-25T05:40:38+00:00","dateModified":"2023-11-21T11:21:03+00:00","breadcrumb":{"@id":"https:\/\/simonjersey.eu\/fi\/tuote\/simon-jersey-ruutupaita-miehille\/#breadcrumb"},"inLanguage":"fi","potentialAction":[{"@type":"ReadAction","target":["https:\/\/simonjersey.eu\/fi\/tuote\/simon-jersey-ruutupaita-miehille\/"]}]},{"@type":"ImageObject","inLanguage":"fi","@id":"https:\/\/simonjersey.eu\/fi\/tuote\/simon-jersey-ruutupaita-miehille\/#primaryimage","url":"https:\/\/simonjersey.eu\/fi\/wp-content\/uploads\/sites\/3\/2019\/10\/MS2040-1.jpg","contentUrl":"https:\/\/simonjersey.eu\/fi\/wp-content\/uploads\/sites\/3\/2019\/10\/MS2040-1.jpg","width":1000,"height":1500},{"@type":"BreadcrumbList","@id":"https:\/\/simonjersey.eu\/fi\/tuote\/simon-jersey-ruutupaita-miehille\/#breadcrumb","itemListElement":[{"@type":"ListItem","position":1,"name":"Home","item":"https:\/\/simonjersey.eu\/fi\/"},{"@type":"ListItem","position":2,"name":"Verkkokauppa","item":"https:\/\/simonjersey.eu\/fi\/kauppaan\/"},{"@type":"ListItem","position":3,"name":"Simon Jersey ruutupaita miehille"}]},{"@type":"WebSite","@id":"https:\/\/simonjersey.eu\/fi\/#website","url":"https:\/\/simonjersey.eu\/fi\/","name":"Simon Jersey Suomi","description":"Tyylikk\u00e4\u00e4t ja kest\u00e4v\u00e4t  ammattiasut","potentialAction":[{"@type":"SearchAction","target":{"@type":"EntryPoint","urlTemplate":"https:\/\/simonjersey.eu\/fi\/?s={search_term_string}"},"query-input":{"@type":"PropertyValueSpecification","valueRequired":true,"valueName":"search_term_string"}}],"inLanguage":"fi"}]}},"_links":{"self":[{"href":"https:\/\/simonjersey.eu\/fi\/wp-json\/wp\/v2\/product\/2818","targetHints":{"allow":["GET"]}}],"collection":[{"href":"https:\/\/simonjersey.eu\/fi\/wp-json\/wp\/v2\/product"}],"about":[{"href":"https:\/\/simonjersey.eu\/fi\/wp-json\/wp\/v2\/types\/product"}],"wp:featuredmedia":[{"embeddable":true,"href":"https:\/\/simonjersey.eu\/fi\/wp-json\/wp\/v2\/media\/2826"}],"wp:attachment":[{"href":"https:\/\/simonjersey.eu\/fi\/wp-json\/wp\/v2\/media?parent=2818"}],"wp:term":[{"taxonomy":"product_brand","embeddable":true,"href":"https:\/\/simonjersey.eu\/fi\/wp-json\/wp\/v2\/product_brand?post=2818"},{"taxonomy":"product_cat","embeddable":true,"href":"https:\/\/simonjersey.eu\/fi\/wp-json\/wp\/v2\/product_cat?post=2818"},{"taxonomy":"product_tag","embeddable":true,"href":"https:\/\/simonjersey.eu\/fi\/wp-json\/wp\/v2\/product_tag?post=2818"}],"curies":[{"name":"wp","href":"https:\/\/api.w.org\/{rel}","templated":true}]}}