{"id":3252,"date":"2019-10-26T13:50:54","date_gmt":"2019-10-26T13:50:54","guid":{"rendered":"https:\/\/simonjersey.eu\/fi\/?post_type=product&#038;p=3252"},"modified":"2024-09-26T09:27:25","modified_gmt":"2024-09-26T09:27:25","slug":"strets-fit-katketty-nappi-kaluspaita-naisille","status":"publish","type":"product","link":"https:\/\/simonjersey.eu\/fi\/tuote\/strets-fit-katketty-nappi-kaluspaita-naisille\/","title":{"rendered":"&#8221;Stret\u0161-fit&#8221; k\u00e4tketty-nappi kauluspaita naisille"},"content":{"rendered":"","protected":false},"excerpt":{"rendered":"<p>A modern twist on the work shirt, perfect for wearing to various trades in an office setting or in bar and restaurant settings.<\/p>\n<p>Princess seams at front with bust darts, concealed front button fastening, darts at back body.<\/p>\n<p><a href=\"https:\/\/simonjersey.eu\/fi\/tuote\/strets-fit-katketty-nappi-lyhythihaisen-kaluspaita-naisille\/\">Also available with short sleeves!<\/a><\/p>\n<p>Material: 60% Cotton, 35% Polyester, 5% Spandex.<br \/>\nCare: 30\u00b0 wash, easy care garment, requiring minimum ironing.<br \/>\nSizes (UK) 6-30.<\/p>\n<p>Miesten pusero <a href=\"https:\/\/simonjersey.eu\/fi\/tuote\/strets-fit-kaluspaita-miehille\/\">t\u00e4\u00e4ll\u00e4<\/a>!<\/p>\n","protected":false},"featured_media":3256,"template":"","meta":[],"product_brand":[],"product_cat":[55,63,80,15],"product_tag":[308,256,307,291],"class_list":{"0":"post-3252","1":"product","2":"type-product","3":"status-publish","4":"has-post-thumbnail","6":"product_cat-naisten-kaluspaidat","7":"product_cat-naisten-kauluspaidat-hotelli-ja-palveluammatit","8":"product_cat-naisten-kauluspaidat-business-toimisto","9":"product_cat-naisten-kauluspaidat","10":"product_tag-helppo-yllapitaaset-tyovaattet","11":"product_tag-hotellin-ammattiasut","12":"product_tag-klassinen-ammaatti-vaattet","13":"product_tag-naisten-kaluspaidat","15":"first","16":"instock","17":"taxable","18":"shipping-taxable","19":"purchasable","20":"product-type-variable","21":"has-default-attributes"},"yoast_head":"<!-- This site is optimized with the Yoast SEO plugin v27.2 - https:\/\/yoast.com\/product\/yoast-seo-wordpress\/ -->\n<title>&quot;Stret\u0161-fit&quot; k\u00e4tketty-nappi kauluspaita naisille - Simon Jersey Suomi<\/title>\n<meta name=\"robots\" content=\"index, follow, max-snippet:-1, max-image-preview:large, max-video-preview:-1\" \/>\n<link rel=\"canonical\" href=\"https:\/\/simonjersey.eu\/fi\/tuote\/strets-fit-katketty-nappi-kaluspaita-naisille\/\" \/>\n<meta property=\"og:locale\" content=\"fi_FI\" \/>\n<meta property=\"og:type\" content=\"article\" \/>\n<meta property=\"og:title\" content=\"&quot;Stret\u0161-fit&quot; k\u00e4tketty-nappi kauluspaita naisille - Simon Jersey Suomi\" \/>\n<meta property=\"og:description\" content=\"A modern twist on the work shirt, perfect for wearing to various trades in an office setting or in bar and restaurant settings.  Princess seams at front with bust darts, concealed front button fastening, darts at back body.  Also available with short sleeves!  Material: 60% Cotton, 35% Polyester, 5% Spandex. Care: 30\u00b0 wash, easy care garment, requiring minimum ironing. Sizes (UK) 6-30.  Miesten pusero t\u00e4\u00e4ll\u00e4!\" \/>\n<meta property=\"og:url\" content=\"https:\/\/simonjersey.eu\/fi\/tuote\/strets-fit-katketty-nappi-kaluspaita-naisille\/\" \/>\n<meta property=\"og:site_name\" content=\"Simon Jersey Suomi\" \/>\n<meta property=\"article:modified_time\" content=\"2024-09-26T09:27:25+00:00\" \/>\n<meta property=\"og:image\" content=\"https:\/\/simonjersey.eu\/fi\/wp-content\/uploads\/sites\/3\/2019\/10\/FB1980-1.jpg\" \/>\n\t<meta property=\"og:image:width\" content=\"1000\" \/>\n\t<meta property=\"og:image:height\" content=\"1500\" \/>\n\t<meta property=\"og:image:type\" content=\"image\/jpeg\" \/>\n<meta name=\"twitter:card\" content=\"summary_large_image\" \/>\n<meta name=\"twitter:label1\" content=\"Arvioitu lukuaika\" \/>\n\t<meta name=\"twitter:data1\" content=\"1 minuutti\" \/>\n<script type=\"application\/ld+json\" class=\"yoast-schema-graph\">{\"@context\":\"https:\/\/schema.org\",\"@graph\":[{\"@type\":\"WebPage\",\"@id\":\"https:\/\/simonjersey.eu\/fi\/tuote\/strets-fit-katketty-nappi-kaluspaita-naisille\/\",\"url\":\"https:\/\/simonjersey.eu\/fi\/tuote\/strets-fit-katketty-nappi-kaluspaita-naisille\/\",\"name\":\"\\\"Stret\u0161-fit\\\" k\u00e4tketty-nappi kauluspaita naisille - Simon Jersey Suomi\",\"isPartOf\":{\"@id\":\"https:\/\/simonjersey.eu\/fi\/#website\"},\"primaryImageOfPage\":{\"@id\":\"https:\/\/simonjersey.eu\/fi\/tuote\/strets-fit-katketty-nappi-kaluspaita-naisille\/#primaryimage\"},\"image\":{\"@id\":\"https:\/\/simonjersey.eu\/fi\/tuote\/strets-fit-katketty-nappi-kaluspaita-naisille\/#primaryimage\"},\"thumbnailUrl\":\"https:\/\/simonjersey.eu\/fi\/wp-content\/uploads\/sites\/3\/2019\/10\/FB1980-1.jpg\",\"datePublished\":\"2019-10-26T13:50:54+00:00\",\"dateModified\":\"2024-09-26T09:27:25+00:00\",\"breadcrumb\":{\"@id\":\"https:\/\/simonjersey.eu\/fi\/tuote\/strets-fit-katketty-nappi-kaluspaita-naisille\/#breadcrumb\"},\"inLanguage\":\"fi\",\"potentialAction\":[{\"@type\":\"ReadAction\",\"target\":[\"https:\/\/simonjersey.eu\/fi\/tuote\/strets-fit-katketty-nappi-kaluspaita-naisille\/\"]}]},{\"@type\":\"ImageObject\",\"inLanguage\":\"fi\",\"@id\":\"https:\/\/simonjersey.eu\/fi\/tuote\/strets-fit-katketty-nappi-kaluspaita-naisille\/#primaryimage\",\"url\":\"https:\/\/simonjersey.eu\/fi\/wp-content\/uploads\/sites\/3\/2019\/10\/FB1980-1.jpg\",\"contentUrl\":\"https:\/\/simonjersey.eu\/fi\/wp-content\/uploads\/sites\/3\/2019\/10\/FB1980-1.jpg\",\"width\":1000,\"height\":1500},{\"@type\":\"BreadcrumbList\",\"@id\":\"https:\/\/simonjersey.eu\/fi\/tuote\/strets-fit-katketty-nappi-kaluspaita-naisille\/#breadcrumb\",\"itemListElement\":[{\"@type\":\"ListItem\",\"position\":1,\"name\":\"Home\",\"item\":\"https:\/\/simonjersey.eu\/fi\/\"},{\"@type\":\"ListItem\",\"position\":2,\"name\":\"Verkkokauppa\",\"item\":\"https:\/\/simonjersey.eu\/fi\/kauppaan\/\"},{\"@type\":\"ListItem\",\"position\":3,\"name\":\"&#8221;Stret\u0161-fit&#8221; k\u00e4tketty-nappi kauluspaita naisille\"}]},{\"@type\":\"WebSite\",\"@id\":\"https:\/\/simonjersey.eu\/fi\/#website\",\"url\":\"https:\/\/simonjersey.eu\/fi\/\",\"name\":\"Simon Jersey Suomi\",\"description\":\"Tyylikk\u00e4\u00e4t ja kest\u00e4v\u00e4t  ammattiasut\",\"potentialAction\":[{\"@type\":\"SearchAction\",\"target\":{\"@type\":\"EntryPoint\",\"urlTemplate\":\"https:\/\/simonjersey.eu\/fi\/?s={search_term_string}\"},\"query-input\":{\"@type\":\"PropertyValueSpecification\",\"valueRequired\":true,\"valueName\":\"search_term_string\"}}],\"inLanguage\":\"fi\"}]}<\/script>\n<!-- \/ Yoast SEO plugin. -->","yoast_head_json":{"title":"\"Stret\u0161-fit\" k\u00e4tketty-nappi kauluspaita naisille - Simon Jersey Suomi","robots":{"index":"index","follow":"follow","max-snippet":"max-snippet:-1","max-image-preview":"max-image-preview:large","max-video-preview":"max-video-preview:-1"},"canonical":"https:\/\/simonjersey.eu\/fi\/tuote\/strets-fit-katketty-nappi-kaluspaita-naisille\/","og_locale":"fi_FI","og_type":"article","og_title":"\"Stret\u0161-fit\" k\u00e4tketty-nappi kauluspaita naisille - Simon Jersey Suomi","og_description":"A modern twist on the work shirt, perfect for wearing to various trades in an office setting or in bar and restaurant settings.  Princess seams at front with bust darts, concealed front button fastening, darts at back body.  Also available with short sleeves!  Material: 60% Cotton, 35% Polyester, 5% Spandex. Care: 30\u00b0 wash, easy care garment, requiring minimum ironing. Sizes (UK) 6-30.  Miesten pusero t\u00e4\u00e4ll\u00e4!","og_url":"https:\/\/simonjersey.eu\/fi\/tuote\/strets-fit-katketty-nappi-kaluspaita-naisille\/","og_site_name":"Simon Jersey Suomi","article_modified_time":"2024-09-26T09:27:25+00:00","og_image":[{"width":1000,"height":1500,"url":"https:\/\/simonjersey.eu\/fi\/wp-content\/uploads\/sites\/3\/2019\/10\/FB1980-1.jpg","type":"image\/jpeg"}],"twitter_card":"summary_large_image","twitter_misc":{"Arvioitu lukuaika":"1 minuutti"},"schema":{"@context":"https:\/\/schema.org","@graph":[{"@type":"WebPage","@id":"https:\/\/simonjersey.eu\/fi\/tuote\/strets-fit-katketty-nappi-kaluspaita-naisille\/","url":"https:\/\/simonjersey.eu\/fi\/tuote\/strets-fit-katketty-nappi-kaluspaita-naisille\/","name":"\"Stret\u0161-fit\" k\u00e4tketty-nappi kauluspaita naisille - Simon Jersey Suomi","isPartOf":{"@id":"https:\/\/simonjersey.eu\/fi\/#website"},"primaryImageOfPage":{"@id":"https:\/\/simonjersey.eu\/fi\/tuote\/strets-fit-katketty-nappi-kaluspaita-naisille\/#primaryimage"},"image":{"@id":"https:\/\/simonjersey.eu\/fi\/tuote\/strets-fit-katketty-nappi-kaluspaita-naisille\/#primaryimage"},"thumbnailUrl":"https:\/\/simonjersey.eu\/fi\/wp-content\/uploads\/sites\/3\/2019\/10\/FB1980-1.jpg","datePublished":"2019-10-26T13:50:54+00:00","dateModified":"2024-09-26T09:27:25+00:00","breadcrumb":{"@id":"https:\/\/simonjersey.eu\/fi\/tuote\/strets-fit-katketty-nappi-kaluspaita-naisille\/#breadcrumb"},"inLanguage":"fi","potentialAction":[{"@type":"ReadAction","target":["https:\/\/simonjersey.eu\/fi\/tuote\/strets-fit-katketty-nappi-kaluspaita-naisille\/"]}]},{"@type":"ImageObject","inLanguage":"fi","@id":"https:\/\/simonjersey.eu\/fi\/tuote\/strets-fit-katketty-nappi-kaluspaita-naisille\/#primaryimage","url":"https:\/\/simonjersey.eu\/fi\/wp-content\/uploads\/sites\/3\/2019\/10\/FB1980-1.jpg","contentUrl":"https:\/\/simonjersey.eu\/fi\/wp-content\/uploads\/sites\/3\/2019\/10\/FB1980-1.jpg","width":1000,"height":1500},{"@type":"BreadcrumbList","@id":"https:\/\/simonjersey.eu\/fi\/tuote\/strets-fit-katketty-nappi-kaluspaita-naisille\/#breadcrumb","itemListElement":[{"@type":"ListItem","position":1,"name":"Home","item":"https:\/\/simonjersey.eu\/fi\/"},{"@type":"ListItem","position":2,"name":"Verkkokauppa","item":"https:\/\/simonjersey.eu\/fi\/kauppaan\/"},{"@type":"ListItem","position":3,"name":"&#8221;Stret\u0161-fit&#8221; k\u00e4tketty-nappi kauluspaita naisille"}]},{"@type":"WebSite","@id":"https:\/\/simonjersey.eu\/fi\/#website","url":"https:\/\/simonjersey.eu\/fi\/","name":"Simon Jersey Suomi","description":"Tyylikk\u00e4\u00e4t ja kest\u00e4v\u00e4t  ammattiasut","potentialAction":[{"@type":"SearchAction","target":{"@type":"EntryPoint","urlTemplate":"https:\/\/simonjersey.eu\/fi\/?s={search_term_string}"},"query-input":{"@type":"PropertyValueSpecification","valueRequired":true,"valueName":"search_term_string"}}],"inLanguage":"fi"}]}},"_links":{"self":[{"href":"https:\/\/simonjersey.eu\/fi\/wp-json\/wp\/v2\/product\/3252","targetHints":{"allow":["GET"]}}],"collection":[{"href":"https:\/\/simonjersey.eu\/fi\/wp-json\/wp\/v2\/product"}],"about":[{"href":"https:\/\/simonjersey.eu\/fi\/wp-json\/wp\/v2\/types\/product"}],"wp:featuredmedia":[{"embeddable":true,"href":"https:\/\/simonjersey.eu\/fi\/wp-json\/wp\/v2\/media\/3256"}],"wp:attachment":[{"href":"https:\/\/simonjersey.eu\/fi\/wp-json\/wp\/v2\/media?parent=3252"}],"wp:term":[{"taxonomy":"product_brand","embeddable":true,"href":"https:\/\/simonjersey.eu\/fi\/wp-json\/wp\/v2\/product_brand?post=3252"},{"taxonomy":"product_cat","embeddable":true,"href":"https:\/\/simonjersey.eu\/fi\/wp-json\/wp\/v2\/product_cat?post=3252"},{"taxonomy":"product_tag","embeddable":true,"href":"https:\/\/simonjersey.eu\/fi\/wp-json\/wp\/v2\/product_tag?post=3252"}],"curies":[{"name":"wp","href":"https:\/\/api.w.org\/{rel}","templated":true}]}}