{"id":3269,"date":"2019-10-26T13:53:48","date_gmt":"2019-10-26T13:53:48","guid":{"rendered":"https:\/\/simonjersey.eu\/fi\/?post_type=product&#038;p=3269"},"modified":"2021-04-08T13:41:43","modified_gmt":"2021-04-08T13:41:43","slug":"strets-fit-katketty-nappi-lyhythihaisen-kaluspaita-naisille","status":"publish","type":"product","link":"https:\/\/simonjersey.eu\/fi\/tuote\/strets-fit-katketty-nappi-lyhythihaisen-kaluspaita-naisille\/","title":{"rendered":"&#8221;Stret\u0161-fit&#8221; k\u00e4tketty-nappi lyhythihaisen kauluspaita naisille"},"content":{"rendered":"","protected":false},"excerpt":{"rendered":"<p>A modern twist on the work shirt, perfect for wearing to various trades in an office setting or in bar and restaurant settings.<\/p>\n<p>Princess seams at front with bust darts, concealed front button fastening, darts at back body.<\/p>\n<p><a href=\"https:\/\/simonjersey.eu\/fi\/tuote\/strets-fit-katketty-nappi-kaluspaita-naisille\/\">Also available with long sleeves!<\/a><\/p>\n<p>Material: 60% Cotton, 35% Polyester, 5% Spandex.<br \/>\nCare: 30\u00b0 wash, easy care garment, requiring minimum ironing.<br \/>\nSizes (UK) 6-26.<\/p>\n","protected":false},"featured_media":3271,"template":"","meta":[],"product_brand":[],"product_cat":[55,63,80,15],"product_tag":[308,298],"class_list":{"0":"post-3269","1":"product","2":"type-product","3":"status-publish","4":"has-post-thumbnail","6":"product_cat-naisten-kaluspaidat","7":"product_cat-naisten-kauluspaidat-hotelli-ja-palveluammatit","8":"product_cat-naisten-kauluspaidat-business-toimisto","9":"product_cat-naisten-kauluspaidat","10":"product_tag-helppo-yllapitaaset-tyovaattet","11":"product_tag-tyoasut-asiakaspalveluun","13":"first","14":"instock","15":"taxable","16":"shipping-taxable","17":"purchasable","18":"product-type-variable","19":"has-default-attributes"},"yoast_head":"<!-- This site is optimized with the Yoast SEO plugin v27.2 - https:\/\/yoast.com\/product\/yoast-seo-wordpress\/ -->\n<title>&quot;Stret\u0161-fit&quot; k\u00e4tketty-nappi lyhythihaisen kauluspaita naisille - Simon Jersey Suomi<\/title>\n<meta name=\"robots\" content=\"index, follow, max-snippet:-1, max-image-preview:large, max-video-preview:-1\" \/>\n<link rel=\"canonical\" href=\"https:\/\/simonjersey.eu\/fi\/tuote\/strets-fit-katketty-nappi-lyhythihaisen-kaluspaita-naisille\/\" \/>\n<meta property=\"og:locale\" content=\"fi_FI\" \/>\n<meta property=\"og:type\" content=\"article\" \/>\n<meta property=\"og:title\" content=\"&quot;Stret\u0161-fit&quot; k\u00e4tketty-nappi lyhythihaisen kauluspaita naisille - Simon Jersey Suomi\" \/>\n<meta property=\"og:description\" content=\"A modern twist on the work shirt, perfect for wearing to various trades in an office setting or in bar and restaurant settings.  Princess seams at front with bust darts, concealed front button fastening, darts at back body.  Also available with long sleeves!  Material: 60% Cotton, 35% Polyester, 5% Spandex. Care: 30\u00b0 wash, easy care garment, requiring minimum ironing. Sizes (UK) 6-26.\" \/>\n<meta property=\"og:url\" content=\"https:\/\/simonjersey.eu\/fi\/tuote\/strets-fit-katketty-nappi-lyhythihaisen-kaluspaita-naisille\/\" \/>\n<meta property=\"og:site_name\" content=\"Simon Jersey Suomi\" \/>\n<meta property=\"article:modified_time\" content=\"2021-04-08T13:41:43+00:00\" \/>\n<meta property=\"og:image\" content=\"https:\/\/simonjersey.eu\/fi\/wp-content\/uploads\/sites\/3\/2019\/10\/FB2620-1.jpg\" \/>\n\t<meta property=\"og:image:width\" content=\"1000\" \/>\n\t<meta property=\"og:image:height\" content=\"1500\" \/>\n\t<meta property=\"og:image:type\" content=\"image\/jpeg\" \/>\n<meta name=\"twitter:card\" content=\"summary_large_image\" \/>\n<script type=\"application\/ld+json\" class=\"yoast-schema-graph\">{\"@context\":\"https:\/\/schema.org\",\"@graph\":[{\"@type\":\"WebPage\",\"@id\":\"https:\/\/simonjersey.eu\/fi\/tuote\/strets-fit-katketty-nappi-lyhythihaisen-kaluspaita-naisille\/\",\"url\":\"https:\/\/simonjersey.eu\/fi\/tuote\/strets-fit-katketty-nappi-lyhythihaisen-kaluspaita-naisille\/\",\"name\":\"\\\"Stret\u0161-fit\\\" k\u00e4tketty-nappi lyhythihaisen kauluspaita naisille - Simon Jersey Suomi\",\"isPartOf\":{\"@id\":\"https:\/\/simonjersey.eu\/fi\/#website\"},\"primaryImageOfPage\":{\"@id\":\"https:\/\/simonjersey.eu\/fi\/tuote\/strets-fit-katketty-nappi-lyhythihaisen-kaluspaita-naisille\/#primaryimage\"},\"image\":{\"@id\":\"https:\/\/simonjersey.eu\/fi\/tuote\/strets-fit-katketty-nappi-lyhythihaisen-kaluspaita-naisille\/#primaryimage\"},\"thumbnailUrl\":\"https:\/\/simonjersey.eu\/fi\/wp-content\/uploads\/sites\/3\/2019\/10\/FB2620-1.jpg\",\"datePublished\":\"2019-10-26T13:53:48+00:00\",\"dateModified\":\"2021-04-08T13:41:43+00:00\",\"breadcrumb\":{\"@id\":\"https:\/\/simonjersey.eu\/fi\/tuote\/strets-fit-katketty-nappi-lyhythihaisen-kaluspaita-naisille\/#breadcrumb\"},\"inLanguage\":\"fi\",\"potentialAction\":[{\"@type\":\"ReadAction\",\"target\":[\"https:\/\/simonjersey.eu\/fi\/tuote\/strets-fit-katketty-nappi-lyhythihaisen-kaluspaita-naisille\/\"]}]},{\"@type\":\"ImageObject\",\"inLanguage\":\"fi\",\"@id\":\"https:\/\/simonjersey.eu\/fi\/tuote\/strets-fit-katketty-nappi-lyhythihaisen-kaluspaita-naisille\/#primaryimage\",\"url\":\"https:\/\/simonjersey.eu\/fi\/wp-content\/uploads\/sites\/3\/2019\/10\/FB2620-1.jpg\",\"contentUrl\":\"https:\/\/simonjersey.eu\/fi\/wp-content\/uploads\/sites\/3\/2019\/10\/FB2620-1.jpg\",\"width\":1000,\"height\":1500},{\"@type\":\"BreadcrumbList\",\"@id\":\"https:\/\/simonjersey.eu\/fi\/tuote\/strets-fit-katketty-nappi-lyhythihaisen-kaluspaita-naisille\/#breadcrumb\",\"itemListElement\":[{\"@type\":\"ListItem\",\"position\":1,\"name\":\"Home\",\"item\":\"https:\/\/simonjersey.eu\/fi\/\"},{\"@type\":\"ListItem\",\"position\":2,\"name\":\"Verkkokauppa\",\"item\":\"https:\/\/simonjersey.eu\/fi\/kauppaan\/\"},{\"@type\":\"ListItem\",\"position\":3,\"name\":\"&#8221;Stret\u0161-fit&#8221; k\u00e4tketty-nappi lyhythihaisen kauluspaita naisille\"}]},{\"@type\":\"WebSite\",\"@id\":\"https:\/\/simonjersey.eu\/fi\/#website\",\"url\":\"https:\/\/simonjersey.eu\/fi\/\",\"name\":\"Simon Jersey Suomi\",\"description\":\"Tyylikk\u00e4\u00e4t ja kest\u00e4v\u00e4t  ammattiasut\",\"potentialAction\":[{\"@type\":\"SearchAction\",\"target\":{\"@type\":\"EntryPoint\",\"urlTemplate\":\"https:\/\/simonjersey.eu\/fi\/?s={search_term_string}\"},\"query-input\":{\"@type\":\"PropertyValueSpecification\",\"valueRequired\":true,\"valueName\":\"search_term_string\"}}],\"inLanguage\":\"fi\"}]}<\/script>\n<!-- \/ Yoast SEO plugin. -->","yoast_head_json":{"title":"\"Stret\u0161-fit\" k\u00e4tketty-nappi lyhythihaisen kauluspaita naisille - Simon Jersey Suomi","robots":{"index":"index","follow":"follow","max-snippet":"max-snippet:-1","max-image-preview":"max-image-preview:large","max-video-preview":"max-video-preview:-1"},"canonical":"https:\/\/simonjersey.eu\/fi\/tuote\/strets-fit-katketty-nappi-lyhythihaisen-kaluspaita-naisille\/","og_locale":"fi_FI","og_type":"article","og_title":"\"Stret\u0161-fit\" k\u00e4tketty-nappi lyhythihaisen kauluspaita naisille - Simon Jersey Suomi","og_description":"A modern twist on the work shirt, perfect for wearing to various trades in an office setting or in bar and restaurant settings.  Princess seams at front with bust darts, concealed front button fastening, darts at back body.  Also available with long sleeves!  Material: 60% Cotton, 35% Polyester, 5% Spandex. Care: 30\u00b0 wash, easy care garment, requiring minimum ironing. Sizes (UK) 6-26.","og_url":"https:\/\/simonjersey.eu\/fi\/tuote\/strets-fit-katketty-nappi-lyhythihaisen-kaluspaita-naisille\/","og_site_name":"Simon Jersey Suomi","article_modified_time":"2021-04-08T13:41:43+00:00","og_image":[{"width":1000,"height":1500,"url":"https:\/\/simonjersey.eu\/fi\/wp-content\/uploads\/sites\/3\/2019\/10\/FB2620-1.jpg","type":"image\/jpeg"}],"twitter_card":"summary_large_image","schema":{"@context":"https:\/\/schema.org","@graph":[{"@type":"WebPage","@id":"https:\/\/simonjersey.eu\/fi\/tuote\/strets-fit-katketty-nappi-lyhythihaisen-kaluspaita-naisille\/","url":"https:\/\/simonjersey.eu\/fi\/tuote\/strets-fit-katketty-nappi-lyhythihaisen-kaluspaita-naisille\/","name":"\"Stret\u0161-fit\" k\u00e4tketty-nappi lyhythihaisen kauluspaita naisille - Simon Jersey Suomi","isPartOf":{"@id":"https:\/\/simonjersey.eu\/fi\/#website"},"primaryImageOfPage":{"@id":"https:\/\/simonjersey.eu\/fi\/tuote\/strets-fit-katketty-nappi-lyhythihaisen-kaluspaita-naisille\/#primaryimage"},"image":{"@id":"https:\/\/simonjersey.eu\/fi\/tuote\/strets-fit-katketty-nappi-lyhythihaisen-kaluspaita-naisille\/#primaryimage"},"thumbnailUrl":"https:\/\/simonjersey.eu\/fi\/wp-content\/uploads\/sites\/3\/2019\/10\/FB2620-1.jpg","datePublished":"2019-10-26T13:53:48+00:00","dateModified":"2021-04-08T13:41:43+00:00","breadcrumb":{"@id":"https:\/\/simonjersey.eu\/fi\/tuote\/strets-fit-katketty-nappi-lyhythihaisen-kaluspaita-naisille\/#breadcrumb"},"inLanguage":"fi","potentialAction":[{"@type":"ReadAction","target":["https:\/\/simonjersey.eu\/fi\/tuote\/strets-fit-katketty-nappi-lyhythihaisen-kaluspaita-naisille\/"]}]},{"@type":"ImageObject","inLanguage":"fi","@id":"https:\/\/simonjersey.eu\/fi\/tuote\/strets-fit-katketty-nappi-lyhythihaisen-kaluspaita-naisille\/#primaryimage","url":"https:\/\/simonjersey.eu\/fi\/wp-content\/uploads\/sites\/3\/2019\/10\/FB2620-1.jpg","contentUrl":"https:\/\/simonjersey.eu\/fi\/wp-content\/uploads\/sites\/3\/2019\/10\/FB2620-1.jpg","width":1000,"height":1500},{"@type":"BreadcrumbList","@id":"https:\/\/simonjersey.eu\/fi\/tuote\/strets-fit-katketty-nappi-lyhythihaisen-kaluspaita-naisille\/#breadcrumb","itemListElement":[{"@type":"ListItem","position":1,"name":"Home","item":"https:\/\/simonjersey.eu\/fi\/"},{"@type":"ListItem","position":2,"name":"Verkkokauppa","item":"https:\/\/simonjersey.eu\/fi\/kauppaan\/"},{"@type":"ListItem","position":3,"name":"&#8221;Stret\u0161-fit&#8221; k\u00e4tketty-nappi lyhythihaisen kauluspaita naisille"}]},{"@type":"WebSite","@id":"https:\/\/simonjersey.eu\/fi\/#website","url":"https:\/\/simonjersey.eu\/fi\/","name":"Simon Jersey Suomi","description":"Tyylikk\u00e4\u00e4t ja kest\u00e4v\u00e4t  ammattiasut","potentialAction":[{"@type":"SearchAction","target":{"@type":"EntryPoint","urlTemplate":"https:\/\/simonjersey.eu\/fi\/?s={search_term_string}"},"query-input":{"@type":"PropertyValueSpecification","valueRequired":true,"valueName":"search_term_string"}}],"inLanguage":"fi"}]}},"_links":{"self":[{"href":"https:\/\/simonjersey.eu\/fi\/wp-json\/wp\/v2\/product\/3269","targetHints":{"allow":["GET"]}}],"collection":[{"href":"https:\/\/simonjersey.eu\/fi\/wp-json\/wp\/v2\/product"}],"about":[{"href":"https:\/\/simonjersey.eu\/fi\/wp-json\/wp\/v2\/types\/product"}],"wp:featuredmedia":[{"embeddable":true,"href":"https:\/\/simonjersey.eu\/fi\/wp-json\/wp\/v2\/media\/3271"}],"wp:attachment":[{"href":"https:\/\/simonjersey.eu\/fi\/wp-json\/wp\/v2\/media?parent=3269"}],"wp:term":[{"taxonomy":"product_brand","embeddable":true,"href":"https:\/\/simonjersey.eu\/fi\/wp-json\/wp\/v2\/product_brand?post=3269"},{"taxonomy":"product_cat","embeddable":true,"href":"https:\/\/simonjersey.eu\/fi\/wp-json\/wp\/v2\/product_cat?post=3269"},{"taxonomy":"product_tag","embeddable":true,"href":"https:\/\/simonjersey.eu\/fi\/wp-json\/wp\/v2\/product_tag?post=3269"}],"curies":[{"name":"wp","href":"https:\/\/api.w.org\/{rel}","templated":true}]}}