{"id":3412,"date":"2019-10-28T09:07:19","date_gmt":"2019-10-28T09:07:19","guid":{"rendered":"https:\/\/simonjersey.eu\/fi\/?post_type=product&#038;p=3412"},"modified":"2024-02-08T12:07:24","modified_gmt":"2024-02-08T12:07:24","slug":"naisten-silkki-kreppa-yksivarinen-pleat-neck-pusero","status":"publish","type":"product","link":"https:\/\/simonjersey.eu\/fi\/tuote\/naisten-silkki-kreppa-yksivarinen-pleat-neck-pusero\/","title":{"rendered":"Naisten silkki kreppa yksiv\u00e4rinen \u201cPleat Neck\u201d pusero"},"content":{"rendered":"","protected":false},"excerpt":{"rendered":"<p>Update your workwear uniform with our new Simon Jersey Short Sleeve Pleat Neck Blouse.<br \/>\nIt is lightweight, whilst remaining flattering this beautifully classic style that has been<br \/>\ndesigned to stand the test of time.<\/p>\n<p>A wonderfully versatile blouse for a look that elevates your workwear attire.<br \/>\nOne colored, 3 Tucks at front neckline, Short Sleeves.<\/p>\n<p>Length: 63cm\/24.8in.<br \/>\nMaterial: 100% Polyester (139g\/m\u00b2)<br \/>\nCare: 30\u00b0 machine wash. Easy care garment, requiring minimal ironing.<br \/>\nSizes (UK): 6-26.<\/p>\n","protected":false},"featured_media":3426,"template":"","meta":[],"product_brand":[],"product_cat":[55,63,80,15,34],"product_tag":[256,291,232],"class_list":{"0":"post-3412","1":"product","2":"type-product","3":"status-publish","4":"has-post-thumbnail","6":"product_cat-naisten-kaluspaidat","7":"product_cat-naisten-kauluspaidat-hotelli-ja-palveluammatit","8":"product_cat-naisten-kauluspaidat-business-toimisto","9":"product_cat-naisten-kauluspaidat","10":"product_cat-uutuudet","11":"product_tag-hotellin-ammattiasut","12":"product_tag-naisten-kaluspaidat","13":"product_tag-naisten-tyovaatteet","15":"first","16":"instock","17":"taxable","18":"shipping-taxable","19":"purchasable","20":"product-type-variable","21":"has-default-attributes"},"yoast_head":"<!-- This site is optimized with the Yoast SEO plugin v27.2 - https:\/\/yoast.com\/product\/yoast-seo-wordpress\/ -->\n<title>Naisten silkki kreppa yksiv\u00e4rinen \u201cPleat Neck\u201d pusero - Simon Jersey Suomi<\/title>\n<meta name=\"robots\" content=\"index, follow, max-snippet:-1, max-image-preview:large, max-video-preview:-1\" \/>\n<link rel=\"canonical\" href=\"https:\/\/simonjersey.eu\/fi\/tuote\/naisten-silkki-kreppa-yksivarinen-pleat-neck-pusero\/\" \/>\n<meta property=\"og:locale\" content=\"fi_FI\" \/>\n<meta property=\"og:type\" content=\"article\" \/>\n<meta property=\"og:title\" content=\"Naisten silkki kreppa yksiv\u00e4rinen \u201cPleat Neck\u201d pusero - Simon Jersey Suomi\" \/>\n<meta property=\"og:description\" content=\"Update your workwear uniform with our new Simon Jersey Short Sleeve Pleat Neck Blouse. It is lightweight, whilst remaining flattering this beautifully classic style that has been designed to stand the test of time.  A wonderfully versatile blouse for a look that elevates your workwear attire. One colored, 3 Tucks at front neckline, Short Sleeves.  Length: 63cm\/24.8in. Material: 100% Polyester (139g\/m\u00b2) Care: 30\u00b0 machine wash. Easy care garment, requiring minimal ironing. Sizes (UK): 6-26.\" \/>\n<meta property=\"og:url\" content=\"https:\/\/simonjersey.eu\/fi\/tuote\/naisten-silkki-kreppa-yksivarinen-pleat-neck-pusero\/\" \/>\n<meta property=\"og:site_name\" content=\"Simon Jersey Suomi\" \/>\n<meta property=\"article:modified_time\" content=\"2024-02-08T12:07:24+00:00\" \/>\n<meta property=\"og:image\" content=\"https:\/\/simonjersey.eu\/fi\/wp-content\/uploads\/sites\/3\/2019\/10\/FB0534-1.jpg\" \/>\n\t<meta property=\"og:image:width\" content=\"1000\" \/>\n\t<meta property=\"og:image:height\" content=\"1500\" \/>\n\t<meta property=\"og:image:type\" content=\"image\/jpeg\" \/>\n<meta name=\"twitter:card\" content=\"summary_large_image\" \/>\n<meta name=\"twitter:label1\" content=\"Arvioitu lukuaika\" \/>\n\t<meta name=\"twitter:data1\" content=\"1 minuutti\" \/>\n<script type=\"application\/ld+json\" class=\"yoast-schema-graph\">{\"@context\":\"https:\/\/schema.org\",\"@graph\":[{\"@type\":\"WebPage\",\"@id\":\"https:\/\/simonjersey.eu\/fi\/tuote\/naisten-silkki-kreppa-yksivarinen-pleat-neck-pusero\/\",\"url\":\"https:\/\/simonjersey.eu\/fi\/tuote\/naisten-silkki-kreppa-yksivarinen-pleat-neck-pusero\/\",\"name\":\"Naisten silkki kreppa yksiv\u00e4rinen \u201cPleat Neck\u201d pusero - Simon Jersey Suomi\",\"isPartOf\":{\"@id\":\"https:\/\/simonjersey.eu\/fi\/#website\"},\"primaryImageOfPage\":{\"@id\":\"https:\/\/simonjersey.eu\/fi\/tuote\/naisten-silkki-kreppa-yksivarinen-pleat-neck-pusero\/#primaryimage\"},\"image\":{\"@id\":\"https:\/\/simonjersey.eu\/fi\/tuote\/naisten-silkki-kreppa-yksivarinen-pleat-neck-pusero\/#primaryimage\"},\"thumbnailUrl\":\"https:\/\/simonjersey.eu\/fi\/wp-content\/uploads\/sites\/3\/2019\/10\/FB0534-1.jpg\",\"datePublished\":\"2019-10-28T09:07:19+00:00\",\"dateModified\":\"2024-02-08T12:07:24+00:00\",\"breadcrumb\":{\"@id\":\"https:\/\/simonjersey.eu\/fi\/tuote\/naisten-silkki-kreppa-yksivarinen-pleat-neck-pusero\/#breadcrumb\"},\"inLanguage\":\"fi\",\"potentialAction\":[{\"@type\":\"ReadAction\",\"target\":[\"https:\/\/simonjersey.eu\/fi\/tuote\/naisten-silkki-kreppa-yksivarinen-pleat-neck-pusero\/\"]}]},{\"@type\":\"ImageObject\",\"inLanguage\":\"fi\",\"@id\":\"https:\/\/simonjersey.eu\/fi\/tuote\/naisten-silkki-kreppa-yksivarinen-pleat-neck-pusero\/#primaryimage\",\"url\":\"https:\/\/simonjersey.eu\/fi\/wp-content\/uploads\/sites\/3\/2019\/10\/FB0534-1.jpg\",\"contentUrl\":\"https:\/\/simonjersey.eu\/fi\/wp-content\/uploads\/sites\/3\/2019\/10\/FB0534-1.jpg\",\"width\":1000,\"height\":1500},{\"@type\":\"BreadcrumbList\",\"@id\":\"https:\/\/simonjersey.eu\/fi\/tuote\/naisten-silkki-kreppa-yksivarinen-pleat-neck-pusero\/#breadcrumb\",\"itemListElement\":[{\"@type\":\"ListItem\",\"position\":1,\"name\":\"Home\",\"item\":\"https:\/\/simonjersey.eu\/fi\/\"},{\"@type\":\"ListItem\",\"position\":2,\"name\":\"Verkkokauppa\",\"item\":\"https:\/\/simonjersey.eu\/fi\/kauppaan\/\"},{\"@type\":\"ListItem\",\"position\":3,\"name\":\"Naisten silkki kreppa yksiv\u00e4rinen \u201cPleat Neck\u201d pusero\"}]},{\"@type\":\"WebSite\",\"@id\":\"https:\/\/simonjersey.eu\/fi\/#website\",\"url\":\"https:\/\/simonjersey.eu\/fi\/\",\"name\":\"Simon Jersey Suomi\",\"description\":\"Tyylikk\u00e4\u00e4t ja kest\u00e4v\u00e4t  ammattiasut\",\"potentialAction\":[{\"@type\":\"SearchAction\",\"target\":{\"@type\":\"EntryPoint\",\"urlTemplate\":\"https:\/\/simonjersey.eu\/fi\/?s={search_term_string}\"},\"query-input\":{\"@type\":\"PropertyValueSpecification\",\"valueRequired\":true,\"valueName\":\"search_term_string\"}}],\"inLanguage\":\"fi\"}]}<\/script>\n<!-- \/ Yoast SEO plugin. -->","yoast_head_json":{"title":"Naisten silkki kreppa yksiv\u00e4rinen \u201cPleat Neck\u201d pusero - Simon Jersey Suomi","robots":{"index":"index","follow":"follow","max-snippet":"max-snippet:-1","max-image-preview":"max-image-preview:large","max-video-preview":"max-video-preview:-1"},"canonical":"https:\/\/simonjersey.eu\/fi\/tuote\/naisten-silkki-kreppa-yksivarinen-pleat-neck-pusero\/","og_locale":"fi_FI","og_type":"article","og_title":"Naisten silkki kreppa yksiv\u00e4rinen \u201cPleat Neck\u201d pusero - Simon Jersey Suomi","og_description":"Update your workwear uniform with our new Simon Jersey Short Sleeve Pleat Neck Blouse. It is lightweight, whilst remaining flattering this beautifully classic style that has been designed to stand the test of time.  A wonderfully versatile blouse for a look that elevates your workwear attire. One colored, 3 Tucks at front neckline, Short Sleeves.  Length: 63cm\/24.8in. Material: 100% Polyester (139g\/m\u00b2) Care: 30\u00b0 machine wash. Easy care garment, requiring minimal ironing. Sizes (UK): 6-26.","og_url":"https:\/\/simonjersey.eu\/fi\/tuote\/naisten-silkki-kreppa-yksivarinen-pleat-neck-pusero\/","og_site_name":"Simon Jersey Suomi","article_modified_time":"2024-02-08T12:07:24+00:00","og_image":[{"width":1000,"height":1500,"url":"https:\/\/simonjersey.eu\/fi\/wp-content\/uploads\/sites\/3\/2019\/10\/FB0534-1.jpg","type":"image\/jpeg"}],"twitter_card":"summary_large_image","twitter_misc":{"Arvioitu lukuaika":"1 minuutti"},"schema":{"@context":"https:\/\/schema.org","@graph":[{"@type":"WebPage","@id":"https:\/\/simonjersey.eu\/fi\/tuote\/naisten-silkki-kreppa-yksivarinen-pleat-neck-pusero\/","url":"https:\/\/simonjersey.eu\/fi\/tuote\/naisten-silkki-kreppa-yksivarinen-pleat-neck-pusero\/","name":"Naisten silkki kreppa yksiv\u00e4rinen \u201cPleat Neck\u201d pusero - Simon Jersey Suomi","isPartOf":{"@id":"https:\/\/simonjersey.eu\/fi\/#website"},"primaryImageOfPage":{"@id":"https:\/\/simonjersey.eu\/fi\/tuote\/naisten-silkki-kreppa-yksivarinen-pleat-neck-pusero\/#primaryimage"},"image":{"@id":"https:\/\/simonjersey.eu\/fi\/tuote\/naisten-silkki-kreppa-yksivarinen-pleat-neck-pusero\/#primaryimage"},"thumbnailUrl":"https:\/\/simonjersey.eu\/fi\/wp-content\/uploads\/sites\/3\/2019\/10\/FB0534-1.jpg","datePublished":"2019-10-28T09:07:19+00:00","dateModified":"2024-02-08T12:07:24+00:00","breadcrumb":{"@id":"https:\/\/simonjersey.eu\/fi\/tuote\/naisten-silkki-kreppa-yksivarinen-pleat-neck-pusero\/#breadcrumb"},"inLanguage":"fi","potentialAction":[{"@type":"ReadAction","target":["https:\/\/simonjersey.eu\/fi\/tuote\/naisten-silkki-kreppa-yksivarinen-pleat-neck-pusero\/"]}]},{"@type":"ImageObject","inLanguage":"fi","@id":"https:\/\/simonjersey.eu\/fi\/tuote\/naisten-silkki-kreppa-yksivarinen-pleat-neck-pusero\/#primaryimage","url":"https:\/\/simonjersey.eu\/fi\/wp-content\/uploads\/sites\/3\/2019\/10\/FB0534-1.jpg","contentUrl":"https:\/\/simonjersey.eu\/fi\/wp-content\/uploads\/sites\/3\/2019\/10\/FB0534-1.jpg","width":1000,"height":1500},{"@type":"BreadcrumbList","@id":"https:\/\/simonjersey.eu\/fi\/tuote\/naisten-silkki-kreppa-yksivarinen-pleat-neck-pusero\/#breadcrumb","itemListElement":[{"@type":"ListItem","position":1,"name":"Home","item":"https:\/\/simonjersey.eu\/fi\/"},{"@type":"ListItem","position":2,"name":"Verkkokauppa","item":"https:\/\/simonjersey.eu\/fi\/kauppaan\/"},{"@type":"ListItem","position":3,"name":"Naisten silkki kreppa yksiv\u00e4rinen \u201cPleat Neck\u201d pusero"}]},{"@type":"WebSite","@id":"https:\/\/simonjersey.eu\/fi\/#website","url":"https:\/\/simonjersey.eu\/fi\/","name":"Simon Jersey Suomi","description":"Tyylikk\u00e4\u00e4t ja kest\u00e4v\u00e4t  ammattiasut","potentialAction":[{"@type":"SearchAction","target":{"@type":"EntryPoint","urlTemplate":"https:\/\/simonjersey.eu\/fi\/?s={search_term_string}"},"query-input":{"@type":"PropertyValueSpecification","valueRequired":true,"valueName":"search_term_string"}}],"inLanguage":"fi"}]}},"_links":{"self":[{"href":"https:\/\/simonjersey.eu\/fi\/wp-json\/wp\/v2\/product\/3412","targetHints":{"allow":["GET"]}}],"collection":[{"href":"https:\/\/simonjersey.eu\/fi\/wp-json\/wp\/v2\/product"}],"about":[{"href":"https:\/\/simonjersey.eu\/fi\/wp-json\/wp\/v2\/types\/product"}],"wp:featuredmedia":[{"embeddable":true,"href":"https:\/\/simonjersey.eu\/fi\/wp-json\/wp\/v2\/media\/3426"}],"wp:attachment":[{"href":"https:\/\/simonjersey.eu\/fi\/wp-json\/wp\/v2\/media?parent=3412"}],"wp:term":[{"taxonomy":"product_brand","embeddable":true,"href":"https:\/\/simonjersey.eu\/fi\/wp-json\/wp\/v2\/product_brand?post=3412"},{"taxonomy":"product_cat","embeddable":true,"href":"https:\/\/simonjersey.eu\/fi\/wp-json\/wp\/v2\/product_cat?post=3412"},{"taxonomy":"product_tag","embeddable":true,"href":"https:\/\/simonjersey.eu\/fi\/wp-json\/wp\/v2\/product_tag?post=3412"}],"curies":[{"name":"wp","href":"https:\/\/api.w.org\/{rel}","templated":true}]}}