{"id":3760,"date":"2019-10-29T09:39:09","date_gmt":"2019-10-29T09:39:09","guid":{"rendered":"https:\/\/simonjersey.eu\/fi\/?post_type=product&#038;p=3760"},"modified":"2024-05-16T11:13:55","modified_gmt":"2024-05-16T11:13:55","slug":"unisex-valkoinen-kokkitakki-pitkahihainen","status":"publish","type":"product","link":"https:\/\/simonjersey.eu\/fi\/tuote\/unisex-valkoinen-kokkitakki-pitkahihainen\/","title":{"rendered":"Unisex valkoinen kokkitakki, pitk\u00e4hihainen"},"content":{"rendered":"","protected":false},"excerpt":{"rendered":"<p>Designed for comfort, this makes the perfect chefs uniform and jacket features loose sleeves which makes it easy to move in and can be worn throughout the season. Popper fastenings are incorporated into the jacket so it can easily be removed after a long shift and is easy to clean.<\/p>\n<p>Pair this chef jacket up with one of our chefs trousers from our collection to complete the look.<\/p>\n<p>Length: 75.5 cm.<br \/>\nMaterial: 65% Polyester, 35% Cotton. 195g\/m2.<br \/>\nCare:70\u00b0 wash.<br \/>\nSizes: XS-XL.<\/p>\n","protected":false},"featured_media":3764,"template":"","meta":[],"product_brand":[],"product_cat":[46,45,31],"product_tag":[283,217,328],"class_list":{"0":"post-3760","1":"product","2":"type-product","3":"status-publish","4":"has-post-thumbnail","6":"product_cat-kokintyovaatteet","7":"product_cat-kokintakit","8":"product_cat-kokin-tyovaatteet","9":"product_tag-keittio-ammattiasut","10":"product_tag-kokin-tyovaatteet","11":"product_tag-kokkitakki","13":"first","14":"instock","15":"taxable","16":"shipping-taxable","17":"purchasable","18":"product-type-variable","19":"has-default-attributes"},"yoast_head":"<!-- This site is optimized with the Yoast SEO plugin v27.2 - https:\/\/yoast.com\/product\/yoast-seo-wordpress\/ -->\n<title>Unisex valkoinen kokkitakki, pitk\u00e4hihainen - Simon Jersey Suomi<\/title>\n<meta name=\"robots\" content=\"index, follow, max-snippet:-1, max-image-preview:large, max-video-preview:-1\" \/>\n<link rel=\"canonical\" href=\"https:\/\/simonjersey.eu\/fi\/tuote\/unisex-valkoinen-kokkitakki-pitkahihainen\/\" \/>\n<meta property=\"og:locale\" content=\"fi_FI\" \/>\n<meta property=\"og:type\" content=\"article\" \/>\n<meta property=\"og:title\" content=\"Unisex valkoinen kokkitakki, pitk\u00e4hihainen - Simon Jersey Suomi\" \/>\n<meta property=\"og:description\" content=\"Designed for comfort, this makes the perfect chefs uniform and jacket features loose sleeves which makes it easy to move in and can be worn throughout the season. Popper fastenings are incorporated into the jacket so it can easily be removed after a long shift and is easy to clean.  Pair this chef jacket up with one of our chefs trousers from our collection to complete the look.  Length: 75.5 cm. Material: 65% Polyester, 35% Cotton. 195g\/m2. Care:70\u00b0 wash. Sizes: XS-XL.\" \/>\n<meta property=\"og:url\" content=\"https:\/\/simonjersey.eu\/fi\/tuote\/unisex-valkoinen-kokkitakki-pitkahihainen\/\" \/>\n<meta property=\"og:site_name\" content=\"Simon Jersey Suomi\" \/>\n<meta property=\"article:modified_time\" content=\"2024-05-16T11:13:55+00:00\" \/>\n<meta property=\"og:image\" content=\"https:\/\/simonjersey.eu\/fi\/wp-content\/uploads\/sites\/3\/2019\/10\/CJ0770-1.jpg\" \/>\n\t<meta property=\"og:image:width\" content=\"1000\" \/>\n\t<meta property=\"og:image:height\" content=\"1500\" \/>\n\t<meta property=\"og:image:type\" content=\"image\/jpeg\" \/>\n<meta name=\"twitter:card\" content=\"summary_large_image\" \/>\n<meta name=\"twitter:label1\" content=\"Arvioitu lukuaika\" \/>\n\t<meta name=\"twitter:data1\" content=\"1 minuutti\" \/>\n<script type=\"application\/ld+json\" class=\"yoast-schema-graph\">{\"@context\":\"https:\/\/schema.org\",\"@graph\":[{\"@type\":\"WebPage\",\"@id\":\"https:\/\/simonjersey.eu\/fi\/tuote\/unisex-valkoinen-kokkitakki-pitkahihainen\/\",\"url\":\"https:\/\/simonjersey.eu\/fi\/tuote\/unisex-valkoinen-kokkitakki-pitkahihainen\/\",\"name\":\"Unisex valkoinen kokkitakki, pitk\u00e4hihainen - Simon Jersey Suomi\",\"isPartOf\":{\"@id\":\"https:\/\/simonjersey.eu\/fi\/#website\"},\"primaryImageOfPage\":{\"@id\":\"https:\/\/simonjersey.eu\/fi\/tuote\/unisex-valkoinen-kokkitakki-pitkahihainen\/#primaryimage\"},\"image\":{\"@id\":\"https:\/\/simonjersey.eu\/fi\/tuote\/unisex-valkoinen-kokkitakki-pitkahihainen\/#primaryimage\"},\"thumbnailUrl\":\"https:\/\/simonjersey.eu\/fi\/wp-content\/uploads\/sites\/3\/2019\/10\/CJ0770-1.jpg\",\"datePublished\":\"2019-10-29T09:39:09+00:00\",\"dateModified\":\"2024-05-16T11:13:55+00:00\",\"breadcrumb\":{\"@id\":\"https:\/\/simonjersey.eu\/fi\/tuote\/unisex-valkoinen-kokkitakki-pitkahihainen\/#breadcrumb\"},\"inLanguage\":\"fi\",\"potentialAction\":[{\"@type\":\"ReadAction\",\"target\":[\"https:\/\/simonjersey.eu\/fi\/tuote\/unisex-valkoinen-kokkitakki-pitkahihainen\/\"]}]},{\"@type\":\"ImageObject\",\"inLanguage\":\"fi\",\"@id\":\"https:\/\/simonjersey.eu\/fi\/tuote\/unisex-valkoinen-kokkitakki-pitkahihainen\/#primaryimage\",\"url\":\"https:\/\/simonjersey.eu\/fi\/wp-content\/uploads\/sites\/3\/2019\/10\/CJ0770-1.jpg\",\"contentUrl\":\"https:\/\/simonjersey.eu\/fi\/wp-content\/uploads\/sites\/3\/2019\/10\/CJ0770-1.jpg\",\"width\":1000,\"height\":1500},{\"@type\":\"BreadcrumbList\",\"@id\":\"https:\/\/simonjersey.eu\/fi\/tuote\/unisex-valkoinen-kokkitakki-pitkahihainen\/#breadcrumb\",\"itemListElement\":[{\"@type\":\"ListItem\",\"position\":1,\"name\":\"Home\",\"item\":\"https:\/\/simonjersey.eu\/fi\/\"},{\"@type\":\"ListItem\",\"position\":2,\"name\":\"Verkkokauppa\",\"item\":\"https:\/\/simonjersey.eu\/fi\/kauppaan\/\"},{\"@type\":\"ListItem\",\"position\":3,\"name\":\"Unisex valkoinen kokkitakki, pitk\u00e4hihainen\"}]},{\"@type\":\"WebSite\",\"@id\":\"https:\/\/simonjersey.eu\/fi\/#website\",\"url\":\"https:\/\/simonjersey.eu\/fi\/\",\"name\":\"Simon Jersey Suomi\",\"description\":\"Tyylikk\u00e4\u00e4t ja kest\u00e4v\u00e4t  ammattiasut\",\"potentialAction\":[{\"@type\":\"SearchAction\",\"target\":{\"@type\":\"EntryPoint\",\"urlTemplate\":\"https:\/\/simonjersey.eu\/fi\/?s={search_term_string}\"},\"query-input\":{\"@type\":\"PropertyValueSpecification\",\"valueRequired\":true,\"valueName\":\"search_term_string\"}}],\"inLanguage\":\"fi\"}]}<\/script>\n<!-- \/ Yoast SEO plugin. -->","yoast_head_json":{"title":"Unisex valkoinen kokkitakki, pitk\u00e4hihainen - Simon Jersey Suomi","robots":{"index":"index","follow":"follow","max-snippet":"max-snippet:-1","max-image-preview":"max-image-preview:large","max-video-preview":"max-video-preview:-1"},"canonical":"https:\/\/simonjersey.eu\/fi\/tuote\/unisex-valkoinen-kokkitakki-pitkahihainen\/","og_locale":"fi_FI","og_type":"article","og_title":"Unisex valkoinen kokkitakki, pitk\u00e4hihainen - Simon Jersey Suomi","og_description":"Designed for comfort, this makes the perfect chefs uniform and jacket features loose sleeves which makes it easy to move in and can be worn throughout the season. Popper fastenings are incorporated into the jacket so it can easily be removed after a long shift and is easy to clean.  Pair this chef jacket up with one of our chefs trousers from our collection to complete the look.  Length: 75.5 cm. Material: 65% Polyester, 35% Cotton. 195g\/m2. Care:70\u00b0 wash. Sizes: XS-XL.","og_url":"https:\/\/simonjersey.eu\/fi\/tuote\/unisex-valkoinen-kokkitakki-pitkahihainen\/","og_site_name":"Simon Jersey Suomi","article_modified_time":"2024-05-16T11:13:55+00:00","og_image":[{"width":1000,"height":1500,"url":"https:\/\/simonjersey.eu\/fi\/wp-content\/uploads\/sites\/3\/2019\/10\/CJ0770-1.jpg","type":"image\/jpeg"}],"twitter_card":"summary_large_image","twitter_misc":{"Arvioitu lukuaika":"1 minuutti"},"schema":{"@context":"https:\/\/schema.org","@graph":[{"@type":"WebPage","@id":"https:\/\/simonjersey.eu\/fi\/tuote\/unisex-valkoinen-kokkitakki-pitkahihainen\/","url":"https:\/\/simonjersey.eu\/fi\/tuote\/unisex-valkoinen-kokkitakki-pitkahihainen\/","name":"Unisex valkoinen kokkitakki, pitk\u00e4hihainen - Simon Jersey Suomi","isPartOf":{"@id":"https:\/\/simonjersey.eu\/fi\/#website"},"primaryImageOfPage":{"@id":"https:\/\/simonjersey.eu\/fi\/tuote\/unisex-valkoinen-kokkitakki-pitkahihainen\/#primaryimage"},"image":{"@id":"https:\/\/simonjersey.eu\/fi\/tuote\/unisex-valkoinen-kokkitakki-pitkahihainen\/#primaryimage"},"thumbnailUrl":"https:\/\/simonjersey.eu\/fi\/wp-content\/uploads\/sites\/3\/2019\/10\/CJ0770-1.jpg","datePublished":"2019-10-29T09:39:09+00:00","dateModified":"2024-05-16T11:13:55+00:00","breadcrumb":{"@id":"https:\/\/simonjersey.eu\/fi\/tuote\/unisex-valkoinen-kokkitakki-pitkahihainen\/#breadcrumb"},"inLanguage":"fi","potentialAction":[{"@type":"ReadAction","target":["https:\/\/simonjersey.eu\/fi\/tuote\/unisex-valkoinen-kokkitakki-pitkahihainen\/"]}]},{"@type":"ImageObject","inLanguage":"fi","@id":"https:\/\/simonjersey.eu\/fi\/tuote\/unisex-valkoinen-kokkitakki-pitkahihainen\/#primaryimage","url":"https:\/\/simonjersey.eu\/fi\/wp-content\/uploads\/sites\/3\/2019\/10\/CJ0770-1.jpg","contentUrl":"https:\/\/simonjersey.eu\/fi\/wp-content\/uploads\/sites\/3\/2019\/10\/CJ0770-1.jpg","width":1000,"height":1500},{"@type":"BreadcrumbList","@id":"https:\/\/simonjersey.eu\/fi\/tuote\/unisex-valkoinen-kokkitakki-pitkahihainen\/#breadcrumb","itemListElement":[{"@type":"ListItem","position":1,"name":"Home","item":"https:\/\/simonjersey.eu\/fi\/"},{"@type":"ListItem","position":2,"name":"Verkkokauppa","item":"https:\/\/simonjersey.eu\/fi\/kauppaan\/"},{"@type":"ListItem","position":3,"name":"Unisex valkoinen kokkitakki, pitk\u00e4hihainen"}]},{"@type":"WebSite","@id":"https:\/\/simonjersey.eu\/fi\/#website","url":"https:\/\/simonjersey.eu\/fi\/","name":"Simon Jersey Suomi","description":"Tyylikk\u00e4\u00e4t ja kest\u00e4v\u00e4t  ammattiasut","potentialAction":[{"@type":"SearchAction","target":{"@type":"EntryPoint","urlTemplate":"https:\/\/simonjersey.eu\/fi\/?s={search_term_string}"},"query-input":{"@type":"PropertyValueSpecification","valueRequired":true,"valueName":"search_term_string"}}],"inLanguage":"fi"}]}},"_links":{"self":[{"href":"https:\/\/simonjersey.eu\/fi\/wp-json\/wp\/v2\/product\/3760","targetHints":{"allow":["GET"]}}],"collection":[{"href":"https:\/\/simonjersey.eu\/fi\/wp-json\/wp\/v2\/product"}],"about":[{"href":"https:\/\/simonjersey.eu\/fi\/wp-json\/wp\/v2\/types\/product"}],"wp:featuredmedia":[{"embeddable":true,"href":"https:\/\/simonjersey.eu\/fi\/wp-json\/wp\/v2\/media\/3764"}],"wp:attachment":[{"href":"https:\/\/simonjersey.eu\/fi\/wp-json\/wp\/v2\/media?parent=3760"}],"wp:term":[{"taxonomy":"product_brand","embeddable":true,"href":"https:\/\/simonjersey.eu\/fi\/wp-json\/wp\/v2\/product_brand?post=3760"},{"taxonomy":"product_cat","embeddable":true,"href":"https:\/\/simonjersey.eu\/fi\/wp-json\/wp\/v2\/product_cat?post=3760"},{"taxonomy":"product_tag","embeddable":true,"href":"https:\/\/simonjersey.eu\/fi\/wp-json\/wp\/v2\/product_tag?post=3760"}],"curies":[{"name":"wp","href":"https:\/\/api.w.org\/{rel}","templated":true}]}}