{"id":4086,"date":"2019-10-30T12:34:11","date_gmt":"2019-10-30T12:34:11","guid":{"rendered":"https:\/\/simonjersey.eu\/fi\/?post_type=product&#038;p=4086"},"modified":"2019-10-30T12:34:32","modified_gmt":"2019-10-30T12:34:32","slug":"trilby-hat-kokki-hattu","status":"publish","type":"product","link":"https:\/\/simonjersey.eu\/fi\/tuote\/trilby-hat-kokki-hattu\/","title":{"rendered":"&#8221;Trilby Hat&#8221; kokki hattu"},"content":{"rendered":"","protected":false},"excerpt":{"rendered":"<p>Our Trilby hat is to provide you with the most comfortable fitting piece of headwear that you can buy whilst working in the hospitality industry.<\/p>\n<p>Material: 100% Nylon.<\/p>\n<p>Available in four sizes:<br \/>\nS(57cm\/22in).<br \/>\nM(59.5cm\/23in).<br \/>\nL(62cm\/24in).<br \/>\nXL(64cm\/25in).<\/p>\n","protected":false},"featured_media":4089,"template":"","meta":[],"product_brand":[],"product_cat":[46,42,31],"product_tag":[283,217,325],"class_list":{"0":"post-4086","1":"product","2":"type-product","3":"status-publish","4":"has-post-thumbnail","6":"product_cat-kokintyovaatteet","7":"product_cat-kengat-ja-hatut","8":"product_cat-kokin-tyovaatteet","9":"product_tag-keittio-ammattiasut","10":"product_tag-kokin-tyovaatteet","11":"product_tag-kokin-vaatteet","13":"first","14":"instock","15":"taxable","16":"shipping-taxable","17":"purchasable","18":"product-type-variable","19":"has-default-attributes"},"yoast_head":"<!-- This site is optimized with the Yoast SEO plugin v27.2 - https:\/\/yoast.com\/product\/yoast-seo-wordpress\/ -->\n<title>&quot;Trilby Hat&quot; kokki hattu - Simon Jersey Suomi<\/title>\n<meta name=\"robots\" content=\"index, follow, max-snippet:-1, max-image-preview:large, max-video-preview:-1\" \/>\n<link rel=\"canonical\" href=\"https:\/\/simonjersey.eu\/fi\/tuote\/trilby-hat-kokki-hattu\/\" \/>\n<meta property=\"og:locale\" content=\"fi_FI\" \/>\n<meta property=\"og:type\" content=\"article\" \/>\n<meta property=\"og:title\" content=\"&quot;Trilby Hat&quot; kokki hattu - Simon Jersey Suomi\" \/>\n<meta property=\"og:description\" content=\"Our Trilby hat is to provide you with the most comfortable fitting piece of headwear that you can buy whilst working in the hospitality industry.  Material: 100% Nylon.  Available in four sizes: S(57cm\/22in). M(59.5cm\/23in). L(62cm\/24in). XL(64cm\/25in).\" \/>\n<meta property=\"og:url\" content=\"https:\/\/simonjersey.eu\/fi\/tuote\/trilby-hat-kokki-hattu\/\" \/>\n<meta property=\"og:site_name\" content=\"Simon Jersey Suomi\" \/>\n<meta property=\"article:modified_time\" content=\"2019-10-30T12:34:32+00:00\" \/>\n<meta property=\"og:image\" content=\"https:\/\/simonjersey.eu\/fi\/wp-content\/uploads\/sites\/3\/2019\/10\/CA0400-1.jpg\" \/>\n\t<meta property=\"og:image:width\" content=\"1000\" \/>\n\t<meta property=\"og:image:height\" content=\"1500\" \/>\n\t<meta property=\"og:image:type\" content=\"image\/jpeg\" \/>\n<meta name=\"twitter:card\" content=\"summary_large_image\" \/>\n<script type=\"application\/ld+json\" class=\"yoast-schema-graph\">{\"@context\":\"https:\/\/schema.org\",\"@graph\":[{\"@type\":\"WebPage\",\"@id\":\"https:\/\/simonjersey.eu\/fi\/tuote\/trilby-hat-kokki-hattu\/\",\"url\":\"https:\/\/simonjersey.eu\/fi\/tuote\/trilby-hat-kokki-hattu\/\",\"name\":\"\\\"Trilby Hat\\\" kokki hattu - Simon Jersey Suomi\",\"isPartOf\":{\"@id\":\"https:\/\/simonjersey.eu\/fi\/#website\"},\"primaryImageOfPage\":{\"@id\":\"https:\/\/simonjersey.eu\/fi\/tuote\/trilby-hat-kokki-hattu\/#primaryimage\"},\"image\":{\"@id\":\"https:\/\/simonjersey.eu\/fi\/tuote\/trilby-hat-kokki-hattu\/#primaryimage\"},\"thumbnailUrl\":\"https:\/\/simonjersey.eu\/fi\/wp-content\/uploads\/sites\/3\/2019\/10\/CA0400-1.jpg\",\"datePublished\":\"2019-10-30T12:34:11+00:00\",\"dateModified\":\"2019-10-30T12:34:32+00:00\",\"breadcrumb\":{\"@id\":\"https:\/\/simonjersey.eu\/fi\/tuote\/trilby-hat-kokki-hattu\/#breadcrumb\"},\"inLanguage\":\"fi\",\"potentialAction\":[{\"@type\":\"ReadAction\",\"target\":[\"https:\/\/simonjersey.eu\/fi\/tuote\/trilby-hat-kokki-hattu\/\"]}]},{\"@type\":\"ImageObject\",\"inLanguage\":\"fi\",\"@id\":\"https:\/\/simonjersey.eu\/fi\/tuote\/trilby-hat-kokki-hattu\/#primaryimage\",\"url\":\"https:\/\/simonjersey.eu\/fi\/wp-content\/uploads\/sites\/3\/2019\/10\/CA0400-1.jpg\",\"contentUrl\":\"https:\/\/simonjersey.eu\/fi\/wp-content\/uploads\/sites\/3\/2019\/10\/CA0400-1.jpg\",\"width\":1000,\"height\":1500},{\"@type\":\"BreadcrumbList\",\"@id\":\"https:\/\/simonjersey.eu\/fi\/tuote\/trilby-hat-kokki-hattu\/#breadcrumb\",\"itemListElement\":[{\"@type\":\"ListItem\",\"position\":1,\"name\":\"Home\",\"item\":\"https:\/\/simonjersey.eu\/fi\/\"},{\"@type\":\"ListItem\",\"position\":2,\"name\":\"Verkkokauppa\",\"item\":\"https:\/\/simonjersey.eu\/fi\/kauppaan\/\"},{\"@type\":\"ListItem\",\"position\":3,\"name\":\"&#8221;Trilby Hat&#8221; kokki hattu\"}]},{\"@type\":\"WebSite\",\"@id\":\"https:\/\/simonjersey.eu\/fi\/#website\",\"url\":\"https:\/\/simonjersey.eu\/fi\/\",\"name\":\"Simon Jersey Suomi\",\"description\":\"Tyylikk\u00e4\u00e4t ja kest\u00e4v\u00e4t  ammattiasut\",\"potentialAction\":[{\"@type\":\"SearchAction\",\"target\":{\"@type\":\"EntryPoint\",\"urlTemplate\":\"https:\/\/simonjersey.eu\/fi\/?s={search_term_string}\"},\"query-input\":{\"@type\":\"PropertyValueSpecification\",\"valueRequired\":true,\"valueName\":\"search_term_string\"}}],\"inLanguage\":\"fi\"}]}<\/script>\n<!-- \/ Yoast SEO plugin. -->","yoast_head_json":{"title":"\"Trilby Hat\" kokki hattu - Simon Jersey Suomi","robots":{"index":"index","follow":"follow","max-snippet":"max-snippet:-1","max-image-preview":"max-image-preview:large","max-video-preview":"max-video-preview:-1"},"canonical":"https:\/\/simonjersey.eu\/fi\/tuote\/trilby-hat-kokki-hattu\/","og_locale":"fi_FI","og_type":"article","og_title":"\"Trilby Hat\" kokki hattu - Simon Jersey Suomi","og_description":"Our Trilby hat is to provide you with the most comfortable fitting piece of headwear that you can buy whilst working in the hospitality industry.  Material: 100% Nylon.  Available in four sizes: S(57cm\/22in). M(59.5cm\/23in). L(62cm\/24in). XL(64cm\/25in).","og_url":"https:\/\/simonjersey.eu\/fi\/tuote\/trilby-hat-kokki-hattu\/","og_site_name":"Simon Jersey Suomi","article_modified_time":"2019-10-30T12:34:32+00:00","og_image":[{"width":1000,"height":1500,"url":"https:\/\/simonjersey.eu\/fi\/wp-content\/uploads\/sites\/3\/2019\/10\/CA0400-1.jpg","type":"image\/jpeg"}],"twitter_card":"summary_large_image","schema":{"@context":"https:\/\/schema.org","@graph":[{"@type":"WebPage","@id":"https:\/\/simonjersey.eu\/fi\/tuote\/trilby-hat-kokki-hattu\/","url":"https:\/\/simonjersey.eu\/fi\/tuote\/trilby-hat-kokki-hattu\/","name":"\"Trilby Hat\" kokki hattu - Simon Jersey Suomi","isPartOf":{"@id":"https:\/\/simonjersey.eu\/fi\/#website"},"primaryImageOfPage":{"@id":"https:\/\/simonjersey.eu\/fi\/tuote\/trilby-hat-kokki-hattu\/#primaryimage"},"image":{"@id":"https:\/\/simonjersey.eu\/fi\/tuote\/trilby-hat-kokki-hattu\/#primaryimage"},"thumbnailUrl":"https:\/\/simonjersey.eu\/fi\/wp-content\/uploads\/sites\/3\/2019\/10\/CA0400-1.jpg","datePublished":"2019-10-30T12:34:11+00:00","dateModified":"2019-10-30T12:34:32+00:00","breadcrumb":{"@id":"https:\/\/simonjersey.eu\/fi\/tuote\/trilby-hat-kokki-hattu\/#breadcrumb"},"inLanguage":"fi","potentialAction":[{"@type":"ReadAction","target":["https:\/\/simonjersey.eu\/fi\/tuote\/trilby-hat-kokki-hattu\/"]}]},{"@type":"ImageObject","inLanguage":"fi","@id":"https:\/\/simonjersey.eu\/fi\/tuote\/trilby-hat-kokki-hattu\/#primaryimage","url":"https:\/\/simonjersey.eu\/fi\/wp-content\/uploads\/sites\/3\/2019\/10\/CA0400-1.jpg","contentUrl":"https:\/\/simonjersey.eu\/fi\/wp-content\/uploads\/sites\/3\/2019\/10\/CA0400-1.jpg","width":1000,"height":1500},{"@type":"BreadcrumbList","@id":"https:\/\/simonjersey.eu\/fi\/tuote\/trilby-hat-kokki-hattu\/#breadcrumb","itemListElement":[{"@type":"ListItem","position":1,"name":"Home","item":"https:\/\/simonjersey.eu\/fi\/"},{"@type":"ListItem","position":2,"name":"Verkkokauppa","item":"https:\/\/simonjersey.eu\/fi\/kauppaan\/"},{"@type":"ListItem","position":3,"name":"&#8221;Trilby Hat&#8221; kokki hattu"}]},{"@type":"WebSite","@id":"https:\/\/simonjersey.eu\/fi\/#website","url":"https:\/\/simonjersey.eu\/fi\/","name":"Simon Jersey Suomi","description":"Tyylikk\u00e4\u00e4t ja kest\u00e4v\u00e4t  ammattiasut","potentialAction":[{"@type":"SearchAction","target":{"@type":"EntryPoint","urlTemplate":"https:\/\/simonjersey.eu\/fi\/?s={search_term_string}"},"query-input":{"@type":"PropertyValueSpecification","valueRequired":true,"valueName":"search_term_string"}}],"inLanguage":"fi"}]}},"_links":{"self":[{"href":"https:\/\/simonjersey.eu\/fi\/wp-json\/wp\/v2\/product\/4086","targetHints":{"allow":["GET"]}}],"collection":[{"href":"https:\/\/simonjersey.eu\/fi\/wp-json\/wp\/v2\/product"}],"about":[{"href":"https:\/\/simonjersey.eu\/fi\/wp-json\/wp\/v2\/types\/product"}],"wp:featuredmedia":[{"embeddable":true,"href":"https:\/\/simonjersey.eu\/fi\/wp-json\/wp\/v2\/media\/4089"}],"wp:attachment":[{"href":"https:\/\/simonjersey.eu\/fi\/wp-json\/wp\/v2\/media?parent=4086"}],"wp:term":[{"taxonomy":"product_brand","embeddable":true,"href":"https:\/\/simonjersey.eu\/fi\/wp-json\/wp\/v2\/product_brand?post=4086"},{"taxonomy":"product_cat","embeddable":true,"href":"https:\/\/simonjersey.eu\/fi\/wp-json\/wp\/v2\/product_cat?post=4086"},{"taxonomy":"product_tag","embeddable":true,"href":"https:\/\/simonjersey.eu\/fi\/wp-json\/wp\/v2\/product_tag?post=4086"}],"curies":[{"name":"wp","href":"https:\/\/api.w.org\/{rel}","templated":true}]}}