{"id":4238,"date":"2019-10-30T14:17:39","date_gmt":"2019-10-30T14:17:39","guid":{"rendered":"https:\/\/simonjersey.eu\/fi\/?post_type=product&#038;p=4238"},"modified":"2024-12-02T13:19:05","modified_gmt":"2024-12-02T13:19:05","slug":"klassinen-valkoinen-laakarin-tunika-naisille","status":"publish","type":"product","link":"https:\/\/simonjersey.eu\/fi\/tuote\/klassinen-valkoinen-laakarin-tunika-naisille\/","title":{"rendered":"Klassinen valkoinen l\u00e4\u00e4k\u00e4rin tunika naisille"},"content":{"rendered":"","protected":false},"excerpt":{"rendered":"<p>T\u00e4m\u00e4 tunika on loistava valinta, kun ty\u00f6skentelet terveydenhuollon eri toimipisteiss\u00e4. T\u00e4h\u00e4n valkoiseen tunikaan on valittavanasi useita v\u00e4rej\u00e4 p\u00e4\u00e4rmeisiin.<\/p>\n<p>Edess\u00e4 kaksi taskua, yksi rintatasku, helmassa ja hihoissa halkiot.<\/p>\n<p>Tunikan pituus 80cm.<br \/>\nMateriaali: 67% polyesteri, 33% puuvilla<br \/>\nKonepesu: 60\u00b0c, helposti sili\u00e4v\u00e4 materiaali, ei vaadi silityst\u00e4 pesun j\u00e4lkeen.<br \/>\nKoko (UK): 6-32.<\/p>\n<p><a href=\"https:\/\/simonjersey.eu\/fi\/tuote\/klassinen-valkoinen-laakarin-takki-miehille\/\">Miesten tunika t\u00e4\u00e4ll\u00e4!<\/a><\/p>\n","protected":false},"featured_media":9005,"template":"","meta":[],"product_brand":[],"product_cat":[70,30],"product_tag":[356,257],"class_list":{"0":"post-4238","1":"product","2":"type-product","3":"status-publish","4":"has-post-thumbnail","6":"product_cat-naisten-hoitopaidat-ja-jakut","7":"product_cat-laakealan-vaatteet","8":"product_tag-laakealan-vaatteet","9":"product_tag-tyovaatteet-kaikille-hoitotyon-parissa","11":"first","12":"instock","13":"taxable","14":"shipping-taxable","15":"purchasable","16":"product-type-variable","17":"has-default-attributes"},"yoast_head":"<!-- This site is optimized with the Yoast SEO plugin v27.2 - https:\/\/yoast.com\/product\/yoast-seo-wordpress\/ -->\n<title>Klassinen valkoinen l\u00e4\u00e4k\u00e4rin tunika naisille - Simon Jersey Suomi<\/title>\n<meta name=\"robots\" content=\"index, follow, max-snippet:-1, max-image-preview:large, max-video-preview:-1\" \/>\n<link rel=\"canonical\" href=\"https:\/\/simonjersey.eu\/fi\/tuote\/klassinen-valkoinen-laakarin-tunika-naisille\/\" \/>\n<meta property=\"og:locale\" content=\"fi_FI\" \/>\n<meta property=\"og:type\" content=\"article\" \/>\n<meta property=\"og:title\" content=\"Klassinen valkoinen l\u00e4\u00e4k\u00e4rin tunika naisille - Simon Jersey Suomi\" \/>\n<meta property=\"og:description\" content=\"T\u00e4m\u00e4 tunika on loistava valinta, kun ty\u00f6skentelet terveydenhuollon eri toimipisteiss\u00e4. T\u00e4h\u00e4n valkoiseen tunikaan on valittavanasi useita v\u00e4rej\u00e4 p\u00e4\u00e4rmeisiin.  Edess\u00e4 kaksi taskua, yksi rintatasku, helmassa ja hihoissa halkiot.  Tunikan pituus 80cm. Materiaali: 67% polyesteri, 33% puuvilla Konepesu: 60\u00b0c, helposti sili\u00e4v\u00e4 materiaali, ei vaadi silityst\u00e4 pesun j\u00e4lkeen. Koko (UK): 6-32.  Miesten tunika t\u00e4\u00e4ll\u00e4!\" \/>\n<meta property=\"og:url\" content=\"https:\/\/simonjersey.eu\/fi\/tuote\/klassinen-valkoinen-laakarin-tunika-naisille\/\" \/>\n<meta property=\"og:site_name\" content=\"Simon Jersey Suomi\" \/>\n<meta property=\"article:modified_time\" content=\"2024-12-02T13:19:05+00:00\" \/>\n<meta property=\"og:image\" content=\"https:\/\/simonjersey.eu\/fi\/wp-content\/uploads\/sites\/3\/2019\/10\/valge-meditsiini-tuunika-FM1280.jpg\" \/>\n\t<meta property=\"og:image:width\" content=\"1000\" \/>\n\t<meta property=\"og:image:height\" content=\"1500\" \/>\n\t<meta property=\"og:image:type\" content=\"image\/jpeg\" \/>\n<meta name=\"twitter:card\" content=\"summary_large_image\" \/>\n<meta name=\"twitter:label1\" content=\"Arvioitu lukuaika\" \/>\n\t<meta name=\"twitter:data1\" content=\"1 minuutti\" \/>\n<script type=\"application\/ld+json\" class=\"yoast-schema-graph\">{\"@context\":\"https:\/\/schema.org\",\"@graph\":[{\"@type\":\"WebPage\",\"@id\":\"https:\/\/simonjersey.eu\/fi\/tuote\/klassinen-valkoinen-laakarin-tunika-naisille\/\",\"url\":\"https:\/\/simonjersey.eu\/fi\/tuote\/klassinen-valkoinen-laakarin-tunika-naisille\/\",\"name\":\"Klassinen valkoinen l\u00e4\u00e4k\u00e4rin tunika naisille - Simon Jersey Suomi\",\"isPartOf\":{\"@id\":\"https:\/\/simonjersey.eu\/fi\/#website\"},\"primaryImageOfPage\":{\"@id\":\"https:\/\/simonjersey.eu\/fi\/tuote\/klassinen-valkoinen-laakarin-tunika-naisille\/#primaryimage\"},\"image\":{\"@id\":\"https:\/\/simonjersey.eu\/fi\/tuote\/klassinen-valkoinen-laakarin-tunika-naisille\/#primaryimage\"},\"thumbnailUrl\":\"https:\/\/simonjersey.eu\/fi\/wp-content\/uploads\/sites\/3\/2019\/10\/valge-meditsiini-tuunika-FM1280.jpg\",\"datePublished\":\"2019-10-30T14:17:39+00:00\",\"dateModified\":\"2024-12-02T13:19:05+00:00\",\"breadcrumb\":{\"@id\":\"https:\/\/simonjersey.eu\/fi\/tuote\/klassinen-valkoinen-laakarin-tunika-naisille\/#breadcrumb\"},\"inLanguage\":\"fi\",\"potentialAction\":[{\"@type\":\"ReadAction\",\"target\":[\"https:\/\/simonjersey.eu\/fi\/tuote\/klassinen-valkoinen-laakarin-tunika-naisille\/\"]}]},{\"@type\":\"ImageObject\",\"inLanguage\":\"fi\",\"@id\":\"https:\/\/simonjersey.eu\/fi\/tuote\/klassinen-valkoinen-laakarin-tunika-naisille\/#primaryimage\",\"url\":\"https:\/\/simonjersey.eu\/fi\/wp-content\/uploads\/sites\/3\/2019\/10\/valge-meditsiini-tuunika-FM1280.jpg\",\"contentUrl\":\"https:\/\/simonjersey.eu\/fi\/wp-content\/uploads\/sites\/3\/2019\/10\/valge-meditsiini-tuunika-FM1280.jpg\",\"width\":1000,\"height\":1500},{\"@type\":\"BreadcrumbList\",\"@id\":\"https:\/\/simonjersey.eu\/fi\/tuote\/klassinen-valkoinen-laakarin-tunika-naisille\/#breadcrumb\",\"itemListElement\":[{\"@type\":\"ListItem\",\"position\":1,\"name\":\"Home\",\"item\":\"https:\/\/simonjersey.eu\/fi\/\"},{\"@type\":\"ListItem\",\"position\":2,\"name\":\"Verkkokauppa\",\"item\":\"https:\/\/simonjersey.eu\/fi\/kauppaan\/\"},{\"@type\":\"ListItem\",\"position\":3,\"name\":\"Klassinen valkoinen l\u00e4\u00e4k\u00e4rin tunika naisille\"}]},{\"@type\":\"WebSite\",\"@id\":\"https:\/\/simonjersey.eu\/fi\/#website\",\"url\":\"https:\/\/simonjersey.eu\/fi\/\",\"name\":\"Simon Jersey Suomi\",\"description\":\"Tyylikk\u00e4\u00e4t ja kest\u00e4v\u00e4t  ammattiasut\",\"potentialAction\":[{\"@type\":\"SearchAction\",\"target\":{\"@type\":\"EntryPoint\",\"urlTemplate\":\"https:\/\/simonjersey.eu\/fi\/?s={search_term_string}\"},\"query-input\":{\"@type\":\"PropertyValueSpecification\",\"valueRequired\":true,\"valueName\":\"search_term_string\"}}],\"inLanguage\":\"fi\"}]}<\/script>\n<!-- \/ Yoast SEO plugin. -->","yoast_head_json":{"title":"Klassinen valkoinen l\u00e4\u00e4k\u00e4rin tunika naisille - Simon Jersey Suomi","robots":{"index":"index","follow":"follow","max-snippet":"max-snippet:-1","max-image-preview":"max-image-preview:large","max-video-preview":"max-video-preview:-1"},"canonical":"https:\/\/simonjersey.eu\/fi\/tuote\/klassinen-valkoinen-laakarin-tunika-naisille\/","og_locale":"fi_FI","og_type":"article","og_title":"Klassinen valkoinen l\u00e4\u00e4k\u00e4rin tunika naisille - Simon Jersey Suomi","og_description":"T\u00e4m\u00e4 tunika on loistava valinta, kun ty\u00f6skentelet terveydenhuollon eri toimipisteiss\u00e4. T\u00e4h\u00e4n valkoiseen tunikaan on valittavanasi useita v\u00e4rej\u00e4 p\u00e4\u00e4rmeisiin.  Edess\u00e4 kaksi taskua, yksi rintatasku, helmassa ja hihoissa halkiot.  Tunikan pituus 80cm. Materiaali: 67% polyesteri, 33% puuvilla Konepesu: 60\u00b0c, helposti sili\u00e4v\u00e4 materiaali, ei vaadi silityst\u00e4 pesun j\u00e4lkeen. Koko (UK): 6-32.  Miesten tunika t\u00e4\u00e4ll\u00e4!","og_url":"https:\/\/simonjersey.eu\/fi\/tuote\/klassinen-valkoinen-laakarin-tunika-naisille\/","og_site_name":"Simon Jersey Suomi","article_modified_time":"2024-12-02T13:19:05+00:00","og_image":[{"width":1000,"height":1500,"url":"https:\/\/simonjersey.eu\/fi\/wp-content\/uploads\/sites\/3\/2019\/10\/valge-meditsiini-tuunika-FM1280.jpg","type":"image\/jpeg"}],"twitter_card":"summary_large_image","twitter_misc":{"Arvioitu lukuaika":"1 minuutti"},"schema":{"@context":"https:\/\/schema.org","@graph":[{"@type":"WebPage","@id":"https:\/\/simonjersey.eu\/fi\/tuote\/klassinen-valkoinen-laakarin-tunika-naisille\/","url":"https:\/\/simonjersey.eu\/fi\/tuote\/klassinen-valkoinen-laakarin-tunika-naisille\/","name":"Klassinen valkoinen l\u00e4\u00e4k\u00e4rin tunika naisille - Simon Jersey Suomi","isPartOf":{"@id":"https:\/\/simonjersey.eu\/fi\/#website"},"primaryImageOfPage":{"@id":"https:\/\/simonjersey.eu\/fi\/tuote\/klassinen-valkoinen-laakarin-tunika-naisille\/#primaryimage"},"image":{"@id":"https:\/\/simonjersey.eu\/fi\/tuote\/klassinen-valkoinen-laakarin-tunika-naisille\/#primaryimage"},"thumbnailUrl":"https:\/\/simonjersey.eu\/fi\/wp-content\/uploads\/sites\/3\/2019\/10\/valge-meditsiini-tuunika-FM1280.jpg","datePublished":"2019-10-30T14:17:39+00:00","dateModified":"2024-12-02T13:19:05+00:00","breadcrumb":{"@id":"https:\/\/simonjersey.eu\/fi\/tuote\/klassinen-valkoinen-laakarin-tunika-naisille\/#breadcrumb"},"inLanguage":"fi","potentialAction":[{"@type":"ReadAction","target":["https:\/\/simonjersey.eu\/fi\/tuote\/klassinen-valkoinen-laakarin-tunika-naisille\/"]}]},{"@type":"ImageObject","inLanguage":"fi","@id":"https:\/\/simonjersey.eu\/fi\/tuote\/klassinen-valkoinen-laakarin-tunika-naisille\/#primaryimage","url":"https:\/\/simonjersey.eu\/fi\/wp-content\/uploads\/sites\/3\/2019\/10\/valge-meditsiini-tuunika-FM1280.jpg","contentUrl":"https:\/\/simonjersey.eu\/fi\/wp-content\/uploads\/sites\/3\/2019\/10\/valge-meditsiini-tuunika-FM1280.jpg","width":1000,"height":1500},{"@type":"BreadcrumbList","@id":"https:\/\/simonjersey.eu\/fi\/tuote\/klassinen-valkoinen-laakarin-tunika-naisille\/#breadcrumb","itemListElement":[{"@type":"ListItem","position":1,"name":"Home","item":"https:\/\/simonjersey.eu\/fi\/"},{"@type":"ListItem","position":2,"name":"Verkkokauppa","item":"https:\/\/simonjersey.eu\/fi\/kauppaan\/"},{"@type":"ListItem","position":3,"name":"Klassinen valkoinen l\u00e4\u00e4k\u00e4rin tunika naisille"}]},{"@type":"WebSite","@id":"https:\/\/simonjersey.eu\/fi\/#website","url":"https:\/\/simonjersey.eu\/fi\/","name":"Simon Jersey Suomi","description":"Tyylikk\u00e4\u00e4t ja kest\u00e4v\u00e4t  ammattiasut","potentialAction":[{"@type":"SearchAction","target":{"@type":"EntryPoint","urlTemplate":"https:\/\/simonjersey.eu\/fi\/?s={search_term_string}"},"query-input":{"@type":"PropertyValueSpecification","valueRequired":true,"valueName":"search_term_string"}}],"inLanguage":"fi"}]}},"_links":{"self":[{"href":"https:\/\/simonjersey.eu\/fi\/wp-json\/wp\/v2\/product\/4238","targetHints":{"allow":["GET"]}}],"collection":[{"href":"https:\/\/simonjersey.eu\/fi\/wp-json\/wp\/v2\/product"}],"about":[{"href":"https:\/\/simonjersey.eu\/fi\/wp-json\/wp\/v2\/types\/product"}],"wp:featuredmedia":[{"embeddable":true,"href":"https:\/\/simonjersey.eu\/fi\/wp-json\/wp\/v2\/media\/9005"}],"wp:attachment":[{"href":"https:\/\/simonjersey.eu\/fi\/wp-json\/wp\/v2\/media?parent=4238"}],"wp:term":[{"taxonomy":"product_brand","embeddable":true,"href":"https:\/\/simonjersey.eu\/fi\/wp-json\/wp\/v2\/product_brand?post=4238"},{"taxonomy":"product_cat","embeddable":true,"href":"https:\/\/simonjersey.eu\/fi\/wp-json\/wp\/v2\/product_cat?post=4238"},{"taxonomy":"product_tag","embeddable":true,"href":"https:\/\/simonjersey.eu\/fi\/wp-json\/wp\/v2\/product_tag?post=4238"}],"curies":[{"name":"wp","href":"https:\/\/api.w.org\/{rel}","templated":true}]}}