{"id":4374,"date":"2019-10-31T08:15:37","date_gmt":"2019-10-31T08:15:37","guid":{"rendered":"https:\/\/simonjersey.eu\/fi\/?post_type=product&#038;p=4374"},"modified":"2021-07-28T13:55:07","modified_gmt":"2021-07-28T13:55:07","slug":"classic-housekeeping-mekko","status":"publish","type":"product","link":"https:\/\/simonjersey.eu\/fi\/tuote\/classic-housekeeping-mekko\/","title":{"rendered":"Klassinen &#8221;Housekeeping&#8221; mekko"},"content":{"rendered":"","protected":false},"excerpt":{"rendered":"<p>Chic and timeless, a single-breasted dress with princess panel and capped sleeves in monochrome.<br \/>\nConcealed front zip, action back and self ties at back for added comfort.<\/p>\n<p>Length: 109cm\/43in.<br \/>\nMaterial: 65% Polyester, 35% Cotton. 195g\/m2.<br \/>\nCare: 60\u00ba wash. Easy to maintain.<br \/>\nSizes (UK): 8-26.<\/p>\n","protected":false},"featured_media":4378,"template":"","meta":[],"product_brand":[],"product_cat":[58,73,30,29],"product_tag":[256,234,237],"class_list":{"0":"post-4374","1":"product","2":"type-product","3":"status-publish","4":"has-post-thumbnail","6":"product_cat-siivouspalvelu","7":"product_cat-laboratorio-ja-laakarintakit-hygieniakengat","8":"product_cat-laakealan-vaatteet","9":"product_cat-puhdistusalan-tyovaatteet","10":"product_tag-hotellin-ammattiasut","11":"product_tag-puhdistus-univormut","12":"product_tag-siivouspalvelun-tyovaatteet","14":"first","15":"instock","16":"taxable","17":"shipping-taxable","18":"purchasable","19":"product-type-variable","20":"has-default-attributes"},"yoast_head":"<!-- This site is optimized with the Yoast SEO plugin v27.2 - https:\/\/yoast.com\/product\/yoast-seo-wordpress\/ -->\n<title>Klassinen &quot;Housekeeping&quot; mekko - Simon Jersey Suomi<\/title>\n<meta name=\"robots\" content=\"index, follow, max-snippet:-1, max-image-preview:large, max-video-preview:-1\" \/>\n<link rel=\"canonical\" href=\"https:\/\/simonjersey.eu\/fi\/tuote\/classic-housekeeping-mekko\/\" \/>\n<meta property=\"og:locale\" content=\"fi_FI\" \/>\n<meta property=\"og:type\" content=\"article\" \/>\n<meta property=\"og:title\" content=\"Klassinen &quot;Housekeeping&quot; mekko - Simon Jersey Suomi\" \/>\n<meta property=\"og:description\" content=\"Chic and timeless, a single-breasted dress with princess panel and capped sleeves in monochrome. Concealed front zip, action back and self ties at back for added comfort.  Length: 109cm\/43in. Material: 65% Polyester, 35% Cotton. 195g\/m2. Care: 60\u00ba wash. Easy to maintain. Sizes (UK): 8-26.\" \/>\n<meta property=\"og:url\" content=\"https:\/\/simonjersey.eu\/fi\/tuote\/classic-housekeeping-mekko\/\" \/>\n<meta property=\"og:site_name\" content=\"Simon Jersey Suomi\" \/>\n<meta property=\"article:modified_time\" content=\"2021-07-28T13:55:07+00:00\" \/>\n<meta property=\"og:image\" content=\"https:\/\/simonjersey.eu\/fi\/wp-content\/uploads\/sites\/3\/2019\/10\/FD0740-1.jpg\" \/>\n\t<meta property=\"og:image:width\" content=\"1000\" \/>\n\t<meta property=\"og:image:height\" content=\"1500\" \/>\n\t<meta property=\"og:image:type\" content=\"image\/jpeg\" \/>\n<meta name=\"twitter:card\" content=\"summary_large_image\" \/>\n<script type=\"application\/ld+json\" class=\"yoast-schema-graph\">{\"@context\":\"https:\/\/schema.org\",\"@graph\":[{\"@type\":\"WebPage\",\"@id\":\"https:\/\/simonjersey.eu\/fi\/tuote\/classic-housekeeping-mekko\/\",\"url\":\"https:\/\/simonjersey.eu\/fi\/tuote\/classic-housekeeping-mekko\/\",\"name\":\"Klassinen \\\"Housekeeping\\\" mekko - Simon Jersey Suomi\",\"isPartOf\":{\"@id\":\"https:\/\/simonjersey.eu\/fi\/#website\"},\"primaryImageOfPage\":{\"@id\":\"https:\/\/simonjersey.eu\/fi\/tuote\/classic-housekeeping-mekko\/#primaryimage\"},\"image\":{\"@id\":\"https:\/\/simonjersey.eu\/fi\/tuote\/classic-housekeeping-mekko\/#primaryimage\"},\"thumbnailUrl\":\"https:\/\/simonjersey.eu\/fi\/wp-content\/uploads\/sites\/3\/2019\/10\/FD0740-1.jpg\",\"datePublished\":\"2019-10-31T08:15:37+00:00\",\"dateModified\":\"2021-07-28T13:55:07+00:00\",\"breadcrumb\":{\"@id\":\"https:\/\/simonjersey.eu\/fi\/tuote\/classic-housekeeping-mekko\/#breadcrumb\"},\"inLanguage\":\"fi\",\"potentialAction\":[{\"@type\":\"ReadAction\",\"target\":[\"https:\/\/simonjersey.eu\/fi\/tuote\/classic-housekeeping-mekko\/\"]}]},{\"@type\":\"ImageObject\",\"inLanguage\":\"fi\",\"@id\":\"https:\/\/simonjersey.eu\/fi\/tuote\/classic-housekeeping-mekko\/#primaryimage\",\"url\":\"https:\/\/simonjersey.eu\/fi\/wp-content\/uploads\/sites\/3\/2019\/10\/FD0740-1.jpg\",\"contentUrl\":\"https:\/\/simonjersey.eu\/fi\/wp-content\/uploads\/sites\/3\/2019\/10\/FD0740-1.jpg\",\"width\":1000,\"height\":1500},{\"@type\":\"BreadcrumbList\",\"@id\":\"https:\/\/simonjersey.eu\/fi\/tuote\/classic-housekeeping-mekko\/#breadcrumb\",\"itemListElement\":[{\"@type\":\"ListItem\",\"position\":1,\"name\":\"Home\",\"item\":\"https:\/\/simonjersey.eu\/fi\/\"},{\"@type\":\"ListItem\",\"position\":2,\"name\":\"Verkkokauppa\",\"item\":\"https:\/\/simonjersey.eu\/fi\/kauppaan\/\"},{\"@type\":\"ListItem\",\"position\":3,\"name\":\"Klassinen &#8221;Housekeeping&#8221; mekko\"}]},{\"@type\":\"WebSite\",\"@id\":\"https:\/\/simonjersey.eu\/fi\/#website\",\"url\":\"https:\/\/simonjersey.eu\/fi\/\",\"name\":\"Simon Jersey Suomi\",\"description\":\"Tyylikk\u00e4\u00e4t ja kest\u00e4v\u00e4t  ammattiasut\",\"potentialAction\":[{\"@type\":\"SearchAction\",\"target\":{\"@type\":\"EntryPoint\",\"urlTemplate\":\"https:\/\/simonjersey.eu\/fi\/?s={search_term_string}\"},\"query-input\":{\"@type\":\"PropertyValueSpecification\",\"valueRequired\":true,\"valueName\":\"search_term_string\"}}],\"inLanguage\":\"fi\"}]}<\/script>\n<!-- \/ Yoast SEO plugin. -->","yoast_head_json":{"title":"Klassinen \"Housekeeping\" mekko - Simon Jersey Suomi","robots":{"index":"index","follow":"follow","max-snippet":"max-snippet:-1","max-image-preview":"max-image-preview:large","max-video-preview":"max-video-preview:-1"},"canonical":"https:\/\/simonjersey.eu\/fi\/tuote\/classic-housekeeping-mekko\/","og_locale":"fi_FI","og_type":"article","og_title":"Klassinen \"Housekeeping\" mekko - Simon Jersey Suomi","og_description":"Chic and timeless, a single-breasted dress with princess panel and capped sleeves in monochrome. Concealed front zip, action back and self ties at back for added comfort.  Length: 109cm\/43in. Material: 65% Polyester, 35% Cotton. 195g\/m2. Care: 60\u00ba wash. Easy to maintain. Sizes (UK): 8-26.","og_url":"https:\/\/simonjersey.eu\/fi\/tuote\/classic-housekeeping-mekko\/","og_site_name":"Simon Jersey Suomi","article_modified_time":"2021-07-28T13:55:07+00:00","og_image":[{"width":1000,"height":1500,"url":"https:\/\/simonjersey.eu\/fi\/wp-content\/uploads\/sites\/3\/2019\/10\/FD0740-1.jpg","type":"image\/jpeg"}],"twitter_card":"summary_large_image","schema":{"@context":"https:\/\/schema.org","@graph":[{"@type":"WebPage","@id":"https:\/\/simonjersey.eu\/fi\/tuote\/classic-housekeeping-mekko\/","url":"https:\/\/simonjersey.eu\/fi\/tuote\/classic-housekeeping-mekko\/","name":"Klassinen \"Housekeeping\" mekko - Simon Jersey Suomi","isPartOf":{"@id":"https:\/\/simonjersey.eu\/fi\/#website"},"primaryImageOfPage":{"@id":"https:\/\/simonjersey.eu\/fi\/tuote\/classic-housekeeping-mekko\/#primaryimage"},"image":{"@id":"https:\/\/simonjersey.eu\/fi\/tuote\/classic-housekeeping-mekko\/#primaryimage"},"thumbnailUrl":"https:\/\/simonjersey.eu\/fi\/wp-content\/uploads\/sites\/3\/2019\/10\/FD0740-1.jpg","datePublished":"2019-10-31T08:15:37+00:00","dateModified":"2021-07-28T13:55:07+00:00","breadcrumb":{"@id":"https:\/\/simonjersey.eu\/fi\/tuote\/classic-housekeeping-mekko\/#breadcrumb"},"inLanguage":"fi","potentialAction":[{"@type":"ReadAction","target":["https:\/\/simonjersey.eu\/fi\/tuote\/classic-housekeeping-mekko\/"]}]},{"@type":"ImageObject","inLanguage":"fi","@id":"https:\/\/simonjersey.eu\/fi\/tuote\/classic-housekeeping-mekko\/#primaryimage","url":"https:\/\/simonjersey.eu\/fi\/wp-content\/uploads\/sites\/3\/2019\/10\/FD0740-1.jpg","contentUrl":"https:\/\/simonjersey.eu\/fi\/wp-content\/uploads\/sites\/3\/2019\/10\/FD0740-1.jpg","width":1000,"height":1500},{"@type":"BreadcrumbList","@id":"https:\/\/simonjersey.eu\/fi\/tuote\/classic-housekeeping-mekko\/#breadcrumb","itemListElement":[{"@type":"ListItem","position":1,"name":"Home","item":"https:\/\/simonjersey.eu\/fi\/"},{"@type":"ListItem","position":2,"name":"Verkkokauppa","item":"https:\/\/simonjersey.eu\/fi\/kauppaan\/"},{"@type":"ListItem","position":3,"name":"Klassinen &#8221;Housekeeping&#8221; mekko"}]},{"@type":"WebSite","@id":"https:\/\/simonjersey.eu\/fi\/#website","url":"https:\/\/simonjersey.eu\/fi\/","name":"Simon Jersey Suomi","description":"Tyylikk\u00e4\u00e4t ja kest\u00e4v\u00e4t  ammattiasut","potentialAction":[{"@type":"SearchAction","target":{"@type":"EntryPoint","urlTemplate":"https:\/\/simonjersey.eu\/fi\/?s={search_term_string}"},"query-input":{"@type":"PropertyValueSpecification","valueRequired":true,"valueName":"search_term_string"}}],"inLanguage":"fi"}]}},"_links":{"self":[{"href":"https:\/\/simonjersey.eu\/fi\/wp-json\/wp\/v2\/product\/4374","targetHints":{"allow":["GET"]}}],"collection":[{"href":"https:\/\/simonjersey.eu\/fi\/wp-json\/wp\/v2\/product"}],"about":[{"href":"https:\/\/simonjersey.eu\/fi\/wp-json\/wp\/v2\/types\/product"}],"wp:featuredmedia":[{"embeddable":true,"href":"https:\/\/simonjersey.eu\/fi\/wp-json\/wp\/v2\/media\/4378"}],"wp:attachment":[{"href":"https:\/\/simonjersey.eu\/fi\/wp-json\/wp\/v2\/media?parent=4374"}],"wp:term":[{"taxonomy":"product_brand","embeddable":true,"href":"https:\/\/simonjersey.eu\/fi\/wp-json\/wp\/v2\/product_brand?post=4374"},{"taxonomy":"product_cat","embeddable":true,"href":"https:\/\/simonjersey.eu\/fi\/wp-json\/wp\/v2\/product_cat?post=4374"},{"taxonomy":"product_tag","embeddable":true,"href":"https:\/\/simonjersey.eu\/fi\/wp-json\/wp\/v2\/product_tag?post=4374"}],"curies":[{"name":"wp","href":"https:\/\/api.w.org\/{rel}","templated":true}]}}