{"id":4600,"date":"2019-11-04T11:51:44","date_gmt":"2019-11-04T11:51:44","guid":{"rendered":"https:\/\/simonjersey.eu\/fi\/?post_type=product&#038;p=4600"},"modified":"2025-01-02T17:06:59","modified_gmt":"2025-01-02T17:06:59","slug":"silkki-kreppa-pattern-pleat-neck-naisten-pusero","status":"publish","type":"product","link":"https:\/\/simonjersey.eu\/fi\/tuote\/silkki-kreppa-pattern-pleat-neck-naisten-pusero\/","title":{"rendered":"Silkki kreppa \u201cPattern Pleat Neck\u201d naisten pusero"},"content":{"rendered":"","protected":false},"excerpt":{"rendered":"<p>Update your workwear uniform with our new Simon Jersey Short Sleeve Pleat Neck Blouse, now available in new prints.<br \/>\nIt is lightweight, whilst remaining flattering this beautiful classic style that has been designed to stand the test of time.<\/p>\n<p>A wonderfully versatile blouse for a look that elevates your workwear attire. With minimum ironing and easy care fabric, be fashion forward and make your uniform work for you with this staple garment.<\/p>\n<p>3 tucks at front neckline, Short Sleeves.<br \/>\nLength 63cm\/24.8in.<\/p>\n<p>Material: 100% Polyester. 100g\/m\u00b2.<br \/>\nCare: 30\u00b0 machine wash, easy-care garment, requiring minimal ironing.<br \/>\nSizes (UK): 6-26.<\/p>\n","protected":false},"featured_media":4611,"template":"","meta":[],"product_brand":[],"product_cat":[55,63,80,15,34],"product_tag":[],"class_list":{"0":"post-4600","1":"product","2":"type-product","3":"status-publish","4":"has-post-thumbnail","6":"product_cat-naisten-kaluspaidat","7":"product_cat-naisten-kauluspaidat-hotelli-ja-palveluammatit","8":"product_cat-naisten-kauluspaidat-business-toimisto","9":"product_cat-naisten-kauluspaidat","10":"product_cat-uutuudet","12":"first","13":"instock","14":"featured","15":"taxable","16":"shipping-taxable","17":"purchasable","18":"product-type-variable","19":"has-default-attributes"},"yoast_head":"<!-- This site is optimized with the Yoast SEO plugin v27.2 - https:\/\/yoast.com\/product\/yoast-seo-wordpress\/ -->\n<title>Silkki kreppa \u201cPattern Pleat Neck\u201d naisten pusero - Simon Jersey Suomi<\/title>\n<meta name=\"robots\" content=\"index, follow, max-snippet:-1, max-image-preview:large, max-video-preview:-1\" \/>\n<link rel=\"canonical\" href=\"https:\/\/simonjersey.eu\/fi\/tuote\/silkki-kreppa-pattern-pleat-neck-naisten-pusero\/\" \/>\n<meta property=\"og:locale\" content=\"fi_FI\" \/>\n<meta property=\"og:type\" content=\"article\" \/>\n<meta property=\"og:title\" content=\"Silkki kreppa \u201cPattern Pleat Neck\u201d naisten pusero - Simon Jersey Suomi\" \/>\n<meta property=\"og:description\" content=\"Update your workwear uniform with our new Simon Jersey Short Sleeve Pleat Neck Blouse, now available in new prints. It is lightweight, whilst remaining flattering this beautiful classic style that has been designed to stand the test of time.  A wonderfully versatile blouse for a look that elevates your workwear attire. With minimum ironing and easy care fabric, be fashion forward and make your uniform work for you with this staple garment.  3 tucks at front neckline, Short Sleeves. Length 63cm\/24.8in.  Material: 100% Polyester. 100g\/m\u00b2. Care: 30\u00b0 machine wash, easy-care garment, requiring minimal ironing. Sizes (UK): 6-26.\" \/>\n<meta property=\"og:url\" content=\"https:\/\/simonjersey.eu\/fi\/tuote\/silkki-kreppa-pattern-pleat-neck-naisten-pusero\/\" \/>\n<meta property=\"og:site_name\" content=\"Simon Jersey Suomi\" \/>\n<meta property=\"article:modified_time\" content=\"2025-01-02T17:06:59+00:00\" \/>\n<meta property=\"og:image\" content=\"https:\/\/simonjersey.eu\/fi\/wp-content\/uploads\/sites\/3\/2019\/11\/FB0581-1.jpg\" \/>\n\t<meta property=\"og:image:width\" content=\"1000\" \/>\n\t<meta property=\"og:image:height\" content=\"1500\" \/>\n\t<meta property=\"og:image:type\" content=\"image\/jpeg\" \/>\n<meta name=\"twitter:card\" content=\"summary_large_image\" \/>\n<meta name=\"twitter:label1\" content=\"Arvioitu lukuaika\" \/>\n\t<meta name=\"twitter:data1\" content=\"1 minuutti\" \/>\n<script type=\"application\/ld+json\" class=\"yoast-schema-graph\">{\"@context\":\"https:\/\/schema.org\",\"@graph\":[{\"@type\":\"WebPage\",\"@id\":\"https:\/\/simonjersey.eu\/fi\/tuote\/silkki-kreppa-pattern-pleat-neck-naisten-pusero\/\",\"url\":\"https:\/\/simonjersey.eu\/fi\/tuote\/silkki-kreppa-pattern-pleat-neck-naisten-pusero\/\",\"name\":\"Silkki kreppa \u201cPattern Pleat Neck\u201d naisten pusero - Simon Jersey Suomi\",\"isPartOf\":{\"@id\":\"https:\/\/simonjersey.eu\/fi\/#website\"},\"primaryImageOfPage\":{\"@id\":\"https:\/\/simonjersey.eu\/fi\/tuote\/silkki-kreppa-pattern-pleat-neck-naisten-pusero\/#primaryimage\"},\"image\":{\"@id\":\"https:\/\/simonjersey.eu\/fi\/tuote\/silkki-kreppa-pattern-pleat-neck-naisten-pusero\/#primaryimage\"},\"thumbnailUrl\":\"https:\/\/simonjersey.eu\/fi\/wp-content\/uploads\/sites\/3\/2019\/11\/FB0581-1.jpg\",\"datePublished\":\"2019-11-04T11:51:44+00:00\",\"dateModified\":\"2025-01-02T17:06:59+00:00\",\"breadcrumb\":{\"@id\":\"https:\/\/simonjersey.eu\/fi\/tuote\/silkki-kreppa-pattern-pleat-neck-naisten-pusero\/#breadcrumb\"},\"inLanguage\":\"fi\",\"potentialAction\":[{\"@type\":\"ReadAction\",\"target\":[\"https:\/\/simonjersey.eu\/fi\/tuote\/silkki-kreppa-pattern-pleat-neck-naisten-pusero\/\"]}]},{\"@type\":\"ImageObject\",\"inLanguage\":\"fi\",\"@id\":\"https:\/\/simonjersey.eu\/fi\/tuote\/silkki-kreppa-pattern-pleat-neck-naisten-pusero\/#primaryimage\",\"url\":\"https:\/\/simonjersey.eu\/fi\/wp-content\/uploads\/sites\/3\/2019\/11\/FB0581-1.jpg\",\"contentUrl\":\"https:\/\/simonjersey.eu\/fi\/wp-content\/uploads\/sites\/3\/2019\/11\/FB0581-1.jpg\",\"width\":1000,\"height\":1500},{\"@type\":\"BreadcrumbList\",\"@id\":\"https:\/\/simonjersey.eu\/fi\/tuote\/silkki-kreppa-pattern-pleat-neck-naisten-pusero\/#breadcrumb\",\"itemListElement\":[{\"@type\":\"ListItem\",\"position\":1,\"name\":\"Home\",\"item\":\"https:\/\/simonjersey.eu\/fi\/\"},{\"@type\":\"ListItem\",\"position\":2,\"name\":\"Verkkokauppa\",\"item\":\"https:\/\/simonjersey.eu\/fi\/kauppaan\/\"},{\"@type\":\"ListItem\",\"position\":3,\"name\":\"Silkki kreppa \u201cPattern Pleat Neck\u201d naisten pusero\"}]},{\"@type\":\"WebSite\",\"@id\":\"https:\/\/simonjersey.eu\/fi\/#website\",\"url\":\"https:\/\/simonjersey.eu\/fi\/\",\"name\":\"Simon Jersey Suomi\",\"description\":\"Tyylikk\u00e4\u00e4t ja kest\u00e4v\u00e4t  ammattiasut\",\"potentialAction\":[{\"@type\":\"SearchAction\",\"target\":{\"@type\":\"EntryPoint\",\"urlTemplate\":\"https:\/\/simonjersey.eu\/fi\/?s={search_term_string}\"},\"query-input\":{\"@type\":\"PropertyValueSpecification\",\"valueRequired\":true,\"valueName\":\"search_term_string\"}}],\"inLanguage\":\"fi\"}]}<\/script>\n<!-- \/ Yoast SEO plugin. -->","yoast_head_json":{"title":"Silkki kreppa \u201cPattern Pleat Neck\u201d naisten pusero - Simon Jersey Suomi","robots":{"index":"index","follow":"follow","max-snippet":"max-snippet:-1","max-image-preview":"max-image-preview:large","max-video-preview":"max-video-preview:-1"},"canonical":"https:\/\/simonjersey.eu\/fi\/tuote\/silkki-kreppa-pattern-pleat-neck-naisten-pusero\/","og_locale":"fi_FI","og_type":"article","og_title":"Silkki kreppa \u201cPattern Pleat Neck\u201d naisten pusero - Simon Jersey Suomi","og_description":"Update your workwear uniform with our new Simon Jersey Short Sleeve Pleat Neck Blouse, now available in new prints. It is lightweight, whilst remaining flattering this beautiful classic style that has been designed to stand the test of time.  A wonderfully versatile blouse for a look that elevates your workwear attire. With minimum ironing and easy care fabric, be fashion forward and make your uniform work for you with this staple garment.  3 tucks at front neckline, Short Sleeves. Length 63cm\/24.8in.  Material: 100% Polyester. 100g\/m\u00b2. Care: 30\u00b0 machine wash, easy-care garment, requiring minimal ironing. Sizes (UK): 6-26.","og_url":"https:\/\/simonjersey.eu\/fi\/tuote\/silkki-kreppa-pattern-pleat-neck-naisten-pusero\/","og_site_name":"Simon Jersey Suomi","article_modified_time":"2025-01-02T17:06:59+00:00","og_image":[{"width":1000,"height":1500,"url":"https:\/\/simonjersey.eu\/fi\/wp-content\/uploads\/sites\/3\/2019\/11\/FB0581-1.jpg","type":"image\/jpeg"}],"twitter_card":"summary_large_image","twitter_misc":{"Arvioitu lukuaika":"1 minuutti"},"schema":{"@context":"https:\/\/schema.org","@graph":[{"@type":"WebPage","@id":"https:\/\/simonjersey.eu\/fi\/tuote\/silkki-kreppa-pattern-pleat-neck-naisten-pusero\/","url":"https:\/\/simonjersey.eu\/fi\/tuote\/silkki-kreppa-pattern-pleat-neck-naisten-pusero\/","name":"Silkki kreppa \u201cPattern Pleat Neck\u201d naisten pusero - Simon Jersey Suomi","isPartOf":{"@id":"https:\/\/simonjersey.eu\/fi\/#website"},"primaryImageOfPage":{"@id":"https:\/\/simonjersey.eu\/fi\/tuote\/silkki-kreppa-pattern-pleat-neck-naisten-pusero\/#primaryimage"},"image":{"@id":"https:\/\/simonjersey.eu\/fi\/tuote\/silkki-kreppa-pattern-pleat-neck-naisten-pusero\/#primaryimage"},"thumbnailUrl":"https:\/\/simonjersey.eu\/fi\/wp-content\/uploads\/sites\/3\/2019\/11\/FB0581-1.jpg","datePublished":"2019-11-04T11:51:44+00:00","dateModified":"2025-01-02T17:06:59+00:00","breadcrumb":{"@id":"https:\/\/simonjersey.eu\/fi\/tuote\/silkki-kreppa-pattern-pleat-neck-naisten-pusero\/#breadcrumb"},"inLanguage":"fi","potentialAction":[{"@type":"ReadAction","target":["https:\/\/simonjersey.eu\/fi\/tuote\/silkki-kreppa-pattern-pleat-neck-naisten-pusero\/"]}]},{"@type":"ImageObject","inLanguage":"fi","@id":"https:\/\/simonjersey.eu\/fi\/tuote\/silkki-kreppa-pattern-pleat-neck-naisten-pusero\/#primaryimage","url":"https:\/\/simonjersey.eu\/fi\/wp-content\/uploads\/sites\/3\/2019\/11\/FB0581-1.jpg","contentUrl":"https:\/\/simonjersey.eu\/fi\/wp-content\/uploads\/sites\/3\/2019\/11\/FB0581-1.jpg","width":1000,"height":1500},{"@type":"BreadcrumbList","@id":"https:\/\/simonjersey.eu\/fi\/tuote\/silkki-kreppa-pattern-pleat-neck-naisten-pusero\/#breadcrumb","itemListElement":[{"@type":"ListItem","position":1,"name":"Home","item":"https:\/\/simonjersey.eu\/fi\/"},{"@type":"ListItem","position":2,"name":"Verkkokauppa","item":"https:\/\/simonjersey.eu\/fi\/kauppaan\/"},{"@type":"ListItem","position":3,"name":"Silkki kreppa \u201cPattern Pleat Neck\u201d naisten pusero"}]},{"@type":"WebSite","@id":"https:\/\/simonjersey.eu\/fi\/#website","url":"https:\/\/simonjersey.eu\/fi\/","name":"Simon Jersey Suomi","description":"Tyylikk\u00e4\u00e4t ja kest\u00e4v\u00e4t  ammattiasut","potentialAction":[{"@type":"SearchAction","target":{"@type":"EntryPoint","urlTemplate":"https:\/\/simonjersey.eu\/fi\/?s={search_term_string}"},"query-input":{"@type":"PropertyValueSpecification","valueRequired":true,"valueName":"search_term_string"}}],"inLanguage":"fi"}]}},"_links":{"self":[{"href":"https:\/\/simonjersey.eu\/fi\/wp-json\/wp\/v2\/product\/4600","targetHints":{"allow":["GET"]}}],"collection":[{"href":"https:\/\/simonjersey.eu\/fi\/wp-json\/wp\/v2\/product"}],"about":[{"href":"https:\/\/simonjersey.eu\/fi\/wp-json\/wp\/v2\/types\/product"}],"wp:featuredmedia":[{"embeddable":true,"href":"https:\/\/simonjersey.eu\/fi\/wp-json\/wp\/v2\/media\/4611"}],"wp:attachment":[{"href":"https:\/\/simonjersey.eu\/fi\/wp-json\/wp\/v2\/media?parent=4600"}],"wp:term":[{"taxonomy":"product_brand","embeddable":true,"href":"https:\/\/simonjersey.eu\/fi\/wp-json\/wp\/v2\/product_brand?post=4600"},{"taxonomy":"product_cat","embeddable":true,"href":"https:\/\/simonjersey.eu\/fi\/wp-json\/wp\/v2\/product_cat?post=4600"},{"taxonomy":"product_tag","embeddable":true,"href":"https:\/\/simonjersey.eu\/fi\/wp-json\/wp\/v2\/product_tag?post=4600"}],"curies":[{"name":"wp","href":"https:\/\/api.w.org\/{rel}","templated":true}]}}