{"id":5170,"date":"2020-05-14T17:25:26","date_gmt":"2020-05-14T17:25:26","guid":{"rendered":"https:\/\/simonjersey.eu\/fi\/?post_type=product&#038;p=5170"},"modified":"2025-01-24T11:12:37","modified_gmt":"2025-01-24T11:12:37","slug":"bp-medical-tunic-for-women","status":"publish","type":"product","link":"https:\/\/simonjersey.eu\/fi\/tuote\/bp-medical-tunic-for-women\/","title":{"rendered":"BP\u00aenaisten hoitajan tunika"},"content":{"rendered":"","protected":false},"excerpt":{"rendered":"<p>Check out our new <a href=\"https:\/\/simonjersey.eu\/en\/workwear-catalogues\/\">brand BP medical clothing<\/a> , direct from Germany.<br \/>\nComfortable, practical and breathable tunic for health care professionals.<br \/>\nSlim fit cut, short sleeves, pull-over, front studs.<br \/>\nName tag holder, eye-catching collar, side pockets.<br \/>\nExtra lightweight and soft fabric blend.<br \/>\nMaximum comfort and long-term durability!<br \/>\nMaterial: 50% cotton, 50% polyester.<br \/>\nMaintenance: 95 \u00b0 machine wash, easy to maintain.<br \/>\nLength: 75 cm.<br \/>\nAvailable in sizes: XS-3XL.<br \/>\nYou can see the other products from this <a href=\"https:\/\/simonjersey.eu\/wp-content\/uploads\/2020\/01\/BP-Med-Care-2018.pdf\">cataloge<\/a>.<br \/>\nFeel free to contact our <a href=\"https:\/\/simonjersey.eu\/en\/contact-us\/\">sales team<\/a>\u00a0for more information!<\/p>\n","protected":false},"featured_media":8978,"template":"","meta":[],"product_brand":[],"product_cat":[69,70,32,30],"product_tag":[],"class_list":{"0":"post-5170","1":"product","2":"type-product","3":"status-publish","4":"has-post-thumbnail","6":"product_cat-hyvinvoinit-hoitoala","7":"product_cat-naisten-hoitopaidat-ja-jakut","8":"product_cat-tunikat","9":"product_cat-laakealan-vaatteet","11":"first","12":"instock","13":"taxable","14":"shipping-taxable","15":"purchasable","16":"product-type-variable","17":"has-default-attributes"},"yoast_head":"<!-- This site is optimized with the Yoast SEO plugin v27.2 - https:\/\/yoast.com\/product\/yoast-seo-wordpress\/ -->\n<title>BP\u00aenaisten hoitajan tunika - Simon Jersey Suomi<\/title>\n<meta name=\"robots\" content=\"index, follow, max-snippet:-1, max-image-preview:large, max-video-preview:-1\" \/>\n<link rel=\"canonical\" href=\"https:\/\/simonjersey.eu\/fi\/tuote\/bp-medical-tunic-for-women\/\" \/>\n<meta property=\"og:locale\" content=\"fi_FI\" \/>\n<meta property=\"og:type\" content=\"article\" \/>\n<meta property=\"og:title\" content=\"BP\u00aenaisten hoitajan tunika - Simon Jersey Suomi\" \/>\n<meta property=\"og:description\" content=\"Check out our new brand BP medical clothing , direct from Germany. Comfortable, practical and breathable tunic for health care professionals. Slim fit cut, short sleeves, pull-over, front studs. Name tag holder, eye-catching collar, side pockets. Extra lightweight and soft fabric blend. Maximum comfort and long-term durability! Material: 50% cotton, 50% polyester. Maintenance: 95 \u00b0 machine wash, easy to maintain. Length: 75 cm. Available in sizes: XS-3XL. You can see the other products from this cataloge. Feel free to contact our sales team\u00a0for more information!\" \/>\n<meta property=\"og:url\" content=\"https:\/\/simonjersey.eu\/fi\/tuote\/bp-medical-tunic-for-women\/\" \/>\n<meta property=\"og:site_name\" content=\"Simon Jersey Suomi\" \/>\n<meta property=\"article:modified_time\" content=\"2025-01-24T11:12:37+00:00\" \/>\n<meta property=\"og:image\" content=\"https:\/\/simonjersey.eu\/fi\/wp-content\/uploads\/sites\/3\/2020\/05\/1740-tuunika-munt.jpg\" \/>\n\t<meta property=\"og:image:width\" content=\"1200\" \/>\n\t<meta property=\"og:image:height\" content=\"1688\" \/>\n\t<meta property=\"og:image:type\" content=\"image\/jpeg\" \/>\n<meta name=\"twitter:card\" content=\"summary_large_image\" \/>\n<meta name=\"twitter:label1\" content=\"Arvioitu lukuaika\" \/>\n\t<meta name=\"twitter:data1\" content=\"1 minuutti\" \/>\n<script type=\"application\/ld+json\" class=\"yoast-schema-graph\">{\"@context\":\"https:\/\/schema.org\",\"@graph\":[{\"@type\":\"WebPage\",\"@id\":\"https:\/\/simonjersey.eu\/fi\/tuote\/bp-medical-tunic-for-women\/\",\"url\":\"https:\/\/simonjersey.eu\/fi\/tuote\/bp-medical-tunic-for-women\/\",\"name\":\"BP\u00aenaisten hoitajan tunika - Simon Jersey Suomi\",\"isPartOf\":{\"@id\":\"https:\/\/simonjersey.eu\/fi\/#website\"},\"primaryImageOfPage\":{\"@id\":\"https:\/\/simonjersey.eu\/fi\/tuote\/bp-medical-tunic-for-women\/#primaryimage\"},\"image\":{\"@id\":\"https:\/\/simonjersey.eu\/fi\/tuote\/bp-medical-tunic-for-women\/#primaryimage\"},\"thumbnailUrl\":\"https:\/\/simonjersey.eu\/fi\/wp-content\/uploads\/sites\/3\/2020\/05\/1740-tuunika-munt.jpg\",\"datePublished\":\"2020-05-14T17:25:26+00:00\",\"dateModified\":\"2025-01-24T11:12:37+00:00\",\"breadcrumb\":{\"@id\":\"https:\/\/simonjersey.eu\/fi\/tuote\/bp-medical-tunic-for-women\/#breadcrumb\"},\"inLanguage\":\"fi\",\"potentialAction\":[{\"@type\":\"ReadAction\",\"target\":[\"https:\/\/simonjersey.eu\/fi\/tuote\/bp-medical-tunic-for-women\/\"]}]},{\"@type\":\"ImageObject\",\"inLanguage\":\"fi\",\"@id\":\"https:\/\/simonjersey.eu\/fi\/tuote\/bp-medical-tunic-for-women\/#primaryimage\",\"url\":\"https:\/\/simonjersey.eu\/fi\/wp-content\/uploads\/sites\/3\/2020\/05\/1740-tuunika-munt.jpg\",\"contentUrl\":\"https:\/\/simonjersey.eu\/fi\/wp-content\/uploads\/sites\/3\/2020\/05\/1740-tuunika-munt.jpg\",\"width\":1200,\"height\":1688},{\"@type\":\"BreadcrumbList\",\"@id\":\"https:\/\/simonjersey.eu\/fi\/tuote\/bp-medical-tunic-for-women\/#breadcrumb\",\"itemListElement\":[{\"@type\":\"ListItem\",\"position\":1,\"name\":\"Home\",\"item\":\"https:\/\/simonjersey.eu\/fi\/\"},{\"@type\":\"ListItem\",\"position\":2,\"name\":\"Verkkokauppa\",\"item\":\"https:\/\/simonjersey.eu\/fi\/kauppaan\/\"},{\"@type\":\"ListItem\",\"position\":3,\"name\":\"BP\u00aenaisten hoitajan tunika\"}]},{\"@type\":\"WebSite\",\"@id\":\"https:\/\/simonjersey.eu\/fi\/#website\",\"url\":\"https:\/\/simonjersey.eu\/fi\/\",\"name\":\"Simon Jersey Suomi\",\"description\":\"Tyylikk\u00e4\u00e4t ja kest\u00e4v\u00e4t  ammattiasut\",\"potentialAction\":[{\"@type\":\"SearchAction\",\"target\":{\"@type\":\"EntryPoint\",\"urlTemplate\":\"https:\/\/simonjersey.eu\/fi\/?s={search_term_string}\"},\"query-input\":{\"@type\":\"PropertyValueSpecification\",\"valueRequired\":true,\"valueName\":\"search_term_string\"}}],\"inLanguage\":\"fi\"}]}<\/script>\n<!-- \/ Yoast SEO plugin. -->","yoast_head_json":{"title":"BP\u00aenaisten hoitajan tunika - Simon Jersey Suomi","robots":{"index":"index","follow":"follow","max-snippet":"max-snippet:-1","max-image-preview":"max-image-preview:large","max-video-preview":"max-video-preview:-1"},"canonical":"https:\/\/simonjersey.eu\/fi\/tuote\/bp-medical-tunic-for-women\/","og_locale":"fi_FI","og_type":"article","og_title":"BP\u00aenaisten hoitajan tunika - Simon Jersey Suomi","og_description":"Check out our new brand BP medical clothing , direct from Germany. Comfortable, practical and breathable tunic for health care professionals. Slim fit cut, short sleeves, pull-over, front studs. Name tag holder, eye-catching collar, side pockets. Extra lightweight and soft fabric blend. Maximum comfort and long-term durability! Material: 50% cotton, 50% polyester. Maintenance: 95 \u00b0 machine wash, easy to maintain. Length: 75 cm. Available in sizes: XS-3XL. You can see the other products from this cataloge. Feel free to contact our sales team\u00a0for more information!","og_url":"https:\/\/simonjersey.eu\/fi\/tuote\/bp-medical-tunic-for-women\/","og_site_name":"Simon Jersey Suomi","article_modified_time":"2025-01-24T11:12:37+00:00","og_image":[{"width":1200,"height":1688,"url":"https:\/\/simonjersey.eu\/fi\/wp-content\/uploads\/sites\/3\/2020\/05\/1740-tuunika-munt.jpg","type":"image\/jpeg"}],"twitter_card":"summary_large_image","twitter_misc":{"Arvioitu lukuaika":"1 minuutti"},"schema":{"@context":"https:\/\/schema.org","@graph":[{"@type":"WebPage","@id":"https:\/\/simonjersey.eu\/fi\/tuote\/bp-medical-tunic-for-women\/","url":"https:\/\/simonjersey.eu\/fi\/tuote\/bp-medical-tunic-for-women\/","name":"BP\u00aenaisten hoitajan tunika - Simon Jersey Suomi","isPartOf":{"@id":"https:\/\/simonjersey.eu\/fi\/#website"},"primaryImageOfPage":{"@id":"https:\/\/simonjersey.eu\/fi\/tuote\/bp-medical-tunic-for-women\/#primaryimage"},"image":{"@id":"https:\/\/simonjersey.eu\/fi\/tuote\/bp-medical-tunic-for-women\/#primaryimage"},"thumbnailUrl":"https:\/\/simonjersey.eu\/fi\/wp-content\/uploads\/sites\/3\/2020\/05\/1740-tuunika-munt.jpg","datePublished":"2020-05-14T17:25:26+00:00","dateModified":"2025-01-24T11:12:37+00:00","breadcrumb":{"@id":"https:\/\/simonjersey.eu\/fi\/tuote\/bp-medical-tunic-for-women\/#breadcrumb"},"inLanguage":"fi","potentialAction":[{"@type":"ReadAction","target":["https:\/\/simonjersey.eu\/fi\/tuote\/bp-medical-tunic-for-women\/"]}]},{"@type":"ImageObject","inLanguage":"fi","@id":"https:\/\/simonjersey.eu\/fi\/tuote\/bp-medical-tunic-for-women\/#primaryimage","url":"https:\/\/simonjersey.eu\/fi\/wp-content\/uploads\/sites\/3\/2020\/05\/1740-tuunika-munt.jpg","contentUrl":"https:\/\/simonjersey.eu\/fi\/wp-content\/uploads\/sites\/3\/2020\/05\/1740-tuunika-munt.jpg","width":1200,"height":1688},{"@type":"BreadcrumbList","@id":"https:\/\/simonjersey.eu\/fi\/tuote\/bp-medical-tunic-for-women\/#breadcrumb","itemListElement":[{"@type":"ListItem","position":1,"name":"Home","item":"https:\/\/simonjersey.eu\/fi\/"},{"@type":"ListItem","position":2,"name":"Verkkokauppa","item":"https:\/\/simonjersey.eu\/fi\/kauppaan\/"},{"@type":"ListItem","position":3,"name":"BP\u00aenaisten hoitajan tunika"}]},{"@type":"WebSite","@id":"https:\/\/simonjersey.eu\/fi\/#website","url":"https:\/\/simonjersey.eu\/fi\/","name":"Simon Jersey Suomi","description":"Tyylikk\u00e4\u00e4t ja kest\u00e4v\u00e4t  ammattiasut","potentialAction":[{"@type":"SearchAction","target":{"@type":"EntryPoint","urlTemplate":"https:\/\/simonjersey.eu\/fi\/?s={search_term_string}"},"query-input":{"@type":"PropertyValueSpecification","valueRequired":true,"valueName":"search_term_string"}}],"inLanguage":"fi"}]}},"_links":{"self":[{"href":"https:\/\/simonjersey.eu\/fi\/wp-json\/wp\/v2\/product\/5170","targetHints":{"allow":["GET"]}}],"collection":[{"href":"https:\/\/simonjersey.eu\/fi\/wp-json\/wp\/v2\/product"}],"about":[{"href":"https:\/\/simonjersey.eu\/fi\/wp-json\/wp\/v2\/types\/product"}],"wp:featuredmedia":[{"embeddable":true,"href":"https:\/\/simonjersey.eu\/fi\/wp-json\/wp\/v2\/media\/8978"}],"wp:attachment":[{"href":"https:\/\/simonjersey.eu\/fi\/wp-json\/wp\/v2\/media?parent=5170"}],"wp:term":[{"taxonomy":"product_brand","embeddable":true,"href":"https:\/\/simonjersey.eu\/fi\/wp-json\/wp\/v2\/product_brand?post=5170"},{"taxonomy":"product_cat","embeddable":true,"href":"https:\/\/simonjersey.eu\/fi\/wp-json\/wp\/v2\/product_cat?post=5170"},{"taxonomy":"product_tag","embeddable":true,"href":"https:\/\/simonjersey.eu\/fi\/wp-json\/wp\/v2\/product_tag?post=5170"}],"curies":[{"name":"wp","href":"https:\/\/api.w.org\/{rel}","templated":true}]}}