{"id":5502,"date":"2020-11-17T11:54:30","date_gmt":"2020-11-17T11:54:30","guid":{"rendered":"https:\/\/simonjersey.eu\/fi\/?post_type=product&#038;p=5502"},"modified":"2025-07-30T09:50:21","modified_gmt":"2025-07-30T09:50:21","slug":"dickies-eds-naisten-hoitopaita","status":"publish","type":"product","link":"https:\/\/simonjersey.eu\/fi\/tuote\/dickies-eds-naisten-hoitopaita\/","title":{"rendered":"Dickies EDS naisten hoitopaita"},"content":{"rendered":"","protected":false},"excerpt":{"rendered":"<p>T\u00e4ss\u00e4 Dickies EDS DK615 \u00a0hoitopaidassa on nykyaikainen istuvuus, kaksi taskua ja pienet taskut my\u00f6s kynille. Hoitopaita on valmistettu polyesterisekoitteesta, jossa on elastaania.<\/p>\n<p>Se antaa paidalle venyvyyden, jonka avulla pystyt liikkumaan hankalissakin asennoissa.<\/p>\n<p>Kaulussa on ylim\u00e4\u00e4r\u00e4inen hihna, joka takaa mukavuuden ja kaulus ei veny.<\/p>\n<p>Materiaali: 95% polyesteri, 5% elastaani<\/p>\n<p>Pituus: 67cm<br \/>\nKonepesu: 60\u00b0c, helposti sili\u00e4v\u00e4 materiaali, ei vaadi silityst\u00e4 pesun j\u00e4lkeen.<br \/>\nKoko: XXS-3XL<\/p>\n<p>L\u00f6yd\u00e4 sopivat housut <a href=\"https:\/\/simonjersey.eu\/fi\/tuote\/dickies-eds-naisten-hoitoalan-housut\/\"><strong>t\u00e4\u00e4lt\u00e4<\/strong><\/a><\/p>\n","protected":false},"featured_media":9480,"template":"","meta":[],"product_brand":[],"product_cat":[438,69,70,32,30],"product_tag":[],"class_list":{"0":"post-5502","1":"product","2":"type-product","3":"status-publish","4":"has-post-thumbnail","6":"product_cat-dickies-cherokee-tyovaateet","7":"product_cat-hyvinvoinit-hoitoala","8":"product_cat-naisten-hoitopaidat-ja-jakut","9":"product_cat-tunikat","10":"product_cat-laakealan-vaatteet","12":"first","13":"instock","14":"taxable","15":"shipping-taxable","16":"purchasable","17":"product-type-variable","18":"has-default-attributes"},"yoast_head":"<!-- This site is optimized with the Yoast SEO plugin v27.2 - https:\/\/yoast.com\/product\/yoast-seo-wordpress\/ -->\n<title>Dickies EDS naisten hoitopaita - Simon Jersey Suomi<\/title>\n<meta name=\"robots\" content=\"index, follow, max-snippet:-1, max-image-preview:large, max-video-preview:-1\" \/>\n<link rel=\"canonical\" href=\"https:\/\/simonjersey.eu\/fi\/tuote\/dickies-eds-naisten-hoitopaita\/\" \/>\n<meta property=\"og:locale\" content=\"fi_FI\" \/>\n<meta property=\"og:type\" content=\"article\" \/>\n<meta property=\"og:title\" content=\"Dickies EDS naisten hoitopaita - Simon Jersey Suomi\" \/>\n<meta property=\"og:description\" content=\"T\u00e4ss\u00e4 Dickies EDS DK615 \u00a0hoitopaidassa on nykyaikainen istuvuus, kaksi taskua ja pienet taskut my\u00f6s kynille. Hoitopaita on valmistettu polyesterisekoitteesta, jossa on elastaania.  Se antaa paidalle venyvyyden, jonka avulla pystyt liikkumaan hankalissakin asennoissa.  Kaulussa on ylim\u00e4\u00e4r\u00e4inen hihna, joka takaa mukavuuden ja kaulus ei veny.  Materiaali: 95% polyesteri, 5% elastaani  Pituus: 67cm Konepesu: 60\u00b0c, helposti sili\u00e4v\u00e4 materiaali, ei vaadi silityst\u00e4 pesun j\u00e4lkeen. Koko: XXS-3XL  L\u00f6yd\u00e4 sopivat housut t\u00e4\u00e4lt\u00e4\" \/>\n<meta property=\"og:url\" content=\"https:\/\/simonjersey.eu\/fi\/tuote\/dickies-eds-naisten-hoitopaita\/\" \/>\n<meta property=\"og:site_name\" content=\"Simon Jersey Suomi\" \/>\n<meta property=\"article:modified_time\" content=\"2025-07-30T09:50:21+00:00\" \/>\n<meta property=\"og:image\" content=\"https:\/\/simonjersey.eu\/fi\/wp-content\/uploads\/sites\/3\/2020\/11\/DKE615_PWPS.jpg\" \/>\n\t<meta property=\"og:image:width\" content=\"1100\" \/>\n\t<meta property=\"og:image:height\" content=\"1600\" \/>\n\t<meta property=\"og:image:type\" content=\"image\/jpeg\" \/>\n<meta name=\"twitter:card\" content=\"summary_large_image\" \/>\n<meta name=\"twitter:label1\" content=\"Arvioitu lukuaika\" \/>\n\t<meta name=\"twitter:data1\" content=\"1 minuutti\" \/>\n<script type=\"application\/ld+json\" class=\"yoast-schema-graph\">{\"@context\":\"https:\/\/schema.org\",\"@graph\":[{\"@type\":\"WebPage\",\"@id\":\"https:\/\/simonjersey.eu\/fi\/tuote\/dickies-eds-naisten-hoitopaita\/\",\"url\":\"https:\/\/simonjersey.eu\/fi\/tuote\/dickies-eds-naisten-hoitopaita\/\",\"name\":\"Dickies EDS naisten hoitopaita - Simon Jersey Suomi\",\"isPartOf\":{\"@id\":\"https:\/\/simonjersey.eu\/fi\/#website\"},\"primaryImageOfPage\":{\"@id\":\"https:\/\/simonjersey.eu\/fi\/tuote\/dickies-eds-naisten-hoitopaita\/#primaryimage\"},\"image\":{\"@id\":\"https:\/\/simonjersey.eu\/fi\/tuote\/dickies-eds-naisten-hoitopaita\/#primaryimage\"},\"thumbnailUrl\":\"https:\/\/simonjersey.eu\/fi\/wp-content\/uploads\/sites\/3\/2020\/11\/DKE615_PWPS.jpg\",\"datePublished\":\"2020-11-17T11:54:30+00:00\",\"dateModified\":\"2025-07-30T09:50:21+00:00\",\"breadcrumb\":{\"@id\":\"https:\/\/simonjersey.eu\/fi\/tuote\/dickies-eds-naisten-hoitopaita\/#breadcrumb\"},\"inLanguage\":\"fi\",\"potentialAction\":[{\"@type\":\"ReadAction\",\"target\":[\"https:\/\/simonjersey.eu\/fi\/tuote\/dickies-eds-naisten-hoitopaita\/\"]}]},{\"@type\":\"ImageObject\",\"inLanguage\":\"fi\",\"@id\":\"https:\/\/simonjersey.eu\/fi\/tuote\/dickies-eds-naisten-hoitopaita\/#primaryimage\",\"url\":\"https:\/\/simonjersey.eu\/fi\/wp-content\/uploads\/sites\/3\/2020\/11\/DKE615_PWPS.jpg\",\"contentUrl\":\"https:\/\/simonjersey.eu\/fi\/wp-content\/uploads\/sites\/3\/2020\/11\/DKE615_PWPS.jpg\",\"width\":1100,\"height\":1600},{\"@type\":\"BreadcrumbList\",\"@id\":\"https:\/\/simonjersey.eu\/fi\/tuote\/dickies-eds-naisten-hoitopaita\/#breadcrumb\",\"itemListElement\":[{\"@type\":\"ListItem\",\"position\":1,\"name\":\"Home\",\"item\":\"https:\/\/simonjersey.eu\/fi\/\"},{\"@type\":\"ListItem\",\"position\":2,\"name\":\"Verkkokauppa\",\"item\":\"https:\/\/simonjersey.eu\/fi\/kauppaan\/\"},{\"@type\":\"ListItem\",\"position\":3,\"name\":\"Dickies EDS naisten hoitopaita\"}]},{\"@type\":\"WebSite\",\"@id\":\"https:\/\/simonjersey.eu\/fi\/#website\",\"url\":\"https:\/\/simonjersey.eu\/fi\/\",\"name\":\"Simon Jersey Suomi\",\"description\":\"Tyylikk\u00e4\u00e4t ja kest\u00e4v\u00e4t  ammattiasut\",\"potentialAction\":[{\"@type\":\"SearchAction\",\"target\":{\"@type\":\"EntryPoint\",\"urlTemplate\":\"https:\/\/simonjersey.eu\/fi\/?s={search_term_string}\"},\"query-input\":{\"@type\":\"PropertyValueSpecification\",\"valueRequired\":true,\"valueName\":\"search_term_string\"}}],\"inLanguage\":\"fi\"}]}<\/script>\n<!-- \/ Yoast SEO plugin. -->","yoast_head_json":{"title":"Dickies EDS naisten hoitopaita - Simon Jersey Suomi","robots":{"index":"index","follow":"follow","max-snippet":"max-snippet:-1","max-image-preview":"max-image-preview:large","max-video-preview":"max-video-preview:-1"},"canonical":"https:\/\/simonjersey.eu\/fi\/tuote\/dickies-eds-naisten-hoitopaita\/","og_locale":"fi_FI","og_type":"article","og_title":"Dickies EDS naisten hoitopaita - Simon Jersey Suomi","og_description":"T\u00e4ss\u00e4 Dickies EDS DK615 \u00a0hoitopaidassa on nykyaikainen istuvuus, kaksi taskua ja pienet taskut my\u00f6s kynille. Hoitopaita on valmistettu polyesterisekoitteesta, jossa on elastaania.  Se antaa paidalle venyvyyden, jonka avulla pystyt liikkumaan hankalissakin asennoissa.  Kaulussa on ylim\u00e4\u00e4r\u00e4inen hihna, joka takaa mukavuuden ja kaulus ei veny.  Materiaali: 95% polyesteri, 5% elastaani  Pituus: 67cm Konepesu: 60\u00b0c, helposti sili\u00e4v\u00e4 materiaali, ei vaadi silityst\u00e4 pesun j\u00e4lkeen. Koko: XXS-3XL  L\u00f6yd\u00e4 sopivat housut t\u00e4\u00e4lt\u00e4","og_url":"https:\/\/simonjersey.eu\/fi\/tuote\/dickies-eds-naisten-hoitopaita\/","og_site_name":"Simon Jersey Suomi","article_modified_time":"2025-07-30T09:50:21+00:00","og_image":[{"width":1100,"height":1600,"url":"https:\/\/simonjersey.eu\/fi\/wp-content\/uploads\/sites\/3\/2020\/11\/DKE615_PWPS.jpg","type":"image\/jpeg"}],"twitter_card":"summary_large_image","twitter_misc":{"Arvioitu lukuaika":"1 minuutti"},"schema":{"@context":"https:\/\/schema.org","@graph":[{"@type":"WebPage","@id":"https:\/\/simonjersey.eu\/fi\/tuote\/dickies-eds-naisten-hoitopaita\/","url":"https:\/\/simonjersey.eu\/fi\/tuote\/dickies-eds-naisten-hoitopaita\/","name":"Dickies EDS naisten hoitopaita - Simon Jersey Suomi","isPartOf":{"@id":"https:\/\/simonjersey.eu\/fi\/#website"},"primaryImageOfPage":{"@id":"https:\/\/simonjersey.eu\/fi\/tuote\/dickies-eds-naisten-hoitopaita\/#primaryimage"},"image":{"@id":"https:\/\/simonjersey.eu\/fi\/tuote\/dickies-eds-naisten-hoitopaita\/#primaryimage"},"thumbnailUrl":"https:\/\/simonjersey.eu\/fi\/wp-content\/uploads\/sites\/3\/2020\/11\/DKE615_PWPS.jpg","datePublished":"2020-11-17T11:54:30+00:00","dateModified":"2025-07-30T09:50:21+00:00","breadcrumb":{"@id":"https:\/\/simonjersey.eu\/fi\/tuote\/dickies-eds-naisten-hoitopaita\/#breadcrumb"},"inLanguage":"fi","potentialAction":[{"@type":"ReadAction","target":["https:\/\/simonjersey.eu\/fi\/tuote\/dickies-eds-naisten-hoitopaita\/"]}]},{"@type":"ImageObject","inLanguage":"fi","@id":"https:\/\/simonjersey.eu\/fi\/tuote\/dickies-eds-naisten-hoitopaita\/#primaryimage","url":"https:\/\/simonjersey.eu\/fi\/wp-content\/uploads\/sites\/3\/2020\/11\/DKE615_PWPS.jpg","contentUrl":"https:\/\/simonjersey.eu\/fi\/wp-content\/uploads\/sites\/3\/2020\/11\/DKE615_PWPS.jpg","width":1100,"height":1600},{"@type":"BreadcrumbList","@id":"https:\/\/simonjersey.eu\/fi\/tuote\/dickies-eds-naisten-hoitopaita\/#breadcrumb","itemListElement":[{"@type":"ListItem","position":1,"name":"Home","item":"https:\/\/simonjersey.eu\/fi\/"},{"@type":"ListItem","position":2,"name":"Verkkokauppa","item":"https:\/\/simonjersey.eu\/fi\/kauppaan\/"},{"@type":"ListItem","position":3,"name":"Dickies EDS naisten hoitopaita"}]},{"@type":"WebSite","@id":"https:\/\/simonjersey.eu\/fi\/#website","url":"https:\/\/simonjersey.eu\/fi\/","name":"Simon Jersey Suomi","description":"Tyylikk\u00e4\u00e4t ja kest\u00e4v\u00e4t  ammattiasut","potentialAction":[{"@type":"SearchAction","target":{"@type":"EntryPoint","urlTemplate":"https:\/\/simonjersey.eu\/fi\/?s={search_term_string}"},"query-input":{"@type":"PropertyValueSpecification","valueRequired":true,"valueName":"search_term_string"}}],"inLanguage":"fi"}]}},"_links":{"self":[{"href":"https:\/\/simonjersey.eu\/fi\/wp-json\/wp\/v2\/product\/5502","targetHints":{"allow":["GET"]}}],"collection":[{"href":"https:\/\/simonjersey.eu\/fi\/wp-json\/wp\/v2\/product"}],"about":[{"href":"https:\/\/simonjersey.eu\/fi\/wp-json\/wp\/v2\/types\/product"}],"wp:featuredmedia":[{"embeddable":true,"href":"https:\/\/simonjersey.eu\/fi\/wp-json\/wp\/v2\/media\/9480"}],"wp:attachment":[{"href":"https:\/\/simonjersey.eu\/fi\/wp-json\/wp\/v2\/media?parent=5502"}],"wp:term":[{"taxonomy":"product_brand","embeddable":true,"href":"https:\/\/simonjersey.eu\/fi\/wp-json\/wp\/v2\/product_brand?post=5502"},{"taxonomy":"product_cat","embeddable":true,"href":"https:\/\/simonjersey.eu\/fi\/wp-json\/wp\/v2\/product_cat?post=5502"},{"taxonomy":"product_tag","embeddable":true,"href":"https:\/\/simonjersey.eu\/fi\/wp-json\/wp\/v2\/product_tag?post=5502"}],"curies":[{"name":"wp","href":"https:\/\/api.w.org\/{rel}","templated":true}]}}