{"id":5607,"date":"2021-01-12T14:57:36","date_gmt":"2021-01-12T14:57:36","guid":{"rendered":"https:\/\/simonjersey.eu\/fi\/?post_type=product&#038;p=5607"},"modified":"2022-11-15T12:36:18","modified_gmt":"2022-11-15T12:36:18","slug":"korkea-nakyvyys-fleecetakki-malfini","status":"publish","type":"product","link":"https:\/\/simonjersey.eu\/fi\/tuote\/korkea-nakyvyys-fleecetakki-malfini\/","title":{"rendered":"Korkea n\u00e4kyvyys fleecetakki MALFINI"},"content":{"rendered":"","protected":false},"excerpt":{"rendered":"<p>Unisex-fleece-fluoresoiva kangas ja heijastavat nauhat takaavat hyv\u00e4n n\u00e4kyvyyden pime\u00e4ss\u00e4.<\/p>\n<p>Fleecen alareuna on s\u00e4\u00e4dett\u00e4viss\u00e4 joustavalla narulla, t\u00e4yspitk\u00e4ll\u00e4 valetulla vetoketjulla edess\u00e4, my\u00f6s sivutaskut.<\/p>\n<p>Fleece on valmistettu anti-Pill-materiaalista, mik\u00e4 est\u00e4\u00e4 fleecen ulkopinnan nukkaantumisen.<\/p>\n<p>Materiaali: 100% polyesteri\u00e4 \/ 280 g \/ m\u00b2<\/p>\n<p>Hoito: 40 \u00b0 konepesu, helppo huoltaa.<\/p>\n<p>Koko: S &#8211; 3XL<\/p>\n<p><strong>standardien mukainen sertifiointi <\/strong><strong>EN ISO 20 471 (class 2) and EN ISO 13 688<\/strong><\/p>\n<p><strong>HUOMIO: Tila<\/strong><strong>amalla 1-5 tuotetta (voi olla eri v\u00e4ri\u00e4 ja kokoa, Malfin<\/strong><strong>in-mallit, miesten ja \/ tai naisten T paidat, pikee paitat, collegat, fleecet) \u2013 <\/strong><strong>\u00a0kuljetusmaksu<\/strong><strong> 25 EUR \u00a0<\/strong><\/p>\n","protected":false},"featured_media":5610,"template":"","meta":[],"product_brand":[],"product_cat":[77,86,87,23,28],"product_tag":[],"class_list":{"0":"post-5607","1":"product","2":"type-product","3":"status-publish","4":"has-post-thumbnail","6":"product_cat-fleecet-hupparit-neuleet","7":"product_cat-varasto-ulkoilma-tyontekijat","8":"product_cat-heijastavat-huomio-vaatteet","9":"product_cat-fleecet-liivit-neuleet","10":"product_cat-ulkoilman-tyovaatteet","12":"first","13":"instock","14":"taxable","15":"shipping-taxable","16":"purchasable","17":"product-type-variable","18":"has-default-attributes"},"yoast_head":"<!-- This site is optimized with the Yoast SEO plugin v27.2 - https:\/\/yoast.com\/product\/yoast-seo-wordpress\/ -->\n<title>Korkea n\u00e4kyvyys fleecetakki MALFINI - Simon Jersey Suomi<\/title>\n<meta name=\"robots\" content=\"index, follow, max-snippet:-1, max-image-preview:large, max-video-preview:-1\" \/>\n<link rel=\"canonical\" href=\"https:\/\/simonjersey.eu\/fi\/tuote\/korkea-nakyvyys-fleecetakki-malfini\/\" \/>\n<meta property=\"og:locale\" content=\"fi_FI\" \/>\n<meta property=\"og:type\" content=\"article\" \/>\n<meta property=\"og:title\" content=\"Korkea n\u00e4kyvyys fleecetakki MALFINI - Simon Jersey Suomi\" \/>\n<meta property=\"og:description\" content=\"Unisex-fleece-fluoresoiva kangas ja heijastavat nauhat takaavat hyv\u00e4n n\u00e4kyvyyden pime\u00e4ss\u00e4.  Fleecen alareuna on s\u00e4\u00e4dett\u00e4viss\u00e4 joustavalla narulla, t\u00e4yspitk\u00e4ll\u00e4 valetulla vetoketjulla edess\u00e4, my\u00f6s sivutaskut.  Fleece on valmistettu anti-Pill-materiaalista, mik\u00e4 est\u00e4\u00e4 fleecen ulkopinnan nukkaantumisen.  Materiaali: 100% polyesteri\u00e4 \/ 280 g \/ m\u00b2  Hoito: 40 \u00b0 konepesu, helppo huoltaa.  Koko: S - 3XL  standardien mukainen sertifiointi EN ISO 20 471 (class 2) and EN ISO 13 688  HUOMIO: Tilaamalla 1-5 tuotetta (voi olla eri v\u00e4ri\u00e4 ja kokoa, Malfinin-mallit, miesten ja \/ tai naisten T paidat, pikee paitat, collegat, fleecet) \u2013 \u00a0kuljetusmaksu 25 EUR \u00a0\" \/>\n<meta property=\"og:url\" content=\"https:\/\/simonjersey.eu\/fi\/tuote\/korkea-nakyvyys-fleecetakki-malfini\/\" \/>\n<meta property=\"og:site_name\" content=\"Simon Jersey Suomi\" \/>\n<meta property=\"article:modified_time\" content=\"2022-11-15T12:36:18+00:00\" \/>\n<meta property=\"og:image\" content=\"https:\/\/simonjersey.eu\/fi\/wp-content\/uploads\/sites\/3\/2021\/01\/5v1_98.jpg\" \/>\n\t<meta property=\"og:image:width\" content=\"700\" \/>\n\t<meta property=\"og:image:height\" content=\"794\" \/>\n\t<meta property=\"og:image:type\" content=\"image\/jpeg\" \/>\n<meta name=\"twitter:card\" content=\"summary_large_image\" \/>\n<script type=\"application\/ld+json\" class=\"yoast-schema-graph\">{\"@context\":\"https:\/\/schema.org\",\"@graph\":[{\"@type\":\"WebPage\",\"@id\":\"https:\/\/simonjersey.eu\/fi\/tuote\/korkea-nakyvyys-fleecetakki-malfini\/\",\"url\":\"https:\/\/simonjersey.eu\/fi\/tuote\/korkea-nakyvyys-fleecetakki-malfini\/\",\"name\":\"Korkea n\u00e4kyvyys fleecetakki MALFINI - Simon Jersey Suomi\",\"isPartOf\":{\"@id\":\"https:\/\/simonjersey.eu\/fi\/#website\"},\"primaryImageOfPage\":{\"@id\":\"https:\/\/simonjersey.eu\/fi\/tuote\/korkea-nakyvyys-fleecetakki-malfini\/#primaryimage\"},\"image\":{\"@id\":\"https:\/\/simonjersey.eu\/fi\/tuote\/korkea-nakyvyys-fleecetakki-malfini\/#primaryimage\"},\"thumbnailUrl\":\"https:\/\/simonjersey.eu\/fi\/wp-content\/uploads\/sites\/3\/2021\/01\/5v1_98.jpg\",\"datePublished\":\"2021-01-12T14:57:36+00:00\",\"dateModified\":\"2022-11-15T12:36:18+00:00\",\"breadcrumb\":{\"@id\":\"https:\/\/simonjersey.eu\/fi\/tuote\/korkea-nakyvyys-fleecetakki-malfini\/#breadcrumb\"},\"inLanguage\":\"fi\",\"potentialAction\":[{\"@type\":\"ReadAction\",\"target\":[\"https:\/\/simonjersey.eu\/fi\/tuote\/korkea-nakyvyys-fleecetakki-malfini\/\"]}]},{\"@type\":\"ImageObject\",\"inLanguage\":\"fi\",\"@id\":\"https:\/\/simonjersey.eu\/fi\/tuote\/korkea-nakyvyys-fleecetakki-malfini\/#primaryimage\",\"url\":\"https:\/\/simonjersey.eu\/fi\/wp-content\/uploads\/sites\/3\/2021\/01\/5v1_98.jpg\",\"contentUrl\":\"https:\/\/simonjersey.eu\/fi\/wp-content\/uploads\/sites\/3\/2021\/01\/5v1_98.jpg\",\"width\":700,\"height\":794},{\"@type\":\"BreadcrumbList\",\"@id\":\"https:\/\/simonjersey.eu\/fi\/tuote\/korkea-nakyvyys-fleecetakki-malfini\/#breadcrumb\",\"itemListElement\":[{\"@type\":\"ListItem\",\"position\":1,\"name\":\"Home\",\"item\":\"https:\/\/simonjersey.eu\/fi\/\"},{\"@type\":\"ListItem\",\"position\":2,\"name\":\"Verkkokauppa\",\"item\":\"https:\/\/simonjersey.eu\/fi\/kauppaan\/\"},{\"@type\":\"ListItem\",\"position\":3,\"name\":\"Korkea n\u00e4kyvyys fleecetakki MALFINI\"}]},{\"@type\":\"WebSite\",\"@id\":\"https:\/\/simonjersey.eu\/fi\/#website\",\"url\":\"https:\/\/simonjersey.eu\/fi\/\",\"name\":\"Simon Jersey Suomi\",\"description\":\"Tyylikk\u00e4\u00e4t ja kest\u00e4v\u00e4t  ammattiasut\",\"potentialAction\":[{\"@type\":\"SearchAction\",\"target\":{\"@type\":\"EntryPoint\",\"urlTemplate\":\"https:\/\/simonjersey.eu\/fi\/?s={search_term_string}\"},\"query-input\":{\"@type\":\"PropertyValueSpecification\",\"valueRequired\":true,\"valueName\":\"search_term_string\"}}],\"inLanguage\":\"fi\"}]}<\/script>\n<!-- \/ Yoast SEO plugin. -->","yoast_head_json":{"title":"Korkea n\u00e4kyvyys fleecetakki MALFINI - Simon Jersey Suomi","robots":{"index":"index","follow":"follow","max-snippet":"max-snippet:-1","max-image-preview":"max-image-preview:large","max-video-preview":"max-video-preview:-1"},"canonical":"https:\/\/simonjersey.eu\/fi\/tuote\/korkea-nakyvyys-fleecetakki-malfini\/","og_locale":"fi_FI","og_type":"article","og_title":"Korkea n\u00e4kyvyys fleecetakki MALFINI - Simon Jersey Suomi","og_description":"Unisex-fleece-fluoresoiva kangas ja heijastavat nauhat takaavat hyv\u00e4n n\u00e4kyvyyden pime\u00e4ss\u00e4.  Fleecen alareuna on s\u00e4\u00e4dett\u00e4viss\u00e4 joustavalla narulla, t\u00e4yspitk\u00e4ll\u00e4 valetulla vetoketjulla edess\u00e4, my\u00f6s sivutaskut.  Fleece on valmistettu anti-Pill-materiaalista, mik\u00e4 est\u00e4\u00e4 fleecen ulkopinnan nukkaantumisen.  Materiaali: 100% polyesteri\u00e4 \/ 280 g \/ m\u00b2  Hoito: 40 \u00b0 konepesu, helppo huoltaa.  Koko: S - 3XL  standardien mukainen sertifiointi EN ISO 20 471 (class 2) and EN ISO 13 688  HUOMIO: Tilaamalla 1-5 tuotetta (voi olla eri v\u00e4ri\u00e4 ja kokoa, Malfinin-mallit, miesten ja \/ tai naisten T paidat, pikee paitat, collegat, fleecet) \u2013 \u00a0kuljetusmaksu 25 EUR \u00a0","og_url":"https:\/\/simonjersey.eu\/fi\/tuote\/korkea-nakyvyys-fleecetakki-malfini\/","og_site_name":"Simon Jersey Suomi","article_modified_time":"2022-11-15T12:36:18+00:00","og_image":[{"width":700,"height":794,"url":"https:\/\/simonjersey.eu\/fi\/wp-content\/uploads\/sites\/3\/2021\/01\/5v1_98.jpg","type":"image\/jpeg"}],"twitter_card":"summary_large_image","schema":{"@context":"https:\/\/schema.org","@graph":[{"@type":"WebPage","@id":"https:\/\/simonjersey.eu\/fi\/tuote\/korkea-nakyvyys-fleecetakki-malfini\/","url":"https:\/\/simonjersey.eu\/fi\/tuote\/korkea-nakyvyys-fleecetakki-malfini\/","name":"Korkea n\u00e4kyvyys fleecetakki MALFINI - Simon Jersey Suomi","isPartOf":{"@id":"https:\/\/simonjersey.eu\/fi\/#website"},"primaryImageOfPage":{"@id":"https:\/\/simonjersey.eu\/fi\/tuote\/korkea-nakyvyys-fleecetakki-malfini\/#primaryimage"},"image":{"@id":"https:\/\/simonjersey.eu\/fi\/tuote\/korkea-nakyvyys-fleecetakki-malfini\/#primaryimage"},"thumbnailUrl":"https:\/\/simonjersey.eu\/fi\/wp-content\/uploads\/sites\/3\/2021\/01\/5v1_98.jpg","datePublished":"2021-01-12T14:57:36+00:00","dateModified":"2022-11-15T12:36:18+00:00","breadcrumb":{"@id":"https:\/\/simonjersey.eu\/fi\/tuote\/korkea-nakyvyys-fleecetakki-malfini\/#breadcrumb"},"inLanguage":"fi","potentialAction":[{"@type":"ReadAction","target":["https:\/\/simonjersey.eu\/fi\/tuote\/korkea-nakyvyys-fleecetakki-malfini\/"]}]},{"@type":"ImageObject","inLanguage":"fi","@id":"https:\/\/simonjersey.eu\/fi\/tuote\/korkea-nakyvyys-fleecetakki-malfini\/#primaryimage","url":"https:\/\/simonjersey.eu\/fi\/wp-content\/uploads\/sites\/3\/2021\/01\/5v1_98.jpg","contentUrl":"https:\/\/simonjersey.eu\/fi\/wp-content\/uploads\/sites\/3\/2021\/01\/5v1_98.jpg","width":700,"height":794},{"@type":"BreadcrumbList","@id":"https:\/\/simonjersey.eu\/fi\/tuote\/korkea-nakyvyys-fleecetakki-malfini\/#breadcrumb","itemListElement":[{"@type":"ListItem","position":1,"name":"Home","item":"https:\/\/simonjersey.eu\/fi\/"},{"@type":"ListItem","position":2,"name":"Verkkokauppa","item":"https:\/\/simonjersey.eu\/fi\/kauppaan\/"},{"@type":"ListItem","position":3,"name":"Korkea n\u00e4kyvyys fleecetakki MALFINI"}]},{"@type":"WebSite","@id":"https:\/\/simonjersey.eu\/fi\/#website","url":"https:\/\/simonjersey.eu\/fi\/","name":"Simon Jersey Suomi","description":"Tyylikk\u00e4\u00e4t ja kest\u00e4v\u00e4t  ammattiasut","potentialAction":[{"@type":"SearchAction","target":{"@type":"EntryPoint","urlTemplate":"https:\/\/simonjersey.eu\/fi\/?s={search_term_string}"},"query-input":{"@type":"PropertyValueSpecification","valueRequired":true,"valueName":"search_term_string"}}],"inLanguage":"fi"}]}},"_links":{"self":[{"href":"https:\/\/simonjersey.eu\/fi\/wp-json\/wp\/v2\/product\/5607","targetHints":{"allow":["GET"]}}],"collection":[{"href":"https:\/\/simonjersey.eu\/fi\/wp-json\/wp\/v2\/product"}],"about":[{"href":"https:\/\/simonjersey.eu\/fi\/wp-json\/wp\/v2\/types\/product"}],"wp:featuredmedia":[{"embeddable":true,"href":"https:\/\/simonjersey.eu\/fi\/wp-json\/wp\/v2\/media\/5610"}],"wp:attachment":[{"href":"https:\/\/simonjersey.eu\/fi\/wp-json\/wp\/v2\/media?parent=5607"}],"wp:term":[{"taxonomy":"product_brand","embeddable":true,"href":"https:\/\/simonjersey.eu\/fi\/wp-json\/wp\/v2\/product_brand?post=5607"},{"taxonomy":"product_cat","embeddable":true,"href":"https:\/\/simonjersey.eu\/fi\/wp-json\/wp\/v2\/product_cat?post=5607"},{"taxonomy":"product_tag","embeddable":true,"href":"https:\/\/simonjersey.eu\/fi\/wp-json\/wp\/v2\/product_tag?post=5607"}],"curies":[{"name":"wp","href":"https:\/\/api.w.org\/{rel}","templated":true}]}}