{"id":5614,"date":"2021-01-12T15:03:57","date_gmt":"2021-01-12T15:03:57","guid":{"rendered":"https:\/\/simonjersey.eu\/fi\/?post_type=product&#038;p=5614"},"modified":"2021-01-12T15:10:03","modified_gmt":"2021-01-12T15:10:03","slug":"malfini-hi-vis-takki-4in1","status":"publish","type":"product","link":"https:\/\/simonjersey.eu\/fi\/tuote\/malfini-hi-vis-takki-4in1\/","title":{"rendered":"MALFINI HI-VIS TAKKI 4in1"},"content":{"rendered":"","protected":false},"excerpt":{"rendered":"<p><strong>Unisex-<\/strong><strong>Heijastava takki on suunniteltu monik\u00e4ytt\u00f6\u00f6n (takki, fleece, liivi, ilman huppu)<\/strong><\/p>\n<ul>\n<li><strong>Upper jacket:<\/strong><\/li>\n<li>waterproof, breathable, fluorescent fabric<\/li>\n<li>full-length molded zipper with flap<\/li>\n<li>removable hood with reinforced peak, hidden in the collar<\/li>\n<li>hood and bottom hem adjustable by elastic drawstring<\/li>\n<li><strong>removable sleeves<\/strong><strong> , <\/strong>sleeve hems with elastic band, adjustable with velcro<\/li>\n<li>bellow pockets with flap and side pockets, breast zip pocket with placket, pocket for ID card and pens<\/li>\n<li>taped seams<\/li>\n<li>access for branding in back lining<\/li>\n<\/ul>\n<p>certification according to the standards EN ISO 20 471 (class 3, 1), EN 343+A1 (class 3:1) a EN ISO 13 688<\/p>\n<ul>\n<li><strong>Inner fleece:<\/strong><\/li>\n<li>removable inner fleece jacket<\/li>\n<li>insulating fluorescent fabric<\/li>\n<li>full-length molded zipper<\/li>\n<li>pockets with molded zipper<\/li>\n<li>trimmed by elastic stripe<\/li>\n<li>antipilling finish on both sides<\/li>\n<\/ul>\n<p>certification according to the standards EN ISO 20 471 (class 2) and EN ISO 13\u00a0688<\/p>\n<ul>\n<li><em>Upper jacket: Oxford, 100 % polyester with PU finish, retroreflective bands 3M, 210 g\/m\u00b2<\/em><\/li>\n<li><em>Inner fleece: Polar fleece, 100 % polyester, retroreflective bands 3M, antipilling finish on both sides, 280 g\/m\u00b2<\/em><\/li>\n<li><em>Care:\u00a040\u00b0 machine wash, easy to maintain<\/em><\/li>\n<li>Size<strong>: <\/strong>M &#8211; 4XL<\/li>\n<\/ul>\n","protected":false},"featured_media":5615,"template":"","meta":[],"product_brand":[],"product_cat":[86,93,87,28],"product_tag":[],"class_list":{"0":"post-5614","1":"product","2":"type-product","3":"status-publish","4":"has-post-thumbnail","6":"product_cat-varasto-ulkoilma-tyontekijat","7":"product_cat-tyotakit","8":"product_cat-heijastavat-huomio-vaatteet","9":"product_cat-ulkoilman-tyovaatteet","11":"first","12":"instock","13":"taxable","14":"shipping-taxable","15":"purchasable","16":"product-type-variable","17":"has-default-attributes"},"yoast_head":"<!-- This site is optimized with the Yoast SEO plugin v27.2 - https:\/\/yoast.com\/product\/yoast-seo-wordpress\/ -->\n<title>MALFINI HI-VIS TAKKI 4in1 - Simon Jersey Suomi<\/title>\n<meta name=\"robots\" content=\"index, follow, max-snippet:-1, max-image-preview:large, max-video-preview:-1\" \/>\n<link rel=\"canonical\" href=\"https:\/\/simonjersey.eu\/fi\/tuote\/malfini-hi-vis-takki-4in1\/\" \/>\n<meta property=\"og:locale\" content=\"fi_FI\" \/>\n<meta property=\"og:type\" content=\"article\" \/>\n<meta property=\"og:title\" content=\"MALFINI HI-VIS TAKKI 4in1 - Simon Jersey Suomi\" \/>\n<meta property=\"og:description\" content=\"Unisex-Heijastava takki on suunniteltu monik\u00e4ytt\u00f6\u00f6n (takki, fleece, liivi, ilman huppu)   Upper jacket:  waterproof, breathable, fluorescent fabric  full-length molded zipper with flap  removable hood with reinforced peak, hidden in the collar  hood and bottom hem adjustable by elastic drawstring  removable sleeves , sleeve hems with elastic band, adjustable with velcro  bellow pockets with flap and side pockets, breast zip pocket with placket, pocket for ID card and pens  taped seams  access for branding in back lining  certification according to the standards EN ISO 20 471 (class 3, 1), EN 343+A1 (class 3:1) a EN ISO 13 688   Inner fleece:  removable inner fleece jacket  insulating fluorescent fabric  full-length molded zipper  pockets with molded zipper  trimmed by elastic stripe  antipilling finish on both sides  certification according to the standards EN ISO 20 471 (class 2) and EN ISO 13\u00a0688   Upper jacket: Oxford, 100 % polyester with PU finish, retroreflective bands 3M, 210 g\/m\u00b2  Inner fleece: Polar fleece, 100 % polyester, retroreflective bands 3M, antipilling finish on both sides, 280 g\/m\u00b2  Care:\u00a040\u00b0 machine wash, easy to maintain  Size: M - 4XL\" \/>\n<meta property=\"og:url\" content=\"https:\/\/simonjersey.eu\/fi\/tuote\/malfini-hi-vis-takki-4in1\/\" \/>\n<meta property=\"og:site_name\" content=\"Simon Jersey Suomi\" \/>\n<meta property=\"article:modified_time\" content=\"2021-01-12T15:10:03+00:00\" \/>\n<meta property=\"og:image\" content=\"https:\/\/simonjersey.eu\/fi\/wp-content\/uploads\/sites\/3\/2021\/01\/5v2.jpg\" \/>\n\t<meta property=\"og:image:width\" content=\"700\" \/>\n\t<meta property=\"og:image:height\" content=\"1050\" \/>\n\t<meta property=\"og:image:type\" content=\"image\/jpeg\" \/>\n<meta name=\"twitter:card\" content=\"summary_large_image\" \/>\n<script type=\"application\/ld+json\" class=\"yoast-schema-graph\">{\"@context\":\"https:\/\/schema.org\",\"@graph\":[{\"@type\":\"WebPage\",\"@id\":\"https:\/\/simonjersey.eu\/fi\/tuote\/malfini-hi-vis-takki-4in1\/\",\"url\":\"https:\/\/simonjersey.eu\/fi\/tuote\/malfini-hi-vis-takki-4in1\/\",\"name\":\"MALFINI HI-VIS TAKKI 4in1 - Simon Jersey Suomi\",\"isPartOf\":{\"@id\":\"https:\/\/simonjersey.eu\/fi\/#website\"},\"primaryImageOfPage\":{\"@id\":\"https:\/\/simonjersey.eu\/fi\/tuote\/malfini-hi-vis-takki-4in1\/#primaryimage\"},\"image\":{\"@id\":\"https:\/\/simonjersey.eu\/fi\/tuote\/malfini-hi-vis-takki-4in1\/#primaryimage\"},\"thumbnailUrl\":\"https:\/\/simonjersey.eu\/fi\/wp-content\/uploads\/sites\/3\/2021\/01\/5v2.jpg\",\"datePublished\":\"2021-01-12T15:03:57+00:00\",\"dateModified\":\"2021-01-12T15:10:03+00:00\",\"breadcrumb\":{\"@id\":\"https:\/\/simonjersey.eu\/fi\/tuote\/malfini-hi-vis-takki-4in1\/#breadcrumb\"},\"inLanguage\":\"fi\",\"potentialAction\":[{\"@type\":\"ReadAction\",\"target\":[\"https:\/\/simonjersey.eu\/fi\/tuote\/malfini-hi-vis-takki-4in1\/\"]}]},{\"@type\":\"ImageObject\",\"inLanguage\":\"fi\",\"@id\":\"https:\/\/simonjersey.eu\/fi\/tuote\/malfini-hi-vis-takki-4in1\/#primaryimage\",\"url\":\"https:\/\/simonjersey.eu\/fi\/wp-content\/uploads\/sites\/3\/2021\/01\/5v2.jpg\",\"contentUrl\":\"https:\/\/simonjersey.eu\/fi\/wp-content\/uploads\/sites\/3\/2021\/01\/5v2.jpg\",\"width\":700,\"height\":1050},{\"@type\":\"BreadcrumbList\",\"@id\":\"https:\/\/simonjersey.eu\/fi\/tuote\/malfini-hi-vis-takki-4in1\/#breadcrumb\",\"itemListElement\":[{\"@type\":\"ListItem\",\"position\":1,\"name\":\"Home\",\"item\":\"https:\/\/simonjersey.eu\/fi\/\"},{\"@type\":\"ListItem\",\"position\":2,\"name\":\"Verkkokauppa\",\"item\":\"https:\/\/simonjersey.eu\/fi\/kauppaan\/\"},{\"@type\":\"ListItem\",\"position\":3,\"name\":\"MALFINI HI-VIS TAKKI 4in1\"}]},{\"@type\":\"WebSite\",\"@id\":\"https:\/\/simonjersey.eu\/fi\/#website\",\"url\":\"https:\/\/simonjersey.eu\/fi\/\",\"name\":\"Simon Jersey Suomi\",\"description\":\"Tyylikk\u00e4\u00e4t ja kest\u00e4v\u00e4t  ammattiasut\",\"potentialAction\":[{\"@type\":\"SearchAction\",\"target\":{\"@type\":\"EntryPoint\",\"urlTemplate\":\"https:\/\/simonjersey.eu\/fi\/?s={search_term_string}\"},\"query-input\":{\"@type\":\"PropertyValueSpecification\",\"valueRequired\":true,\"valueName\":\"search_term_string\"}}],\"inLanguage\":\"fi\"}]}<\/script>\n<!-- \/ Yoast SEO plugin. -->","yoast_head_json":{"title":"MALFINI HI-VIS TAKKI 4in1 - Simon Jersey Suomi","robots":{"index":"index","follow":"follow","max-snippet":"max-snippet:-1","max-image-preview":"max-image-preview:large","max-video-preview":"max-video-preview:-1"},"canonical":"https:\/\/simonjersey.eu\/fi\/tuote\/malfini-hi-vis-takki-4in1\/","og_locale":"fi_FI","og_type":"article","og_title":"MALFINI HI-VIS TAKKI 4in1 - Simon Jersey Suomi","og_description":"Unisex-Heijastava takki on suunniteltu monik\u00e4ytt\u00f6\u00f6n (takki, fleece, liivi, ilman huppu)   Upper jacket:  waterproof, breathable, fluorescent fabric  full-length molded zipper with flap  removable hood with reinforced peak, hidden in the collar  hood and bottom hem adjustable by elastic drawstring  removable sleeves , sleeve hems with elastic band, adjustable with velcro  bellow pockets with flap and side pockets, breast zip pocket with placket, pocket for ID card and pens  taped seams  access for branding in back lining  certification according to the standards EN ISO 20 471 (class 3, 1), EN 343+A1 (class 3:1) a EN ISO 13 688   Inner fleece:  removable inner fleece jacket  insulating fluorescent fabric  full-length molded zipper  pockets with molded zipper  trimmed by elastic stripe  antipilling finish on both sides  certification according to the standards EN ISO 20 471 (class 2) and EN ISO 13\u00a0688   Upper jacket: Oxford, 100 % polyester with PU finish, retroreflective bands 3M, 210 g\/m\u00b2  Inner fleece: Polar fleece, 100 % polyester, retroreflective bands 3M, antipilling finish on both sides, 280 g\/m\u00b2  Care:\u00a040\u00b0 machine wash, easy to maintain  Size: M - 4XL","og_url":"https:\/\/simonjersey.eu\/fi\/tuote\/malfini-hi-vis-takki-4in1\/","og_site_name":"Simon Jersey Suomi","article_modified_time":"2021-01-12T15:10:03+00:00","og_image":[{"width":700,"height":1050,"url":"https:\/\/simonjersey.eu\/fi\/wp-content\/uploads\/sites\/3\/2021\/01\/5v2.jpg","type":"image\/jpeg"}],"twitter_card":"summary_large_image","schema":{"@context":"https:\/\/schema.org","@graph":[{"@type":"WebPage","@id":"https:\/\/simonjersey.eu\/fi\/tuote\/malfini-hi-vis-takki-4in1\/","url":"https:\/\/simonjersey.eu\/fi\/tuote\/malfini-hi-vis-takki-4in1\/","name":"MALFINI HI-VIS TAKKI 4in1 - Simon Jersey Suomi","isPartOf":{"@id":"https:\/\/simonjersey.eu\/fi\/#website"},"primaryImageOfPage":{"@id":"https:\/\/simonjersey.eu\/fi\/tuote\/malfini-hi-vis-takki-4in1\/#primaryimage"},"image":{"@id":"https:\/\/simonjersey.eu\/fi\/tuote\/malfini-hi-vis-takki-4in1\/#primaryimage"},"thumbnailUrl":"https:\/\/simonjersey.eu\/fi\/wp-content\/uploads\/sites\/3\/2021\/01\/5v2.jpg","datePublished":"2021-01-12T15:03:57+00:00","dateModified":"2021-01-12T15:10:03+00:00","breadcrumb":{"@id":"https:\/\/simonjersey.eu\/fi\/tuote\/malfini-hi-vis-takki-4in1\/#breadcrumb"},"inLanguage":"fi","potentialAction":[{"@type":"ReadAction","target":["https:\/\/simonjersey.eu\/fi\/tuote\/malfini-hi-vis-takki-4in1\/"]}]},{"@type":"ImageObject","inLanguage":"fi","@id":"https:\/\/simonjersey.eu\/fi\/tuote\/malfini-hi-vis-takki-4in1\/#primaryimage","url":"https:\/\/simonjersey.eu\/fi\/wp-content\/uploads\/sites\/3\/2021\/01\/5v2.jpg","contentUrl":"https:\/\/simonjersey.eu\/fi\/wp-content\/uploads\/sites\/3\/2021\/01\/5v2.jpg","width":700,"height":1050},{"@type":"BreadcrumbList","@id":"https:\/\/simonjersey.eu\/fi\/tuote\/malfini-hi-vis-takki-4in1\/#breadcrumb","itemListElement":[{"@type":"ListItem","position":1,"name":"Home","item":"https:\/\/simonjersey.eu\/fi\/"},{"@type":"ListItem","position":2,"name":"Verkkokauppa","item":"https:\/\/simonjersey.eu\/fi\/kauppaan\/"},{"@type":"ListItem","position":3,"name":"MALFINI HI-VIS TAKKI 4in1"}]},{"@type":"WebSite","@id":"https:\/\/simonjersey.eu\/fi\/#website","url":"https:\/\/simonjersey.eu\/fi\/","name":"Simon Jersey Suomi","description":"Tyylikk\u00e4\u00e4t ja kest\u00e4v\u00e4t  ammattiasut","potentialAction":[{"@type":"SearchAction","target":{"@type":"EntryPoint","urlTemplate":"https:\/\/simonjersey.eu\/fi\/?s={search_term_string}"},"query-input":{"@type":"PropertyValueSpecification","valueRequired":true,"valueName":"search_term_string"}}],"inLanguage":"fi"}]}},"_links":{"self":[{"href":"https:\/\/simonjersey.eu\/fi\/wp-json\/wp\/v2\/product\/5614","targetHints":{"allow":["GET"]}}],"collection":[{"href":"https:\/\/simonjersey.eu\/fi\/wp-json\/wp\/v2\/product"}],"about":[{"href":"https:\/\/simonjersey.eu\/fi\/wp-json\/wp\/v2\/types\/product"}],"wp:featuredmedia":[{"embeddable":true,"href":"https:\/\/simonjersey.eu\/fi\/wp-json\/wp\/v2\/media\/5615"}],"wp:attachment":[{"href":"https:\/\/simonjersey.eu\/fi\/wp-json\/wp\/v2\/media?parent=5614"}],"wp:term":[{"taxonomy":"product_brand","embeddable":true,"href":"https:\/\/simonjersey.eu\/fi\/wp-json\/wp\/v2\/product_brand?post=5614"},{"taxonomy":"product_cat","embeddable":true,"href":"https:\/\/simonjersey.eu\/fi\/wp-json\/wp\/v2\/product_cat?post=5614"},{"taxonomy":"product_tag","embeddable":true,"href":"https:\/\/simonjersey.eu\/fi\/wp-json\/wp\/v2\/product_tag?post=5614"}],"curies":[{"name":"wp","href":"https:\/\/api.w.org\/{rel}","templated":true}]}}