{"id":601,"date":"2019-10-06T06:39:06","date_gmt":"2019-10-06T06:39:06","guid":{"rendered":"https:\/\/simonjersey.eu\/fi\/?post_type=product&#038;p=601"},"modified":"2024-11-11T10:44:51","modified_gmt":"2024-11-11T10:44:51","slug":"miesten-mandarin-kauluksen-vaalean-paita","status":"publish","type":"product","link":"https:\/\/simonjersey.eu\/fi\/tuote\/miesten-mandarin-kauluksen-vaalean-paita\/","title":{"rendered":"Miesten Mandarin kauluksen vaalean paita"},"content":{"rendered":"","protected":false},"excerpt":{"rendered":"<p>Give your staff a new look, with our banded collar long sleeve shirt.<br \/>\nThe contrast coloured collar is perfect for creating a statement<br \/>\nin what ever industry your business is a part of.<\/p>\n<p>Banded Collar, Two princess seam, Contrast fabric on the collar.<\/p>\n<p>Length: 80.5cm\/31.7in<br \/>\nMaterial: 71% Cotton, 29% Polyester.<br \/>\nCare: 40\u00b0, easy care garment, requiring minimum ironing.<br \/>\nSizes (UK): 14.5-19in.<\/p>\n<p>Naisten pusero <a href=\"https:\/\/simonjersey.eu\/fi\/tuote\/naisten-mandarin-kauluksen-vaalean-paita\/\">t\u00e4\u00e4ll\u00e4<\/a>!<\/p>\n","protected":false},"featured_media":606,"template":"","meta":[],"product_brand":[],"product_cat":[54,62,26],"product_tag":[],"class_list":{"0":"post-601","1":"product","2":"type-product","3":"status-publish","4":"has-post-thumbnail","6":"product_cat-miesten-paidat-ravintola-kahvila","7":"product_cat-miesten-paidat-hotelli-ja-palveluammatit","8":"product_cat-miesten-paidat","10":"first","11":"instock","12":"taxable","13":"shipping-taxable","14":"purchasable","15":"product-type-variable","16":"has-default-attributes"},"yoast_head":"<!-- This site is optimized with the Yoast SEO plugin v27.2 - https:\/\/yoast.com\/product\/yoast-seo-wordpress\/ -->\n<title>Miesten Mandarin kauluksen vaalean paita - Simon Jersey Suomi<\/title>\n<meta name=\"robots\" content=\"index, follow, max-snippet:-1, max-image-preview:large, max-video-preview:-1\" \/>\n<link rel=\"canonical\" href=\"https:\/\/simonjersey.eu\/fi\/tuote\/miesten-mandarin-kauluksen-vaalean-paita\/\" \/>\n<meta property=\"og:locale\" content=\"fi_FI\" \/>\n<meta property=\"og:type\" content=\"article\" \/>\n<meta property=\"og:title\" content=\"Miesten Mandarin kauluksen vaalean paita - Simon Jersey Suomi\" \/>\n<meta property=\"og:description\" content=\"Give your staff a new look, with our banded collar long sleeve shirt. The contrast coloured collar is perfect for creating a statement in what ever industry your business is a part of.  Banded Collar, Two princess seam, Contrast fabric on the collar.  Length: 80.5cm\/31.7in Material: 71% Cotton, 29% Polyester. Care: 40\u00b0, easy care garment, requiring minimum ironing. Sizes (UK): 14.5-19in.  Naisten pusero t\u00e4\u00e4ll\u00e4!\" \/>\n<meta property=\"og:url\" content=\"https:\/\/simonjersey.eu\/fi\/tuote\/miesten-mandarin-kauluksen-vaalean-paita\/\" \/>\n<meta property=\"og:site_name\" content=\"Simon Jersey Suomi\" \/>\n<meta property=\"article:modified_time\" content=\"2024-11-11T10:44:51+00:00\" \/>\n<meta property=\"og:image\" content=\"https:\/\/simonjersey.eu\/fi\/wp-content\/uploads\/sites\/3\/2019\/10\/MS2710-1.jpg\" \/>\n\t<meta property=\"og:image:width\" content=\"1000\" \/>\n\t<meta property=\"og:image:height\" content=\"1500\" \/>\n\t<meta property=\"og:image:type\" content=\"image\/jpeg\" \/>\n<meta name=\"twitter:card\" content=\"summary_large_image\" \/>\n<meta name=\"twitter:label1\" content=\"Arvioitu lukuaika\" \/>\n\t<meta name=\"twitter:data1\" content=\"1 minuutti\" \/>\n<script type=\"application\/ld+json\" class=\"yoast-schema-graph\">{\"@context\":\"https:\/\/schema.org\",\"@graph\":[{\"@type\":\"WebPage\",\"@id\":\"https:\/\/simonjersey.eu\/fi\/tuote\/miesten-mandarin-kauluksen-vaalean-paita\/\",\"url\":\"https:\/\/simonjersey.eu\/fi\/tuote\/miesten-mandarin-kauluksen-vaalean-paita\/\",\"name\":\"Miesten Mandarin kauluksen vaalean paita - Simon Jersey Suomi\",\"isPartOf\":{\"@id\":\"https:\/\/simonjersey.eu\/fi\/#website\"},\"primaryImageOfPage\":{\"@id\":\"https:\/\/simonjersey.eu\/fi\/tuote\/miesten-mandarin-kauluksen-vaalean-paita\/#primaryimage\"},\"image\":{\"@id\":\"https:\/\/simonjersey.eu\/fi\/tuote\/miesten-mandarin-kauluksen-vaalean-paita\/#primaryimage\"},\"thumbnailUrl\":\"https:\/\/simonjersey.eu\/fi\/wp-content\/uploads\/sites\/3\/2019\/10\/MS2710-1.jpg\",\"datePublished\":\"2019-10-06T06:39:06+00:00\",\"dateModified\":\"2024-11-11T10:44:51+00:00\",\"breadcrumb\":{\"@id\":\"https:\/\/simonjersey.eu\/fi\/tuote\/miesten-mandarin-kauluksen-vaalean-paita\/#breadcrumb\"},\"inLanguage\":\"fi\",\"potentialAction\":[{\"@type\":\"ReadAction\",\"target\":[\"https:\/\/simonjersey.eu\/fi\/tuote\/miesten-mandarin-kauluksen-vaalean-paita\/\"]}]},{\"@type\":\"ImageObject\",\"inLanguage\":\"fi\",\"@id\":\"https:\/\/simonjersey.eu\/fi\/tuote\/miesten-mandarin-kauluksen-vaalean-paita\/#primaryimage\",\"url\":\"https:\/\/simonjersey.eu\/fi\/wp-content\/uploads\/sites\/3\/2019\/10\/MS2710-1.jpg\",\"contentUrl\":\"https:\/\/simonjersey.eu\/fi\/wp-content\/uploads\/sites\/3\/2019\/10\/MS2710-1.jpg\",\"width\":1000,\"height\":1500},{\"@type\":\"BreadcrumbList\",\"@id\":\"https:\/\/simonjersey.eu\/fi\/tuote\/miesten-mandarin-kauluksen-vaalean-paita\/#breadcrumb\",\"itemListElement\":[{\"@type\":\"ListItem\",\"position\":1,\"name\":\"Home\",\"item\":\"https:\/\/simonjersey.eu\/fi\/\"},{\"@type\":\"ListItem\",\"position\":2,\"name\":\"Verkkokauppa\",\"item\":\"https:\/\/simonjersey.eu\/fi\/kauppaan\/\"},{\"@type\":\"ListItem\",\"position\":3,\"name\":\"Miesten Mandarin kauluksen vaalean paita\"}]},{\"@type\":\"WebSite\",\"@id\":\"https:\/\/simonjersey.eu\/fi\/#website\",\"url\":\"https:\/\/simonjersey.eu\/fi\/\",\"name\":\"Simon Jersey Suomi\",\"description\":\"Tyylikk\u00e4\u00e4t ja kest\u00e4v\u00e4t  ammattiasut\",\"potentialAction\":[{\"@type\":\"SearchAction\",\"target\":{\"@type\":\"EntryPoint\",\"urlTemplate\":\"https:\/\/simonjersey.eu\/fi\/?s={search_term_string}\"},\"query-input\":{\"@type\":\"PropertyValueSpecification\",\"valueRequired\":true,\"valueName\":\"search_term_string\"}}],\"inLanguage\":\"fi\"}]}<\/script>\n<!-- \/ Yoast SEO plugin. -->","yoast_head_json":{"title":"Miesten Mandarin kauluksen vaalean paita - Simon Jersey Suomi","robots":{"index":"index","follow":"follow","max-snippet":"max-snippet:-1","max-image-preview":"max-image-preview:large","max-video-preview":"max-video-preview:-1"},"canonical":"https:\/\/simonjersey.eu\/fi\/tuote\/miesten-mandarin-kauluksen-vaalean-paita\/","og_locale":"fi_FI","og_type":"article","og_title":"Miesten Mandarin kauluksen vaalean paita - Simon Jersey Suomi","og_description":"Give your staff a new look, with our banded collar long sleeve shirt. The contrast coloured collar is perfect for creating a statement in what ever industry your business is a part of.  Banded Collar, Two princess seam, Contrast fabric on the collar.  Length: 80.5cm\/31.7in Material: 71% Cotton, 29% Polyester. Care: 40\u00b0, easy care garment, requiring minimum ironing. Sizes (UK): 14.5-19in.  Naisten pusero t\u00e4\u00e4ll\u00e4!","og_url":"https:\/\/simonjersey.eu\/fi\/tuote\/miesten-mandarin-kauluksen-vaalean-paita\/","og_site_name":"Simon Jersey Suomi","article_modified_time":"2024-11-11T10:44:51+00:00","og_image":[{"width":1000,"height":1500,"url":"https:\/\/simonjersey.eu\/fi\/wp-content\/uploads\/sites\/3\/2019\/10\/MS2710-1.jpg","type":"image\/jpeg"}],"twitter_card":"summary_large_image","twitter_misc":{"Arvioitu lukuaika":"1 minuutti"},"schema":{"@context":"https:\/\/schema.org","@graph":[{"@type":"WebPage","@id":"https:\/\/simonjersey.eu\/fi\/tuote\/miesten-mandarin-kauluksen-vaalean-paita\/","url":"https:\/\/simonjersey.eu\/fi\/tuote\/miesten-mandarin-kauluksen-vaalean-paita\/","name":"Miesten Mandarin kauluksen vaalean paita - Simon Jersey Suomi","isPartOf":{"@id":"https:\/\/simonjersey.eu\/fi\/#website"},"primaryImageOfPage":{"@id":"https:\/\/simonjersey.eu\/fi\/tuote\/miesten-mandarin-kauluksen-vaalean-paita\/#primaryimage"},"image":{"@id":"https:\/\/simonjersey.eu\/fi\/tuote\/miesten-mandarin-kauluksen-vaalean-paita\/#primaryimage"},"thumbnailUrl":"https:\/\/simonjersey.eu\/fi\/wp-content\/uploads\/sites\/3\/2019\/10\/MS2710-1.jpg","datePublished":"2019-10-06T06:39:06+00:00","dateModified":"2024-11-11T10:44:51+00:00","breadcrumb":{"@id":"https:\/\/simonjersey.eu\/fi\/tuote\/miesten-mandarin-kauluksen-vaalean-paita\/#breadcrumb"},"inLanguage":"fi","potentialAction":[{"@type":"ReadAction","target":["https:\/\/simonjersey.eu\/fi\/tuote\/miesten-mandarin-kauluksen-vaalean-paita\/"]}]},{"@type":"ImageObject","inLanguage":"fi","@id":"https:\/\/simonjersey.eu\/fi\/tuote\/miesten-mandarin-kauluksen-vaalean-paita\/#primaryimage","url":"https:\/\/simonjersey.eu\/fi\/wp-content\/uploads\/sites\/3\/2019\/10\/MS2710-1.jpg","contentUrl":"https:\/\/simonjersey.eu\/fi\/wp-content\/uploads\/sites\/3\/2019\/10\/MS2710-1.jpg","width":1000,"height":1500},{"@type":"BreadcrumbList","@id":"https:\/\/simonjersey.eu\/fi\/tuote\/miesten-mandarin-kauluksen-vaalean-paita\/#breadcrumb","itemListElement":[{"@type":"ListItem","position":1,"name":"Home","item":"https:\/\/simonjersey.eu\/fi\/"},{"@type":"ListItem","position":2,"name":"Verkkokauppa","item":"https:\/\/simonjersey.eu\/fi\/kauppaan\/"},{"@type":"ListItem","position":3,"name":"Miesten Mandarin kauluksen vaalean paita"}]},{"@type":"WebSite","@id":"https:\/\/simonjersey.eu\/fi\/#website","url":"https:\/\/simonjersey.eu\/fi\/","name":"Simon Jersey Suomi","description":"Tyylikk\u00e4\u00e4t ja kest\u00e4v\u00e4t  ammattiasut","potentialAction":[{"@type":"SearchAction","target":{"@type":"EntryPoint","urlTemplate":"https:\/\/simonjersey.eu\/fi\/?s={search_term_string}"},"query-input":{"@type":"PropertyValueSpecification","valueRequired":true,"valueName":"search_term_string"}}],"inLanguage":"fi"}]}},"_links":{"self":[{"href":"https:\/\/simonjersey.eu\/fi\/wp-json\/wp\/v2\/product\/601","targetHints":{"allow":["GET"]}}],"collection":[{"href":"https:\/\/simonjersey.eu\/fi\/wp-json\/wp\/v2\/product"}],"about":[{"href":"https:\/\/simonjersey.eu\/fi\/wp-json\/wp\/v2\/types\/product"}],"wp:featuredmedia":[{"embeddable":true,"href":"https:\/\/simonjersey.eu\/fi\/wp-json\/wp\/v2\/media\/606"}],"wp:attachment":[{"href":"https:\/\/simonjersey.eu\/fi\/wp-json\/wp\/v2\/media?parent=601"}],"wp:term":[{"taxonomy":"product_brand","embeddable":true,"href":"https:\/\/simonjersey.eu\/fi\/wp-json\/wp\/v2\/product_brand?post=601"},{"taxonomy":"product_cat","embeddable":true,"href":"https:\/\/simonjersey.eu\/fi\/wp-json\/wp\/v2\/product_cat?post=601"},{"taxonomy":"product_tag","embeddable":true,"href":"https:\/\/simonjersey.eu\/fi\/wp-json\/wp\/v2\/product_tag?post=601"}],"curies":[{"name":"wp","href":"https:\/\/api.w.org\/{rel}","templated":true}]}}