{"id":6080,"date":"2021-05-12T06:22:01","date_gmt":"2021-05-12T06:22:01","guid":{"rendered":"https:\/\/simonjersey.eu\/fi\/?post_type=product&#038;p=6080"},"modified":"2024-11-11T10:27:49","modified_gmt":"2024-11-11T10:27:49","slug":"malfini-collar-up-naisten-pikeepaita","status":"publish","type":"product","link":"https:\/\/simonjersey.eu\/fi\/tuote\/malfini-collar-up-naisten-pikeepaita\/","title":{"rendered":"Malfini Collar Up naisten pikeepaita"},"content":{"rendered":"","protected":false},"excerpt":{"rendered":"<p>Malfini Premium pikeepaita on k\u00e4yt\u00e4nn\u00f6llinen ja kest\u00e4v\u00e4 valinta ty\u00f6asuksi. Suunniteltu n\u00e4ytt\u00e4m\u00e4\u00e4n hyv\u00e4lt\u00e4 ja tuntumaan mukavalta koko ty\u00f6p\u00e4iv\u00e4n ajan. Laaja v\u00e4rivalikoima antaa helpon mahdollisuuden jakaa ty\u00f6ntekij\u00e4t osastoihin. Sivusaumat, lyhyet kohokuvioitut hihat.<\/p>\n<p>Materiaali:\u00a0<em>Pique, <\/em><em>100<\/em><em> % cotton\u00a0<\/em>\/\u00a0 215 g\/m\u00b2<\/p>\n<p>Konepesu: 40\u00b0<\/p>\n<p>Koko: XS-2XL.<\/p>\n<p><em>Pituus M koossa 6<\/em><em>7<\/em><em> cm, hihan pituus 16,<\/em><em>5<\/em><em>\u00a0cm<\/em><\/p>\n<p><strong>HUOM! Pienin tilaus: 6 paitaa (voi olla erilaisia Malfini-tuotteita, v\u00e4rej\u00e4 ja kokoja, malleja, miesten ja \/ tai naisten tuoteita)<\/strong><\/p>\n","protected":false},"featured_media":6090,"template":"","meta":[],"product_brand":[],"product_cat":[47,89,22],"product_tag":[],"class_list":{"0":"post-6080","1":"product","2":"type-product","3":"status-publish","4":"has-post-thumbnail","6":"product_cat-poolot-ja-t-paidat","7":"product_cat-pikeet-ja-t-paidat-varasto-ulkoilma-tyontekijat","8":"product_cat-pikeet-ja-t-paidat","10":"first","11":"instock","12":"taxable","13":"shipping-taxable","14":"purchasable","15":"product-type-variable","16":"has-default-attributes"},"yoast_head":"<!-- This site is optimized with the Yoast SEO plugin v27.2 - https:\/\/yoast.com\/product\/yoast-seo-wordpress\/ -->\n<title>Malfini Collar Up naisten pikeepaita - Simon Jersey Suomi<\/title>\n<meta name=\"robots\" content=\"index, follow, max-snippet:-1, max-image-preview:large, max-video-preview:-1\" \/>\n<link rel=\"canonical\" href=\"https:\/\/simonjersey.eu\/fi\/tuote\/malfini-collar-up-naisten-pikeepaita\/\" \/>\n<meta property=\"og:locale\" content=\"fi_FI\" \/>\n<meta property=\"og:type\" content=\"article\" \/>\n<meta property=\"og:title\" content=\"Malfini Collar Up naisten pikeepaita - Simon Jersey Suomi\" \/>\n<meta property=\"og:description\" content=\"Malfini Premium pikeepaita on k\u00e4yt\u00e4nn\u00f6llinen ja kest\u00e4v\u00e4 valinta ty\u00f6asuksi. Suunniteltu n\u00e4ytt\u00e4m\u00e4\u00e4n hyv\u00e4lt\u00e4 ja tuntumaan mukavalta koko ty\u00f6p\u00e4iv\u00e4n ajan. Laaja v\u00e4rivalikoima antaa helpon mahdollisuuden jakaa ty\u00f6ntekij\u00e4t osastoihin. Sivusaumat, lyhyet kohokuvioitut hihat.  Materiaali:\u00a0Pique, 100 % cotton\u00a0\/\u00a0 215 g\/m\u00b2  Konepesu: 40\u00b0  Koko: XS-2XL.  Pituus M koossa 67 cm, hihan pituus 16,5\u00a0cm  HUOM! Pienin tilaus: 6 paitaa (voi olla erilaisia Malfini-tuotteita, v\u00e4rej\u00e4 ja kokoja, malleja, miesten ja \/ tai naisten tuoteita)\" \/>\n<meta property=\"og:url\" content=\"https:\/\/simonjersey.eu\/fi\/tuote\/malfini-collar-up-naisten-pikeepaita\/\" \/>\n<meta property=\"og:site_name\" content=\"Simon Jersey Suomi\" \/>\n<meta property=\"article:modified_time\" content=\"2024-11-11T10:27:49+00:00\" \/>\n<meta property=\"og:image\" content=\"https:\/\/simonjersey.eu\/fi\/wp-content\/uploads\/sites\/3\/2021\/05\/257-2.jpg\" \/>\n\t<meta property=\"og:image:width\" content=\"700\" \/>\n\t<meta property=\"og:image:height\" content=\"1050\" \/>\n\t<meta property=\"og:image:type\" content=\"image\/jpeg\" \/>\n<meta name=\"twitter:card\" content=\"summary_large_image\" \/>\n<meta name=\"twitter:label1\" content=\"Arvioitu lukuaika\" \/>\n\t<meta name=\"twitter:data1\" content=\"1 minuutti\" \/>\n<script type=\"application\/ld+json\" class=\"yoast-schema-graph\">{\"@context\":\"https:\/\/schema.org\",\"@graph\":[{\"@type\":\"WebPage\",\"@id\":\"https:\/\/simonjersey.eu\/fi\/tuote\/malfini-collar-up-naisten-pikeepaita\/\",\"url\":\"https:\/\/simonjersey.eu\/fi\/tuote\/malfini-collar-up-naisten-pikeepaita\/\",\"name\":\"Malfini Collar Up naisten pikeepaita - Simon Jersey Suomi\",\"isPartOf\":{\"@id\":\"https:\/\/simonjersey.eu\/fi\/#website\"},\"primaryImageOfPage\":{\"@id\":\"https:\/\/simonjersey.eu\/fi\/tuote\/malfini-collar-up-naisten-pikeepaita\/#primaryimage\"},\"image\":{\"@id\":\"https:\/\/simonjersey.eu\/fi\/tuote\/malfini-collar-up-naisten-pikeepaita\/#primaryimage\"},\"thumbnailUrl\":\"https:\/\/simonjersey.eu\/fi\/wp-content\/uploads\/sites\/3\/2021\/05\/257-2.jpg\",\"datePublished\":\"2021-05-12T06:22:01+00:00\",\"dateModified\":\"2024-11-11T10:27:49+00:00\",\"breadcrumb\":{\"@id\":\"https:\/\/simonjersey.eu\/fi\/tuote\/malfini-collar-up-naisten-pikeepaita\/#breadcrumb\"},\"inLanguage\":\"fi\",\"potentialAction\":[{\"@type\":\"ReadAction\",\"target\":[\"https:\/\/simonjersey.eu\/fi\/tuote\/malfini-collar-up-naisten-pikeepaita\/\"]}]},{\"@type\":\"ImageObject\",\"inLanguage\":\"fi\",\"@id\":\"https:\/\/simonjersey.eu\/fi\/tuote\/malfini-collar-up-naisten-pikeepaita\/#primaryimage\",\"url\":\"https:\/\/simonjersey.eu\/fi\/wp-content\/uploads\/sites\/3\/2021\/05\/257-2.jpg\",\"contentUrl\":\"https:\/\/simonjersey.eu\/fi\/wp-content\/uploads\/sites\/3\/2021\/05\/257-2.jpg\",\"width\":700,\"height\":1050},{\"@type\":\"BreadcrumbList\",\"@id\":\"https:\/\/simonjersey.eu\/fi\/tuote\/malfini-collar-up-naisten-pikeepaita\/#breadcrumb\",\"itemListElement\":[{\"@type\":\"ListItem\",\"position\":1,\"name\":\"Home\",\"item\":\"https:\/\/simonjersey.eu\/fi\/\"},{\"@type\":\"ListItem\",\"position\":2,\"name\":\"Verkkokauppa\",\"item\":\"https:\/\/simonjersey.eu\/fi\/kauppaan\/\"},{\"@type\":\"ListItem\",\"position\":3,\"name\":\"Malfini Collar Up naisten pikeepaita\"}]},{\"@type\":\"WebSite\",\"@id\":\"https:\/\/simonjersey.eu\/fi\/#website\",\"url\":\"https:\/\/simonjersey.eu\/fi\/\",\"name\":\"Simon Jersey Suomi\",\"description\":\"Tyylikk\u00e4\u00e4t ja kest\u00e4v\u00e4t  ammattiasut\",\"potentialAction\":[{\"@type\":\"SearchAction\",\"target\":{\"@type\":\"EntryPoint\",\"urlTemplate\":\"https:\/\/simonjersey.eu\/fi\/?s={search_term_string}\"},\"query-input\":{\"@type\":\"PropertyValueSpecification\",\"valueRequired\":true,\"valueName\":\"search_term_string\"}}],\"inLanguage\":\"fi\"}]}<\/script>\n<!-- \/ Yoast SEO plugin. -->","yoast_head_json":{"title":"Malfini Collar Up naisten pikeepaita - Simon Jersey Suomi","robots":{"index":"index","follow":"follow","max-snippet":"max-snippet:-1","max-image-preview":"max-image-preview:large","max-video-preview":"max-video-preview:-1"},"canonical":"https:\/\/simonjersey.eu\/fi\/tuote\/malfini-collar-up-naisten-pikeepaita\/","og_locale":"fi_FI","og_type":"article","og_title":"Malfini Collar Up naisten pikeepaita - Simon Jersey Suomi","og_description":"Malfini Premium pikeepaita on k\u00e4yt\u00e4nn\u00f6llinen ja kest\u00e4v\u00e4 valinta ty\u00f6asuksi. Suunniteltu n\u00e4ytt\u00e4m\u00e4\u00e4n hyv\u00e4lt\u00e4 ja tuntumaan mukavalta koko ty\u00f6p\u00e4iv\u00e4n ajan. Laaja v\u00e4rivalikoima antaa helpon mahdollisuuden jakaa ty\u00f6ntekij\u00e4t osastoihin. Sivusaumat, lyhyet kohokuvioitut hihat.  Materiaali:\u00a0Pique, 100 % cotton\u00a0\/\u00a0 215 g\/m\u00b2  Konepesu: 40\u00b0  Koko: XS-2XL.  Pituus M koossa 67 cm, hihan pituus 16,5\u00a0cm  HUOM! Pienin tilaus: 6 paitaa (voi olla erilaisia Malfini-tuotteita, v\u00e4rej\u00e4 ja kokoja, malleja, miesten ja \/ tai naisten tuoteita)","og_url":"https:\/\/simonjersey.eu\/fi\/tuote\/malfini-collar-up-naisten-pikeepaita\/","og_site_name":"Simon Jersey Suomi","article_modified_time":"2024-11-11T10:27:49+00:00","og_image":[{"width":700,"height":1050,"url":"https:\/\/simonjersey.eu\/fi\/wp-content\/uploads\/sites\/3\/2021\/05\/257-2.jpg","type":"image\/jpeg"}],"twitter_card":"summary_large_image","twitter_misc":{"Arvioitu lukuaika":"1 minuutti"},"schema":{"@context":"https:\/\/schema.org","@graph":[{"@type":"WebPage","@id":"https:\/\/simonjersey.eu\/fi\/tuote\/malfini-collar-up-naisten-pikeepaita\/","url":"https:\/\/simonjersey.eu\/fi\/tuote\/malfini-collar-up-naisten-pikeepaita\/","name":"Malfini Collar Up naisten pikeepaita - Simon Jersey Suomi","isPartOf":{"@id":"https:\/\/simonjersey.eu\/fi\/#website"},"primaryImageOfPage":{"@id":"https:\/\/simonjersey.eu\/fi\/tuote\/malfini-collar-up-naisten-pikeepaita\/#primaryimage"},"image":{"@id":"https:\/\/simonjersey.eu\/fi\/tuote\/malfini-collar-up-naisten-pikeepaita\/#primaryimage"},"thumbnailUrl":"https:\/\/simonjersey.eu\/fi\/wp-content\/uploads\/sites\/3\/2021\/05\/257-2.jpg","datePublished":"2021-05-12T06:22:01+00:00","dateModified":"2024-11-11T10:27:49+00:00","breadcrumb":{"@id":"https:\/\/simonjersey.eu\/fi\/tuote\/malfini-collar-up-naisten-pikeepaita\/#breadcrumb"},"inLanguage":"fi","potentialAction":[{"@type":"ReadAction","target":["https:\/\/simonjersey.eu\/fi\/tuote\/malfini-collar-up-naisten-pikeepaita\/"]}]},{"@type":"ImageObject","inLanguage":"fi","@id":"https:\/\/simonjersey.eu\/fi\/tuote\/malfini-collar-up-naisten-pikeepaita\/#primaryimage","url":"https:\/\/simonjersey.eu\/fi\/wp-content\/uploads\/sites\/3\/2021\/05\/257-2.jpg","contentUrl":"https:\/\/simonjersey.eu\/fi\/wp-content\/uploads\/sites\/3\/2021\/05\/257-2.jpg","width":700,"height":1050},{"@type":"BreadcrumbList","@id":"https:\/\/simonjersey.eu\/fi\/tuote\/malfini-collar-up-naisten-pikeepaita\/#breadcrumb","itemListElement":[{"@type":"ListItem","position":1,"name":"Home","item":"https:\/\/simonjersey.eu\/fi\/"},{"@type":"ListItem","position":2,"name":"Verkkokauppa","item":"https:\/\/simonjersey.eu\/fi\/kauppaan\/"},{"@type":"ListItem","position":3,"name":"Malfini Collar Up naisten pikeepaita"}]},{"@type":"WebSite","@id":"https:\/\/simonjersey.eu\/fi\/#website","url":"https:\/\/simonjersey.eu\/fi\/","name":"Simon Jersey Suomi","description":"Tyylikk\u00e4\u00e4t ja kest\u00e4v\u00e4t  ammattiasut","potentialAction":[{"@type":"SearchAction","target":{"@type":"EntryPoint","urlTemplate":"https:\/\/simonjersey.eu\/fi\/?s={search_term_string}"},"query-input":{"@type":"PropertyValueSpecification","valueRequired":true,"valueName":"search_term_string"}}],"inLanguage":"fi"}]}},"_links":{"self":[{"href":"https:\/\/simonjersey.eu\/fi\/wp-json\/wp\/v2\/product\/6080","targetHints":{"allow":["GET"]}}],"collection":[{"href":"https:\/\/simonjersey.eu\/fi\/wp-json\/wp\/v2\/product"}],"about":[{"href":"https:\/\/simonjersey.eu\/fi\/wp-json\/wp\/v2\/types\/product"}],"wp:featuredmedia":[{"embeddable":true,"href":"https:\/\/simonjersey.eu\/fi\/wp-json\/wp\/v2\/media\/6090"}],"wp:attachment":[{"href":"https:\/\/simonjersey.eu\/fi\/wp-json\/wp\/v2\/media?parent=6080"}],"wp:term":[{"taxonomy":"product_brand","embeddable":true,"href":"https:\/\/simonjersey.eu\/fi\/wp-json\/wp\/v2\/product_brand?post=6080"},{"taxonomy":"product_cat","embeddable":true,"href":"https:\/\/simonjersey.eu\/fi\/wp-json\/wp\/v2\/product_cat?post=6080"},{"taxonomy":"product_tag","embeddable":true,"href":"https:\/\/simonjersey.eu\/fi\/wp-json\/wp\/v2\/product_tag?post=6080"}],"curies":[{"name":"wp","href":"https:\/\/api.w.org\/{rel}","templated":true}]}}