{"id":6100,"date":"2021-05-12T06:34:24","date_gmt":"2021-05-12T06:34:24","guid":{"rendered":"https:\/\/simonjersey.eu\/fi\/?post_type=product&#038;p=6100"},"modified":"2025-02-19T09:21:27","modified_gmt":"2025-02-19T09:21:27","slug":"malfini-pikeemekko","status":"publish","type":"product","link":"https:\/\/simonjersey.eu\/fi\/tuote\/malfini-pikeemekko\/","title":{"rendered":"Malfini pikeemekko"},"content":{"rendered":"","protected":false},"excerpt":{"rendered":"<p>Malfini pikeemekko on k\u00e4yt\u00e4nn\u00f6llinen ja kest\u00e4v\u00e4 valinta ty\u00f6asuksi. Suunniteltu n\u00e4ytt\u00e4m\u00e4\u00e4n hyv\u00e4lt\u00e4 ja tuntumaan mukavalta koko ty\u00f6p\u00e4iv\u00e4n ajan. Pue ty\u00f6ntekij\u00e4t yhten\u00e4isill\u00e4 vaatteilla valitsemalla saman tyyliset pikeepaidat naisille ja miehille.<\/p>\n<p>Materiaali:\u00a0<em>Pique, <\/em><em>100<\/em><em> % cotton\u00a0<\/em>\/\u00a0 215 g\/m\u00b2<\/p>\n<p>Konepesu: 40\u00b0<\/p>\n<p>Koko: XS-2XL.<\/p>\n<p><em>Pituus <\/em><em>M<\/em><em> koossa <\/em><em>95<\/em><em>\u00a0cm, hihan pituus\u00a0<\/em><em>16,5<\/em><em>\u00a0cm<\/em><\/p>\n<p><strong>HUOM! Pienin tilaus: 6 <\/strong><strong>mekkoa<\/strong><strong> (voi olla erilaisia Malfini-tuotteita, v\u00e4rej\u00e4 ja kokoja, malleja, miesten ja \/ tai naisten <\/strong><strong>tuotteita<\/strong><strong>)<\/strong><\/p>\n","protected":false},"featured_media":6104,"template":"","meta":[],"product_brand":[],"product_cat":[37,52,47,89,19,22],"product_tag":[],"class_list":{"0":"post-6100","1":"product","2":"type-product","3":"status-publish","4":"has-post-thumbnail","6":"product_cat-mekot","7":"product_cat-hamet-ja-mekot-ravintola-kahvila","8":"product_cat-poolot-ja-t-paidat","9":"product_cat-pikeet-ja-t-paidat-varasto-ulkoilma-tyontekijat","10":"product_cat-hamet-ja-mekot","11":"product_cat-pikeet-ja-t-paidat","13":"first","14":"instock","15":"taxable","16":"shipping-taxable","17":"purchasable","18":"product-type-variable","19":"has-default-attributes"},"yoast_head":"<!-- This site is optimized with the Yoast SEO plugin v27.2 - https:\/\/yoast.com\/product\/yoast-seo-wordpress\/ -->\n<title>Malfini pikeemekko - Simon Jersey Suomi<\/title>\n<meta name=\"robots\" content=\"index, follow, max-snippet:-1, max-image-preview:large, max-video-preview:-1\" \/>\n<link rel=\"canonical\" href=\"https:\/\/simonjersey.eu\/fi\/tuote\/malfini-pikeemekko\/\" \/>\n<meta property=\"og:locale\" content=\"fi_FI\" \/>\n<meta property=\"og:type\" content=\"article\" \/>\n<meta property=\"og:title\" content=\"Malfini pikeemekko - Simon Jersey Suomi\" \/>\n<meta property=\"og:description\" content=\"Malfini pikeemekko on k\u00e4yt\u00e4nn\u00f6llinen ja kest\u00e4v\u00e4 valinta ty\u00f6asuksi. Suunniteltu n\u00e4ytt\u00e4m\u00e4\u00e4n hyv\u00e4lt\u00e4 ja tuntumaan mukavalta koko ty\u00f6p\u00e4iv\u00e4n ajan. Pue ty\u00f6ntekij\u00e4t yhten\u00e4isill\u00e4 vaatteilla valitsemalla saman tyyliset pikeepaidat naisille ja miehille.  Materiaali:\u00a0Pique, 100 % cotton\u00a0\/\u00a0 215 g\/m\u00b2  Konepesu: 40\u00b0  Koko: XS-2XL.  Pituus M koossa 95\u00a0cm, hihan pituus\u00a016,5\u00a0cm  HUOM! Pienin tilaus: 6 mekkoa (voi olla erilaisia Malfini-tuotteita, v\u00e4rej\u00e4 ja kokoja, malleja, miesten ja \/ tai naisten tuotteita)\" \/>\n<meta property=\"og:url\" content=\"https:\/\/simonjersey.eu\/fi\/tuote\/malfini-pikeemekko\/\" \/>\n<meta property=\"og:site_name\" content=\"Simon Jersey Suomi\" \/>\n<meta property=\"article:modified_time\" content=\"2025-02-19T09:21:27+00:00\" \/>\n<meta property=\"og:image\" content=\"https:\/\/simonjersey.eu\/fi\/wp-content\/uploads\/sites\/3\/2021\/05\/271-71.jpg\" \/>\n\t<meta property=\"og:image:width\" content=\"700\" \/>\n\t<meta property=\"og:image:height\" content=\"1049\" \/>\n\t<meta property=\"og:image:type\" content=\"image\/jpeg\" \/>\n<meta name=\"twitter:card\" content=\"summary_large_image\" \/>\n<meta name=\"twitter:label1\" content=\"Arvioitu lukuaika\" \/>\n\t<meta name=\"twitter:data1\" content=\"1 minuutti\" \/>\n<script type=\"application\/ld+json\" class=\"yoast-schema-graph\">{\"@context\":\"https:\/\/schema.org\",\"@graph\":[{\"@type\":\"WebPage\",\"@id\":\"https:\/\/simonjersey.eu\/fi\/tuote\/malfini-pikeemekko\/\",\"url\":\"https:\/\/simonjersey.eu\/fi\/tuote\/malfini-pikeemekko\/\",\"name\":\"Malfini pikeemekko - Simon Jersey Suomi\",\"isPartOf\":{\"@id\":\"https:\/\/simonjersey.eu\/fi\/#website\"},\"primaryImageOfPage\":{\"@id\":\"https:\/\/simonjersey.eu\/fi\/tuote\/malfini-pikeemekko\/#primaryimage\"},\"image\":{\"@id\":\"https:\/\/simonjersey.eu\/fi\/tuote\/malfini-pikeemekko\/#primaryimage\"},\"thumbnailUrl\":\"https:\/\/simonjersey.eu\/fi\/wp-content\/uploads\/sites\/3\/2021\/05\/271-71.jpg\",\"datePublished\":\"2021-05-12T06:34:24+00:00\",\"dateModified\":\"2025-02-19T09:21:27+00:00\",\"breadcrumb\":{\"@id\":\"https:\/\/simonjersey.eu\/fi\/tuote\/malfini-pikeemekko\/#breadcrumb\"},\"inLanguage\":\"fi\",\"potentialAction\":[{\"@type\":\"ReadAction\",\"target\":[\"https:\/\/simonjersey.eu\/fi\/tuote\/malfini-pikeemekko\/\"]}]},{\"@type\":\"ImageObject\",\"inLanguage\":\"fi\",\"@id\":\"https:\/\/simonjersey.eu\/fi\/tuote\/malfini-pikeemekko\/#primaryimage\",\"url\":\"https:\/\/simonjersey.eu\/fi\/wp-content\/uploads\/sites\/3\/2021\/05\/271-71.jpg\",\"contentUrl\":\"https:\/\/simonjersey.eu\/fi\/wp-content\/uploads\/sites\/3\/2021\/05\/271-71.jpg\",\"width\":700,\"height\":1049},{\"@type\":\"BreadcrumbList\",\"@id\":\"https:\/\/simonjersey.eu\/fi\/tuote\/malfini-pikeemekko\/#breadcrumb\",\"itemListElement\":[{\"@type\":\"ListItem\",\"position\":1,\"name\":\"Home\",\"item\":\"https:\/\/simonjersey.eu\/fi\/\"},{\"@type\":\"ListItem\",\"position\":2,\"name\":\"Verkkokauppa\",\"item\":\"https:\/\/simonjersey.eu\/fi\/kauppaan\/\"},{\"@type\":\"ListItem\",\"position\":3,\"name\":\"Malfini pikeemekko\"}]},{\"@type\":\"WebSite\",\"@id\":\"https:\/\/simonjersey.eu\/fi\/#website\",\"url\":\"https:\/\/simonjersey.eu\/fi\/\",\"name\":\"Simon Jersey Suomi\",\"description\":\"Tyylikk\u00e4\u00e4t ja kest\u00e4v\u00e4t  ammattiasut\",\"potentialAction\":[{\"@type\":\"SearchAction\",\"target\":{\"@type\":\"EntryPoint\",\"urlTemplate\":\"https:\/\/simonjersey.eu\/fi\/?s={search_term_string}\"},\"query-input\":{\"@type\":\"PropertyValueSpecification\",\"valueRequired\":true,\"valueName\":\"search_term_string\"}}],\"inLanguage\":\"fi\"}]}<\/script>\n<!-- \/ Yoast SEO plugin. -->","yoast_head_json":{"title":"Malfini pikeemekko - Simon Jersey Suomi","robots":{"index":"index","follow":"follow","max-snippet":"max-snippet:-1","max-image-preview":"max-image-preview:large","max-video-preview":"max-video-preview:-1"},"canonical":"https:\/\/simonjersey.eu\/fi\/tuote\/malfini-pikeemekko\/","og_locale":"fi_FI","og_type":"article","og_title":"Malfini pikeemekko - Simon Jersey Suomi","og_description":"Malfini pikeemekko on k\u00e4yt\u00e4nn\u00f6llinen ja kest\u00e4v\u00e4 valinta ty\u00f6asuksi. Suunniteltu n\u00e4ytt\u00e4m\u00e4\u00e4n hyv\u00e4lt\u00e4 ja tuntumaan mukavalta koko ty\u00f6p\u00e4iv\u00e4n ajan. Pue ty\u00f6ntekij\u00e4t yhten\u00e4isill\u00e4 vaatteilla valitsemalla saman tyyliset pikeepaidat naisille ja miehille.  Materiaali:\u00a0Pique, 100 % cotton\u00a0\/\u00a0 215 g\/m\u00b2  Konepesu: 40\u00b0  Koko: XS-2XL.  Pituus M koossa 95\u00a0cm, hihan pituus\u00a016,5\u00a0cm  HUOM! Pienin tilaus: 6 mekkoa (voi olla erilaisia Malfini-tuotteita, v\u00e4rej\u00e4 ja kokoja, malleja, miesten ja \/ tai naisten tuotteita)","og_url":"https:\/\/simonjersey.eu\/fi\/tuote\/malfini-pikeemekko\/","og_site_name":"Simon Jersey Suomi","article_modified_time":"2025-02-19T09:21:27+00:00","og_image":[{"width":700,"height":1049,"url":"https:\/\/simonjersey.eu\/fi\/wp-content\/uploads\/sites\/3\/2021\/05\/271-71.jpg","type":"image\/jpeg"}],"twitter_card":"summary_large_image","twitter_misc":{"Arvioitu lukuaika":"1 minuutti"},"schema":{"@context":"https:\/\/schema.org","@graph":[{"@type":"WebPage","@id":"https:\/\/simonjersey.eu\/fi\/tuote\/malfini-pikeemekko\/","url":"https:\/\/simonjersey.eu\/fi\/tuote\/malfini-pikeemekko\/","name":"Malfini pikeemekko - Simon Jersey Suomi","isPartOf":{"@id":"https:\/\/simonjersey.eu\/fi\/#website"},"primaryImageOfPage":{"@id":"https:\/\/simonjersey.eu\/fi\/tuote\/malfini-pikeemekko\/#primaryimage"},"image":{"@id":"https:\/\/simonjersey.eu\/fi\/tuote\/malfini-pikeemekko\/#primaryimage"},"thumbnailUrl":"https:\/\/simonjersey.eu\/fi\/wp-content\/uploads\/sites\/3\/2021\/05\/271-71.jpg","datePublished":"2021-05-12T06:34:24+00:00","dateModified":"2025-02-19T09:21:27+00:00","breadcrumb":{"@id":"https:\/\/simonjersey.eu\/fi\/tuote\/malfini-pikeemekko\/#breadcrumb"},"inLanguage":"fi","potentialAction":[{"@type":"ReadAction","target":["https:\/\/simonjersey.eu\/fi\/tuote\/malfini-pikeemekko\/"]}]},{"@type":"ImageObject","inLanguage":"fi","@id":"https:\/\/simonjersey.eu\/fi\/tuote\/malfini-pikeemekko\/#primaryimage","url":"https:\/\/simonjersey.eu\/fi\/wp-content\/uploads\/sites\/3\/2021\/05\/271-71.jpg","contentUrl":"https:\/\/simonjersey.eu\/fi\/wp-content\/uploads\/sites\/3\/2021\/05\/271-71.jpg","width":700,"height":1049},{"@type":"BreadcrumbList","@id":"https:\/\/simonjersey.eu\/fi\/tuote\/malfini-pikeemekko\/#breadcrumb","itemListElement":[{"@type":"ListItem","position":1,"name":"Home","item":"https:\/\/simonjersey.eu\/fi\/"},{"@type":"ListItem","position":2,"name":"Verkkokauppa","item":"https:\/\/simonjersey.eu\/fi\/kauppaan\/"},{"@type":"ListItem","position":3,"name":"Malfini pikeemekko"}]},{"@type":"WebSite","@id":"https:\/\/simonjersey.eu\/fi\/#website","url":"https:\/\/simonjersey.eu\/fi\/","name":"Simon Jersey Suomi","description":"Tyylikk\u00e4\u00e4t ja kest\u00e4v\u00e4t  ammattiasut","potentialAction":[{"@type":"SearchAction","target":{"@type":"EntryPoint","urlTemplate":"https:\/\/simonjersey.eu\/fi\/?s={search_term_string}"},"query-input":{"@type":"PropertyValueSpecification","valueRequired":true,"valueName":"search_term_string"}}],"inLanguage":"fi"}]}},"_links":{"self":[{"href":"https:\/\/simonjersey.eu\/fi\/wp-json\/wp\/v2\/product\/6100","targetHints":{"allow":["GET"]}}],"collection":[{"href":"https:\/\/simonjersey.eu\/fi\/wp-json\/wp\/v2\/product"}],"about":[{"href":"https:\/\/simonjersey.eu\/fi\/wp-json\/wp\/v2\/types\/product"}],"wp:featuredmedia":[{"embeddable":true,"href":"https:\/\/simonjersey.eu\/fi\/wp-json\/wp\/v2\/media\/6104"}],"wp:attachment":[{"href":"https:\/\/simonjersey.eu\/fi\/wp-json\/wp\/v2\/media?parent=6100"}],"wp:term":[{"taxonomy":"product_brand","embeddable":true,"href":"https:\/\/simonjersey.eu\/fi\/wp-json\/wp\/v2\/product_brand?post=6100"},{"taxonomy":"product_cat","embeddable":true,"href":"https:\/\/simonjersey.eu\/fi\/wp-json\/wp\/v2\/product_cat?post=6100"},{"taxonomy":"product_tag","embeddable":true,"href":"https:\/\/simonjersey.eu\/fi\/wp-json\/wp\/v2\/product_tag?post=6100"}],"curies":[{"name":"wp","href":"https:\/\/api.w.org\/{rel}","templated":true}]}}