{"id":6199,"date":"2021-07-05T11:26:41","date_gmt":"2021-07-05T11:26:41","guid":{"rendered":"https:\/\/simonjersey.eu\/fi\/?post_type=product&#038;p=6199"},"modified":"2025-01-27T12:17:16","modified_gmt":"2025-01-27T12:17:16","slug":"bp-napit-kokkitakkiin","status":"publish","type":"product","link":"https:\/\/simonjersey.eu\/fi\/tuote\/bp-napit-kokkitakkiin\/","title":{"rendered":"BP\u00ae Napit kokkitakkiin"},"content":{"rendered":"","protected":false},"excerpt":{"rendered":"<p><strong>Napit sopivat kaikkiin BP\u00ae-kokkitakkeihin, joissa on napinl\u00e4pi<\/strong><\/p>\n<p>yhdess\u00e4 pakkauksessa 3 pakettia, joissa a\u201912 nappia (yhteens\u00e4 36 kpl)<\/p>\n<p><a href=\"https:\/\/simonjersey.eu\/fi\/tuote\/bp-miesten-kokkitakki\/\"><strong>Kokkintakit t\u00e4\u00e4ll\u00e4<\/strong><\/a>!<\/p>\n","protected":false},"featured_media":6203,"template":"","meta":[],"product_brand":[],"product_cat":[49,42,76,20],"product_tag":[],"class_list":{"0":"post-6199","1":"product","2":"type-product","3":"status-publish","4":"has-post-thumbnail","6":"product_cat-asusteet-ravintola-kahvila","7":"product_cat-kengat-ja-hatut","8":"product_cat-asusteet-business-toimisto","9":"product_cat-asusteet","11":"first","12":"instock","13":"taxable","14":"shipping-taxable","15":"purchasable","16":"product-type-variable"},"yoast_head":"<!-- This site is optimized with the Yoast SEO plugin v27.2 - https:\/\/yoast.com\/product\/yoast-seo-wordpress\/ -->\n<title>BP\u00ae Napit kokkitakkiin - Simon Jersey Suomi<\/title>\n<meta name=\"robots\" content=\"index, follow, max-snippet:-1, max-image-preview:large, max-video-preview:-1\" \/>\n<link rel=\"canonical\" href=\"https:\/\/simonjersey.eu\/fi\/tuote\/bp-napit-kokkitakkiin\/\" \/>\n<meta property=\"og:locale\" content=\"fi_FI\" \/>\n<meta property=\"og:type\" content=\"article\" \/>\n<meta property=\"og:title\" content=\"BP\u00ae Napit kokkitakkiin - Simon Jersey Suomi\" \/>\n<meta property=\"og:description\" content=\"Napit sopivat kaikkiin BP\u00ae-kokkitakkeihin, joissa on napinl\u00e4pi  yhdess\u00e4 pakkauksessa 3 pakettia, joissa a\u201912 nappia (yhteens\u00e4 36 kpl)  Kokkintakit t\u00e4\u00e4ll\u00e4!\" \/>\n<meta property=\"og:url\" content=\"https:\/\/simonjersey.eu\/fi\/tuote\/bp-napit-kokkitakkiin\/\" \/>\n<meta property=\"og:site_name\" content=\"Simon Jersey Suomi\" \/>\n<meta property=\"article:modified_time\" content=\"2025-01-27T12:17:16+00:00\" \/>\n<meta property=\"og:image\" content=\"https:\/\/simonjersey.eu\/fi\/wp-content\/uploads\/sites\/3\/2021\/07\/1031_003_013_1.jpg\" \/>\n\t<meta property=\"og:image:width\" content=\"946\" \/>\n\t<meta property=\"og:image:height\" content=\"946\" \/>\n\t<meta property=\"og:image:type\" content=\"image\/jpeg\" \/>\n<meta name=\"twitter:card\" content=\"summary_large_image\" \/>\n<meta name=\"twitter:label1\" content=\"Arvioitu lukuaika\" \/>\n\t<meta name=\"twitter:data1\" content=\"1 minuutti\" \/>\n<script type=\"application\/ld+json\" class=\"yoast-schema-graph\">{\"@context\":\"https:\/\/schema.org\",\"@graph\":[{\"@type\":\"WebPage\",\"@id\":\"https:\/\/simonjersey.eu\/fi\/tuote\/bp-napit-kokkitakkiin\/\",\"url\":\"https:\/\/simonjersey.eu\/fi\/tuote\/bp-napit-kokkitakkiin\/\",\"name\":\"BP\u00ae Napit kokkitakkiin - Simon Jersey Suomi\",\"isPartOf\":{\"@id\":\"https:\/\/simonjersey.eu\/fi\/#website\"},\"primaryImageOfPage\":{\"@id\":\"https:\/\/simonjersey.eu\/fi\/tuote\/bp-napit-kokkitakkiin\/#primaryimage\"},\"image\":{\"@id\":\"https:\/\/simonjersey.eu\/fi\/tuote\/bp-napit-kokkitakkiin\/#primaryimage\"},\"thumbnailUrl\":\"https:\/\/simonjersey.eu\/fi\/wp-content\/uploads\/sites\/3\/2021\/07\/1031_003_013_1.jpg\",\"datePublished\":\"2021-07-05T11:26:41+00:00\",\"dateModified\":\"2025-01-27T12:17:16+00:00\",\"breadcrumb\":{\"@id\":\"https:\/\/simonjersey.eu\/fi\/tuote\/bp-napit-kokkitakkiin\/#breadcrumb\"},\"inLanguage\":\"fi\",\"potentialAction\":[{\"@type\":\"ReadAction\",\"target\":[\"https:\/\/simonjersey.eu\/fi\/tuote\/bp-napit-kokkitakkiin\/\"]}]},{\"@type\":\"ImageObject\",\"inLanguage\":\"fi\",\"@id\":\"https:\/\/simonjersey.eu\/fi\/tuote\/bp-napit-kokkitakkiin\/#primaryimage\",\"url\":\"https:\/\/simonjersey.eu\/fi\/wp-content\/uploads\/sites\/3\/2021\/07\/1031_003_013_1.jpg\",\"contentUrl\":\"https:\/\/simonjersey.eu\/fi\/wp-content\/uploads\/sites\/3\/2021\/07\/1031_003_013_1.jpg\",\"width\":946,\"height\":946},{\"@type\":\"BreadcrumbList\",\"@id\":\"https:\/\/simonjersey.eu\/fi\/tuote\/bp-napit-kokkitakkiin\/#breadcrumb\",\"itemListElement\":[{\"@type\":\"ListItem\",\"position\":1,\"name\":\"Home\",\"item\":\"https:\/\/simonjersey.eu\/fi\/\"},{\"@type\":\"ListItem\",\"position\":2,\"name\":\"Verkkokauppa\",\"item\":\"https:\/\/simonjersey.eu\/fi\/kauppaan\/\"},{\"@type\":\"ListItem\",\"position\":3,\"name\":\"BP\u00ae Napit kokkitakkiin\"}]},{\"@type\":\"WebSite\",\"@id\":\"https:\/\/simonjersey.eu\/fi\/#website\",\"url\":\"https:\/\/simonjersey.eu\/fi\/\",\"name\":\"Simon Jersey Suomi\",\"description\":\"Tyylikk\u00e4\u00e4t ja kest\u00e4v\u00e4t  ammattiasut\",\"potentialAction\":[{\"@type\":\"SearchAction\",\"target\":{\"@type\":\"EntryPoint\",\"urlTemplate\":\"https:\/\/simonjersey.eu\/fi\/?s={search_term_string}\"},\"query-input\":{\"@type\":\"PropertyValueSpecification\",\"valueRequired\":true,\"valueName\":\"search_term_string\"}}],\"inLanguage\":\"fi\"}]}<\/script>\n<!-- \/ Yoast SEO plugin. -->","yoast_head_json":{"title":"BP\u00ae Napit kokkitakkiin - Simon Jersey Suomi","robots":{"index":"index","follow":"follow","max-snippet":"max-snippet:-1","max-image-preview":"max-image-preview:large","max-video-preview":"max-video-preview:-1"},"canonical":"https:\/\/simonjersey.eu\/fi\/tuote\/bp-napit-kokkitakkiin\/","og_locale":"fi_FI","og_type":"article","og_title":"BP\u00ae Napit kokkitakkiin - Simon Jersey Suomi","og_description":"Napit sopivat kaikkiin BP\u00ae-kokkitakkeihin, joissa on napinl\u00e4pi  yhdess\u00e4 pakkauksessa 3 pakettia, joissa a\u201912 nappia (yhteens\u00e4 36 kpl)  Kokkintakit t\u00e4\u00e4ll\u00e4!","og_url":"https:\/\/simonjersey.eu\/fi\/tuote\/bp-napit-kokkitakkiin\/","og_site_name":"Simon Jersey Suomi","article_modified_time":"2025-01-27T12:17:16+00:00","og_image":[{"width":946,"height":946,"url":"https:\/\/simonjersey.eu\/fi\/wp-content\/uploads\/sites\/3\/2021\/07\/1031_003_013_1.jpg","type":"image\/jpeg"}],"twitter_card":"summary_large_image","twitter_misc":{"Arvioitu lukuaika":"1 minuutti"},"schema":{"@context":"https:\/\/schema.org","@graph":[{"@type":"WebPage","@id":"https:\/\/simonjersey.eu\/fi\/tuote\/bp-napit-kokkitakkiin\/","url":"https:\/\/simonjersey.eu\/fi\/tuote\/bp-napit-kokkitakkiin\/","name":"BP\u00ae Napit kokkitakkiin - Simon Jersey Suomi","isPartOf":{"@id":"https:\/\/simonjersey.eu\/fi\/#website"},"primaryImageOfPage":{"@id":"https:\/\/simonjersey.eu\/fi\/tuote\/bp-napit-kokkitakkiin\/#primaryimage"},"image":{"@id":"https:\/\/simonjersey.eu\/fi\/tuote\/bp-napit-kokkitakkiin\/#primaryimage"},"thumbnailUrl":"https:\/\/simonjersey.eu\/fi\/wp-content\/uploads\/sites\/3\/2021\/07\/1031_003_013_1.jpg","datePublished":"2021-07-05T11:26:41+00:00","dateModified":"2025-01-27T12:17:16+00:00","breadcrumb":{"@id":"https:\/\/simonjersey.eu\/fi\/tuote\/bp-napit-kokkitakkiin\/#breadcrumb"},"inLanguage":"fi","potentialAction":[{"@type":"ReadAction","target":["https:\/\/simonjersey.eu\/fi\/tuote\/bp-napit-kokkitakkiin\/"]}]},{"@type":"ImageObject","inLanguage":"fi","@id":"https:\/\/simonjersey.eu\/fi\/tuote\/bp-napit-kokkitakkiin\/#primaryimage","url":"https:\/\/simonjersey.eu\/fi\/wp-content\/uploads\/sites\/3\/2021\/07\/1031_003_013_1.jpg","contentUrl":"https:\/\/simonjersey.eu\/fi\/wp-content\/uploads\/sites\/3\/2021\/07\/1031_003_013_1.jpg","width":946,"height":946},{"@type":"BreadcrumbList","@id":"https:\/\/simonjersey.eu\/fi\/tuote\/bp-napit-kokkitakkiin\/#breadcrumb","itemListElement":[{"@type":"ListItem","position":1,"name":"Home","item":"https:\/\/simonjersey.eu\/fi\/"},{"@type":"ListItem","position":2,"name":"Verkkokauppa","item":"https:\/\/simonjersey.eu\/fi\/kauppaan\/"},{"@type":"ListItem","position":3,"name":"BP\u00ae Napit kokkitakkiin"}]},{"@type":"WebSite","@id":"https:\/\/simonjersey.eu\/fi\/#website","url":"https:\/\/simonjersey.eu\/fi\/","name":"Simon Jersey Suomi","description":"Tyylikk\u00e4\u00e4t ja kest\u00e4v\u00e4t  ammattiasut","potentialAction":[{"@type":"SearchAction","target":{"@type":"EntryPoint","urlTemplate":"https:\/\/simonjersey.eu\/fi\/?s={search_term_string}"},"query-input":{"@type":"PropertyValueSpecification","valueRequired":true,"valueName":"search_term_string"}}],"inLanguage":"fi"}]}},"_links":{"self":[{"href":"https:\/\/simonjersey.eu\/fi\/wp-json\/wp\/v2\/product\/6199","targetHints":{"allow":["GET"]}}],"collection":[{"href":"https:\/\/simonjersey.eu\/fi\/wp-json\/wp\/v2\/product"}],"about":[{"href":"https:\/\/simonjersey.eu\/fi\/wp-json\/wp\/v2\/types\/product"}],"wp:featuredmedia":[{"embeddable":true,"href":"https:\/\/simonjersey.eu\/fi\/wp-json\/wp\/v2\/media\/6203"}],"wp:attachment":[{"href":"https:\/\/simonjersey.eu\/fi\/wp-json\/wp\/v2\/media?parent=6199"}],"wp:term":[{"taxonomy":"product_brand","embeddable":true,"href":"https:\/\/simonjersey.eu\/fi\/wp-json\/wp\/v2\/product_brand?post=6199"},{"taxonomy":"product_cat","embeddable":true,"href":"https:\/\/simonjersey.eu\/fi\/wp-json\/wp\/v2\/product_cat?post=6199"},{"taxonomy":"product_tag","embeddable":true,"href":"https:\/\/simonjersey.eu\/fi\/wp-json\/wp\/v2\/product_tag?post=6199"}],"curies":[{"name":"wp","href":"https:\/\/api.w.org\/{rel}","templated":true}]}}