{"id":6240,"date":"2021-09-23T06:09:18","date_gmt":"2021-09-23T06:09:18","guid":{"rendered":"https:\/\/simonjersey.eu\/fi\/?post_type=product&#038;p=6240"},"modified":"2022-11-15T12:46:51","modified_gmt":"2022-11-15T12:46:51","slug":"naisten-softshell-takki","status":"publish","type":"product","link":"https:\/\/simonjersey.eu\/fi\/tuote\/naisten-softshell-takki\/","title":{"rendered":"Naisten Softshell-takki"},"content":{"rendered":"","protected":false},"excerpt":{"rendered":"<p>Tuulenpit\u00e4v\u00e4, vett\u00e4hylkiv\u00e4( 14 000 mm) ja hengitt\u00e4v\u00e4 ( 2000 g\/m\u00b2\/24 h) Softshell sopii ulkot\u00f6ihin, viileisiin varastotiloihin ja vapaa-aikaan, ymp\u00e4rivuotiseen k\u00e4ytt\u00f6\u00f6n.<\/p>\n<p>T\u00e4m\u00e4n naisille suunnitellun Softshell-takki my\u00f6t\u00e4ilee vartalon muotoa ja antaa maksimaalisen liikkumisvapauden.<\/p>\n<p>Pehme\u00e4, mutta kest\u00e4v\u00e4 p\u00e4\u00e4lliskangas kest\u00e4\u00e4 kulutusta ja pidennetty takahelma suojaa selk\u00e4\u00e4,kaksi vetoketjullista sivutaskua, sis\u00e4tasku.<\/p>\n<p>Heijastavat elementit lis\u00e4\u00e4v\u00e4t turvallisuutta pime\u00e4ss\u00e4.<\/p>\n<p>T\u00e4st\u00e4 tuulenpit\u00e4v\u00e4st\u00e4, vett\u00e4hylkiv\u00e4st\u00e4 ja hengitt\u00e4v\u00e4st\u00e4 Softshell-takista voi helposti tulla suosikkisi.<\/p>\n<p>Materiaali: <em>Softshell: 94 % polyester, 6 % elastane<\/em><em> TPU membrane<\/em><em>, micro fleece: 100 % polyester<\/em><\/p>\n<p><em>\u00a0 <\/em>Konepesu: 30\u00b0C K\u00e4yt\u00e4 pehmeit\u00e4 erikoispesuaineita, jotka sopivat softshell -kankaalle. v\u00e4lt\u00e4 linkousta tai valitse pienin kierrosluku mahdollisimman lyhyeksi ajaksi. Valitse ulkovaatteille sopiva pesukoneohjelma.<\/p>\n<p>Koko: XS-2XL.<\/p>\n","protected":false},"featured_media":6243,"template":"","meta":[],"product_brand":[],"product_cat":[86,91,93,23,28],"product_tag":[],"class_list":{"0":"post-6240","1":"product","2":"type-product","3":"status-publish","4":"has-post-thumbnail","6":"product_cat-varasto-ulkoilma-tyontekijat","7":"product_cat-soft-shell-vaatteet","8":"product_cat-tyotakit","9":"product_cat-fleecet-liivit-neuleet","10":"product_cat-ulkoilman-tyovaatteet","12":"first","13":"instock","14":"taxable","15":"shipping-taxable","16":"purchasable","17":"product-type-variable","18":"has-default-attributes"},"yoast_head":"<!-- This site is optimized with the Yoast SEO plugin v27.2 - https:\/\/yoast.com\/product\/yoast-seo-wordpress\/ -->\n<title>Naisten Softshell-takki - Simon Jersey Suomi<\/title>\n<meta name=\"robots\" content=\"index, follow, max-snippet:-1, max-image-preview:large, max-video-preview:-1\" \/>\n<link rel=\"canonical\" href=\"https:\/\/simonjersey.eu\/fi\/tuote\/naisten-softshell-takki\/\" \/>\n<meta property=\"og:locale\" content=\"fi_FI\" \/>\n<meta property=\"og:type\" content=\"article\" \/>\n<meta property=\"og:title\" content=\"Naisten Softshell-takki - Simon Jersey Suomi\" \/>\n<meta property=\"og:description\" content=\"Tuulenpit\u00e4v\u00e4, vett\u00e4hylkiv\u00e4( 14 000 mm) ja hengitt\u00e4v\u00e4 ( 2000 g\/m\u00b2\/24 h) Softshell sopii ulkot\u00f6ihin, viileisiin varastotiloihin ja vapaa-aikaan, ymp\u00e4rivuotiseen k\u00e4ytt\u00f6\u00f6n.  T\u00e4m\u00e4n naisille suunnitellun Softshell-takki my\u00f6t\u00e4ilee vartalon muotoa ja antaa maksimaalisen liikkumisvapauden.  Pehme\u00e4, mutta kest\u00e4v\u00e4 p\u00e4\u00e4lliskangas kest\u00e4\u00e4 kulutusta ja pidennetty takahelma suojaa selk\u00e4\u00e4,kaksi vetoketjullista sivutaskua, sis\u00e4tasku.  Heijastavat elementit lis\u00e4\u00e4v\u00e4t turvallisuutta pime\u00e4ss\u00e4.  T\u00e4st\u00e4 tuulenpit\u00e4v\u00e4st\u00e4, vett\u00e4hylkiv\u00e4st\u00e4 ja hengitt\u00e4v\u00e4st\u00e4 Softshell-takista voi helposti tulla suosikkisi.  Materiaali: Softshell: 94 % polyester, 6 % elastane TPU membrane, micro fleece: 100 % polyester  \u00a0 Konepesu: 30\u00b0C K\u00e4yt\u00e4 pehmeit\u00e4 erikoispesuaineita, jotka sopivat softshell -kankaalle. v\u00e4lt\u00e4 linkousta tai valitse pienin kierrosluku mahdollisimman lyhyeksi ajaksi. Valitse ulkovaatteille sopiva pesukoneohjelma.  Koko: XS-2XL.\" \/>\n<meta property=\"og:url\" content=\"https:\/\/simonjersey.eu\/fi\/tuote\/naisten-softshell-takki\/\" \/>\n<meta property=\"og:site_name\" content=\"Simon Jersey Suomi\" \/>\n<meta property=\"article:modified_time\" content=\"2022-11-15T12:46:51+00:00\" \/>\n<meta property=\"og:image\" content=\"https:\/\/simonjersey.eu\/fi\/wp-content\/uploads\/sites\/3\/2021\/09\/537_07.jpg\" \/>\n\t<meta property=\"og:image:width\" content=\"750\" \/>\n\t<meta property=\"og:image:height\" content=\"851\" \/>\n\t<meta property=\"og:image:type\" content=\"image\/jpeg\" \/>\n<meta name=\"twitter:card\" content=\"summary_large_image\" \/>\n<script type=\"application\/ld+json\" class=\"yoast-schema-graph\">{\"@context\":\"https:\/\/schema.org\",\"@graph\":[{\"@type\":\"WebPage\",\"@id\":\"https:\/\/simonjersey.eu\/fi\/tuote\/naisten-softshell-takki\/\",\"url\":\"https:\/\/simonjersey.eu\/fi\/tuote\/naisten-softshell-takki\/\",\"name\":\"Naisten Softshell-takki - Simon Jersey Suomi\",\"isPartOf\":{\"@id\":\"https:\/\/simonjersey.eu\/fi\/#website\"},\"primaryImageOfPage\":{\"@id\":\"https:\/\/simonjersey.eu\/fi\/tuote\/naisten-softshell-takki\/#primaryimage\"},\"image\":{\"@id\":\"https:\/\/simonjersey.eu\/fi\/tuote\/naisten-softshell-takki\/#primaryimage\"},\"thumbnailUrl\":\"https:\/\/simonjersey.eu\/fi\/wp-content\/uploads\/sites\/3\/2021\/09\/537_07.jpg\",\"datePublished\":\"2021-09-23T06:09:18+00:00\",\"dateModified\":\"2022-11-15T12:46:51+00:00\",\"breadcrumb\":{\"@id\":\"https:\/\/simonjersey.eu\/fi\/tuote\/naisten-softshell-takki\/#breadcrumb\"},\"inLanguage\":\"fi\",\"potentialAction\":[{\"@type\":\"ReadAction\",\"target\":[\"https:\/\/simonjersey.eu\/fi\/tuote\/naisten-softshell-takki\/\"]}]},{\"@type\":\"ImageObject\",\"inLanguage\":\"fi\",\"@id\":\"https:\/\/simonjersey.eu\/fi\/tuote\/naisten-softshell-takki\/#primaryimage\",\"url\":\"https:\/\/simonjersey.eu\/fi\/wp-content\/uploads\/sites\/3\/2021\/09\/537_07.jpg\",\"contentUrl\":\"https:\/\/simonjersey.eu\/fi\/wp-content\/uploads\/sites\/3\/2021\/09\/537_07.jpg\",\"width\":750,\"height\":851},{\"@type\":\"BreadcrumbList\",\"@id\":\"https:\/\/simonjersey.eu\/fi\/tuote\/naisten-softshell-takki\/#breadcrumb\",\"itemListElement\":[{\"@type\":\"ListItem\",\"position\":1,\"name\":\"Home\",\"item\":\"https:\/\/simonjersey.eu\/fi\/\"},{\"@type\":\"ListItem\",\"position\":2,\"name\":\"Verkkokauppa\",\"item\":\"https:\/\/simonjersey.eu\/fi\/kauppaan\/\"},{\"@type\":\"ListItem\",\"position\":3,\"name\":\"Naisten Softshell-takki\"}]},{\"@type\":\"WebSite\",\"@id\":\"https:\/\/simonjersey.eu\/fi\/#website\",\"url\":\"https:\/\/simonjersey.eu\/fi\/\",\"name\":\"Simon Jersey Suomi\",\"description\":\"Tyylikk\u00e4\u00e4t ja kest\u00e4v\u00e4t  ammattiasut\",\"potentialAction\":[{\"@type\":\"SearchAction\",\"target\":{\"@type\":\"EntryPoint\",\"urlTemplate\":\"https:\/\/simonjersey.eu\/fi\/?s={search_term_string}\"},\"query-input\":{\"@type\":\"PropertyValueSpecification\",\"valueRequired\":true,\"valueName\":\"search_term_string\"}}],\"inLanguage\":\"fi\"}]}<\/script>\n<!-- \/ Yoast SEO plugin. -->","yoast_head_json":{"title":"Naisten Softshell-takki - Simon Jersey Suomi","robots":{"index":"index","follow":"follow","max-snippet":"max-snippet:-1","max-image-preview":"max-image-preview:large","max-video-preview":"max-video-preview:-1"},"canonical":"https:\/\/simonjersey.eu\/fi\/tuote\/naisten-softshell-takki\/","og_locale":"fi_FI","og_type":"article","og_title":"Naisten Softshell-takki - Simon Jersey Suomi","og_description":"Tuulenpit\u00e4v\u00e4, vett\u00e4hylkiv\u00e4( 14 000 mm) ja hengitt\u00e4v\u00e4 ( 2000 g\/m\u00b2\/24 h) Softshell sopii ulkot\u00f6ihin, viileisiin varastotiloihin ja vapaa-aikaan, ymp\u00e4rivuotiseen k\u00e4ytt\u00f6\u00f6n.  T\u00e4m\u00e4n naisille suunnitellun Softshell-takki my\u00f6t\u00e4ilee vartalon muotoa ja antaa maksimaalisen liikkumisvapauden.  Pehme\u00e4, mutta kest\u00e4v\u00e4 p\u00e4\u00e4lliskangas kest\u00e4\u00e4 kulutusta ja pidennetty takahelma suojaa selk\u00e4\u00e4,kaksi vetoketjullista sivutaskua, sis\u00e4tasku.  Heijastavat elementit lis\u00e4\u00e4v\u00e4t turvallisuutta pime\u00e4ss\u00e4.  T\u00e4st\u00e4 tuulenpit\u00e4v\u00e4st\u00e4, vett\u00e4hylkiv\u00e4st\u00e4 ja hengitt\u00e4v\u00e4st\u00e4 Softshell-takista voi helposti tulla suosikkisi.  Materiaali: Softshell: 94 % polyester, 6 % elastane TPU membrane, micro fleece: 100 % polyester  \u00a0 Konepesu: 30\u00b0C K\u00e4yt\u00e4 pehmeit\u00e4 erikoispesuaineita, jotka sopivat softshell -kankaalle. v\u00e4lt\u00e4 linkousta tai valitse pienin kierrosluku mahdollisimman lyhyeksi ajaksi. Valitse ulkovaatteille sopiva pesukoneohjelma.  Koko: XS-2XL.","og_url":"https:\/\/simonjersey.eu\/fi\/tuote\/naisten-softshell-takki\/","og_site_name":"Simon Jersey Suomi","article_modified_time":"2022-11-15T12:46:51+00:00","og_image":[{"width":750,"height":851,"url":"https:\/\/simonjersey.eu\/fi\/wp-content\/uploads\/sites\/3\/2021\/09\/537_07.jpg","type":"image\/jpeg"}],"twitter_card":"summary_large_image","schema":{"@context":"https:\/\/schema.org","@graph":[{"@type":"WebPage","@id":"https:\/\/simonjersey.eu\/fi\/tuote\/naisten-softshell-takki\/","url":"https:\/\/simonjersey.eu\/fi\/tuote\/naisten-softshell-takki\/","name":"Naisten Softshell-takki - Simon Jersey Suomi","isPartOf":{"@id":"https:\/\/simonjersey.eu\/fi\/#website"},"primaryImageOfPage":{"@id":"https:\/\/simonjersey.eu\/fi\/tuote\/naisten-softshell-takki\/#primaryimage"},"image":{"@id":"https:\/\/simonjersey.eu\/fi\/tuote\/naisten-softshell-takki\/#primaryimage"},"thumbnailUrl":"https:\/\/simonjersey.eu\/fi\/wp-content\/uploads\/sites\/3\/2021\/09\/537_07.jpg","datePublished":"2021-09-23T06:09:18+00:00","dateModified":"2022-11-15T12:46:51+00:00","breadcrumb":{"@id":"https:\/\/simonjersey.eu\/fi\/tuote\/naisten-softshell-takki\/#breadcrumb"},"inLanguage":"fi","potentialAction":[{"@type":"ReadAction","target":["https:\/\/simonjersey.eu\/fi\/tuote\/naisten-softshell-takki\/"]}]},{"@type":"ImageObject","inLanguage":"fi","@id":"https:\/\/simonjersey.eu\/fi\/tuote\/naisten-softshell-takki\/#primaryimage","url":"https:\/\/simonjersey.eu\/fi\/wp-content\/uploads\/sites\/3\/2021\/09\/537_07.jpg","contentUrl":"https:\/\/simonjersey.eu\/fi\/wp-content\/uploads\/sites\/3\/2021\/09\/537_07.jpg","width":750,"height":851},{"@type":"BreadcrumbList","@id":"https:\/\/simonjersey.eu\/fi\/tuote\/naisten-softshell-takki\/#breadcrumb","itemListElement":[{"@type":"ListItem","position":1,"name":"Home","item":"https:\/\/simonjersey.eu\/fi\/"},{"@type":"ListItem","position":2,"name":"Verkkokauppa","item":"https:\/\/simonjersey.eu\/fi\/kauppaan\/"},{"@type":"ListItem","position":3,"name":"Naisten Softshell-takki"}]},{"@type":"WebSite","@id":"https:\/\/simonjersey.eu\/fi\/#website","url":"https:\/\/simonjersey.eu\/fi\/","name":"Simon Jersey Suomi","description":"Tyylikk\u00e4\u00e4t ja kest\u00e4v\u00e4t  ammattiasut","potentialAction":[{"@type":"SearchAction","target":{"@type":"EntryPoint","urlTemplate":"https:\/\/simonjersey.eu\/fi\/?s={search_term_string}"},"query-input":{"@type":"PropertyValueSpecification","valueRequired":true,"valueName":"search_term_string"}}],"inLanguage":"fi"}]}},"_links":{"self":[{"href":"https:\/\/simonjersey.eu\/fi\/wp-json\/wp\/v2\/product\/6240","targetHints":{"allow":["GET"]}}],"collection":[{"href":"https:\/\/simonjersey.eu\/fi\/wp-json\/wp\/v2\/product"}],"about":[{"href":"https:\/\/simonjersey.eu\/fi\/wp-json\/wp\/v2\/types\/product"}],"wp:featuredmedia":[{"embeddable":true,"href":"https:\/\/simonjersey.eu\/fi\/wp-json\/wp\/v2\/media\/6243"}],"wp:attachment":[{"href":"https:\/\/simonjersey.eu\/fi\/wp-json\/wp\/v2\/media?parent=6240"}],"wp:term":[{"taxonomy":"product_brand","embeddable":true,"href":"https:\/\/simonjersey.eu\/fi\/wp-json\/wp\/v2\/product_brand?post=6240"},{"taxonomy":"product_cat","embeddable":true,"href":"https:\/\/simonjersey.eu\/fi\/wp-json\/wp\/v2\/product_cat?post=6240"},{"taxonomy":"product_tag","embeddable":true,"href":"https:\/\/simonjersey.eu\/fi\/wp-json\/wp\/v2\/product_tag?post=6240"}],"curies":[{"name":"wp","href":"https:\/\/api.w.org\/{rel}","templated":true}]}}