{"id":6332,"date":"2021-10-05T13:11:53","date_gmt":"2021-10-05T13:11:53","guid":{"rendered":"https:\/\/simonjersey.eu\/fi\/?post_type=product&#038;p=6332"},"modified":"2024-12-30T11:16:16","modified_gmt":"2024-12-30T11:16:16","slug":"naisten-liivi-toulouse","status":"publish","type":"product","link":"https:\/\/simonjersey.eu\/fi\/tuote\/naisten-liivi-toulouse\/","title":{"rendered":"Naisten liivi Toulouse"},"content":{"rendered":"","protected":false},"excerpt":{"rendered":"<p>N\u00e4m\u00e4 tyylikk\u00e4\u00e4t, liivit ovat sek\u00e4 mukavat ett\u00e4 tyylikk\u00e4\u00e4t hyvin venytetyn kankaan ansiosta. N\u00e4m\u00e4 liivit sopii k\u00e4ytett\u00e4v\u00e4ksi miss\u00e4 tahansa ammatissa miss\u00e4 vaaditaan laatua ja ammattimaista ulkon\u00e4k\u00f6\u00e4. Liivin takaosassa satiinivuori ja s\u00e4\u00e4t\u00f6nauhat.<\/p>\n<p>Materiaali: 63% Polyester, 34% Viscose, 3% Elastane<\/p>\n<p>Konepesu: 40\u00b0<\/p>\n<p>Koot:\u00a0 XS-2XL<\/p>\n<p>M koko pituus: 51,5 cm<\/p>\n<p>Miesten liivi\u00a0<a href=\"https:\/\/simonjersey.eu\/fi\/tuote\/miesten-liivi-nice\/\"><strong>t\u00e4\u00e4ll\u00e4<\/strong><\/a>!<\/p>\n","protected":false},"featured_media":6335,"template":"","meta":[],"product_brand":[],"product_cat":[41,50,56,68,66,61,75,85,23],"product_tag":[],"class_list":{"0":"post-6332","1":"product","2":"type-product","3":"status-publish","4":"has-post-thumbnail","6":"product_cat-ravintola-kahvila","7":"product_cat-liivit-ja-neuleet","8":"product_cat-hotelli-palveluammatit","9":"product_cat-pukujen-mallistot-hotelli-ja-palveluammatit","10":"product_cat-perus-kendal","11":"product_cat-liivit-ja-neuleet-hotelli-ja-palveluammatit","12":"product_cat-business-toimisto","13":"product_cat-pukujen-mallistot-business-toimisto","14":"product_cat-fleecet-liivit-neuleet","16":"first","17":"instock","18":"taxable","19":"shipping-taxable","20":"purchasable","21":"product-type-variable","22":"has-default-attributes"},"yoast_head":"<!-- This site is optimized with the Yoast SEO plugin v27.2 - https:\/\/yoast.com\/product\/yoast-seo-wordpress\/ -->\n<title>Naisten liivi Toulouse - Simon Jersey Suomi<\/title>\n<meta name=\"robots\" content=\"index, follow, max-snippet:-1, max-image-preview:large, max-video-preview:-1\" \/>\n<link rel=\"canonical\" href=\"https:\/\/simonjersey.eu\/fi\/tuote\/naisten-liivi-toulouse\/\" \/>\n<meta property=\"og:locale\" content=\"fi_FI\" \/>\n<meta property=\"og:type\" content=\"article\" \/>\n<meta property=\"og:title\" content=\"Naisten liivi Toulouse - Simon Jersey Suomi\" \/>\n<meta property=\"og:description\" content=\"N\u00e4m\u00e4 tyylikk\u00e4\u00e4t, liivit ovat sek\u00e4 mukavat ett\u00e4 tyylikk\u00e4\u00e4t hyvin venytetyn kankaan ansiosta. N\u00e4m\u00e4 liivit sopii k\u00e4ytett\u00e4v\u00e4ksi miss\u00e4 tahansa ammatissa miss\u00e4 vaaditaan laatua ja ammattimaista ulkon\u00e4k\u00f6\u00e4. Liivin takaosassa satiinivuori ja s\u00e4\u00e4t\u00f6nauhat.  Materiaali: 63% Polyester, 34% Viscose, 3% Elastane  Konepesu: 40\u00b0  Koot:\u00a0 XS-2XL  M koko pituus: 51,5 cm  Miesten liivi\u00a0t\u00e4\u00e4ll\u00e4!\" \/>\n<meta property=\"og:url\" content=\"https:\/\/simonjersey.eu\/fi\/tuote\/naisten-liivi-toulouse\/\" \/>\n<meta property=\"og:site_name\" content=\"Simon Jersey Suomi\" \/>\n<meta property=\"article:modified_time\" content=\"2024-12-30T11:16:16+00:00\" \/>\n<meta property=\"og:image\" content=\"https:\/\/simonjersey.eu\/fi\/wp-content\/uploads\/sites\/3\/2021\/10\/Toulouse-Waistcoat-Black-.jpg\" \/>\n\t<meta property=\"og:image:width\" content=\"820\" \/>\n\t<meta property=\"og:image:height\" content=\"1229\" \/>\n\t<meta property=\"og:image:type\" content=\"image\/jpeg\" \/>\n<meta name=\"twitter:card\" content=\"summary_large_image\" \/>\n<meta name=\"twitter:label1\" content=\"Arvioitu lukuaika\" \/>\n\t<meta name=\"twitter:data1\" content=\"1 minuutti\" \/>\n<script type=\"application\/ld+json\" class=\"yoast-schema-graph\">{\"@context\":\"https:\/\/schema.org\",\"@graph\":[{\"@type\":\"WebPage\",\"@id\":\"https:\/\/simonjersey.eu\/fi\/tuote\/naisten-liivi-toulouse\/\",\"url\":\"https:\/\/simonjersey.eu\/fi\/tuote\/naisten-liivi-toulouse\/\",\"name\":\"Naisten liivi Toulouse - Simon Jersey Suomi\",\"isPartOf\":{\"@id\":\"https:\/\/simonjersey.eu\/fi\/#website\"},\"primaryImageOfPage\":{\"@id\":\"https:\/\/simonjersey.eu\/fi\/tuote\/naisten-liivi-toulouse\/#primaryimage\"},\"image\":{\"@id\":\"https:\/\/simonjersey.eu\/fi\/tuote\/naisten-liivi-toulouse\/#primaryimage\"},\"thumbnailUrl\":\"https:\/\/simonjersey.eu\/fi\/wp-content\/uploads\/sites\/3\/2021\/10\/Toulouse-Waistcoat-Black-.jpg\",\"datePublished\":\"2021-10-05T13:11:53+00:00\",\"dateModified\":\"2024-12-30T11:16:16+00:00\",\"breadcrumb\":{\"@id\":\"https:\/\/simonjersey.eu\/fi\/tuote\/naisten-liivi-toulouse\/#breadcrumb\"},\"inLanguage\":\"fi\",\"potentialAction\":[{\"@type\":\"ReadAction\",\"target\":[\"https:\/\/simonjersey.eu\/fi\/tuote\/naisten-liivi-toulouse\/\"]}]},{\"@type\":\"ImageObject\",\"inLanguage\":\"fi\",\"@id\":\"https:\/\/simonjersey.eu\/fi\/tuote\/naisten-liivi-toulouse\/#primaryimage\",\"url\":\"https:\/\/simonjersey.eu\/fi\/wp-content\/uploads\/sites\/3\/2021\/10\/Toulouse-Waistcoat-Black-.jpg\",\"contentUrl\":\"https:\/\/simonjersey.eu\/fi\/wp-content\/uploads\/sites\/3\/2021\/10\/Toulouse-Waistcoat-Black-.jpg\",\"width\":820,\"height\":1229},{\"@type\":\"BreadcrumbList\",\"@id\":\"https:\/\/simonjersey.eu\/fi\/tuote\/naisten-liivi-toulouse\/#breadcrumb\",\"itemListElement\":[{\"@type\":\"ListItem\",\"position\":1,\"name\":\"Home\",\"item\":\"https:\/\/simonjersey.eu\/fi\/\"},{\"@type\":\"ListItem\",\"position\":2,\"name\":\"Verkkokauppa\",\"item\":\"https:\/\/simonjersey.eu\/fi\/kauppaan\/\"},{\"@type\":\"ListItem\",\"position\":3,\"name\":\"Naisten liivi Toulouse\"}]},{\"@type\":\"WebSite\",\"@id\":\"https:\/\/simonjersey.eu\/fi\/#website\",\"url\":\"https:\/\/simonjersey.eu\/fi\/\",\"name\":\"Simon Jersey Suomi\",\"description\":\"Tyylikk\u00e4\u00e4t ja kest\u00e4v\u00e4t  ammattiasut\",\"potentialAction\":[{\"@type\":\"SearchAction\",\"target\":{\"@type\":\"EntryPoint\",\"urlTemplate\":\"https:\/\/simonjersey.eu\/fi\/?s={search_term_string}\"},\"query-input\":{\"@type\":\"PropertyValueSpecification\",\"valueRequired\":true,\"valueName\":\"search_term_string\"}}],\"inLanguage\":\"fi\"}]}<\/script>\n<!-- \/ Yoast SEO plugin. -->","yoast_head_json":{"title":"Naisten liivi Toulouse - Simon Jersey Suomi","robots":{"index":"index","follow":"follow","max-snippet":"max-snippet:-1","max-image-preview":"max-image-preview:large","max-video-preview":"max-video-preview:-1"},"canonical":"https:\/\/simonjersey.eu\/fi\/tuote\/naisten-liivi-toulouse\/","og_locale":"fi_FI","og_type":"article","og_title":"Naisten liivi Toulouse - Simon Jersey Suomi","og_description":"N\u00e4m\u00e4 tyylikk\u00e4\u00e4t, liivit ovat sek\u00e4 mukavat ett\u00e4 tyylikk\u00e4\u00e4t hyvin venytetyn kankaan ansiosta. N\u00e4m\u00e4 liivit sopii k\u00e4ytett\u00e4v\u00e4ksi miss\u00e4 tahansa ammatissa miss\u00e4 vaaditaan laatua ja ammattimaista ulkon\u00e4k\u00f6\u00e4. Liivin takaosassa satiinivuori ja s\u00e4\u00e4t\u00f6nauhat.  Materiaali: 63% Polyester, 34% Viscose, 3% Elastane  Konepesu: 40\u00b0  Koot:\u00a0 XS-2XL  M koko pituus: 51,5 cm  Miesten liivi\u00a0t\u00e4\u00e4ll\u00e4!","og_url":"https:\/\/simonjersey.eu\/fi\/tuote\/naisten-liivi-toulouse\/","og_site_name":"Simon Jersey Suomi","article_modified_time":"2024-12-30T11:16:16+00:00","og_image":[{"width":820,"height":1229,"url":"https:\/\/simonjersey.eu\/fi\/wp-content\/uploads\/sites\/3\/2021\/10\/Toulouse-Waistcoat-Black-.jpg","type":"image\/jpeg"}],"twitter_card":"summary_large_image","twitter_misc":{"Arvioitu lukuaika":"1 minuutti"},"schema":{"@context":"https:\/\/schema.org","@graph":[{"@type":"WebPage","@id":"https:\/\/simonjersey.eu\/fi\/tuote\/naisten-liivi-toulouse\/","url":"https:\/\/simonjersey.eu\/fi\/tuote\/naisten-liivi-toulouse\/","name":"Naisten liivi Toulouse - Simon Jersey Suomi","isPartOf":{"@id":"https:\/\/simonjersey.eu\/fi\/#website"},"primaryImageOfPage":{"@id":"https:\/\/simonjersey.eu\/fi\/tuote\/naisten-liivi-toulouse\/#primaryimage"},"image":{"@id":"https:\/\/simonjersey.eu\/fi\/tuote\/naisten-liivi-toulouse\/#primaryimage"},"thumbnailUrl":"https:\/\/simonjersey.eu\/fi\/wp-content\/uploads\/sites\/3\/2021\/10\/Toulouse-Waistcoat-Black-.jpg","datePublished":"2021-10-05T13:11:53+00:00","dateModified":"2024-12-30T11:16:16+00:00","breadcrumb":{"@id":"https:\/\/simonjersey.eu\/fi\/tuote\/naisten-liivi-toulouse\/#breadcrumb"},"inLanguage":"fi","potentialAction":[{"@type":"ReadAction","target":["https:\/\/simonjersey.eu\/fi\/tuote\/naisten-liivi-toulouse\/"]}]},{"@type":"ImageObject","inLanguage":"fi","@id":"https:\/\/simonjersey.eu\/fi\/tuote\/naisten-liivi-toulouse\/#primaryimage","url":"https:\/\/simonjersey.eu\/fi\/wp-content\/uploads\/sites\/3\/2021\/10\/Toulouse-Waistcoat-Black-.jpg","contentUrl":"https:\/\/simonjersey.eu\/fi\/wp-content\/uploads\/sites\/3\/2021\/10\/Toulouse-Waistcoat-Black-.jpg","width":820,"height":1229},{"@type":"BreadcrumbList","@id":"https:\/\/simonjersey.eu\/fi\/tuote\/naisten-liivi-toulouse\/#breadcrumb","itemListElement":[{"@type":"ListItem","position":1,"name":"Home","item":"https:\/\/simonjersey.eu\/fi\/"},{"@type":"ListItem","position":2,"name":"Verkkokauppa","item":"https:\/\/simonjersey.eu\/fi\/kauppaan\/"},{"@type":"ListItem","position":3,"name":"Naisten liivi Toulouse"}]},{"@type":"WebSite","@id":"https:\/\/simonjersey.eu\/fi\/#website","url":"https:\/\/simonjersey.eu\/fi\/","name":"Simon Jersey Suomi","description":"Tyylikk\u00e4\u00e4t ja kest\u00e4v\u00e4t  ammattiasut","potentialAction":[{"@type":"SearchAction","target":{"@type":"EntryPoint","urlTemplate":"https:\/\/simonjersey.eu\/fi\/?s={search_term_string}"},"query-input":{"@type":"PropertyValueSpecification","valueRequired":true,"valueName":"search_term_string"}}],"inLanguage":"fi"}]}},"_links":{"self":[{"href":"https:\/\/simonjersey.eu\/fi\/wp-json\/wp\/v2\/product\/6332","targetHints":{"allow":["GET"]}}],"collection":[{"href":"https:\/\/simonjersey.eu\/fi\/wp-json\/wp\/v2\/product"}],"about":[{"href":"https:\/\/simonjersey.eu\/fi\/wp-json\/wp\/v2\/types\/product"}],"wp:featuredmedia":[{"embeddable":true,"href":"https:\/\/simonjersey.eu\/fi\/wp-json\/wp\/v2\/media\/6335"}],"wp:attachment":[{"href":"https:\/\/simonjersey.eu\/fi\/wp-json\/wp\/v2\/media?parent=6332"}],"wp:term":[{"taxonomy":"product_brand","embeddable":true,"href":"https:\/\/simonjersey.eu\/fi\/wp-json\/wp\/v2\/product_brand?post=6332"},{"taxonomy":"product_cat","embeddable":true,"href":"https:\/\/simonjersey.eu\/fi\/wp-json\/wp\/v2\/product_cat?post=6332"},{"taxonomy":"product_tag","embeddable":true,"href":"https:\/\/simonjersey.eu\/fi\/wp-json\/wp\/v2\/product_tag?post=6332"}],"curies":[{"name":"wp","href":"https:\/\/api.w.org\/{rel}","templated":true}]}}