{"id":636,"date":"2019-10-07T08:44:27","date_gmt":"2019-10-07T08:44:27","guid":{"rendered":"https:\/\/simonjersey.eu\/fi\/?post_type=product&#038;p=636"},"modified":"2024-05-16T11:15:21","modified_gmt":"2024-05-16T11:15:21","slug":"unisex-kokintakki-lyhyilla-hihoilla","status":"publish","type":"product","link":"https:\/\/simonjersey.eu\/fi\/tuote\/unisex-kokintakki-lyhyilla-hihoilla\/","title":{"rendered":"Unisex kokintakki lyhyill\u00e4 hihoilla"},"content":{"rendered":"","protected":false},"excerpt":{"rendered":"<p>The Short Sleeve Chef\u2019s Jacket is designed to stand the test of time and is perfect for wearing in kitchen environments from small kitchens to nationwide restaurant chains.<\/p>\n<p>Short sleeve, popper fastening.<br \/>\nLength: 75,5 cm.<br \/>\nMateriaL: 65% Polyester, 35% Cotton. 195g\/m2.<br \/>\nCare: 70\u00b0 wash.<br \/>\nSizes (UK): XS-XL.<\/p>\n","protected":false},"featured_media":644,"template":"","meta":[],"product_brand":[],"product_cat":[46,45,31],"product_tag":[215,216,213,214],"class_list":{"0":"post-636","1":"product","2":"type-product","3":"status-publish","4":"has-post-thumbnail","6":"product_cat-kokintyovaatteet","7":"product_cat-kokintakit","8":"product_cat-kokin-tyovaatteet","9":"product_tag-ammattiasut","10":"product_tag-tyoasut-ja-vaatteet","11":"product_tag-tyovaatekauppa","12":"product_tag-tyovaatteet","14":"first","15":"instock","16":"taxable","17":"shipping-taxable","18":"purchasable","19":"product-type-variable","20":"has-default-attributes"},"yoast_head":"<!-- This site is optimized with the Yoast SEO plugin v27.2 - https:\/\/yoast.com\/product\/yoast-seo-wordpress\/ -->\n<title>Unisex kokintakki lyhyill\u00e4 hihoilla - Simon Jersey Suomi<\/title>\n<meta name=\"robots\" content=\"index, follow, max-snippet:-1, max-image-preview:large, max-video-preview:-1\" \/>\n<link rel=\"canonical\" href=\"https:\/\/simonjersey.eu\/fi\/tuote\/unisex-kokintakki-lyhyilla-hihoilla\/\" \/>\n<meta property=\"og:locale\" content=\"fi_FI\" \/>\n<meta property=\"og:type\" content=\"article\" \/>\n<meta property=\"og:title\" content=\"Unisex kokintakki lyhyill\u00e4 hihoilla - Simon Jersey Suomi\" \/>\n<meta property=\"og:description\" content=\"The Short Sleeve Chef\u2019s Jacket is designed to stand the test of time and is perfect for wearing in kitchen environments from small kitchens to nationwide restaurant chains.  Short sleeve, popper fastening. Length: 75,5 cm. MateriaL: 65% Polyester, 35% Cotton. 195g\/m2. Care: 70\u00b0 wash. Sizes (UK): XS-XL.\" \/>\n<meta property=\"og:url\" content=\"https:\/\/simonjersey.eu\/fi\/tuote\/unisex-kokintakki-lyhyilla-hihoilla\/\" \/>\n<meta property=\"og:site_name\" content=\"Simon Jersey Suomi\" \/>\n<meta property=\"article:modified_time\" content=\"2024-05-16T11:15:21+00:00\" \/>\n<meta property=\"og:image\" content=\"https:\/\/simonjersey.eu\/fi\/wp-content\/uploads\/sites\/3\/2019\/10\/CJ0750-1.jpg\" \/>\n\t<meta property=\"og:image:width\" content=\"1000\" \/>\n\t<meta property=\"og:image:height\" content=\"1500\" \/>\n\t<meta property=\"og:image:type\" content=\"image\/jpeg\" \/>\n<meta name=\"twitter:card\" content=\"summary_large_image\" \/>\n<meta name=\"twitter:label1\" content=\"Arvioitu lukuaika\" \/>\n\t<meta name=\"twitter:data1\" content=\"1 minuutti\" \/>\n<script type=\"application\/ld+json\" class=\"yoast-schema-graph\">{\"@context\":\"https:\/\/schema.org\",\"@graph\":[{\"@type\":\"WebPage\",\"@id\":\"https:\/\/simonjersey.eu\/fi\/tuote\/unisex-kokintakki-lyhyilla-hihoilla\/\",\"url\":\"https:\/\/simonjersey.eu\/fi\/tuote\/unisex-kokintakki-lyhyilla-hihoilla\/\",\"name\":\"Unisex kokintakki lyhyill\u00e4 hihoilla - Simon Jersey Suomi\",\"isPartOf\":{\"@id\":\"https:\/\/simonjersey.eu\/fi\/#website\"},\"primaryImageOfPage\":{\"@id\":\"https:\/\/simonjersey.eu\/fi\/tuote\/unisex-kokintakki-lyhyilla-hihoilla\/#primaryimage\"},\"image\":{\"@id\":\"https:\/\/simonjersey.eu\/fi\/tuote\/unisex-kokintakki-lyhyilla-hihoilla\/#primaryimage\"},\"thumbnailUrl\":\"https:\/\/simonjersey.eu\/fi\/wp-content\/uploads\/sites\/3\/2019\/10\/CJ0750-1.jpg\",\"datePublished\":\"2019-10-07T08:44:27+00:00\",\"dateModified\":\"2024-05-16T11:15:21+00:00\",\"breadcrumb\":{\"@id\":\"https:\/\/simonjersey.eu\/fi\/tuote\/unisex-kokintakki-lyhyilla-hihoilla\/#breadcrumb\"},\"inLanguage\":\"fi\",\"potentialAction\":[{\"@type\":\"ReadAction\",\"target\":[\"https:\/\/simonjersey.eu\/fi\/tuote\/unisex-kokintakki-lyhyilla-hihoilla\/\"]}]},{\"@type\":\"ImageObject\",\"inLanguage\":\"fi\",\"@id\":\"https:\/\/simonjersey.eu\/fi\/tuote\/unisex-kokintakki-lyhyilla-hihoilla\/#primaryimage\",\"url\":\"https:\/\/simonjersey.eu\/fi\/wp-content\/uploads\/sites\/3\/2019\/10\/CJ0750-1.jpg\",\"contentUrl\":\"https:\/\/simonjersey.eu\/fi\/wp-content\/uploads\/sites\/3\/2019\/10\/CJ0750-1.jpg\",\"width\":1000,\"height\":1500},{\"@type\":\"BreadcrumbList\",\"@id\":\"https:\/\/simonjersey.eu\/fi\/tuote\/unisex-kokintakki-lyhyilla-hihoilla\/#breadcrumb\",\"itemListElement\":[{\"@type\":\"ListItem\",\"position\":1,\"name\":\"Home\",\"item\":\"https:\/\/simonjersey.eu\/fi\/\"},{\"@type\":\"ListItem\",\"position\":2,\"name\":\"Verkkokauppa\",\"item\":\"https:\/\/simonjersey.eu\/fi\/kauppaan\/\"},{\"@type\":\"ListItem\",\"position\":3,\"name\":\"Unisex kokintakki lyhyill\u00e4 hihoilla\"}]},{\"@type\":\"WebSite\",\"@id\":\"https:\/\/simonjersey.eu\/fi\/#website\",\"url\":\"https:\/\/simonjersey.eu\/fi\/\",\"name\":\"Simon Jersey Suomi\",\"description\":\"Tyylikk\u00e4\u00e4t ja kest\u00e4v\u00e4t  ammattiasut\",\"potentialAction\":[{\"@type\":\"SearchAction\",\"target\":{\"@type\":\"EntryPoint\",\"urlTemplate\":\"https:\/\/simonjersey.eu\/fi\/?s={search_term_string}\"},\"query-input\":{\"@type\":\"PropertyValueSpecification\",\"valueRequired\":true,\"valueName\":\"search_term_string\"}}],\"inLanguage\":\"fi\"}]}<\/script>\n<!-- \/ Yoast SEO plugin. -->","yoast_head_json":{"title":"Unisex kokintakki lyhyill\u00e4 hihoilla - Simon Jersey Suomi","robots":{"index":"index","follow":"follow","max-snippet":"max-snippet:-1","max-image-preview":"max-image-preview:large","max-video-preview":"max-video-preview:-1"},"canonical":"https:\/\/simonjersey.eu\/fi\/tuote\/unisex-kokintakki-lyhyilla-hihoilla\/","og_locale":"fi_FI","og_type":"article","og_title":"Unisex kokintakki lyhyill\u00e4 hihoilla - Simon Jersey Suomi","og_description":"The Short Sleeve Chef\u2019s Jacket is designed to stand the test of time and is perfect for wearing in kitchen environments from small kitchens to nationwide restaurant chains.  Short sleeve, popper fastening. Length: 75,5 cm. MateriaL: 65% Polyester, 35% Cotton. 195g\/m2. Care: 70\u00b0 wash. Sizes (UK): XS-XL.","og_url":"https:\/\/simonjersey.eu\/fi\/tuote\/unisex-kokintakki-lyhyilla-hihoilla\/","og_site_name":"Simon Jersey Suomi","article_modified_time":"2024-05-16T11:15:21+00:00","og_image":[{"width":1000,"height":1500,"url":"https:\/\/simonjersey.eu\/fi\/wp-content\/uploads\/sites\/3\/2019\/10\/CJ0750-1.jpg","type":"image\/jpeg"}],"twitter_card":"summary_large_image","twitter_misc":{"Arvioitu lukuaika":"1 minuutti"},"schema":{"@context":"https:\/\/schema.org","@graph":[{"@type":"WebPage","@id":"https:\/\/simonjersey.eu\/fi\/tuote\/unisex-kokintakki-lyhyilla-hihoilla\/","url":"https:\/\/simonjersey.eu\/fi\/tuote\/unisex-kokintakki-lyhyilla-hihoilla\/","name":"Unisex kokintakki lyhyill\u00e4 hihoilla - Simon Jersey Suomi","isPartOf":{"@id":"https:\/\/simonjersey.eu\/fi\/#website"},"primaryImageOfPage":{"@id":"https:\/\/simonjersey.eu\/fi\/tuote\/unisex-kokintakki-lyhyilla-hihoilla\/#primaryimage"},"image":{"@id":"https:\/\/simonjersey.eu\/fi\/tuote\/unisex-kokintakki-lyhyilla-hihoilla\/#primaryimage"},"thumbnailUrl":"https:\/\/simonjersey.eu\/fi\/wp-content\/uploads\/sites\/3\/2019\/10\/CJ0750-1.jpg","datePublished":"2019-10-07T08:44:27+00:00","dateModified":"2024-05-16T11:15:21+00:00","breadcrumb":{"@id":"https:\/\/simonjersey.eu\/fi\/tuote\/unisex-kokintakki-lyhyilla-hihoilla\/#breadcrumb"},"inLanguage":"fi","potentialAction":[{"@type":"ReadAction","target":["https:\/\/simonjersey.eu\/fi\/tuote\/unisex-kokintakki-lyhyilla-hihoilla\/"]}]},{"@type":"ImageObject","inLanguage":"fi","@id":"https:\/\/simonjersey.eu\/fi\/tuote\/unisex-kokintakki-lyhyilla-hihoilla\/#primaryimage","url":"https:\/\/simonjersey.eu\/fi\/wp-content\/uploads\/sites\/3\/2019\/10\/CJ0750-1.jpg","contentUrl":"https:\/\/simonjersey.eu\/fi\/wp-content\/uploads\/sites\/3\/2019\/10\/CJ0750-1.jpg","width":1000,"height":1500},{"@type":"BreadcrumbList","@id":"https:\/\/simonjersey.eu\/fi\/tuote\/unisex-kokintakki-lyhyilla-hihoilla\/#breadcrumb","itemListElement":[{"@type":"ListItem","position":1,"name":"Home","item":"https:\/\/simonjersey.eu\/fi\/"},{"@type":"ListItem","position":2,"name":"Verkkokauppa","item":"https:\/\/simonjersey.eu\/fi\/kauppaan\/"},{"@type":"ListItem","position":3,"name":"Unisex kokintakki lyhyill\u00e4 hihoilla"}]},{"@type":"WebSite","@id":"https:\/\/simonjersey.eu\/fi\/#website","url":"https:\/\/simonjersey.eu\/fi\/","name":"Simon Jersey Suomi","description":"Tyylikk\u00e4\u00e4t ja kest\u00e4v\u00e4t  ammattiasut","potentialAction":[{"@type":"SearchAction","target":{"@type":"EntryPoint","urlTemplate":"https:\/\/simonjersey.eu\/fi\/?s={search_term_string}"},"query-input":{"@type":"PropertyValueSpecification","valueRequired":true,"valueName":"search_term_string"}}],"inLanguage":"fi"}]}},"_links":{"self":[{"href":"https:\/\/simonjersey.eu\/fi\/wp-json\/wp\/v2\/product\/636","targetHints":{"allow":["GET"]}}],"collection":[{"href":"https:\/\/simonjersey.eu\/fi\/wp-json\/wp\/v2\/product"}],"about":[{"href":"https:\/\/simonjersey.eu\/fi\/wp-json\/wp\/v2\/types\/product"}],"wp:featuredmedia":[{"embeddable":true,"href":"https:\/\/simonjersey.eu\/fi\/wp-json\/wp\/v2\/media\/644"}],"wp:attachment":[{"href":"https:\/\/simonjersey.eu\/fi\/wp-json\/wp\/v2\/media?parent=636"}],"wp:term":[{"taxonomy":"product_brand","embeddable":true,"href":"https:\/\/simonjersey.eu\/fi\/wp-json\/wp\/v2\/product_brand?post=636"},{"taxonomy":"product_cat","embeddable":true,"href":"https:\/\/simonjersey.eu\/fi\/wp-json\/wp\/v2\/product_cat?post=636"},{"taxonomy":"product_tag","embeddable":true,"href":"https:\/\/simonjersey.eu\/fi\/wp-json\/wp\/v2\/product_tag?post=636"}],"curies":[{"name":"wp","href":"https:\/\/api.w.org\/{rel}","templated":true}]}}