{"id":6381,"date":"2021-10-22T07:52:57","date_gmt":"2021-10-22T07:52:57","guid":{"rendered":"https:\/\/simonjersey.eu\/fi\/?post_type=product&#038;p=6381"},"modified":"2024-11-10T09:16:35","modified_gmt":"2024-11-10T09:16:35","slug":"bordeaux-mekko","status":"publish","type":"product","link":"https:\/\/simonjersey.eu\/fi\/tuote\/bordeaux-mekko\/","title":{"rendered":"Bordeaux mekko"},"content":{"rendered":"","protected":false},"excerpt":{"rendered":"<p>T\u00e4m\u00e4 tyylik\u00e4s mekko on hyv\u00e4 vaihtoehto korvaamaan perinteisen tunikan ja housujen yhdistelm\u00e4n.<\/p>\n<p>Imarteleva\u00a0 kaareva p\u00e4\u00e4ntie, lyhyet hihat, nelj\u00e4 satiinista koristenauhatikkausta vy\u00f6t\u00e4r\u00f6ll\u00e4, vetoketjukiinnitys sel\u00e4ss\u00e4, muotolaskokset edess\u00e4, mekossa sile\u00e4 vuorikangas.<\/p>\n<p>Saatavana kolmessa v\u00e4riss\u00e4, kahdessa pituudessa (Regular, Long)<\/p>\n<p>Materiaali: 63 % polyesteri\u00e4, 34 % viskoosia, 3 % elastaania<\/p>\n<p>Koot: UK (6 &#8211; 24 )\/ Paino: 335 g\/m\u00b2<\/p>\n<p>Pituus 12R = 97 cm<\/p>\n","protected":false},"featured_media":7290,"template":"","meta":[],"product_brand":[],"product_cat":[36,37,41,52,56,68,66,75,85,19],"product_tag":[],"class_list":{"0":"post-6381","1":"product","2":"type-product","3":"status-publish","4":"has-post-thumbnail","6":"product_cat-kauneus-spa","7":"product_cat-mekot","8":"product_cat-ravintola-kahvila","9":"product_cat-hamet-ja-mekot-ravintola-kahvila","10":"product_cat-hotelli-palveluammatit","11":"product_cat-pukujen-mallistot-hotelli-ja-palveluammatit","12":"product_cat-perus-kendal","13":"product_cat-business-toimisto","14":"product_cat-pukujen-mallistot-business-toimisto","15":"product_cat-hamet-ja-mekot","17":"first","18":"instock","19":"taxable","20":"shipping-taxable","21":"purchasable","22":"product-type-variable","23":"has-default-attributes"},"yoast_head":"<!-- This site is optimized with the Yoast SEO plugin v27.2 - https:\/\/yoast.com\/product\/yoast-seo-wordpress\/ -->\n<title>Bordeaux mekko - Simon Jersey Suomi<\/title>\n<meta name=\"robots\" content=\"index, follow, max-snippet:-1, max-image-preview:large, max-video-preview:-1\" \/>\n<link rel=\"canonical\" href=\"https:\/\/simonjersey.eu\/fi\/tuote\/bordeaux-mekko\/\" \/>\n<meta property=\"og:locale\" content=\"fi_FI\" \/>\n<meta property=\"og:type\" content=\"article\" \/>\n<meta property=\"og:title\" content=\"Bordeaux mekko - Simon Jersey Suomi\" \/>\n<meta property=\"og:description\" content=\"T\u00e4m\u00e4 tyylik\u00e4s mekko on hyv\u00e4 vaihtoehto korvaamaan perinteisen tunikan ja housujen yhdistelm\u00e4n.  Imarteleva\u00a0 kaareva p\u00e4\u00e4ntie, lyhyet hihat, nelj\u00e4 satiinista koristenauhatikkausta vy\u00f6t\u00e4r\u00f6ll\u00e4, vetoketjukiinnitys sel\u00e4ss\u00e4, muotolaskokset edess\u00e4, mekossa sile\u00e4 vuorikangas.  Saatavana kolmessa v\u00e4riss\u00e4, kahdessa pituudessa (Regular, Long)  Materiaali: 63 % polyesteri\u00e4, 34 % viskoosia, 3 % elastaania  Koot: UK (6 - 24 )\/ Paino: 335 g\/m\u00b2  Pituus 12R = 97 cm\" \/>\n<meta property=\"og:url\" content=\"https:\/\/simonjersey.eu\/fi\/tuote\/bordeaux-mekko\/\" \/>\n<meta property=\"og:site_name\" content=\"Simon Jersey Suomi\" \/>\n<meta property=\"article:modified_time\" content=\"2024-11-10T09:16:35+00:00\" \/>\n<meta property=\"og:image\" content=\"https:\/\/simonjersey.eu\/fi\/wp-content\/uploads\/sites\/3\/2021\/10\/Boreaux-Dress-Charcoal-.jpg\" \/>\n\t<meta property=\"og:image:width\" content=\"707\" \/>\n\t<meta property=\"og:image:height\" content=\"1059\" \/>\n\t<meta property=\"og:image:type\" content=\"image\/jpeg\" \/>\n<meta name=\"twitter:card\" content=\"summary_large_image\" \/>\n<meta name=\"twitter:label1\" content=\"Arvioitu lukuaika\" \/>\n\t<meta name=\"twitter:data1\" content=\"1 minuutti\" \/>\n<script type=\"application\/ld+json\" class=\"yoast-schema-graph\">{\"@context\":\"https:\/\/schema.org\",\"@graph\":[{\"@type\":\"WebPage\",\"@id\":\"https:\/\/simonjersey.eu\/fi\/tuote\/bordeaux-mekko\/\",\"url\":\"https:\/\/simonjersey.eu\/fi\/tuote\/bordeaux-mekko\/\",\"name\":\"Bordeaux mekko - Simon Jersey Suomi\",\"isPartOf\":{\"@id\":\"https:\/\/simonjersey.eu\/fi\/#website\"},\"primaryImageOfPage\":{\"@id\":\"https:\/\/simonjersey.eu\/fi\/tuote\/bordeaux-mekko\/#primaryimage\"},\"image\":{\"@id\":\"https:\/\/simonjersey.eu\/fi\/tuote\/bordeaux-mekko\/#primaryimage\"},\"thumbnailUrl\":\"https:\/\/simonjersey.eu\/fi\/wp-content\/uploads\/sites\/3\/2021\/10\/Boreaux-Dress-Charcoal-.jpg\",\"datePublished\":\"2021-10-22T07:52:57+00:00\",\"dateModified\":\"2024-11-10T09:16:35+00:00\",\"breadcrumb\":{\"@id\":\"https:\/\/simonjersey.eu\/fi\/tuote\/bordeaux-mekko\/#breadcrumb\"},\"inLanguage\":\"fi\",\"potentialAction\":[{\"@type\":\"ReadAction\",\"target\":[\"https:\/\/simonjersey.eu\/fi\/tuote\/bordeaux-mekko\/\"]}]},{\"@type\":\"ImageObject\",\"inLanguage\":\"fi\",\"@id\":\"https:\/\/simonjersey.eu\/fi\/tuote\/bordeaux-mekko\/#primaryimage\",\"url\":\"https:\/\/simonjersey.eu\/fi\/wp-content\/uploads\/sites\/3\/2021\/10\/Boreaux-Dress-Charcoal-.jpg\",\"contentUrl\":\"https:\/\/simonjersey.eu\/fi\/wp-content\/uploads\/sites\/3\/2021\/10\/Boreaux-Dress-Charcoal-.jpg\",\"width\":707,\"height\":1059},{\"@type\":\"BreadcrumbList\",\"@id\":\"https:\/\/simonjersey.eu\/fi\/tuote\/bordeaux-mekko\/#breadcrumb\",\"itemListElement\":[{\"@type\":\"ListItem\",\"position\":1,\"name\":\"Home\",\"item\":\"https:\/\/simonjersey.eu\/fi\/\"},{\"@type\":\"ListItem\",\"position\":2,\"name\":\"Verkkokauppa\",\"item\":\"https:\/\/simonjersey.eu\/fi\/kauppaan\/\"},{\"@type\":\"ListItem\",\"position\":3,\"name\":\"Bordeaux mekko\"}]},{\"@type\":\"WebSite\",\"@id\":\"https:\/\/simonjersey.eu\/fi\/#website\",\"url\":\"https:\/\/simonjersey.eu\/fi\/\",\"name\":\"Simon Jersey Suomi\",\"description\":\"Tyylikk\u00e4\u00e4t ja kest\u00e4v\u00e4t  ammattiasut\",\"potentialAction\":[{\"@type\":\"SearchAction\",\"target\":{\"@type\":\"EntryPoint\",\"urlTemplate\":\"https:\/\/simonjersey.eu\/fi\/?s={search_term_string}\"},\"query-input\":{\"@type\":\"PropertyValueSpecification\",\"valueRequired\":true,\"valueName\":\"search_term_string\"}}],\"inLanguage\":\"fi\"}]}<\/script>\n<!-- \/ Yoast SEO plugin. -->","yoast_head_json":{"title":"Bordeaux mekko - Simon Jersey Suomi","robots":{"index":"index","follow":"follow","max-snippet":"max-snippet:-1","max-image-preview":"max-image-preview:large","max-video-preview":"max-video-preview:-1"},"canonical":"https:\/\/simonjersey.eu\/fi\/tuote\/bordeaux-mekko\/","og_locale":"fi_FI","og_type":"article","og_title":"Bordeaux mekko - Simon Jersey Suomi","og_description":"T\u00e4m\u00e4 tyylik\u00e4s mekko on hyv\u00e4 vaihtoehto korvaamaan perinteisen tunikan ja housujen yhdistelm\u00e4n.  Imarteleva\u00a0 kaareva p\u00e4\u00e4ntie, lyhyet hihat, nelj\u00e4 satiinista koristenauhatikkausta vy\u00f6t\u00e4r\u00f6ll\u00e4, vetoketjukiinnitys sel\u00e4ss\u00e4, muotolaskokset edess\u00e4, mekossa sile\u00e4 vuorikangas.  Saatavana kolmessa v\u00e4riss\u00e4, kahdessa pituudessa (Regular, Long)  Materiaali: 63 % polyesteri\u00e4, 34 % viskoosia, 3 % elastaania  Koot: UK (6 - 24 )\/ Paino: 335 g\/m\u00b2  Pituus 12R = 97 cm","og_url":"https:\/\/simonjersey.eu\/fi\/tuote\/bordeaux-mekko\/","og_site_name":"Simon Jersey Suomi","article_modified_time":"2024-11-10T09:16:35+00:00","og_image":[{"width":707,"height":1059,"url":"https:\/\/simonjersey.eu\/fi\/wp-content\/uploads\/sites\/3\/2021\/10\/Boreaux-Dress-Charcoal-.jpg","type":"image\/jpeg"}],"twitter_card":"summary_large_image","twitter_misc":{"Arvioitu lukuaika":"1 minuutti"},"schema":{"@context":"https:\/\/schema.org","@graph":[{"@type":"WebPage","@id":"https:\/\/simonjersey.eu\/fi\/tuote\/bordeaux-mekko\/","url":"https:\/\/simonjersey.eu\/fi\/tuote\/bordeaux-mekko\/","name":"Bordeaux mekko - Simon Jersey Suomi","isPartOf":{"@id":"https:\/\/simonjersey.eu\/fi\/#website"},"primaryImageOfPage":{"@id":"https:\/\/simonjersey.eu\/fi\/tuote\/bordeaux-mekko\/#primaryimage"},"image":{"@id":"https:\/\/simonjersey.eu\/fi\/tuote\/bordeaux-mekko\/#primaryimage"},"thumbnailUrl":"https:\/\/simonjersey.eu\/fi\/wp-content\/uploads\/sites\/3\/2021\/10\/Boreaux-Dress-Charcoal-.jpg","datePublished":"2021-10-22T07:52:57+00:00","dateModified":"2024-11-10T09:16:35+00:00","breadcrumb":{"@id":"https:\/\/simonjersey.eu\/fi\/tuote\/bordeaux-mekko\/#breadcrumb"},"inLanguage":"fi","potentialAction":[{"@type":"ReadAction","target":["https:\/\/simonjersey.eu\/fi\/tuote\/bordeaux-mekko\/"]}]},{"@type":"ImageObject","inLanguage":"fi","@id":"https:\/\/simonjersey.eu\/fi\/tuote\/bordeaux-mekko\/#primaryimage","url":"https:\/\/simonjersey.eu\/fi\/wp-content\/uploads\/sites\/3\/2021\/10\/Boreaux-Dress-Charcoal-.jpg","contentUrl":"https:\/\/simonjersey.eu\/fi\/wp-content\/uploads\/sites\/3\/2021\/10\/Boreaux-Dress-Charcoal-.jpg","width":707,"height":1059},{"@type":"BreadcrumbList","@id":"https:\/\/simonjersey.eu\/fi\/tuote\/bordeaux-mekko\/#breadcrumb","itemListElement":[{"@type":"ListItem","position":1,"name":"Home","item":"https:\/\/simonjersey.eu\/fi\/"},{"@type":"ListItem","position":2,"name":"Verkkokauppa","item":"https:\/\/simonjersey.eu\/fi\/kauppaan\/"},{"@type":"ListItem","position":3,"name":"Bordeaux mekko"}]},{"@type":"WebSite","@id":"https:\/\/simonjersey.eu\/fi\/#website","url":"https:\/\/simonjersey.eu\/fi\/","name":"Simon Jersey Suomi","description":"Tyylikk\u00e4\u00e4t ja kest\u00e4v\u00e4t  ammattiasut","potentialAction":[{"@type":"SearchAction","target":{"@type":"EntryPoint","urlTemplate":"https:\/\/simonjersey.eu\/fi\/?s={search_term_string}"},"query-input":{"@type":"PropertyValueSpecification","valueRequired":true,"valueName":"search_term_string"}}],"inLanguage":"fi"}]}},"_links":{"self":[{"href":"https:\/\/simonjersey.eu\/fi\/wp-json\/wp\/v2\/product\/6381","targetHints":{"allow":["GET"]}}],"collection":[{"href":"https:\/\/simonjersey.eu\/fi\/wp-json\/wp\/v2\/product"}],"about":[{"href":"https:\/\/simonjersey.eu\/fi\/wp-json\/wp\/v2\/types\/product"}],"wp:featuredmedia":[{"embeddable":true,"href":"https:\/\/simonjersey.eu\/fi\/wp-json\/wp\/v2\/media\/7290"}],"wp:attachment":[{"href":"https:\/\/simonjersey.eu\/fi\/wp-json\/wp\/v2\/media?parent=6381"}],"wp:term":[{"taxonomy":"product_brand","embeddable":true,"href":"https:\/\/simonjersey.eu\/fi\/wp-json\/wp\/v2\/product_brand?post=6381"},{"taxonomy":"product_cat","embeddable":true,"href":"https:\/\/simonjersey.eu\/fi\/wp-json\/wp\/v2\/product_cat?post=6381"},{"taxonomy":"product_tag","embeddable":true,"href":"https:\/\/simonjersey.eu\/fi\/wp-json\/wp\/v2\/product_tag?post=6381"}],"curies":[{"name":"wp","href":"https:\/\/api.w.org\/{rel}","templated":true}]}}