{"id":6592,"date":"2022-05-11T10:02:42","date_gmt":"2022-05-11T10:02:42","guid":{"rendered":"https:\/\/simonjersey.eu\/fi\/?post_type=product&#038;p=6592"},"modified":"2025-04-21T10:06:35","modified_gmt":"2025-04-21T10:06:35","slug":"miami-chino-housut-miehille","status":"publish","type":"product","link":"https:\/\/simonjersey.eu\/fi\/tuote\/miami-chino-housut-miehille\/","title":{"rendered":"Miami Chino housut miehille"},"content":{"rendered":"","protected":false},"excerpt":{"rendered":"<p>Chinot kuuluvat joka vaatekaappiin. Klassinen malli viistoilla etutaskuilla ja minimalistisilla detaljeilla antaa t\u00e4llaisille housuille ajattoman ilmeen, jonka ansiosta ne on helppo yhdist\u00e4\u00e4 eri asuihin.<\/p>\n<p>Materiaalit: Puuvilla 97% , Elastaani 3%, 350 gm. Stretch: 20%<\/p>\n<p>Konepesu: 30\u00b0. V\u00e4lt\u00e4 nopeaa sentrifugointia!<\/p>\n<p>Kangas testattu Martindale-testij\u00e4rjestelm\u00e4ll\u00e4:&gt; 60 000 kulutusta kest\u00e4v\u00e4!<\/p>\n<p>Koot:\u00a0 (UK) 28 \u2013 42<\/p>\n<p>Pituus: Short-75 cm&#8221;, Regular-80cm&#8221;, Long- 84cm&#8221;.<\/p>\n<p>Naisten housut <a href=\"https:\/\/simonjersey.eu\/fi\/tuote\/chinos-housut-naisille\/\"><strong>t\u00e4\u00e4ll\u00e4<\/strong><\/a>!<\/p>\n","protected":false},"featured_media":7654,"template":"","meta":[],"product_brand":[],"product_cat":[423,41,53,75,92,25],"product_tag":[],"class_list":{"0":"post-6592","1":"product","2":"type-product","3":"status-publish","4":"has-post-thumbnail","6":"product_cat-miesten-housut-ja-chinot","7":"product_cat-ravintola-kahvila","8":"product_cat-housut-ravintola-kahvila","9":"product_cat-business-toimisto","10":"product_cat-tyohousut","11":"product_cat-miesten-housut","13":"first","14":"instock","15":"taxable","16":"shipping-taxable","17":"purchasable","18":"product-type-variable","19":"has-default-attributes"},"yoast_head":"<!-- This site is optimized with the Yoast SEO plugin v27.2 - https:\/\/yoast.com\/product\/yoast-seo-wordpress\/ -->\n<title>Miami Chino housut miehille - Simon Jersey Suomi<\/title>\n<meta name=\"robots\" content=\"index, follow, max-snippet:-1, max-image-preview:large, max-video-preview:-1\" \/>\n<link rel=\"canonical\" href=\"https:\/\/simonjersey.eu\/fi\/tuote\/miami-chino-housut-miehille\/\" \/>\n<meta property=\"og:locale\" content=\"fi_FI\" \/>\n<meta property=\"og:type\" content=\"article\" \/>\n<meta property=\"og:title\" content=\"Miami Chino housut miehille - Simon Jersey Suomi\" \/>\n<meta property=\"og:description\" content=\"Chinot kuuluvat joka vaatekaappiin. Klassinen malli viistoilla etutaskuilla ja minimalistisilla detaljeilla antaa t\u00e4llaisille housuille ajattoman ilmeen, jonka ansiosta ne on helppo yhdist\u00e4\u00e4 eri asuihin.  Materiaalit: Puuvilla 97% , Elastaani 3%, 350 gm. Stretch: 20%  Konepesu: 30\u00b0. V\u00e4lt\u00e4 nopeaa sentrifugointia!  Kangas testattu Martindale-testij\u00e4rjestelm\u00e4ll\u00e4:&gt; 60 000 kulutusta kest\u00e4v\u00e4!  Koot:\u00a0 (UK) 28 \u2013 42  Pituus: Short-75 cm&quot;, Regular-80cm&quot;, Long- 84cm&quot;.  Naisten housut t\u00e4\u00e4ll\u00e4!\" \/>\n<meta property=\"og:url\" content=\"https:\/\/simonjersey.eu\/fi\/tuote\/miami-chino-housut-miehille\/\" \/>\n<meta property=\"og:site_name\" content=\"Simon Jersey Suomi\" \/>\n<meta property=\"article:modified_time\" content=\"2025-04-21T10:06:35+00:00\" \/>\n<meta property=\"og:image\" content=\"https:\/\/simonjersey.eu\/fi\/wp-content\/uploads\/sites\/3\/2022\/05\/Columbia-Bottle-Green-Miami-Beige-700-x-1087-1.jpg\" \/>\n\t<meta property=\"og:image:width\" content=\"700\" \/>\n\t<meta property=\"og:image:height\" content=\"1087\" \/>\n\t<meta property=\"og:image:type\" content=\"image\/jpeg\" \/>\n<meta name=\"twitter:card\" content=\"summary_large_image\" \/>\n<meta name=\"twitter:label1\" content=\"Arvioitu lukuaika\" \/>\n\t<meta name=\"twitter:data1\" content=\"1 minuutti\" \/>\n<script type=\"application\/ld+json\" class=\"yoast-schema-graph\">{\"@context\":\"https:\/\/schema.org\",\"@graph\":[{\"@type\":\"WebPage\",\"@id\":\"https:\/\/simonjersey.eu\/fi\/tuote\/miami-chino-housut-miehille\/\",\"url\":\"https:\/\/simonjersey.eu\/fi\/tuote\/miami-chino-housut-miehille\/\",\"name\":\"Miami Chino housut miehille - Simon Jersey Suomi\",\"isPartOf\":{\"@id\":\"https:\/\/simonjersey.eu\/fi\/#website\"},\"primaryImageOfPage\":{\"@id\":\"https:\/\/simonjersey.eu\/fi\/tuote\/miami-chino-housut-miehille\/#primaryimage\"},\"image\":{\"@id\":\"https:\/\/simonjersey.eu\/fi\/tuote\/miami-chino-housut-miehille\/#primaryimage\"},\"thumbnailUrl\":\"https:\/\/simonjersey.eu\/fi\/wp-content\/uploads\/sites\/3\/2022\/05\/Columbia-Bottle-Green-Miami-Beige-700-x-1087-1.jpg\",\"datePublished\":\"2022-05-11T10:02:42+00:00\",\"dateModified\":\"2025-04-21T10:06:35+00:00\",\"breadcrumb\":{\"@id\":\"https:\/\/simonjersey.eu\/fi\/tuote\/miami-chino-housut-miehille\/#breadcrumb\"},\"inLanguage\":\"fi\",\"potentialAction\":[{\"@type\":\"ReadAction\",\"target\":[\"https:\/\/simonjersey.eu\/fi\/tuote\/miami-chino-housut-miehille\/\"]}]},{\"@type\":\"ImageObject\",\"inLanguage\":\"fi\",\"@id\":\"https:\/\/simonjersey.eu\/fi\/tuote\/miami-chino-housut-miehille\/#primaryimage\",\"url\":\"https:\/\/simonjersey.eu\/fi\/wp-content\/uploads\/sites\/3\/2022\/05\/Columbia-Bottle-Green-Miami-Beige-700-x-1087-1.jpg\",\"contentUrl\":\"https:\/\/simonjersey.eu\/fi\/wp-content\/uploads\/sites\/3\/2022\/05\/Columbia-Bottle-Green-Miami-Beige-700-x-1087-1.jpg\",\"width\":700,\"height\":1087},{\"@type\":\"BreadcrumbList\",\"@id\":\"https:\/\/simonjersey.eu\/fi\/tuote\/miami-chino-housut-miehille\/#breadcrumb\",\"itemListElement\":[{\"@type\":\"ListItem\",\"position\":1,\"name\":\"Home\",\"item\":\"https:\/\/simonjersey.eu\/fi\/\"},{\"@type\":\"ListItem\",\"position\":2,\"name\":\"Verkkokauppa\",\"item\":\"https:\/\/simonjersey.eu\/fi\/kauppaan\/\"},{\"@type\":\"ListItem\",\"position\":3,\"name\":\"Miami Chino housut miehille\"}]},{\"@type\":\"WebSite\",\"@id\":\"https:\/\/simonjersey.eu\/fi\/#website\",\"url\":\"https:\/\/simonjersey.eu\/fi\/\",\"name\":\"Simon Jersey Suomi\",\"description\":\"Tyylikk\u00e4\u00e4t ja kest\u00e4v\u00e4t  ammattiasut\",\"potentialAction\":[{\"@type\":\"SearchAction\",\"target\":{\"@type\":\"EntryPoint\",\"urlTemplate\":\"https:\/\/simonjersey.eu\/fi\/?s={search_term_string}\"},\"query-input\":{\"@type\":\"PropertyValueSpecification\",\"valueRequired\":true,\"valueName\":\"search_term_string\"}}],\"inLanguage\":\"fi\"}]}<\/script>\n<!-- \/ Yoast SEO plugin. -->","yoast_head_json":{"title":"Miami Chino housut miehille - Simon Jersey Suomi","robots":{"index":"index","follow":"follow","max-snippet":"max-snippet:-1","max-image-preview":"max-image-preview:large","max-video-preview":"max-video-preview:-1"},"canonical":"https:\/\/simonjersey.eu\/fi\/tuote\/miami-chino-housut-miehille\/","og_locale":"fi_FI","og_type":"article","og_title":"Miami Chino housut miehille - Simon Jersey Suomi","og_description":"Chinot kuuluvat joka vaatekaappiin. Klassinen malli viistoilla etutaskuilla ja minimalistisilla detaljeilla antaa t\u00e4llaisille housuille ajattoman ilmeen, jonka ansiosta ne on helppo yhdist\u00e4\u00e4 eri asuihin.  Materiaalit: Puuvilla 97% , Elastaani 3%, 350 gm. Stretch: 20%  Konepesu: 30\u00b0. V\u00e4lt\u00e4 nopeaa sentrifugointia!  Kangas testattu Martindale-testij\u00e4rjestelm\u00e4ll\u00e4:&gt; 60 000 kulutusta kest\u00e4v\u00e4!  Koot:\u00a0 (UK) 28 \u2013 42  Pituus: Short-75 cm\", Regular-80cm\", Long- 84cm\".  Naisten housut t\u00e4\u00e4ll\u00e4!","og_url":"https:\/\/simonjersey.eu\/fi\/tuote\/miami-chino-housut-miehille\/","og_site_name":"Simon Jersey Suomi","article_modified_time":"2025-04-21T10:06:35+00:00","og_image":[{"width":700,"height":1087,"url":"https:\/\/simonjersey.eu\/fi\/wp-content\/uploads\/sites\/3\/2022\/05\/Columbia-Bottle-Green-Miami-Beige-700-x-1087-1.jpg","type":"image\/jpeg"}],"twitter_card":"summary_large_image","twitter_misc":{"Arvioitu lukuaika":"1 minuutti"},"schema":{"@context":"https:\/\/schema.org","@graph":[{"@type":"WebPage","@id":"https:\/\/simonjersey.eu\/fi\/tuote\/miami-chino-housut-miehille\/","url":"https:\/\/simonjersey.eu\/fi\/tuote\/miami-chino-housut-miehille\/","name":"Miami Chino housut miehille - Simon Jersey Suomi","isPartOf":{"@id":"https:\/\/simonjersey.eu\/fi\/#website"},"primaryImageOfPage":{"@id":"https:\/\/simonjersey.eu\/fi\/tuote\/miami-chino-housut-miehille\/#primaryimage"},"image":{"@id":"https:\/\/simonjersey.eu\/fi\/tuote\/miami-chino-housut-miehille\/#primaryimage"},"thumbnailUrl":"https:\/\/simonjersey.eu\/fi\/wp-content\/uploads\/sites\/3\/2022\/05\/Columbia-Bottle-Green-Miami-Beige-700-x-1087-1.jpg","datePublished":"2022-05-11T10:02:42+00:00","dateModified":"2025-04-21T10:06:35+00:00","breadcrumb":{"@id":"https:\/\/simonjersey.eu\/fi\/tuote\/miami-chino-housut-miehille\/#breadcrumb"},"inLanguage":"fi","potentialAction":[{"@type":"ReadAction","target":["https:\/\/simonjersey.eu\/fi\/tuote\/miami-chino-housut-miehille\/"]}]},{"@type":"ImageObject","inLanguage":"fi","@id":"https:\/\/simonjersey.eu\/fi\/tuote\/miami-chino-housut-miehille\/#primaryimage","url":"https:\/\/simonjersey.eu\/fi\/wp-content\/uploads\/sites\/3\/2022\/05\/Columbia-Bottle-Green-Miami-Beige-700-x-1087-1.jpg","contentUrl":"https:\/\/simonjersey.eu\/fi\/wp-content\/uploads\/sites\/3\/2022\/05\/Columbia-Bottle-Green-Miami-Beige-700-x-1087-1.jpg","width":700,"height":1087},{"@type":"BreadcrumbList","@id":"https:\/\/simonjersey.eu\/fi\/tuote\/miami-chino-housut-miehille\/#breadcrumb","itemListElement":[{"@type":"ListItem","position":1,"name":"Home","item":"https:\/\/simonjersey.eu\/fi\/"},{"@type":"ListItem","position":2,"name":"Verkkokauppa","item":"https:\/\/simonjersey.eu\/fi\/kauppaan\/"},{"@type":"ListItem","position":3,"name":"Miami Chino housut miehille"}]},{"@type":"WebSite","@id":"https:\/\/simonjersey.eu\/fi\/#website","url":"https:\/\/simonjersey.eu\/fi\/","name":"Simon Jersey Suomi","description":"Tyylikk\u00e4\u00e4t ja kest\u00e4v\u00e4t  ammattiasut","potentialAction":[{"@type":"SearchAction","target":{"@type":"EntryPoint","urlTemplate":"https:\/\/simonjersey.eu\/fi\/?s={search_term_string}"},"query-input":{"@type":"PropertyValueSpecification","valueRequired":true,"valueName":"search_term_string"}}],"inLanguage":"fi"}]}},"_links":{"self":[{"href":"https:\/\/simonjersey.eu\/fi\/wp-json\/wp\/v2\/product\/6592","targetHints":{"allow":["GET"]}}],"collection":[{"href":"https:\/\/simonjersey.eu\/fi\/wp-json\/wp\/v2\/product"}],"about":[{"href":"https:\/\/simonjersey.eu\/fi\/wp-json\/wp\/v2\/types\/product"}],"wp:featuredmedia":[{"embeddable":true,"href":"https:\/\/simonjersey.eu\/fi\/wp-json\/wp\/v2\/media\/7654"}],"wp:attachment":[{"href":"https:\/\/simonjersey.eu\/fi\/wp-json\/wp\/v2\/media?parent=6592"}],"wp:term":[{"taxonomy":"product_brand","embeddable":true,"href":"https:\/\/simonjersey.eu\/fi\/wp-json\/wp\/v2\/product_brand?post=6592"},{"taxonomy":"product_cat","embeddable":true,"href":"https:\/\/simonjersey.eu\/fi\/wp-json\/wp\/v2\/product_cat?post=6592"},{"taxonomy":"product_tag","embeddable":true,"href":"https:\/\/simonjersey.eu\/fi\/wp-json\/wp\/v2\/product_tag?post=6592"}],"curies":[{"name":"wp","href":"https:\/\/api.w.org\/{rel}","templated":true}]}}