{"id":6648,"date":"2022-05-24T08:58:08","date_gmt":"2022-05-24T08:58:08","guid":{"rendered":"https:\/\/simonjersey.eu\/fi\/?post_type=product&#038;p=6648"},"modified":"2023-09-19T09:18:26","modified_gmt":"2023-09-19T09:18:26","slug":"dickies-balance-hoitajan-paita-miehille","status":"publish","type":"product","link":"https:\/\/simonjersey.eu\/fi\/tuote\/dickies-balance-hoitajan-paita-miehille\/","title":{"rendered":"Dickies Balance hoitajan paita miehille"},"content":{"rendered":"","protected":false},"excerpt":{"rendered":"<p>Dickies Balance paita on V- urrettu kaulus, sopi upeasti <em>hoitajille ja<\/em>\u00a0l\u00e4\u00e4k\u00e4reille\u00a0<em>sek\u00e4 fysioterapeuteille<\/em>. Kevyt, hengitt\u00e4v\u00e4, mukava ja istuu hyvin.<\/p>\n<ul>\n<li>v-<em>uurrettu kaulus<\/em><em>, uurrettu kudos sivuilla <\/em>molemmilla\u00a0<em>sivuilla<\/em><em>,<\/em> kaksi taskua edess\u00e4 lantiolla, rintatasku.<\/li>\n<\/ul>\n<p>Materiaali: 77 Poly\/20 Rayon\/3 Elastane Twill.<\/p>\n<p>Hoito-ohje: konepesu 60\u00baC<\/p>\n<p>Koot: XXS &#8211; 3XL<\/p>\n<p>Pituus: 76cm<\/p>\n<p>L\u00f6yd\u00e4 sopivat housut\u00a0<a href=\"https:\/\/simonjersey.eu\/fi\/tuote\/dickies-balance-miesten-housut-cargo-taskuilla\/\"><strong>t\u00e4\u00e4lt\u00e4<\/strong><\/a><\/p>\n<p>&nbsp;<\/p>\n","protected":false},"featured_media":6649,"template":"","meta":[],"product_brand":[],"product_cat":[438,69,71],"product_tag":[],"class_list":{"0":"post-6648","1":"product","2":"type-product","3":"status-publish","4":"has-post-thumbnail","6":"product_cat-dickies-cherokee-tyovaateet","7":"product_cat-hyvinvoinit-hoitoala","8":"product_cat-miesten-hoitopaidat-ja-jakut","10":"first","11":"instock","12":"taxable","13":"shipping-taxable","14":"purchasable","15":"product-type-variable","16":"has-default-attributes"},"yoast_head":"<!-- This site is optimized with the Yoast SEO plugin v27.2 - https:\/\/yoast.com\/product\/yoast-seo-wordpress\/ -->\n<title>Dickies Balance hoitajan paita miehille - Simon Jersey Suomi<\/title>\n<meta name=\"robots\" content=\"index, follow, max-snippet:-1, max-image-preview:large, max-video-preview:-1\" \/>\n<link rel=\"canonical\" href=\"https:\/\/simonjersey.eu\/fi\/tuote\/dickies-balance-hoitajan-paita-miehille\/\" \/>\n<meta property=\"og:locale\" content=\"fi_FI\" \/>\n<meta property=\"og:type\" content=\"article\" \/>\n<meta property=\"og:title\" content=\"Dickies Balance hoitajan paita miehille - Simon Jersey Suomi\" \/>\n<meta property=\"og:description\" content=\"Dickies Balance paita on V- urrettu kaulus, sopi upeasti hoitajille ja\u00a0l\u00e4\u00e4k\u00e4reille\u00a0sek\u00e4 fysioterapeuteille. Kevyt, hengitt\u00e4v\u00e4, mukava ja istuu hyvin.   v-uurrettu kaulus, uurrettu kudos sivuilla molemmilla\u00a0sivuilla, kaksi taskua edess\u00e4 lantiolla, rintatasku.  Materiaali: 77 Poly\/20 Rayon\/3 Elastane Twill.  Hoito-ohje: konepesu 60\u00baC  Koot: XXS - 3XL  Pituus: 76cm  L\u00f6yd\u00e4 sopivat housut\u00a0t\u00e4\u00e4lt\u00e4  &nbsp;\" \/>\n<meta property=\"og:url\" content=\"https:\/\/simonjersey.eu\/fi\/tuote\/dickies-balance-hoitajan-paita-miehille\/\" \/>\n<meta property=\"og:site_name\" content=\"Simon Jersey Suomi\" \/>\n<meta property=\"article:modified_time\" content=\"2023-09-19T09:18:26+00:00\" \/>\n<meta property=\"og:image\" content=\"https:\/\/simonjersey.eu\/fi\/wp-content\/uploads\/sites\/3\/2022\/05\/Dickies-V-neck-TOP-DK845.jpg\" \/>\n\t<meta property=\"og:image:width\" content=\"1100\" \/>\n\t<meta property=\"og:image:height\" content=\"1600\" \/>\n\t<meta property=\"og:image:type\" content=\"image\/jpeg\" \/>\n<meta name=\"twitter:card\" content=\"summary_large_image\" \/>\n<script type=\"application\/ld+json\" class=\"yoast-schema-graph\">{\"@context\":\"https:\/\/schema.org\",\"@graph\":[{\"@type\":\"WebPage\",\"@id\":\"https:\/\/simonjersey.eu\/fi\/tuote\/dickies-balance-hoitajan-paita-miehille\/\",\"url\":\"https:\/\/simonjersey.eu\/fi\/tuote\/dickies-balance-hoitajan-paita-miehille\/\",\"name\":\"Dickies Balance hoitajan paita miehille - Simon Jersey Suomi\",\"isPartOf\":{\"@id\":\"https:\/\/simonjersey.eu\/fi\/#website\"},\"primaryImageOfPage\":{\"@id\":\"https:\/\/simonjersey.eu\/fi\/tuote\/dickies-balance-hoitajan-paita-miehille\/#primaryimage\"},\"image\":{\"@id\":\"https:\/\/simonjersey.eu\/fi\/tuote\/dickies-balance-hoitajan-paita-miehille\/#primaryimage\"},\"thumbnailUrl\":\"https:\/\/simonjersey.eu\/fi\/wp-content\/uploads\/sites\/3\/2022\/05\/Dickies-V-neck-TOP-DK845.jpg\",\"datePublished\":\"2022-05-24T08:58:08+00:00\",\"dateModified\":\"2023-09-19T09:18:26+00:00\",\"breadcrumb\":{\"@id\":\"https:\/\/simonjersey.eu\/fi\/tuote\/dickies-balance-hoitajan-paita-miehille\/#breadcrumb\"},\"inLanguage\":\"fi\",\"potentialAction\":[{\"@type\":\"ReadAction\",\"target\":[\"https:\/\/simonjersey.eu\/fi\/tuote\/dickies-balance-hoitajan-paita-miehille\/\"]}]},{\"@type\":\"ImageObject\",\"inLanguage\":\"fi\",\"@id\":\"https:\/\/simonjersey.eu\/fi\/tuote\/dickies-balance-hoitajan-paita-miehille\/#primaryimage\",\"url\":\"https:\/\/simonjersey.eu\/fi\/wp-content\/uploads\/sites\/3\/2022\/05\/Dickies-V-neck-TOP-DK845.jpg\",\"contentUrl\":\"https:\/\/simonjersey.eu\/fi\/wp-content\/uploads\/sites\/3\/2022\/05\/Dickies-V-neck-TOP-DK845.jpg\",\"width\":1100,\"height\":1600},{\"@type\":\"BreadcrumbList\",\"@id\":\"https:\/\/simonjersey.eu\/fi\/tuote\/dickies-balance-hoitajan-paita-miehille\/#breadcrumb\",\"itemListElement\":[{\"@type\":\"ListItem\",\"position\":1,\"name\":\"Home\",\"item\":\"https:\/\/simonjersey.eu\/fi\/\"},{\"@type\":\"ListItem\",\"position\":2,\"name\":\"Verkkokauppa\",\"item\":\"https:\/\/simonjersey.eu\/fi\/kauppaan\/\"},{\"@type\":\"ListItem\",\"position\":3,\"name\":\"Dickies Balance hoitajan paita miehille\"}]},{\"@type\":\"WebSite\",\"@id\":\"https:\/\/simonjersey.eu\/fi\/#website\",\"url\":\"https:\/\/simonjersey.eu\/fi\/\",\"name\":\"Simon Jersey Suomi\",\"description\":\"Tyylikk\u00e4\u00e4t ja kest\u00e4v\u00e4t  ammattiasut\",\"potentialAction\":[{\"@type\":\"SearchAction\",\"target\":{\"@type\":\"EntryPoint\",\"urlTemplate\":\"https:\/\/simonjersey.eu\/fi\/?s={search_term_string}\"},\"query-input\":{\"@type\":\"PropertyValueSpecification\",\"valueRequired\":true,\"valueName\":\"search_term_string\"}}],\"inLanguage\":\"fi\"}]}<\/script>\n<!-- \/ Yoast SEO plugin. -->","yoast_head_json":{"title":"Dickies Balance hoitajan paita miehille - Simon Jersey Suomi","robots":{"index":"index","follow":"follow","max-snippet":"max-snippet:-1","max-image-preview":"max-image-preview:large","max-video-preview":"max-video-preview:-1"},"canonical":"https:\/\/simonjersey.eu\/fi\/tuote\/dickies-balance-hoitajan-paita-miehille\/","og_locale":"fi_FI","og_type":"article","og_title":"Dickies Balance hoitajan paita miehille - Simon Jersey Suomi","og_description":"Dickies Balance paita on V- urrettu kaulus, sopi upeasti hoitajille ja\u00a0l\u00e4\u00e4k\u00e4reille\u00a0sek\u00e4 fysioterapeuteille. Kevyt, hengitt\u00e4v\u00e4, mukava ja istuu hyvin.   v-uurrettu kaulus, uurrettu kudos sivuilla molemmilla\u00a0sivuilla, kaksi taskua edess\u00e4 lantiolla, rintatasku.  Materiaali: 77 Poly\/20 Rayon\/3 Elastane Twill.  Hoito-ohje: konepesu 60\u00baC  Koot: XXS - 3XL  Pituus: 76cm  L\u00f6yd\u00e4 sopivat housut\u00a0t\u00e4\u00e4lt\u00e4  &nbsp;","og_url":"https:\/\/simonjersey.eu\/fi\/tuote\/dickies-balance-hoitajan-paita-miehille\/","og_site_name":"Simon Jersey Suomi","article_modified_time":"2023-09-19T09:18:26+00:00","og_image":[{"width":1100,"height":1600,"url":"https:\/\/simonjersey.eu\/fi\/wp-content\/uploads\/sites\/3\/2022\/05\/Dickies-V-neck-TOP-DK845.jpg","type":"image\/jpeg"}],"twitter_card":"summary_large_image","schema":{"@context":"https:\/\/schema.org","@graph":[{"@type":"WebPage","@id":"https:\/\/simonjersey.eu\/fi\/tuote\/dickies-balance-hoitajan-paita-miehille\/","url":"https:\/\/simonjersey.eu\/fi\/tuote\/dickies-balance-hoitajan-paita-miehille\/","name":"Dickies Balance hoitajan paita miehille - Simon Jersey Suomi","isPartOf":{"@id":"https:\/\/simonjersey.eu\/fi\/#website"},"primaryImageOfPage":{"@id":"https:\/\/simonjersey.eu\/fi\/tuote\/dickies-balance-hoitajan-paita-miehille\/#primaryimage"},"image":{"@id":"https:\/\/simonjersey.eu\/fi\/tuote\/dickies-balance-hoitajan-paita-miehille\/#primaryimage"},"thumbnailUrl":"https:\/\/simonjersey.eu\/fi\/wp-content\/uploads\/sites\/3\/2022\/05\/Dickies-V-neck-TOP-DK845.jpg","datePublished":"2022-05-24T08:58:08+00:00","dateModified":"2023-09-19T09:18:26+00:00","breadcrumb":{"@id":"https:\/\/simonjersey.eu\/fi\/tuote\/dickies-balance-hoitajan-paita-miehille\/#breadcrumb"},"inLanguage":"fi","potentialAction":[{"@type":"ReadAction","target":["https:\/\/simonjersey.eu\/fi\/tuote\/dickies-balance-hoitajan-paita-miehille\/"]}]},{"@type":"ImageObject","inLanguage":"fi","@id":"https:\/\/simonjersey.eu\/fi\/tuote\/dickies-balance-hoitajan-paita-miehille\/#primaryimage","url":"https:\/\/simonjersey.eu\/fi\/wp-content\/uploads\/sites\/3\/2022\/05\/Dickies-V-neck-TOP-DK845.jpg","contentUrl":"https:\/\/simonjersey.eu\/fi\/wp-content\/uploads\/sites\/3\/2022\/05\/Dickies-V-neck-TOP-DK845.jpg","width":1100,"height":1600},{"@type":"BreadcrumbList","@id":"https:\/\/simonjersey.eu\/fi\/tuote\/dickies-balance-hoitajan-paita-miehille\/#breadcrumb","itemListElement":[{"@type":"ListItem","position":1,"name":"Home","item":"https:\/\/simonjersey.eu\/fi\/"},{"@type":"ListItem","position":2,"name":"Verkkokauppa","item":"https:\/\/simonjersey.eu\/fi\/kauppaan\/"},{"@type":"ListItem","position":3,"name":"Dickies Balance hoitajan paita miehille"}]},{"@type":"WebSite","@id":"https:\/\/simonjersey.eu\/fi\/#website","url":"https:\/\/simonjersey.eu\/fi\/","name":"Simon Jersey Suomi","description":"Tyylikk\u00e4\u00e4t ja kest\u00e4v\u00e4t  ammattiasut","potentialAction":[{"@type":"SearchAction","target":{"@type":"EntryPoint","urlTemplate":"https:\/\/simonjersey.eu\/fi\/?s={search_term_string}"},"query-input":{"@type":"PropertyValueSpecification","valueRequired":true,"valueName":"search_term_string"}}],"inLanguage":"fi"}]}},"_links":{"self":[{"href":"https:\/\/simonjersey.eu\/fi\/wp-json\/wp\/v2\/product\/6648","targetHints":{"allow":["GET"]}}],"collection":[{"href":"https:\/\/simonjersey.eu\/fi\/wp-json\/wp\/v2\/product"}],"about":[{"href":"https:\/\/simonjersey.eu\/fi\/wp-json\/wp\/v2\/types\/product"}],"wp:featuredmedia":[{"embeddable":true,"href":"https:\/\/simonjersey.eu\/fi\/wp-json\/wp\/v2\/media\/6649"}],"wp:attachment":[{"href":"https:\/\/simonjersey.eu\/fi\/wp-json\/wp\/v2\/media?parent=6648"}],"wp:term":[{"taxonomy":"product_brand","embeddable":true,"href":"https:\/\/simonjersey.eu\/fi\/wp-json\/wp\/v2\/product_brand?post=6648"},{"taxonomy":"product_cat","embeddable":true,"href":"https:\/\/simonjersey.eu\/fi\/wp-json\/wp\/v2\/product_cat?post=6648"},{"taxonomy":"product_tag","embeddable":true,"href":"https:\/\/simonjersey.eu\/fi\/wp-json\/wp\/v2\/product_tag?post=6648"}],"curies":[{"name":"wp","href":"https:\/\/api.w.org\/{rel}","templated":true}]}}