{"id":6763,"date":"2022-06-21T10:27:24","date_gmt":"2022-06-21T10:27:24","guid":{"rendered":"https:\/\/simonjersey.eu\/fi\/?post_type=product&#038;p=6763"},"modified":"2022-11-15T12:39:18","modified_gmt":"2022-11-15T12:39:18","slug":"miesten-kevyt-stretch-fleece","status":"publish","type":"product","link":"https:\/\/simonjersey.eu\/fi\/tuote\/miesten-kevyt-stretch-fleece\/","title":{"rendered":"Miesten kevyt Stretch-fleece"},"content":{"rendered":"","protected":false},"excerpt":{"rendered":"<p>Miesten fleecepusero on valmistettu sile\u00e4st\u00e4, joustavasta kankaasta. Pehme\u00e4 ja kevyt, hyvin istuva ja mukava. Erinomainen valinta kev\u00e4t-kes\u00e4puvuksi ulkona ty\u00f6skenteleville. Ihanteellinen sek\u00e4 urheilu- ett\u00e4 vapaa-ajan pukeutumiseen.T\u00e4yspitk\u00e4 vetoketju edess\u00e4, vetoketjulliset sivutaskut, hieman pidempi selk\u00e4, <em>leuan peitt\u00e4v\u00e4 huppu<\/em>.<\/p>\n<p>Materiaali: 95 % mikropolyesteri\u00e4, 5 % elastaania \/ 240 g\/m\u00b2<br \/>\nHuolto: 30\u00ba ei vaadi silityst\u00e4.<br \/>\nKoot: S-3XL<br \/>\nKoon M pituus 71 cm \/ hihan pituus 76,5 cm<\/p>\n<p>&nbsp;<\/p>\n<p><a href=\"https:\/\/simonjersey.eu\/fi\/tuote\/naisten-kevyt-stretch-fleece\/\"><strong>Naisten fleecet t\u00e4st\u00e4<\/strong><strong>!<\/strong><\/a><\/p>\n","protected":false},"featured_media":6764,"template":"","meta":[],"product_brand":[],"product_cat":[77,23],"product_tag":[],"class_list":{"0":"post-6763","1":"product","2":"type-product","3":"status-publish","4":"has-post-thumbnail","6":"product_cat-fleecet-hupparit-neuleet","7":"product_cat-fleecet-liivit-neuleet","9":"first","10":"instock","11":"taxable","12":"shipping-taxable","13":"purchasable","14":"product-type-variable","15":"has-default-attributes"},"yoast_head":"<!-- This site is optimized with the Yoast SEO plugin v27.2 - https:\/\/yoast.com\/product\/yoast-seo-wordpress\/ -->\n<title>Miesten kevyt Stretch-fleece - Simon Jersey Suomi<\/title>\n<meta name=\"robots\" content=\"index, follow, max-snippet:-1, max-image-preview:large, max-video-preview:-1\" \/>\n<link rel=\"canonical\" href=\"https:\/\/simonjersey.eu\/fi\/tuote\/miesten-kevyt-stretch-fleece\/\" \/>\n<meta property=\"og:locale\" content=\"fi_FI\" \/>\n<meta property=\"og:type\" content=\"article\" \/>\n<meta property=\"og:title\" content=\"Miesten kevyt Stretch-fleece - Simon Jersey Suomi\" \/>\n<meta property=\"og:description\" content=\"Miesten fleecepusero on valmistettu sile\u00e4st\u00e4, joustavasta kankaasta. Pehme\u00e4 ja kevyt, hyvin istuva ja mukava. Erinomainen valinta kev\u00e4t-kes\u00e4puvuksi ulkona ty\u00f6skenteleville. Ihanteellinen sek\u00e4 urheilu- ett\u00e4 vapaa-ajan pukeutumiseen.T\u00e4yspitk\u00e4 vetoketju edess\u00e4, vetoketjulliset sivutaskut, hieman pidempi selk\u00e4, leuan peitt\u00e4v\u00e4 huppu.  Materiaali: 95 % mikropolyesteri\u00e4, 5 % elastaania \/ 240 g\/m\u00b2 Huolto: 30\u00ba ei vaadi silityst\u00e4. Koot: S-3XL Koon M pituus 71 cm \/ hihan pituus 76,5 cm  &nbsp;  Naisten fleecet t\u00e4st\u00e4!\" \/>\n<meta property=\"og:url\" content=\"https:\/\/simonjersey.eu\/fi\/tuote\/miesten-kevyt-stretch-fleece\/\" \/>\n<meta property=\"og:site_name\" content=\"Simon Jersey Suomi\" \/>\n<meta property=\"article:modified_time\" content=\"2022-11-15T12:39:18+00:00\" \/>\n<meta property=\"og:image\" content=\"https:\/\/simonjersey.eu\/fi\/wp-content\/uploads\/sites\/3\/2022\/06\/417_00418-spordipusa-1.jpg\" \/>\n\t<meta property=\"og:image:width\" content=\"700\" \/>\n\t<meta property=\"og:image:height\" content=\"1050\" \/>\n\t<meta property=\"og:image:type\" content=\"image\/jpeg\" \/>\n<meta name=\"twitter:card\" content=\"summary_large_image\" \/>\n<script type=\"application\/ld+json\" class=\"yoast-schema-graph\">{\"@context\":\"https:\/\/schema.org\",\"@graph\":[{\"@type\":\"WebPage\",\"@id\":\"https:\/\/simonjersey.eu\/fi\/tuote\/miesten-kevyt-stretch-fleece\/\",\"url\":\"https:\/\/simonjersey.eu\/fi\/tuote\/miesten-kevyt-stretch-fleece\/\",\"name\":\"Miesten kevyt Stretch-fleece - Simon Jersey Suomi\",\"isPartOf\":{\"@id\":\"https:\/\/simonjersey.eu\/fi\/#website\"},\"primaryImageOfPage\":{\"@id\":\"https:\/\/simonjersey.eu\/fi\/tuote\/miesten-kevyt-stretch-fleece\/#primaryimage\"},\"image\":{\"@id\":\"https:\/\/simonjersey.eu\/fi\/tuote\/miesten-kevyt-stretch-fleece\/#primaryimage\"},\"thumbnailUrl\":\"https:\/\/simonjersey.eu\/fi\/wp-content\/uploads\/sites\/3\/2022\/06\/417_00418-spordipusa-1.jpg\",\"datePublished\":\"2022-06-21T10:27:24+00:00\",\"dateModified\":\"2022-11-15T12:39:18+00:00\",\"breadcrumb\":{\"@id\":\"https:\/\/simonjersey.eu\/fi\/tuote\/miesten-kevyt-stretch-fleece\/#breadcrumb\"},\"inLanguage\":\"fi\",\"potentialAction\":[{\"@type\":\"ReadAction\",\"target\":[\"https:\/\/simonjersey.eu\/fi\/tuote\/miesten-kevyt-stretch-fleece\/\"]}]},{\"@type\":\"ImageObject\",\"inLanguage\":\"fi\",\"@id\":\"https:\/\/simonjersey.eu\/fi\/tuote\/miesten-kevyt-stretch-fleece\/#primaryimage\",\"url\":\"https:\/\/simonjersey.eu\/fi\/wp-content\/uploads\/sites\/3\/2022\/06\/417_00418-spordipusa-1.jpg\",\"contentUrl\":\"https:\/\/simonjersey.eu\/fi\/wp-content\/uploads\/sites\/3\/2022\/06\/417_00418-spordipusa-1.jpg\",\"width\":700,\"height\":1050},{\"@type\":\"BreadcrumbList\",\"@id\":\"https:\/\/simonjersey.eu\/fi\/tuote\/miesten-kevyt-stretch-fleece\/#breadcrumb\",\"itemListElement\":[{\"@type\":\"ListItem\",\"position\":1,\"name\":\"Home\",\"item\":\"https:\/\/simonjersey.eu\/fi\/\"},{\"@type\":\"ListItem\",\"position\":2,\"name\":\"Verkkokauppa\",\"item\":\"https:\/\/simonjersey.eu\/fi\/kauppaan\/\"},{\"@type\":\"ListItem\",\"position\":3,\"name\":\"Miesten kevyt Stretch-fleece\"}]},{\"@type\":\"WebSite\",\"@id\":\"https:\/\/simonjersey.eu\/fi\/#website\",\"url\":\"https:\/\/simonjersey.eu\/fi\/\",\"name\":\"Simon Jersey Suomi\",\"description\":\"Tyylikk\u00e4\u00e4t ja kest\u00e4v\u00e4t  ammattiasut\",\"potentialAction\":[{\"@type\":\"SearchAction\",\"target\":{\"@type\":\"EntryPoint\",\"urlTemplate\":\"https:\/\/simonjersey.eu\/fi\/?s={search_term_string}\"},\"query-input\":{\"@type\":\"PropertyValueSpecification\",\"valueRequired\":true,\"valueName\":\"search_term_string\"}}],\"inLanguage\":\"fi\"}]}<\/script>\n<!-- \/ Yoast SEO plugin. -->","yoast_head_json":{"title":"Miesten kevyt Stretch-fleece - Simon Jersey Suomi","robots":{"index":"index","follow":"follow","max-snippet":"max-snippet:-1","max-image-preview":"max-image-preview:large","max-video-preview":"max-video-preview:-1"},"canonical":"https:\/\/simonjersey.eu\/fi\/tuote\/miesten-kevyt-stretch-fleece\/","og_locale":"fi_FI","og_type":"article","og_title":"Miesten kevyt Stretch-fleece - Simon Jersey Suomi","og_description":"Miesten fleecepusero on valmistettu sile\u00e4st\u00e4, joustavasta kankaasta. Pehme\u00e4 ja kevyt, hyvin istuva ja mukava. Erinomainen valinta kev\u00e4t-kes\u00e4puvuksi ulkona ty\u00f6skenteleville. Ihanteellinen sek\u00e4 urheilu- ett\u00e4 vapaa-ajan pukeutumiseen.T\u00e4yspitk\u00e4 vetoketju edess\u00e4, vetoketjulliset sivutaskut, hieman pidempi selk\u00e4, leuan peitt\u00e4v\u00e4 huppu.  Materiaali: 95 % mikropolyesteri\u00e4, 5 % elastaania \/ 240 g\/m\u00b2 Huolto: 30\u00ba ei vaadi silityst\u00e4. Koot: S-3XL Koon M pituus 71 cm \/ hihan pituus 76,5 cm  &nbsp;  Naisten fleecet t\u00e4st\u00e4!","og_url":"https:\/\/simonjersey.eu\/fi\/tuote\/miesten-kevyt-stretch-fleece\/","og_site_name":"Simon Jersey Suomi","article_modified_time":"2022-11-15T12:39:18+00:00","og_image":[{"width":700,"height":1050,"url":"https:\/\/simonjersey.eu\/fi\/wp-content\/uploads\/sites\/3\/2022\/06\/417_00418-spordipusa-1.jpg","type":"image\/jpeg"}],"twitter_card":"summary_large_image","schema":{"@context":"https:\/\/schema.org","@graph":[{"@type":"WebPage","@id":"https:\/\/simonjersey.eu\/fi\/tuote\/miesten-kevyt-stretch-fleece\/","url":"https:\/\/simonjersey.eu\/fi\/tuote\/miesten-kevyt-stretch-fleece\/","name":"Miesten kevyt Stretch-fleece - Simon Jersey Suomi","isPartOf":{"@id":"https:\/\/simonjersey.eu\/fi\/#website"},"primaryImageOfPage":{"@id":"https:\/\/simonjersey.eu\/fi\/tuote\/miesten-kevyt-stretch-fleece\/#primaryimage"},"image":{"@id":"https:\/\/simonjersey.eu\/fi\/tuote\/miesten-kevyt-stretch-fleece\/#primaryimage"},"thumbnailUrl":"https:\/\/simonjersey.eu\/fi\/wp-content\/uploads\/sites\/3\/2022\/06\/417_00418-spordipusa-1.jpg","datePublished":"2022-06-21T10:27:24+00:00","dateModified":"2022-11-15T12:39:18+00:00","breadcrumb":{"@id":"https:\/\/simonjersey.eu\/fi\/tuote\/miesten-kevyt-stretch-fleece\/#breadcrumb"},"inLanguage":"fi","potentialAction":[{"@type":"ReadAction","target":["https:\/\/simonjersey.eu\/fi\/tuote\/miesten-kevyt-stretch-fleece\/"]}]},{"@type":"ImageObject","inLanguage":"fi","@id":"https:\/\/simonjersey.eu\/fi\/tuote\/miesten-kevyt-stretch-fleece\/#primaryimage","url":"https:\/\/simonjersey.eu\/fi\/wp-content\/uploads\/sites\/3\/2022\/06\/417_00418-spordipusa-1.jpg","contentUrl":"https:\/\/simonjersey.eu\/fi\/wp-content\/uploads\/sites\/3\/2022\/06\/417_00418-spordipusa-1.jpg","width":700,"height":1050},{"@type":"BreadcrumbList","@id":"https:\/\/simonjersey.eu\/fi\/tuote\/miesten-kevyt-stretch-fleece\/#breadcrumb","itemListElement":[{"@type":"ListItem","position":1,"name":"Home","item":"https:\/\/simonjersey.eu\/fi\/"},{"@type":"ListItem","position":2,"name":"Verkkokauppa","item":"https:\/\/simonjersey.eu\/fi\/kauppaan\/"},{"@type":"ListItem","position":3,"name":"Miesten kevyt Stretch-fleece"}]},{"@type":"WebSite","@id":"https:\/\/simonjersey.eu\/fi\/#website","url":"https:\/\/simonjersey.eu\/fi\/","name":"Simon Jersey Suomi","description":"Tyylikk\u00e4\u00e4t ja kest\u00e4v\u00e4t  ammattiasut","potentialAction":[{"@type":"SearchAction","target":{"@type":"EntryPoint","urlTemplate":"https:\/\/simonjersey.eu\/fi\/?s={search_term_string}"},"query-input":{"@type":"PropertyValueSpecification","valueRequired":true,"valueName":"search_term_string"}}],"inLanguage":"fi"}]}},"_links":{"self":[{"href":"https:\/\/simonjersey.eu\/fi\/wp-json\/wp\/v2\/product\/6763","targetHints":{"allow":["GET"]}}],"collection":[{"href":"https:\/\/simonjersey.eu\/fi\/wp-json\/wp\/v2\/product"}],"about":[{"href":"https:\/\/simonjersey.eu\/fi\/wp-json\/wp\/v2\/types\/product"}],"wp:featuredmedia":[{"embeddable":true,"href":"https:\/\/simonjersey.eu\/fi\/wp-json\/wp\/v2\/media\/6764"}],"wp:attachment":[{"href":"https:\/\/simonjersey.eu\/fi\/wp-json\/wp\/v2\/media?parent=6763"}],"wp:term":[{"taxonomy":"product_brand","embeddable":true,"href":"https:\/\/simonjersey.eu\/fi\/wp-json\/wp\/v2\/product_brand?post=6763"},{"taxonomy":"product_cat","embeddable":true,"href":"https:\/\/simonjersey.eu\/fi\/wp-json\/wp\/v2\/product_cat?post=6763"},{"taxonomy":"product_tag","embeddable":true,"href":"https:\/\/simonjersey.eu\/fi\/wp-json\/wp\/v2\/product_tag?post=6763"}],"curies":[{"name":"wp","href":"https:\/\/api.w.org\/{rel}","templated":true}]}}