{"id":6850,"date":"2022-07-27T08:37:59","date_gmt":"2022-07-27T08:37:59","guid":{"rendered":"https:\/\/simonjersey.eu\/fi\/?post_type=product&#038;p=6850"},"modified":"2022-07-27T08:41:18","modified_gmt":"2022-07-27T08:41:18","slug":"3-4-hihainen-mekko","status":"publish","type":"product","link":"https:\/\/simonjersey.eu\/fi\/tuote\/3-4-hihainen-mekko\/","title":{"rendered":"3\/4-hihainen mekko"},"content":{"rendered":"","protected":false},"excerpt":{"rendered":"<p>Neptune mekko on mekkomaailman monitaituri. Sile\u00e4, kauniisti laskeutuva jersey n\u00e4ytt\u00e4\u00e4 hyv\u00e4lt\u00e4 ty\u00f6asun tyyliss\u00e4, mutta toimii joustavuutensa ansiosta mainiosti my\u00f6s arkik\u00e4yt\u00f6ss\u00e4.<\/p>\n<p>Imarteleva Py\u00f6re\u00e4 kaula-aukko sek\u00e4 1\/2-hihat ja suora helma. Vartaloa korostava detaili p\u00e4\u00e4st\u00e4 naiselliset muodot oikeuksiinsa, joustava vuori.<\/p>\n<p>Materiaali: 95% Polyester, 5% Elastane \/220gsm<\/p>\n<p>Konepesu: 40\u00b0, helppohoitoinen materiaali.<\/p>\n<p>Pituus 12R = 96,5 cm<br \/>\nKoko(UK):<\/p>\n<p>XS (6-8)<br \/>\nS (10-12)<br \/>\nM (14-16)<br \/>\nL (18-20)<br \/>\nXL (22-24)<\/p>\n<p>&nbsp;<\/p>\n","protected":false},"featured_media":6851,"template":"","meta":[],"product_brand":[],"product_cat":[37,52,19],"product_tag":[],"class_list":{"0":"post-6850","1":"product","2":"type-product","3":"status-publish","4":"has-post-thumbnail","6":"product_cat-mekot","7":"product_cat-hamet-ja-mekot-ravintola-kahvila","8":"product_cat-hamet-ja-mekot","10":"first","11":"instock","12":"taxable","13":"shipping-taxable","14":"purchasable","15":"product-type-variable","16":"has-default-attributes"},"yoast_head":"<!-- This site is optimized with the Yoast SEO plugin v27.2 - https:\/\/yoast.com\/product\/yoast-seo-wordpress\/ -->\n<title>3\/4-hihainen mekko - Simon Jersey Suomi<\/title>\n<meta name=\"robots\" content=\"index, follow, max-snippet:-1, max-image-preview:large, max-video-preview:-1\" \/>\n<link rel=\"canonical\" href=\"https:\/\/simonjersey.eu\/fi\/tuote\/3-4-hihainen-mekko\/\" \/>\n<meta property=\"og:locale\" content=\"fi_FI\" \/>\n<meta property=\"og:type\" content=\"article\" \/>\n<meta property=\"og:title\" content=\"3\/4-hihainen mekko - Simon Jersey Suomi\" \/>\n<meta property=\"og:description\" content=\"Neptune mekko on mekkomaailman monitaituri. Sile\u00e4, kauniisti laskeutuva jersey n\u00e4ytt\u00e4\u00e4 hyv\u00e4lt\u00e4 ty\u00f6asun tyyliss\u00e4, mutta toimii joustavuutensa ansiosta mainiosti my\u00f6s arkik\u00e4yt\u00f6ss\u00e4.  Imarteleva Py\u00f6re\u00e4 kaula-aukko sek\u00e4 1\/2-hihat ja suora helma. Vartaloa korostava detaili p\u00e4\u00e4st\u00e4 naiselliset muodot oikeuksiinsa, joustava vuori.  Materiaali: 95% Polyester, 5% Elastane \/220gsm  Konepesu: 40\u00b0, helppohoitoinen materiaali.  Pituus 12R = 96,5 cm Koko(UK):  XS (6-8) S (10-12) M (14-16) L (18-20) XL (22-24)  &nbsp;\" \/>\n<meta property=\"og:url\" content=\"https:\/\/simonjersey.eu\/fi\/tuote\/3-4-hihainen-mekko\/\" \/>\n<meta property=\"og:site_name\" content=\"Simon Jersey Suomi\" \/>\n<meta property=\"article:modified_time\" content=\"2022-07-27T08:41:18+00:00\" \/>\n<meta property=\"og:image\" content=\"https:\/\/simonjersey.eu\/fi\/wp-content\/uploads\/sites\/3\/2022\/07\/Neptune-Dress-Navy-.jpg\" \/>\n\t<meta property=\"og:image:width\" content=\"707\" \/>\n\t<meta property=\"og:image:height\" content=\"1076\" \/>\n\t<meta property=\"og:image:type\" content=\"image\/jpeg\" \/>\n<meta name=\"twitter:card\" content=\"summary_large_image\" \/>\n<script type=\"application\/ld+json\" class=\"yoast-schema-graph\">{\"@context\":\"https:\/\/schema.org\",\"@graph\":[{\"@type\":\"WebPage\",\"@id\":\"https:\/\/simonjersey.eu\/fi\/tuote\/3-4-hihainen-mekko\/\",\"url\":\"https:\/\/simonjersey.eu\/fi\/tuote\/3-4-hihainen-mekko\/\",\"name\":\"3\/4-hihainen mekko - Simon Jersey Suomi\",\"isPartOf\":{\"@id\":\"https:\/\/simonjersey.eu\/fi\/#website\"},\"primaryImageOfPage\":{\"@id\":\"https:\/\/simonjersey.eu\/fi\/tuote\/3-4-hihainen-mekko\/#primaryimage\"},\"image\":{\"@id\":\"https:\/\/simonjersey.eu\/fi\/tuote\/3-4-hihainen-mekko\/#primaryimage\"},\"thumbnailUrl\":\"https:\/\/simonjersey.eu\/fi\/wp-content\/uploads\/sites\/3\/2022\/07\/Neptune-Dress-Navy-.jpg\",\"datePublished\":\"2022-07-27T08:37:59+00:00\",\"dateModified\":\"2022-07-27T08:41:18+00:00\",\"breadcrumb\":{\"@id\":\"https:\/\/simonjersey.eu\/fi\/tuote\/3-4-hihainen-mekko\/#breadcrumb\"},\"inLanguage\":\"fi\",\"potentialAction\":[{\"@type\":\"ReadAction\",\"target\":[\"https:\/\/simonjersey.eu\/fi\/tuote\/3-4-hihainen-mekko\/\"]}]},{\"@type\":\"ImageObject\",\"inLanguage\":\"fi\",\"@id\":\"https:\/\/simonjersey.eu\/fi\/tuote\/3-4-hihainen-mekko\/#primaryimage\",\"url\":\"https:\/\/simonjersey.eu\/fi\/wp-content\/uploads\/sites\/3\/2022\/07\/Neptune-Dress-Navy-.jpg\",\"contentUrl\":\"https:\/\/simonjersey.eu\/fi\/wp-content\/uploads\/sites\/3\/2022\/07\/Neptune-Dress-Navy-.jpg\",\"width\":707,\"height\":1076},{\"@type\":\"BreadcrumbList\",\"@id\":\"https:\/\/simonjersey.eu\/fi\/tuote\/3-4-hihainen-mekko\/#breadcrumb\",\"itemListElement\":[{\"@type\":\"ListItem\",\"position\":1,\"name\":\"Home\",\"item\":\"https:\/\/simonjersey.eu\/fi\/\"},{\"@type\":\"ListItem\",\"position\":2,\"name\":\"Verkkokauppa\",\"item\":\"https:\/\/simonjersey.eu\/fi\/kauppaan\/\"},{\"@type\":\"ListItem\",\"position\":3,\"name\":\"3\/4-hihainen mekko\"}]},{\"@type\":\"WebSite\",\"@id\":\"https:\/\/simonjersey.eu\/fi\/#website\",\"url\":\"https:\/\/simonjersey.eu\/fi\/\",\"name\":\"Simon Jersey Suomi\",\"description\":\"Tyylikk\u00e4\u00e4t ja kest\u00e4v\u00e4t  ammattiasut\",\"potentialAction\":[{\"@type\":\"SearchAction\",\"target\":{\"@type\":\"EntryPoint\",\"urlTemplate\":\"https:\/\/simonjersey.eu\/fi\/?s={search_term_string}\"},\"query-input\":{\"@type\":\"PropertyValueSpecification\",\"valueRequired\":true,\"valueName\":\"search_term_string\"}}],\"inLanguage\":\"fi\"}]}<\/script>\n<!-- \/ Yoast SEO plugin. -->","yoast_head_json":{"title":"3\/4-hihainen mekko - Simon Jersey Suomi","robots":{"index":"index","follow":"follow","max-snippet":"max-snippet:-1","max-image-preview":"max-image-preview:large","max-video-preview":"max-video-preview:-1"},"canonical":"https:\/\/simonjersey.eu\/fi\/tuote\/3-4-hihainen-mekko\/","og_locale":"fi_FI","og_type":"article","og_title":"3\/4-hihainen mekko - Simon Jersey Suomi","og_description":"Neptune mekko on mekkomaailman monitaituri. Sile\u00e4, kauniisti laskeutuva jersey n\u00e4ytt\u00e4\u00e4 hyv\u00e4lt\u00e4 ty\u00f6asun tyyliss\u00e4, mutta toimii joustavuutensa ansiosta mainiosti my\u00f6s arkik\u00e4yt\u00f6ss\u00e4.  Imarteleva Py\u00f6re\u00e4 kaula-aukko sek\u00e4 1\/2-hihat ja suora helma. Vartaloa korostava detaili p\u00e4\u00e4st\u00e4 naiselliset muodot oikeuksiinsa, joustava vuori.  Materiaali: 95% Polyester, 5% Elastane \/220gsm  Konepesu: 40\u00b0, helppohoitoinen materiaali.  Pituus 12R = 96,5 cm Koko(UK):  XS (6-8) S (10-12) M (14-16) L (18-20) XL (22-24)  &nbsp;","og_url":"https:\/\/simonjersey.eu\/fi\/tuote\/3-4-hihainen-mekko\/","og_site_name":"Simon Jersey Suomi","article_modified_time":"2022-07-27T08:41:18+00:00","og_image":[{"width":707,"height":1076,"url":"https:\/\/simonjersey.eu\/fi\/wp-content\/uploads\/sites\/3\/2022\/07\/Neptune-Dress-Navy-.jpg","type":"image\/jpeg"}],"twitter_card":"summary_large_image","schema":{"@context":"https:\/\/schema.org","@graph":[{"@type":"WebPage","@id":"https:\/\/simonjersey.eu\/fi\/tuote\/3-4-hihainen-mekko\/","url":"https:\/\/simonjersey.eu\/fi\/tuote\/3-4-hihainen-mekko\/","name":"3\/4-hihainen mekko - Simon Jersey Suomi","isPartOf":{"@id":"https:\/\/simonjersey.eu\/fi\/#website"},"primaryImageOfPage":{"@id":"https:\/\/simonjersey.eu\/fi\/tuote\/3-4-hihainen-mekko\/#primaryimage"},"image":{"@id":"https:\/\/simonjersey.eu\/fi\/tuote\/3-4-hihainen-mekko\/#primaryimage"},"thumbnailUrl":"https:\/\/simonjersey.eu\/fi\/wp-content\/uploads\/sites\/3\/2022\/07\/Neptune-Dress-Navy-.jpg","datePublished":"2022-07-27T08:37:59+00:00","dateModified":"2022-07-27T08:41:18+00:00","breadcrumb":{"@id":"https:\/\/simonjersey.eu\/fi\/tuote\/3-4-hihainen-mekko\/#breadcrumb"},"inLanguage":"fi","potentialAction":[{"@type":"ReadAction","target":["https:\/\/simonjersey.eu\/fi\/tuote\/3-4-hihainen-mekko\/"]}]},{"@type":"ImageObject","inLanguage":"fi","@id":"https:\/\/simonjersey.eu\/fi\/tuote\/3-4-hihainen-mekko\/#primaryimage","url":"https:\/\/simonjersey.eu\/fi\/wp-content\/uploads\/sites\/3\/2022\/07\/Neptune-Dress-Navy-.jpg","contentUrl":"https:\/\/simonjersey.eu\/fi\/wp-content\/uploads\/sites\/3\/2022\/07\/Neptune-Dress-Navy-.jpg","width":707,"height":1076},{"@type":"BreadcrumbList","@id":"https:\/\/simonjersey.eu\/fi\/tuote\/3-4-hihainen-mekko\/#breadcrumb","itemListElement":[{"@type":"ListItem","position":1,"name":"Home","item":"https:\/\/simonjersey.eu\/fi\/"},{"@type":"ListItem","position":2,"name":"Verkkokauppa","item":"https:\/\/simonjersey.eu\/fi\/kauppaan\/"},{"@type":"ListItem","position":3,"name":"3\/4-hihainen mekko"}]},{"@type":"WebSite","@id":"https:\/\/simonjersey.eu\/fi\/#website","url":"https:\/\/simonjersey.eu\/fi\/","name":"Simon Jersey Suomi","description":"Tyylikk\u00e4\u00e4t ja kest\u00e4v\u00e4t  ammattiasut","potentialAction":[{"@type":"SearchAction","target":{"@type":"EntryPoint","urlTemplate":"https:\/\/simonjersey.eu\/fi\/?s={search_term_string}"},"query-input":{"@type":"PropertyValueSpecification","valueRequired":true,"valueName":"search_term_string"}}],"inLanguage":"fi"}]}},"_links":{"self":[{"href":"https:\/\/simonjersey.eu\/fi\/wp-json\/wp\/v2\/product\/6850","targetHints":{"allow":["GET"]}}],"collection":[{"href":"https:\/\/simonjersey.eu\/fi\/wp-json\/wp\/v2\/product"}],"about":[{"href":"https:\/\/simonjersey.eu\/fi\/wp-json\/wp\/v2\/types\/product"}],"wp:featuredmedia":[{"embeddable":true,"href":"https:\/\/simonjersey.eu\/fi\/wp-json\/wp\/v2\/media\/6851"}],"wp:attachment":[{"href":"https:\/\/simonjersey.eu\/fi\/wp-json\/wp\/v2\/media?parent=6850"}],"wp:term":[{"taxonomy":"product_brand","embeddable":true,"href":"https:\/\/simonjersey.eu\/fi\/wp-json\/wp\/v2\/product_brand?post=6850"},{"taxonomy":"product_cat","embeddable":true,"href":"https:\/\/simonjersey.eu\/fi\/wp-json\/wp\/v2\/product_cat?post=6850"},{"taxonomy":"product_tag","embeddable":true,"href":"https:\/\/simonjersey.eu\/fi\/wp-json\/wp\/v2\/product_tag?post=6850"}],"curies":[{"name":"wp","href":"https:\/\/api.w.org\/{rel}","templated":true}]}}